{"id":7,"date":"2022-11-29T14:15:28","date_gmt":"2022-11-29T12:15:28","guid":{"rendered":"https:\/\/sites.uwasa.fi\/toivo\/?page_id=7"},"modified":"2023-08-14T16:01:31","modified_gmt":"2023-08-14T13:01:31","slug":"hanke","status":"publish","type":"page","link":"https:\/\/sites.uwasa.fi\/toivo\/hanke\/","title":{"rendered":""},"content":{"rendered":"<h2>Toimivilla sopimuksilla sujuvaa ja vastuullista TKI-toimintaa<\/h2>\n<p>TOIVO-hankkeen tavoitteena on edist\u00e4\u00e4 TKI-toimintaa sopimusosaamisen avulla Etel\u00e4-Pohjanmaalla. Hankkeen painoaloina ovat ruokateollisuus ja tekstiiliteollisuus. Ruokateollisuuden osalta pyrit\u00e4\u00e4n edist\u00e4m\u00e4\u00e4n my\u00f6s ruokaekosysteemin kehitt\u00e4mist\u00e4, ja sen osana\u00a0 tutkitaan Food &amp; Tech -yhteisty\u00f6n sek\u00e4 ruokaviennin osaamiskeskittym\u00e4n kehitt\u00e4mist\u00e4 sopimusten avulla. Food &amp; Tech -yhteisty\u00f6h\u00f6n perehtyminen mahdollistaa eri toimialojen rajapintojen innovaatiopotentiaalin tarkastelun.<\/p>\n<p>Tekstiiliteollisuuden osalta tavoitteena on alan TKI-toiminnan ja innovaatioekosysteemin kehitt\u00e4minen rakentamalla puitteet tehokkaalle TKI-sopimustoiminnalle. Kansainv\u00e4listymisen mahdollisuuksia ja sopimusten potentiaalia siihen liittyen selvitet\u00e4\u00e4n my\u00f6s tekstiiliteollisuuden n\u00e4k\u00f6kulmasta.<\/p>\n<p>Hanke tukee Etel\u00e4-Pohjanmaan \u00e4lykk\u00e4\u00e4n erikoistumisen strategian mukaisia tavoitteita liittyen vahvistuvaan innovaatioekosysteemiin, kansainv\u00e4liseen verkottumiseen, kest\u00e4v\u00e4\u00e4n ruokaekosysteemiin sek\u00e4 \u00e4lykk\u00e4isiin teknologioihin.<\/p>\n<p>Vastuullisuuskysymyksiin perehdyt\u00e4\u00e4n sopimisen n\u00e4k\u00f6kulmasta. Niin ruoka- kuin tekstiiliteollisuudessakin vastuullisuuskysymykset ulottuvat koko arvoketjuun. Vastuullisuutta voidaan jakaa eri toimijoiden kesken sis\u00e4llytt\u00e4m\u00e4ll\u00e4 vastuullisuusn\u00e4k\u00f6kulma sopimusehtoihin. Ruokaketjussa vastuullisuus koskee toimijoita aina viljelij\u00f6ist\u00e4 elintarviketeollisuuteen ja ruokakauppaan saakka. Tekstiiliteollisuudessa materiaalihankinnat ovat tyypillisesti globaaleja ja toisinaan niihin voi liitty\u00e4 merkitt\u00e4vi\u00e4 vastuullisuushaasteita. Alalla onkin tekeill\u00e4 kansainv\u00e4linen <em>Sustainable Terms of Trade Initiative<\/em>, jonka tavoitteena on saada vastuullisuus jakautumaan aiempaa tasaisemmin valmistajien ja tilaajien v\u00e4lisiss\u00e4 sopimusehdoissa. Tekstiilialan keskeisin\u00e4 sopimisk\u00e4yt\u00e4nt\u00f6jen kehitt\u00e4misen alueina nousevat esiin globaalien materiaalihankintojen ja vastuullisuuden lis\u00e4ksi liikelahjatuotanto yhdess\u00e4 asiakasyritysten kanssa, yhteisty\u00f6 suunnittelijoiden kanssa sek\u00e4 immateriaalioikeudet.<\/p>\n<p>&nbsp;<\/p>\n<h4>Tutkimusryhm\u00e4n konkreettiset toimenpiteet<\/h4>\n<ul>\n<li>Selvit\u00e4mme TKI-sopimustoiminnan tilan ja osaamistarpeet ruoka- ja tekstiiliteollisuudessa, mink\u00e4 pohjalta kehit\u00e4mme v\u00e4lineit\u00e4 toimivaan ja vastuulliseen TKI-toimintaan yhdess\u00e4 yritysten kanssa<\/li>\n<li>Muodostamme TKI-sopimusty\u00f6kalupakin, jota yritykset voivat k\u00e4ytt\u00e4\u00e4 TKI-toiminnassa ja yhteisty\u00f6n edist\u00e4misess\u00e4. Ty\u00f6kalupakkiin sis\u00e4ltyy digitalisaation ja teko\u00e4lyn sovelluksia.<\/li>\n<li>Jalkautamme TKI-sopimusty\u00f6kalupakin yrityksille workshoppien ja tehokkaan viestinn\u00e4n avulla.<\/li>\n<\/ul>\n","protected":false},"excerpt":{"rendered":"<p>Toimivilla sopimuksilla sujuvaa ja vastuullista TKI-toimintaa TOIVO-hankkeen tavoitteena on edist\u00e4\u00e4 TKI-toimintaa sopimusosaamisen avulla Etel\u00e4-Pohjanmaalla. Hankkeen painoaloina ovat ruokateollisuus ja tekstiiliteollisuus. Ruokateollisuuden osalta pyrit\u00e4\u00e4n edist\u00e4m\u00e4\u00e4n my\u00f6s ruokaekosysteemin kehitt\u00e4mist\u00e4, ja sen osana\u00a0 tutkitaan Food &amp; Tech -yhteisty\u00f6n sek\u00e4 ruokaviennin osaamiskeskittym\u00e4n kehitt\u00e4mist\u00e4 sopimusten avulla. Food &amp; Tech -yhteisty\u00f6h\u00f6n perehtyminen mahdollistaa eri toimialojen rajapintojen innovaatiopotentiaalin tarkastelun. Tekstiiliteollisuuden osalta tavoitteena [&hellip;]<\/p>\n","protected":false},"author":147,"featured_media":0,"parent":0,"menu_order":0,"comment_status":"closed","ping_status":"closed","template":"","meta":{"_acf_changed":false,"footnotes":""},"class_list":["post-7","page","type-page","status-publish","hentry"],"acf":[],"_links":{"self":[{"href":"https:\/\/sites.uwasa.fi\/toivo\/wp-json\/wp\/v2\/pages\/7"}],"collection":[{"href":"https:\/\/sites.uwasa.fi\/toivo\/wp-json\/wp\/v2\/pages"}],"about":[{"href":"https:\/\/sites.uwasa.fi\/toivo\/wp-json\/wp\/v2\/types\/page"}],"author":[{"embeddable":true,"href":"https:\/\/sites.uwasa.fi\/toivo\/wp-json\/wp\/v2\/users\/147"}],"replies":[{"embeddable":true,"href":"https:\/\/sites.uwasa.fi\/toivo\/wp-json\/wp\/v2\/comments?post=7"}],"version-history":[{"count":63,"href":"https:\/\/sites.uwasa.fi\/toivo\/wp-json\/wp\/v2\/pages\/7\/revisions"}],"predecessor-version":[{"id":367,"href":"https:\/\/sites.uwasa.fi\/toivo\/wp-json\/wp\/v2\/pages\/7\/revisions\/367"}],"wp:attachment":[{"href":"https:\/\/sites.uwasa.fi\/toivo\/wp-json\/wp\/v2\/media?parent=7"}],"curies":[{"name":"wp","href":"https:\/\/api.w.org\/{rel}","templated":true}]}}