{"id":406,"date":"2024-04-05T13:35:43","date_gmt":"2024-04-05T10:35:43","guid":{"rendered":"https:\/\/sites.uwasa.fi\/toivo\/?page_id=406"},"modified":"2025-05-04T21:48:56","modified_gmt":"2025-05-04T18:48:56","slug":"workshopit","status":"publish","type":"page","link":"https:\/\/sites.uwasa.fi\/toivo\/workshopit\/","title":{"rendered":"Workshopit"},"content":{"rendered":"<p>TOIVO j\u00e4rjest\u00e4\u00e4 workshopin Sein\u00e4joella ja zoomissa <strong>21.5.2025<\/strong>! Maksuttomaan hybriditilaisuuteen ovat tervetulleita kaikki kiinnostuneet \ud83d\ude42<\/p>\n<p>Ilmoittautumiset viimeist\u00e4\u00e4n 12.5. klo 12 alla olevan linkin kautta:<\/p>\n<p><a href=\"https:\/\/link.webropolsurveys.com\/Participation\/Public\/2c4cf13b-5a5a-46e2-b69b-70654ed6496a?displayId=Fin3381609\">https:\/\/link.webropolsurveys.com\/Participation\/Public\/2b852e0b-584b-4982-808d-fe02fd2b2a76?displayId=Fin3354476<\/a><\/p>\n<p><img loading=\"lazy\" decoding=\"async\" class=\"alignnone size-large wp-image-423\" src=\"https:\/\/sites.uwasa.fi\/toivo\/wp-content\/blogs.dir\/4\/files\/sites\/186\/2025\/05\/workshop-2152025-1-1024x1024.png\" alt=\"\" width=\"640\" height=\"640\" srcset=\"https:\/\/sites.uwasa.fi\/toivo\/wp-content\/blogs.dir\/4\/files\/sites\/186\/2025\/05\/workshop-2152025-1-1024x1024.png 1024w, https:\/\/sites.uwasa.fi\/toivo\/wp-content\/blogs.dir\/4\/files\/sites\/186\/2025\/05\/workshop-2152025-1-300x300.png 300w, https:\/\/sites.uwasa.fi\/toivo\/wp-content\/blogs.dir\/4\/files\/sites\/186\/2025\/05\/workshop-2152025-1-768x768.png 768w, https:\/\/sites.uwasa.fi\/toivo\/wp-content\/blogs.dir\/4\/files\/sites\/186\/2025\/05\/workshop-2152025-1.png 1080w\" sizes=\"(max-width: 640px) 100vw, 640px\" \/><\/p>\n<p>&nbsp;<\/p>\n","protected":false},"excerpt":{"rendered":"<p>TOIVO j\u00e4rjest\u00e4\u00e4 workshopin Sein\u00e4joella ja zoomissa 21.5.2025! Maksuttomaan hybriditilaisuuteen ovat tervetulleita kaikki kiinnostuneet \ud83d\ude42 Ilmoittautumiset viimeist\u00e4\u00e4n 12.5. klo 12 alla olevan linkin kautta: https:\/\/link.webropolsurveys.com\/Participation\/Public\/2b852e0b-584b-4982-808d-fe02fd2b2a76?displayId=Fin3354476 &nbsp;<\/p>\n","protected":false},"author":499,"featured_media":0,"parent":0,"menu_order":0,"comment_status":"closed","ping_status":"closed","template":"","meta":{"_acf_changed":false,"footnotes":""},"class_list":["post-406","page","type-page","status-publish","hentry"],"acf":[],"_links":{"self":[{"href":"https:\/\/sites.uwasa.fi\/toivo\/wp-json\/wp\/v2\/pages\/406"}],"collection":[{"href":"https:\/\/sites.uwasa.fi\/toivo\/wp-json\/wp\/v2\/pages"}],"about":[{"href":"https:\/\/sites.uwasa.fi\/toivo\/wp-json\/wp\/v2\/types\/page"}],"author":[{"embeddable":true,"href":"https:\/\/sites.uwasa.fi\/toivo\/wp-json\/wp\/v2\/users\/499"}],"replies":[{"embeddable":true,"href":"https:\/\/sites.uwasa.fi\/toivo\/wp-json\/wp\/v2\/comments?post=406"}],"version-history":[{"count":10,"href":"https:\/\/sites.uwasa.fi\/toivo\/wp-json\/wp\/v2\/pages\/406\/revisions"}],"predecessor-version":[{"id":424,"href":"https:\/\/sites.uwasa.fi\/toivo\/wp-json\/wp\/v2\/pages\/406\/revisions\/424"}],"wp:attachment":[{"href":"https:\/\/sites.uwasa.fi\/toivo\/wp-json\/wp\/v2\/media?parent=406"}],"curies":[{"name":"wp","href":"https:\/\/api.w.org\/{rel}","templated":true}]}}