{"id":2,"date":"2024-01-31T15:18:48","date_gmt":"2024-01-31T13:18:48","guid":{"rendered":"https:\/\/sites.uwasa.fi\/tktp2024\/?page_id=2"},"modified":"2024-06-07T14:52:56","modified_gmt":"2024-06-07T11:52:56","slug":"esimerkkisivu","status":"publish","type":"page","link":"https:\/\/sites.uwasa.fi\/tktp2024\/","title":{"rendered":"Tietojenk\u00e4sittelytieteen p\u00e4iv\u00e4t 2024"},"content":{"rendered":"<p style=\"text-align: left\"><strong>10.\u201311.6.2024.<\/strong> <a href=\"https:\/\/www.uwasa.fi\" target=\"_blank\" rel=\"noopener\">Vaasan yliopisto<\/a>, Suomi. <a href=\"#ohjelma\">Ohjelma<\/a>.<\/p>\n<p><img loading=\"lazy\" decoding=\"async\" class=\" wp-image-81 alignright\" src=\"https:\/\/sites.uwasa.fi\/tktp2024\/wp-content\/blogs.dir\/4\/files\/sites\/201\/2024\/05\/campus-photo-1024x679.jpg\" alt=\"\" width=\"466\" height=\"355\" \/><\/p>\n<p style=\"text-align: left\">Tietojenk\u00e4sittelytieteen p\u00e4ivien 2024 teemana on kriittisten infrastruktuurien digitalisaatio. Kriittisi\u00e4 infrastruktuureja ovat sellaiset perusrakenteet ja palvelut, jotka ovat v\u00e4ltt\u00e4m\u00e4tt\u00f6mi\u00e4 yhteiskunnan elint\u00e4rkeiden toimintojen yll\u00e4pit\u00e4misess\u00e4. N\u00e4it\u00e4 rakenteita ovat mm. energia, vesihuolto ja terveydenhuolto. Digitalisaatio puolestaan tarkoittaa toimintojen kehitt\u00e4mist\u00e4 ja toteuttamista niin, ette ne perustuvat informaatioteknologiaan ja ovat siit\u00e4 valtaosin tai jopa t\u00e4ysin riippuvaisia. Kriittisten infrastruktuurien digitalisointi tehostaa toimintoja ja sen avulla voidaan tarjota uusia palveluja (esim. \u00e4lykk\u00e4\u00e4t s\u00e4hk\u00f6mittarit, Kanta-palvelu). Digitalisoinnin k\u00e4\u00e4nt\u00f6puolena on haavoittuvuuksien lis\u00e4\u00e4ntyminen: Internetiin kytketyt digitaaliset palvelut ja kyberfyysiset laitokset ja komponentit ovat kyberhy\u00f6kk\u00e4ysten kohteena. Jos n\u00e4m\u00e4 hy\u00f6kk\u00e4ykset onnistuvat, laitokset ja j\u00e4rjestelm\u00e4t voivat t\u00e4ysin lamaantua.<\/p>\n<p style=\"text-align: left\">Tietojenk\u00e4sittelytieteen p\u00e4ivien p\u00e4\u00e4puhujat nostavat esille digitalisoituvan yhteiskunnan haavoittuvuuksia kuten my\u00f6s mahdollisuuksia. Lis\u00e4ksi p\u00e4ivill\u00e4 julkistetaan vuoden v\u00e4it\u00f6skirja ja pro gradu. Lis\u00e4ksi p\u00e4ivien yhteydess\u00e4 on vertaisarvioitu konferenssi, jossa tutkijat esitt\u00e4v\u00e4t tutkimustuloksiaan.<\/p>\n<p style=\"text-align: left\">\n","protected":false},"excerpt":{"rendered":"<p>10.\u201311.6.2024. Vaasan yliopisto, Suomi. Ohjelma. Tietojenk\u00e4sittelytieteen p\u00e4ivien 2024 teemana on kriittisten infrastruktuurien digitalisaatio. Kriittisi\u00e4 infrastruktuureja ovat sellaiset perusrakenteet ja palvelut, jotka ovat v\u00e4ltt\u00e4m\u00e4tt\u00f6mi\u00e4 yhteiskunnan elint\u00e4rkeiden toimintojen yll\u00e4pit\u00e4misess\u00e4. N\u00e4it\u00e4 rakenteita ovat mm. energia, vesihuolto ja terveydenhuolto. Digitalisaatio puolestaan tarkoittaa toimintojen kehitt\u00e4mist\u00e4 ja toteuttamista niin, ette ne perustuvat informaatioteknologiaan ja ovat siit\u00e4 valtaosin tai jopa t\u00e4ysin riippuvaisia. [&hellip;]<\/p>\n","protected":false},"author":110,"featured_media":0,"parent":0,"menu_order":0,"comment_status":"closed","ping_status":"closed","template":"","meta":{"_acf_changed":false,"footnotes":""},"class_list":["post-2","page","type-page","status-publish","hentry"],"acf":[],"lang":"fi","translations":{"fi":2,"en":51},"pll_sync_post":[],"_links":{"self":[{"href":"https:\/\/sites.uwasa.fi\/tktp2024\/wp-json\/wp\/v2\/pages\/2"}],"collection":[{"href":"https:\/\/sites.uwasa.fi\/tktp2024\/wp-json\/wp\/v2\/pages"}],"about":[{"href":"https:\/\/sites.uwasa.fi\/tktp2024\/wp-json\/wp\/v2\/types\/page"}],"author":[{"embeddable":true,"href":"https:\/\/sites.uwasa.fi\/tktp2024\/wp-json\/wp\/v2\/users\/110"}],"replies":[{"embeddable":true,"href":"https:\/\/sites.uwasa.fi\/tktp2024\/wp-json\/wp\/v2\/comments?post=2"}],"version-history":[{"count":87,"href":"https:\/\/sites.uwasa.fi\/tktp2024\/wp-json\/wp\/v2\/pages\/2\/revisions"}],"predecessor-version":[{"id":156,"href":"https:\/\/sites.uwasa.fi\/tktp2024\/wp-json\/wp\/v2\/pages\/2\/revisions\/156"}],"wp:attachment":[{"href":"https:\/\/sites.uwasa.fi\/tktp2024\/wp-json\/wp\/v2\/media?parent=2"}],"curies":[{"name":"wp","href":"https:\/\/api.w.org\/{rel}","templated":true}]}}