{"id":829,"date":"2025-10-07T22:44:18","date_gmt":"2025-10-07T19:44:18","guid":{"rendered":"https:\/\/sites.uwasa.fi\/tethics2025\/?page_id=829"},"modified":"2025-11-11T15:06:10","modified_gmt":"2025-11-11T13:06:10","slug":"program","status":"publish","type":"page","link":"https:\/\/sites.uwasa.fi\/tethics2025\/program\/","title":{"rendered":"Program"},"content":{"rendered":"<h2>Day 1 (Tuesday 11th of November)<\/h2>\n<p>@ Nissi auditorium , Ankkuri building, Univesity of Vaasa (Wolffintie 32,\u00a062500\u00a0Vaasa)<br \/>\nFor more information about the conference venue and arrival to Vaasa see:\u00a0<a href=\"https:\/\/www.uwasa.fi\/en\/university\/campus-and-facilities\" target=\"_blank\" rel=\"noopener\">Campus and facilities<\/a><\/p>\n<table>\n<tbody>\n<tr style=\"height: 56px\">\n<td style=\"height: 56px;width: 197px\">9:00-&gt;<\/td>\n<td style=\"height: 56px;width: 349px\"><strong>Registration desk opens<\/strong><\/td>\n<\/tr>\n<tr style=\"height: 56px\">\n<td style=\"height: 56px;width: 197px\">9:00-11:00<\/td>\n<td style=\"height: 56px;width: 349px\">\n<p><strong>Workshop<\/strong><\/p>\n<p>-Consent Procedures in AI Research: Ethics and Inclusion for People with Diverse Needs<br \/>\n(Joni-Roy Piispanen &amp; Jonna M\u00e4ki-Rahko)<\/p>\n<p>-Critical AI citizenship: How does an educational intervention shape student responses to AI-generated disinformation?<br \/>\n(Siiri Lepp\u00e4lampi)<\/p>\n<p>-Erosions of trust &#8211; Political climate and experience of privacy in social media<br \/>\n(Krista Penttil\u00e4, Tinja Myllyviita &amp; Rebekah Rousi)<\/p>\n<p>&nbsp;<\/td>\n<\/tr>\n<tr style=\"height: 24px\">\n<td style=\"height: 24px;width: 197px\">11:00-12:00<\/td>\n<td style=\"height: 24px;width: 349px\"><strong>Lunch<\/strong><\/td>\n<\/tr>\n<tr>\n<td style=\"width: 197px\">12:00-12:15<\/td>\n<td style=\"width: 349px\"><strong>Welcoming coffee &amp; 0pening words<\/strong><\/td>\n<\/tr>\n<tr>\n<td style=\"width: 197px\">12:15-13:15<\/td>\n<td style=\"width: 349px\">\n<p><strong>Invited talk:\u00a0<\/strong>Rachael Garrett<\/p>\n<p>Exploring the Felt Dimensions of Ethics and Technology<\/td>\n<\/tr>\n<tr>\n<td style=\"width: 197px\">13:15-14:15<\/td>\n<td style=\"width: 349px\">\n<p><strong>Session 1: Risks and Security<\/strong><\/p>\n<p>&#8211; Generative AI in Cybersecurity: A Systematic and Netnographic Review of Opportunities and Threats (Emmanuel Anti &amp; Pius Ewoh)<\/p>\n<p>&#8211; Death by AI: A Survey of the Literature and Known Incidents (Lauri Tuovinen)<\/p>\n<p>&#8211; Poster spotlight<\/td>\n<\/tr>\n<tr>\n<td style=\"width: 197px\">14:15-15:00<\/td>\n<td style=\"width: 349px\"><strong>Coffee and posters<\/strong><\/td>\n<\/tr>\n<tr>\n<td style=\"width: 197px\">15:00-16:00<\/td>\n<td style=\"width: 349px\">\n<p><strong>Session 2: Education<\/strong><\/p>\n<p>&#8211; Cheating with AI: Are Large Language Models Undermining Academic Integrity? (Juuso Rytilahti, Panu Puhtila &amp; Erkki Kaila)<\/p>\n<p>&#8211; Teaching in the Age of AI: Understanding University Teachers\u2019 Ethical Concerns and Perspectives (Erkki Kaila, Katja Lempinen &amp; Matias Nevaranta)<\/td>\n<\/tr>\n<tr>\n<td style=\"width: 197px\">18:30<\/td>\n<td style=\"width: 349px\"><strong>Dinner <\/strong><\/td>\n<\/tr>\n<\/tbody>\n<\/table>\n<h2>Day 2 (Wednesday 12th of November)<\/h2>\n<p>@ Nissi auditorium , Ankkuri building, Univesity of Vaasa (Wolffintie 32, 62500 Vaasa)<\/p>\n<table style=\"height: 760px\">\n<tbody>\n<tr style=\"height: 56px\">\n<td style=\"height: 56px;width: 197px\">8:30-9:00<\/td>\n<td style=\"height: 56px;width: 349px\"><strong>Morning coffee<\/strong><\/td>\n<\/tr>\n<tr style=\"height: 56px\">\n<td style=\"height: 56px;width: 197px\">9:00-10:30<\/td>\n<td style=\"height: 56px;width: 349px\">\n<p><strong>Session 3: Design<\/strong><\/p>\n<p>&#8211; A Critical Review on Designer Intent in Implementing Deceptive Patterns (Laura Havinen, Johanna Silvennoinen &amp; Teemu M\u00e4enp\u00e4\u00e4)<\/p>\n<p>&#8211; Developer and Player Views on Sustainable and Ethical Monetization Strategies (Tero Saarinen, Erno Vanhala &amp; Jussi Kasurinen)<\/p>\n<p>&#8211; Can We Trust AI Agents? A Case Study of an LLM-Based Multi-Agent System for Ethical AI (Jos\u00e9 Antonio Siqueira de Cerqueira, Mamia Agbese, Rebekah Rousi, Nannan Xi, Juho Hamari &amp; Pekka Abrahamsson)<\/td>\n<\/tr>\n<tr style=\"height: 24px\">\n<td style=\"width: 197px;height: 24px\">10:30-10:45<\/td>\n<td style=\"width: 349px;height: 24px\"><strong>Break<\/strong><\/td>\n<\/tr>\n<tr style=\"height: 24px\">\n<td style=\"height: 24px;width: 197px\">10:45-11:45<\/td>\n<td style=\"height: 24px;width: 349px\">\n<p><strong>Session 4: Identity, and Bias<\/strong><\/p>\n<p>&#8211; Relational Ethics in AI-Mediated Healthcare: Revisiting the Implications of Patient, User, Consumer, and Client Labels (Leslye Denisse Dias Duran)<\/p>\n<p>&#8211; The Digital Mirror: AI Image Generators and the Reproduction of Gender Norms (Siiri Lepp\u00e4lampi, Sonja M. Hyrynsalmi &amp; Erno Vanhala)<\/td>\n<\/tr>\n<tr style=\"height: 24px\">\n<td style=\"width: 197px;height: 24px\">11:45-12:45<\/td>\n<td style=\"width: 349px;height: 24px\"><strong>Lunch<\/strong><\/td>\n<\/tr>\n<tr style=\"height: 96px\">\n<td style=\"width: 197px;height: 96px\">12:45-13:15<\/td>\n<td style=\"width: 349px;height: 96px\">\n<p><strong>Town hall meeting @ Nissi auditorium , Ankkuri building, Univesity of Vaasa<\/strong><\/p>\n<p>We discuss Tethics 2026 with coffee<\/td>\n<\/tr>\n<tr style=\"height: 248px\">\n<td style=\"width: 197px;height: 248px\">13:15-14:15<\/td>\n<td style=\"width: 349px;height: 248px\">\n<p><strong>Keynote <\/strong>Kai Kimppa<\/p>\n<p>Ethics and Information Technology Research in Finland: The Past, the Present, and the Future<\/td>\n<\/tr>\n<tr style=\"height: 24px\">\n<td style=\"width: 197px;height: 24px\">14:15-15:00<\/td>\n<td style=\"width: 349px;height: 24px\"><strong>Closing remarks and coffee<\/strong><\/td>\n<\/tr>\n<\/tbody>\n<\/table>\n<p>&nbsp;<\/p>\n","protected":false},"excerpt":{"rendered":"<p>Day 1 (Tuesday 11th of November) @ Nissi auditorium , Ankkuri building, Univesity of Vaasa (Wolffintie 32,\u00a062500\u00a0Vaasa) For more information about the conference venue and arrival to Vaasa see:\u00a0Campus and facilities 9:00-&gt; Registration desk opens 9:00-11:00 Workshop -Consent Procedures in AI Research: Ethics and Inclusion for People with Diverse Needs (Joni-Roy Piispanen &amp; Jonna M\u00e4ki-Rahko) [&hellip;]<\/p>\n","protected":false},"author":437,"featured_media":0,"parent":0,"menu_order":0,"comment_status":"closed","ping_status":"closed","template":"","meta":{"_acf_changed":false,"footnotes":""},"class_list":["post-829","page","type-page","status-publish","hentry"],"acf":[],"_links":{"self":[{"href":"https:\/\/sites.uwasa.fi\/tethics2025\/wp-json\/wp\/v2\/pages\/829"}],"collection":[{"href":"https:\/\/sites.uwasa.fi\/tethics2025\/wp-json\/wp\/v2\/pages"}],"about":[{"href":"https:\/\/sites.uwasa.fi\/tethics2025\/wp-json\/wp\/v2\/types\/page"}],"author":[{"embeddable":true,"href":"https:\/\/sites.uwasa.fi\/tethics2025\/wp-json\/wp\/v2\/users\/437"}],"replies":[{"embeddable":true,"href":"https:\/\/sites.uwasa.fi\/tethics2025\/wp-json\/wp\/v2\/comments?post=829"}],"version-history":[{"count":18,"href":"https:\/\/sites.uwasa.fi\/tethics2025\/wp-json\/wp\/v2\/pages\/829\/revisions"}],"predecessor-version":[{"id":873,"href":"https:\/\/sites.uwasa.fi\/tethics2025\/wp-json\/wp\/v2\/pages\/829\/revisions\/873"}],"wp:attachment":[{"href":"https:\/\/sites.uwasa.fi\/tethics2025\/wp-json\/wp\/v2\/media?parent=829"}],"curies":[{"name":"wp","href":"https:\/\/api.w.org\/{rel}","templated":true}]}}