{"id":442,"date":"2020-04-29T15:45:24","date_gmt":"2020-04-29T12:45:24","guid":{"rendered":"https:\/\/sites.uwasa.fi\/terminologyforum\/?page_id=442"},"modified":"2020-04-29T18:04:00","modified_gmt":"2020-04-29T15:04:00","slug":"traffic-transportation","status":"publish","type":"page","link":"https:\/\/sites.uwasa.fi\/terminologyforum\/special-field-glossaries\/traffic-transportation\/","title":{"rendered":"Traffic, Transportation and Vehicles"},"content":{"rendered":"<div id=\"wrapper\">\n<div id=\"content\">\n<div id=\"page\" class=\"fixed\">\n<div id=\"topic\">\n<div id=\"article\">\n<h3><a href=\"https:\/\/sites.uwasa.fi\/terminologyforum\/special-field-glossaries\/\" target=\"_blank\" rel=\"noopener noreferrer\">Special Field Glossaries<\/a><\/h3>\n<p>A list of glossaries from the fields of traffic, transportation and vehicles.<\/p>\n<p><strong>English<\/strong><\/p>\n<ul>\n<li>English: <a href=\"https:\/\/www.ic.gc.ca\/eic\/site\/auto-auto.nsf\/eng\/h_am00614.html\" target=\"_blank\" rel=\"noopener noreferrer\">Glossary of automotive terms<\/a>. Canadian Automotive Industry. [ok 27.4.2020 an]<\/li>\n<li>English: <a href=\"http:\/\/www.motorera.com\/dictionary\/index.htm\" target=\"_blank\" rel=\"noopener noreferrer\">Dictionary of Automotive Terms<\/a>. [ok 27.4.2020 an]<\/li>\n<li>English: <a href=\"http:\/\/www.ibike.org\/engineering\/glossary.htm\" target=\"_blank\" rel=\"noopener noreferrer\">Glossary of Bicycle Transportation Terms<\/a> by <a href=\"http:\/\/www.ibike.org\/index.htm\" target=\"_blank\" rel=\"noopener noreferrer\">International Bicycle Fund<\/a>.[ok 27.4.2020 an]<\/li>\n<li>English: <a href=\"https:\/\/data.geotab.com\/vehicle-vocations\" target=\"_blank\" rel=\"noopener noreferrer\">Vehicle Vocation Glossary<\/a>: Definitions and Examples of Common Vehicle Vocation Categories. Geotab Data. [ok 27.4.2020 an]<\/li>\n<li>English: <a href=\"https:\/\/sparkcharge.io\/the-ultimate-glossary-of-electric-vehicle-terms\/\" target=\"_blank\" rel=\"noopener noreferrer\">The Ultimate Glossary of Electric Vehicle Terms<\/a>. Spark Charge. [ok 27.4.2020 an]<\/li>\n<li>English: <a href=\"https:\/\/www.inboundlogistics.com\/cms\/logistics-glossary\/\" target=\"_blank\" rel=\"noopener noreferrer\">Glossary of Supply Chain Terms<\/a>. Inbound Logistics. [ok 27.4.2020 an]<\/li>\n<li>English: <a href=\"http:\/\/www.unigrouplogistics.com\/resource-library\/terminology\" target=\"_blank\" rel=\"noopener noreferrer\">Logistics Terms Glossary<\/a>. UniGroup Logistics. [ok 27.4.2020 an]<\/li>\n<li>English: <a href=\"https:\/\/www.scl.gatech.edu\/resources\/glossary\" target=\"_blank\" rel=\"noopener noreferrer\">Logistics Glossary<\/a>. Georgia Tech Supply Chain and Logistics Institute, Atlanta. [ok 27.4.2020 an]<\/li>\n<\/ul>\n<div><strong>Multilingual:<\/strong><\/div>\n<div>\n<ul>\n<li><a href=\"http:\/\/bemi.free.fr\/biciklo\/index.php\" target=\"_blank\" rel=\"noopener noreferrer\">Multilingual Bicycle&#8217;s Vocabulary<\/a>. [ok 27.4.2020 an]<\/li>\n<\/ul>\n<\/div>\n<div><strong>Finnish<\/strong><\/div>\n<ul>\n<li>Finnish: <a href=\"http:\/\/www.logistiikanmaailma.fi\/aineistot\/sanastot\/logistiikan-maailma-termisanasto\/\" target=\"_blank\" rel=\"noopener noreferrer\">Logistiikan Maailma -termisanasto<\/a>. Logistiikan Maailma. [ok 27.4.2020 an]<\/li>\n<li>Finnish: <a href=\"https:\/\/varova.fi\/tietopalvelut\/kuljetusalan-sanasto\/\" target=\"_blank\" rel=\"noopener noreferrer\">Kuljetusalan sanasto<\/a>. Varova. [ok 27.4.2020 an]<\/li>\n<li>Finnish: <a href=\"https:\/\/www.collicare.fi\/hy-dyllist-tietoa\/kuljetusalan-sanastoa-ja-lyhenteit-\" target=\"_blank\" rel=\"noopener noreferrer\">Kuljetusalan sanastoa ja lyhenteit\u00e4<\/a>. ColliCare. [ok 27.4.2020 an]<\/li>\n<li>Swedish-Finnish: <a href=\"https:\/\/www.diva-portal.org\/smash\/get\/diva2:1176799\/FULLTEXT01.pdf\" target=\"_blank\" rel=\"noopener noreferrer\">Ruotsalais-suomalainen liikennesanasto<\/a>. Ruotsin-suomalainen kielilautakunta, Ruotsi, Kieliviesti 4\/1990.<\/li>\n<li>English-Finnish: <a href=\"http:\/\/www.motot.net\/wiki\/Englanti-Suomi_sanasto\" target=\"_blank\" rel=\"noopener noreferrer\">Englanti-Suomi sanasto<\/a>. Motowiki, Motot.net [ok 28.4.2020 an]<\/li>\n<li>Finnish-Swedish-English: <a href=\"https:\/\/julkaisut.vayla.fi\/pdf8\/opas_2018-01_henkiloliikenteen_palveluiden_web.pdf\" target=\"_blank\" rel=\"noopener noreferrer\">Henkil\u00f6liikenteen palveluiden sanasto<\/a>. Liikenneviraston oppaita 1\/ 2018. [ok 28.4.2020 an]<\/li>\n<li>Finnish-Swedish-English: <a href=\"https:\/\/julkaisut.vayla.fi\/pdf3\/lop_2013-04_julkisen_liikenteen_web.pdf\" target=\"_blank\" rel=\"noopener noreferrer\">Julkisen liikenteen sanasto<\/a>. Liikenneviraston oppaita 4\/ 2013. (Korvattu 1\/2018 oppaalla, ks. yll\u00e4) [ok 28.4.2020 an]<\/li>\n<li>Finnish: <a href=\"https:\/\/www.liikennefakta.fi\/turvallisuus\/ilmailu\/sanasto\" target=\"_blank\" rel=\"noopener noreferrer\">Ilmailuturvallisuussanasto<\/a>. Liikenne- ja viestint\u00e4virasto Traficom. [ok 28.4.2020 an]<\/li>\n<li>Finnish: <a href=\"https:\/\/vayla.fi\/tieverkko\/liikennemerkit\" target=\"_blank\" rel=\"noopener noreferrer\">Liikennemerkit<\/a>. V\u00e4yl\u00e4virasto. [ok 28.4.2020 an]<\/li>\n<li>Finnish: <a href=\"https:\/\/finto.fi\/liiko\/fi\/\" target=\"_blank\" rel=\"noopener noreferrer\">LIIKO &#8211; Liikenteen ontologia<\/a>. Kansalliskirjasto, Liikennevirasto, Sanastokeskus TSK. Finto.<\/li>\n<li>Finnish: <a href=\"https:\/\/onki.fi\/fi\/browser\/overview\/mesa\">Merenkulkualan asiasanasto.<\/a> Onki. [ok 27.4.2020 an]<\/li>\n<li>Finnish: <a href=\"http:\/\/onki.fi\/en\/browser\/overview\/mero\" target=\"_blank\" rel=\"noopener noreferrer\">Merenkulkualan ontologia &#8211; MERO<\/a>. Onki. [ok 28.4.2020 an]<\/li>\n<li>Finnish: <a href=\"https:\/\/fi.wiktionary.org\/wiki\/Luokka:Suomen_kielen_merenkulun_sanasto\" target=\"_blank\" rel=\"noopener noreferrer\">Suomen kielen merenkulun sanasto<\/a>. Wikisanakirja. [ok 28.4.2020 an]<\/li>\n<li>Finnish: <a href=\"http:\/\/www.wakkanet.fi\/~karij\/data\/sanastoa.htm\" target=\"_blank\" rel=\"noopener noreferrer\">Merenkulun vanhaa sanastoa<\/a>. Wakkanet,\u00a0 [ok 27.4.2020 an]<\/li>\n<li>Finnish: <a href=\"http:\/\/calacu.mbnet.fi\/sanasto.htm\" target=\"_blank\" rel=\"noopener noreferrer\">Pieni merenkulkusanasto<\/a>. Meripeninkulmatehdas Oy. [ok 28.4.2020 an]<\/li>\n<li>Finnish: <a href=\"https:\/\/people.uta.fi\/~fipeku\/skigla.htm\" target=\"_blank\" rel=\"noopener noreferrer\">Pieni purjehdussanasto<\/a>. Pekka Kuittinen. [ok 28.4.2020 an]<\/li>\n<li>Finnish: <a href=\"https:\/\/www.hylyt.net\/sanasto\/\">Hylyt.net sanasto<\/a>.\u00a0 [ok 29.4.2020 an]<\/li>\n<li>Finnish: <a href=\"https:\/\/www.ukkopekka.fi\/hoyrylaivasanastoa\" target=\"_blank\" rel=\"noopener noreferrer\">H\u00f6yrylaivasanastoa sek\u00e4 yleist\u00e4 laivasanastoa<\/a>. H\u00f6yrylaivaosakeyhti\u00f6 s\/s Ukkopekka. [ok 29.4.2020 an]<\/li>\n<li>Finnish-Swedish-English-German: <a href=\"https:\/\/www.syaura.fi\/suomeksi\/venetermeja\/\" target=\"_blank\" rel=\"noopener noreferrer\">Venetermej\u00e4<\/a>. S\/y Aura, Marko Nyk\u00e4nen. [ok 29.4.2020 an]<\/li>\n<li>Finnish: <a href=\"https:\/\/fi.wikipedia.org\/wiki\/Luettelo_perinteisist%C3%A4_suomalaisista_vesiliikennesanoista\" target=\"_blank\" rel=\"noopener noreferrer\">Luettelo perinteisist\u00e4 suomalaisista vesiliikennesanoista<\/a>. Wikipedia. [ok 29.4.2020 an]<\/li>\n<li>Finnish: Talonpoikaisveneet lounaissaaristossa. <a href=\"https:\/\/www.puuvene.net\/harro\/sanasto.html\" target=\"_blank\" rel=\"noopener noreferrer\">Venesanasto<\/a>. Puuvene.net -keskustelufoorumi. [ok 29.4.2020 an]<\/li>\n<li>Finnish: <a href=\"http:\/\/www.saunalahti.fi\/~harhaa\/pirake\/jt57sanasto.html\" target=\"_blank\" rel=\"noopener noreferrer\">JT57-sanasto. Junaturvallisuus<\/a>. Pirkanmaan Rautatieharrastajien Kerho ry.\u00a0[ok 29.4.2020 an]<\/li>\n<li>Finnish: <a href=\"https:\/\/2015.vrgroupraportti.fi\/fi\/vuosiraportti-2015\/sanasto\/\" target=\"_blank\" rel=\"noopener noreferrer\">VR Sanasto<\/a>. VR Group, Vuosiraportti 2015. [ok 29.4.2020 an]<\/li>\n<li>Finnish: <a href=\"http:\/\/www.polkupyoraily.net\/wiki\/Sanasto\" target=\"_blank\" rel=\"noopener noreferrer\">Polkupy\u00f6r\u00e4sanasto<\/a>. Polkupy\u00f6r\u00e4wiki. [ok 29.4.2020 an]<\/li>\n<li>Finnish: <a href=\"http:\/\/maastopyoraily.com\/sanasto\/\" target=\"_blank\" rel=\"noopener noreferrer\">Maastopy\u00f6r\u00e4ilysanasto<\/a>. Maastopyorailu.com.\u00a0\u00a0[ok 29.4.2020 an]<\/li>\n<li>Finnish: <a href=\"https:\/\/www.sakky.fi\/sites\/default\/files\/kuvat\/polkupyorakorjaamon_sanastoa.pdf\" target=\"_blank\" rel=\"noopener noreferrer\">Py\u00f6r\u00e4korjaamoalan sanastoa<\/a>. Oppisopimuskoulutusmaeriaalia. Savon ammattiopisto 2017. [ok 29.4.2020 an]<\/li>\n<li>Finnish: <a href=\"https:\/\/fi.wiktionary.org\/wiki\/Luokka:Suomen_kielen_polkupy%C3%B6r%C3%A4sanasto\" target=\"_blank\" rel=\"noopener noreferrer\">Suomen kielen polkupy\u00f6r\u00e4sanasto<\/a>. Wikisanakirja. [ok 29.4.2020 an]<\/li>\n<li>Finnish: <a href=\"http:\/\/www.fillariavaruus.fi\/?page_id=845\" target=\"_blank\" rel=\"noopener noreferrer\">Sanasto<\/a>. Polkupy\u00f6r\u00e4ily edist\u00e4miseen liittyv\u00e4\u00e4 termist\u00f6\u00e4. Fillariavaruus-blogi. [ok 29.4.2020 an]<\/li>\n<li>Finnish: <a href=\"http:\/\/www.bajahill.net\/1999\/03\/motoristin-slangisanakirja.html\" target=\"_blank\" rel=\"noopener noreferrer\">Motoristin slangisanakirja<\/a>. Bajahill.net 1999. [ok 29.4.2020 an]<\/li>\n<li>Finnish: <a href=\"http:\/\/www.motot.net\/wiki\/Termien_selityksi%C3%A4\" target=\"_blank\" rel=\"noopener noreferrer\">Motoristin slangisanakirja<\/a>. Termien selityksi\u00e4. Motowiki. [ok 29.4.2020 an]<\/li>\n<li>Finnish: <a href=\"https:\/\/www.autotie.fi\/tien-sivusta\/sahkoautoileva-motoristi\/sahkoautosanastoa\" target=\"_blank\" rel=\"noopener noreferrer\">S\u00e4hk\u00f6autosanastoa<\/a>.\u00a0\u00a0S\u00e4hk\u00f6autoileva motoristi -blogi. [ok 29.4.2020 an]<\/li>\n<\/ul>\n<p>&nbsp;<\/p>\n<hr \/>\n<p>Note markings like [ok 27.4.2020 an] or [?? 27.4.2020 an] include following information<\/p>\n<ul>\n<li>ok = service available<\/li>\n<li>?? = not accessed when visited &#8211; may be functioning and will be checked later on<\/li>\n<li>date = the date of last visit by the Terminology Forum maintainers<\/li>\n<\/ul>\n<hr \/>\n<p>Terminology Forum, a global information forum for terminological activities &amp; a non-profit portal for free terminological information online. Maintained by Anita Nuopponen, Communication Studies, University of Vaasa, Finland.<\/p>\n<p>Comments to:<\/p>\n<div id=\"wrapper\">\n<div id=\"content\">\n<div id=\"page\" class=\"fixed\">\n<div id=\"topic\">\n<div id=\"article\">\n<p><img decoding=\"async\" title=\"AN_email.JPG\" src=\"https:\/\/www.uwasa.fi\/en\/sites\/terminology\/glossaries\/an_email.JPG\" alt=\"AN_email.JPG\" border=\"0\" \/><\/p>\n<\/div>\n<\/div>\n<\/div>\n<\/div>\n<\/div>\n<p>DISCLAIMER: This portal includes links to external websites. This portal is neither responsible for the content nor guarantees the quality of any linked external websites.<\/p>\n<\/div>\n<p><!-- END:TOPIC --><\/p>\n<\/div>\n<\/div>\n<\/div>\n<\/div>\n","protected":false},"excerpt":{"rendered":"<p>Special Field Glossaries A list of glossaries from the fields of traffic, transportation and vehicles. English English: Glossary of automotive terms. Canadian Automotive Industry. [ok 27.4.2020 an] English: Dictionary of Automotive Terms. [ok 27.4.2020 an] English: Glossary of Bicycle Transportation Terms by International Bicycle Fund.[ok 27.4.2020 an] English: Vehicle Vocation Glossary: Definitions and Examples of [&hellip;]<\/p>\n","protected":false},"author":81,"featured_media":0,"parent":20,"menu_order":0,"comment_status":"closed","ping_status":"closed","template":"","meta":{"_acf_changed":false,"footnotes":""},"class_list":["post-442","page","type-page","status-publish","hentry"],"acf":[],"_links":{"self":[{"href":"https:\/\/sites.uwasa.fi\/terminologyforum\/wp-json\/wp\/v2\/pages\/442"}],"collection":[{"href":"https:\/\/sites.uwasa.fi\/terminologyforum\/wp-json\/wp\/v2\/pages"}],"about":[{"href":"https:\/\/sites.uwasa.fi\/terminologyforum\/wp-json\/wp\/v2\/types\/page"}],"author":[{"embeddable":true,"href":"https:\/\/sites.uwasa.fi\/terminologyforum\/wp-json\/wp\/v2\/users\/81"}],"replies":[{"embeddable":true,"href":"https:\/\/sites.uwasa.fi\/terminologyforum\/wp-json\/wp\/v2\/comments?post=442"}],"version-history":[{"count":4,"href":"https:\/\/sites.uwasa.fi\/terminologyforum\/wp-json\/wp\/v2\/pages\/442\/revisions"}],"predecessor-version":[{"id":446,"href":"https:\/\/sites.uwasa.fi\/terminologyforum\/wp-json\/wp\/v2\/pages\/442\/revisions\/446"}],"up":[{"embeddable":true,"href":"https:\/\/sites.uwasa.fi\/terminologyforum\/wp-json\/wp\/v2\/pages\/20"}],"wp:attachment":[{"href":"https:\/\/sites.uwasa.fi\/terminologyforum\/wp-json\/wp\/v2\/media?parent=442"}],"curies":[{"name":"wp","href":"https:\/\/api.w.org\/{rel}","templated":true}]}}