{"id":343,"date":"2020-04-04T19:51:32","date_gmt":"2020-04-04T16:51:32","guid":{"rendered":"https:\/\/sites.uwasa.fi\/terminologyforum\/?page_id=343"},"modified":"2021-12-07T23:47:14","modified_gmt":"2021-12-07T21:47:14","slug":"international-relations-and-cooperation","status":"publish","type":"page","link":"https:\/\/sites.uwasa.fi\/terminologyforum\/special-field-glossaries\/international-relations-and-cooperation\/","title":{"rendered":"International Relations and Cooperation"},"content":{"rendered":"<h3><a href=\"https:\/\/sites.uwasa.fi\/terminologyforum\/special-field-glossaries\/\" target=\"_blank\" rel=\"noopener noreferrer\">Special Field glossaries<\/a><\/h3>\n<p><strong>Multilingual<\/strong><\/p>\n<ul>\n<li><a href=\"https:\/\/unterm.un.org\/unterm\/portal\/welcome\" target=\"_blank\" rel=\"noopener noreferrer\">UNTERM<\/a> &#8211; a multilingual terminology database maintained jointly by the main duty stations and regional commissions of the United Nations system. [ok 7.12.2021 an]<\/li>\n<li><a href=\"http:\/\/www.fao.org\/faoterm\" target=\"_blank\" rel=\"noopener noreferrer\">FAOTERM Portal<\/a>. Food and Agriculture Organization of United Nations. [ok 7.12.2021 an]<\/li>\n<li><a href=\"https:\/\/iate.europa.eu\/home\" target=\"_blank\" rel=\"noopener noreferrer\">IATE<\/a> &#8211; terminology database for all EU institutions. [ok 7.12.2021 an]<\/li>\n<\/ul>\n<p><strong>English<\/strong><\/p>\n<ul>\n<li>English: <a href=\"http:\/\/www.ediplomat.com\/nd\/glossary.htm\" target=\"_blank\" rel=\"noopener noreferrer\">Glossary of Diplomatic Terms<\/a>. eDiplomat, Global Portal for Diplomats. [ok 7.12.2021 an]<\/li>\n<li>English: <a href=\"https:\/\/diplomacy.state.gov\/discover-diplomacy\/diplomatic-dictionary\/\" target=\"_blank\" rel=\"noopener noreferrer\">Diplomatic Dictionary<\/a>. The National Museum of American Diplomacy. [ok 7.12.2021 an]<\/li>\n<li>English: <a href=\"https:\/\/www.eda.admin.ch\/content\/dam\/eda\/en\/documents\/publications\/GlossarezurAussenpolitik\/ABC-Diplomatie_en.pdf\" target=\"_blank\" rel=\"noopener noreferrer\">ABC of Diplomacy<\/a>. Swiss Federal Department of Foreign Affairs. (<a href=\"https:\/\/www.eda.admin.ch\/dam\/eda\/de\/documents\/publications\/GlossarezurAussenpolitik\/ABC-Diplomatie_de.pdf\" target=\"_blank\" rel=\"noopener noreferrer\">German<\/a>)(<a href=\"https:\/\/www.eda.admin.ch\/dam\/eda\/fr\/documents\/publications\/GlossarezurAussenpolitik\/ABC-Diplomatie_fr.pdf\" target=\"_blank\" rel=\"noopener noreferrer\">French<\/a>)(<a href=\"https:\/\/www.eda.admin.ch\/dam\/eda\/it\/documents\/publications\/GlossarezurAussenpolitik\/ABC-Diplomatie_it.pdf\" target=\"_blank\" rel=\"noopener noreferrer\">Italian<\/a>). [ok 7.12.2021 an]<\/li>\n<li>English: <a href=\"https:\/\/unitar.org\/sites\/default\/files\/media\/publication\/doc\/Glossary_E_0.pdf\" target=\"_blank\" rel=\"noopener noreferrer\">A Glossary of Terms for UN Delegates<\/a>. Unitar &#8211; United Nations Insitute for Training and Research. [ok 7.12.2021 an]<\/li>\n<li>English: <a href=\"https:\/\/www.un.org\/securitycouncil\/content\/glossary\" target=\"_blank\" rel=\"noopener noreferrer\">Glossary of Practices, Procedures and Working Methods<\/a>. United Nations Security Council. [ok 7.12.2021 an]<\/li>\n<li>English: <a href=\"https:\/\/www.oxfordreference.com\/view\/10.1093\/acref\/9780199670840.001.0001\/acref-9780199670840\" target=\"_blank\" rel=\"noopener noreferrer\">A Concise Oxford Dictionary of Politics and International Relations<\/a>. Oxford Reference. [ok 7.12.2021 an]<\/li>\n<li>English: <a href=\"http:\/\/maryking.info\/wp-content\/glossaryv2.pdf\" target=\"_blank\" rel=\"noopener noreferrer\">A Glossary of Terms and Concepts in Piece and Conflict Studies<\/a>. Christopher E. Miller, University for Peace. [ok 7.12.2021 an]<\/li>\n<li>English: <a href=\"https:\/\/reliefweb.int\/sites\/reliefweb.int\/files\/resources\/6C8E6652532FE542C12575DD00444F2D-USAID_may01.pdf\" target=\"_blank\" rel=\"noopener\">A Glossary on Violent Conflict Terms and Concepts Used in Conflict Prevention, Mitigation, and Resolution in the Context of Disaster Relief and Sustainable Development<\/a>. Payson Conflict Study Group. [ok 7.12.2021 an]<\/li>\n<li><\/li>\n<\/ul>\n<p><strong>Finnish<\/strong><\/p>\n<ul>\n<li>Finnish-Swedish-English: <a href=\"https:\/\/www.ykliitto.fi\/tietoa-yksta\/yk-sanasto?teksti=&amp;page=0\" target=\"_blank\" rel=\"noopener noreferrer\">YK-sanasto<\/a>. Suomen YK-liitto. [ok 7.12.2021 an]<\/li>\n<li>Finnish-English: <a class=\"yja-external-link external-link\" href=\"http:\/\/www.finlex.fi\/data\/muut\/valtiosopimussanasto.pdf\" target=\"_blank\" rel=\"noopener noreferrer\">Valtiosopimusten suomentaminen.<\/a> UM. [ok 7.12.2021 an]<\/li>\n<li>Finnish-Swedish-English-Estonian-German-French-Russian: Valtioneuvoston termipankki <a class=\"yja-external-link external-link\" href=\"http:\/\/valter.fi\">Valter.<\/a> [ok 7.12.2021 an]<\/li>\n<li>Finnish: <a href=\"https:\/\/um.fi\/documents\/35732\/0\/maatalouden_ja_ruokaturvan_sanasto_2014.pdf\/fd8e44d5-7431-c6e2-5fce-4841afef3284?t=1562143784241\" target=\"_blank\" rel=\"noopener noreferrer\">Ruokaturvan ja maatalouden sanasto<\/a> (kehitysyhteisty\u00f6t\u00e4 varten). Ulkoasiainministeri\u00f6\/Toimialapolitiikan yksikk\u00f6 2014. [ok 7.12.2021 an]<\/li>\n<li>Finnish-English-Swedish: <a href=\"http:\/\/www.tsk.fi\/tiedostot\/pdf\/Kokonaisturvallisuuden_sanasto_2.pdf\" target=\"_blank\" rel=\"noopener\">Kokonaisturvallisuuden sanasto<\/a>. TSK 2017. [ok 7.12.2021 an]<\/li>\n<li>Finnish: <a href=\"https:\/\/fi.abcdef.wiki\/wiki\/Glossary_of_international_relations_terms\" target=\"_blank\" rel=\"noopener\">Kansainv\u00e4listen suhteiden termien sanasto<\/a>. Wikipedia. [ok 7.12.2021 an]<\/li>\n<\/ul>\n","protected":false},"excerpt":{"rendered":"<p>Special Field glossaries Multilingual UNTERM &#8211; a multilingual terminology database maintained jointly by the main duty stations and regional commissions of the United Nations system. [ok 7.12.2021 an] FAOTERM Portal. Food and Agriculture Organization of United Nations. [ok 7.12.2021 an] IATE &#8211; terminology database for all EU institutions. [ok 7.12.2021 an] English English: Glossary of [&hellip;]<\/p>\n","protected":false},"author":81,"featured_media":0,"parent":20,"menu_order":0,"comment_status":"closed","ping_status":"closed","template":"","meta":{"_acf_changed":false,"footnotes":""},"class_list":["post-343","page","type-page","status-publish","hentry"],"acf":[],"_links":{"self":[{"href":"https:\/\/sites.uwasa.fi\/terminologyforum\/wp-json\/wp\/v2\/pages\/343"}],"collection":[{"href":"https:\/\/sites.uwasa.fi\/terminologyforum\/wp-json\/wp\/v2\/pages"}],"about":[{"href":"https:\/\/sites.uwasa.fi\/terminologyforum\/wp-json\/wp\/v2\/types\/page"}],"author":[{"embeddable":true,"href":"https:\/\/sites.uwasa.fi\/terminologyforum\/wp-json\/wp\/v2\/users\/81"}],"replies":[{"embeddable":true,"href":"https:\/\/sites.uwasa.fi\/terminologyforum\/wp-json\/wp\/v2\/comments?post=343"}],"version-history":[{"count":7,"href":"https:\/\/sites.uwasa.fi\/terminologyforum\/wp-json\/wp\/v2\/pages\/343\/revisions"}],"predecessor-version":[{"id":548,"href":"https:\/\/sites.uwasa.fi\/terminologyforum\/wp-json\/wp\/v2\/pages\/343\/revisions\/548"}],"up":[{"embeddable":true,"href":"https:\/\/sites.uwasa.fi\/terminologyforum\/wp-json\/wp\/v2\/pages\/20"}],"wp:attachment":[{"href":"https:\/\/sites.uwasa.fi\/terminologyforum\/wp-json\/wp\/v2\/media?parent=343"}],"curies":[{"name":"wp","href":"https:\/\/api.w.org\/{rel}","templated":true}]}}