{"id":284,"date":"2020-03-29T21:35:40","date_gmt":"2020-03-29T18:35:40","guid":{"rendered":"https:\/\/sites.uwasa.fi\/terminologyforum\/?page_id=284"},"modified":"2020-04-03T16:24:51","modified_gmt":"2020-04-03T13:24:51","slug":"society-politics-public-administration","status":"publish","type":"page","link":"https:\/\/sites.uwasa.fi\/terminologyforum\/special-field-glossaries\/society-politics-public-administration\/","title":{"rendered":"Society, Politics, Public Administration"},"content":{"rendered":"<h3><a href=\"https:\/\/sites.uwasa.fi\/terminologyforum\/special-field-glossaries\/\" target=\"_blank\" rel=\"noopener noreferrer\">Special Field Glossaries<\/a><\/h3>\n<p><strong>English<\/strong><\/p>\n<ul>\n<li>Multilingual:\u00a0<a href=\"http:\/\/www.heraldica.org\/faqs\/titel.htm\" target=\"_blank\" rel=\"noopener noreferrer\">A Glossary of Titles in 35 Languages<\/a>\u00a0by\u00a0<a href=\"mailto:alexander.krischnig@marshmc.com\" target=\"_blank\" rel=\"noopener noreferrer\">Alexander Krischnig<\/a>. [ok 05.07.2019 hh]<\/li>\n<li>English:\u00a0<a href=\"http:\/\/www.bls.gov\/bls\/glossary.htm\" target=\"_blank\" rel=\"noopener noreferrer\">Consumer Expenditure Surveys Glossary<\/a>. The\u00a0<a href=\"http:\/\/stats.bls.gov\/\" target=\"_blank\" rel=\"noopener noreferrer\">Bureau of Labor Statistics<\/a>, U.S. Department of Labor. [ok 05.07.2019 hh]<\/li>\n<li>English:\u00a0<a href=\"http:\/\/www.usflag.org\/flag.glossary.html\" target=\"_blank\" rel=\"noopener noreferrer\">Flag Glossary<\/a>.\u00a0<a href=\"http:\/\/www.usflag.org\/toc.html\" target=\"_blank\" rel=\"noopener noreferrer\">US Flag Home Page<\/a>. [ok 05.07.2019 hh]<\/li>\n<li>English (USA)-Spanish-Bengali-Chinese-Hindi-Japanese-Khmer-Korean-Tagalog-Vietnamese:\u00a0<a href=\"https:\/\/www.eac.gov\/election-officials\/glossaries-of-election-terminology\" target=\"_blank\" rel=\"noopener noreferrer\">Glossary of Election Terminology<\/a>. The U.S. Election Assistance Commission. [ok 27.1.2020 an]<\/li>\n<li>English (USA)-Spanish-Chinese-Japanese-Korean-Vietnamese:\u00a0<a href=\"https:\/\/www.eac.gov\/glossary?pg=1\" target=\"_blank\" rel=\"noopener noreferrer\">Glossary of Election Terminology Database<\/a>. The U.S. Election Assistance Commission. [ok 27.1.2020 an]<\/li>\n<li>English (USA):\u00a0<a href=\"https:\/\/ballotpedia.org\/Glossary_of_election_policy_terms\" target=\"_blank\" rel=\"noopener noreferrer\">Glossary of election policy terms<\/a>. Ballotpedia. [ok 27.1.2020 an]<\/li>\n<li>English (USA):\u00a0<a href=\"https:\/\/www.usa.gov\/voting-and-election-definitions\" target=\"_blank\" rel=\"noopener noreferrer\">Definitions of Common Voting and Election Terms<\/a>. USA.gov.\u00a0 [ok 27.1.2020 an]<\/li>\n<li>English (USA):\u00a0<a href=\"https:\/\/www.sos.state.tx.us\/elections\/laws\/glossary.shtml\" target=\"_blank\" rel=\"noopener noreferrer\">Glossary of Elections Terminology<\/a>. Texas Secretary of State. [ok 27.1.2020 an]<\/li>\n<li>English (USA):\u00a0<a href=\"https:\/\/www.thecorsaironline.com\/corsair\/impeachmentglossary\" target=\"_blank\" rel=\"noopener noreferrer\">The Glossary of impeachment<\/a>. Drew Andersen 2019. [ok 27.1.2020 an]<\/li>\n<li>English-Multilingual (EU):\u00a0<a href=\"https:\/\/ec.europa.eu\/home-affairs\/what-we-do\/networks\/european_migration_network\/glossary_en\" target=\"_blank\" rel=\"noopener noreferrer\">Migration and Home Affairs Glossary<\/a>. European Migration Network. [ok 19.2.2020 an]<\/li>\n<\/ul>\n<div><strong>Finnish<\/strong><\/div>\n<ul>\n<li>Finnish-Swedish-Sami-English-German-French-Spanish-Russian-Estonian:\u00a0<a href=\"http:\/\/mot.kielikone.fi\/mot\/eduskuntasanasto\/netmot?UI=fied&amp;height=150\" target=\"_blank\" rel=\"noopener noreferrer\">Eduskuntasanasto<\/a>. Eduskuntavaaleihin, s\u00e4\u00e4d\u00f6ksiin, valtion talousarvioon ja EU-asioiden k\u00e4sittelyyn liittyvi\u00e4 k\u00e4sitteit\u00e4. Eduskunnan ja valtioneuvoston kanslian kielipalvelun yhteisty\u00f6n\u00e4. [ok 05.07.2019 hh]<\/li>\n<li>Finnish &#8211; Swedish &#8211; English &#8211; German &#8211; French:\u00a0<a href=\"http:\/\/www.finlex.fi\/data\/muut\/saadkaan\/tuomio.pdf\" target=\"_blank\" rel=\"noopener noreferrer\">Tuomioistuinsanasto<\/a>\u00a0(PDF). Oikeusministeri\u00f6 ja valtioneuvoston kanslia. [ok 05.07.2019 hh]<\/li>\n<li>English &#8211; Finnish:\u00a0<a href=\"http:\/\/www.finlex.fi\/data\/muut\/valtiosopimussanasto.pdf\" target=\"_blank\" rel=\"noopener noreferrer\">VALTIOSOPIMUSTEN SUOMENTAMINEN<\/a> (PDF), valtiosopimussanasto. Suositus 10.11.1998\/10.2.2005. Ulkoasiainministeri\u00f6, Oikeudellinen osasto. [ok 05.07.2019 hh]<\/li>\n<li>Finnish:\u00a0<a href=\"http:\/\/finto.fi\/juho\/fi\/\" target=\"_blank\" rel=\"noopener noreferrer\">JUHO &#8211; Julkishallinnon ontologia<\/a>. Finto. [ok 27.1.2020 an]<\/li>\n<li>Finnish-Swedish:\u00a0<a href=\"http:\/\/www.isof.se\/sprak\/minoritetssprak\/suomi-finska\/ruotsalais-suomalaiset-sanastot.html\" target=\"_blank\" rel=\"noopener noreferrer\">Ruotsalais-suomalaiset sanastot<\/a>. Ruotsin-suomen sanastoja yhteiskunnan eri aloilta (julkishallinto, kokous, vaalit, muumit, hovi jne.). Institutet f\u00f6r spr\u00e5k och folkminnen.<\/li>\n<li>Finnish- Plain Finnish, English, Swedish, French, Russian, Estonian, Somali, Arabic, Farsi, Kurdish:\u00a0<a href=\"https:\/\/www.lastensuojelu.info\/sanasto\/\" target=\"_blank\" rel=\"noopener noreferrer\">Lastensuojelusanasto &#8211; Child wellfare glossary<\/a>. Lastensuojelun keskusliitto. [ok 18.2.2020 an]<\/li>\n<li>Finnish-Swedish-English:\u00a0<a href=\"https:\/\/migri.fi\/sanasto\" target=\"_blank\" rel=\"noopener noreferrer\">Maahanmuuttoviraston sivuston sanasto<\/a>. Migri. [ok 18.2.2020 an]<\/li>\n<li>English-Finnish-Swedish:\u00a0<a href=\"https:\/\/migri.fi\/en\/glossary\" target=\"_blank\" rel=\"noopener noreferrer\">Glossary of Finnish Immigration Service<\/a>. [ok 18.2.2020 an]<\/li>\n<li>Swedish-Finnish-English:\u00a0<a href=\"https:\/\/migri.fi\/sv\/ordlista\" target=\"_blank\" rel=\"noopener noreferrer\">Ordlista f\u00f6r Migrationsverket<\/a>s websida. [ok 18.2.2020 an]<\/li>\n<li>Finnish-Multilingual (22 languages):\u00a0<a href=\"http:\/\/www.emn.fi\/raportit\/emn_maahanmuuttosanasto_%28emn_glossary%29\" target=\"_blank\" rel=\"noopener noreferrer\">EMN Maahanmuuttosanasto<\/a>\u00a0&#8211;\u00a0<a href=\"https:\/\/ec.europa.eu\/home-affairs\/what-we-do\/networks\/european_migration_network\/glossary\/index_a_en\" target=\"_blank\" rel=\"noopener noreferrer\">European Migration Network Glossary.<\/a>\u00a0[ok 3.3.2020 an]<\/li>\n<li>Finnish:\u00a0<a href=\"https:\/\/thl.fi\/fi\/web\/maahanmuutto-ja-kulttuurinen-moninaisuus\/tyon-tueksi\/kasitteet\" target=\"_blank\" rel=\"noopener noreferrer\">K\u00e4sitteet<\/a>. Maahanmuutto ja kulttuurinen moninaisuus &#8211; ty\u00f6n tueksi. Terveyden ja hyvinvoinnin laitos THL. [ok 3.3.2020 an]<\/li>\n<li>Finnish:\u00a0<a href=\"https:\/\/stt.fi\/tyylikirja\/sanastot\/\" target=\"_blank\" rel=\"noopener noreferrer\">Sanastot<\/a>. STT:n tyylikirja. Aihepiirej\u00e4, jotka toistuvat uutisissa usein ja joiden sanastoon voi liitty\u00e4 ongelmia. [ok 3.3.2020 an]<\/li>\n<\/ul>\n<div><strong>Swedish<\/strong><\/div>\n<ul>\n<li>Swedish-Serbocroatic-Turkish:\u00a0<a href=\"http:\/\/spraakdata.gu.se\/termin\/\" target=\"_blank\" rel=\"noopener noreferrer\">TERMIN &#8211; Samh\u00e4llstermer p\u00e5 invandrarspr\u00e5k<\/a>.<br \/>\n[ok 05.07.2019 hh]<\/li>\n<\/ul>\n<p>&nbsp;<\/p>\n<p>&nbsp;<\/p>\n<p>&nbsp;<\/p>\n<p>Note markings like [ok 27.1.2020 an] or [?? 27.1.2020 an] include following information<\/p>\n<ul>\n<li>ok = service available<\/li>\n<li>?? = not accessed when visited &#8211; may be functioning and will be checked later on<\/li>\n<li>date = the date of last visit by the Terminology Forum maintainers<\/li>\n<\/ul>\n<hr \/>\n<p>(c) Terminology Forum, a global information forum for terminological activities &amp; a non-profit portal for free terminological information online. Maintained by Anita Nuopponen, Communication Studies, University of Vaasa, Finland.<\/p>\n<p>Comments to: Anita Nuopponen,\u00a0<img decoding=\"async\" title=\"AN_email.JPG\" src=\"https:\/\/www.uwasa.fi\/en\/sites\/terminology\/glossaries\/an_email.JPG\" alt=\"AN_email.JPG\" border=\"0\" \/><\/p>\n<p>DISCLAIMER: This portal includes links to external websites. This portal is neither responsible for the content nor guarantees the quality of any linked external websites.<\/p>\n","protected":false},"excerpt":{"rendered":"<p>Special Field Glossaries English Multilingual:\u00a0A Glossary of Titles in 35 Languages\u00a0by\u00a0Alexander Krischnig. [ok 05.07.2019 hh] English:\u00a0Consumer Expenditure Surveys Glossary. The\u00a0Bureau of Labor Statistics, U.S. Department of Labor. [ok 05.07.2019 hh] English:\u00a0Flag Glossary.\u00a0US Flag Home Page. [ok 05.07.2019 hh] English (USA)-Spanish-Bengali-Chinese-Hindi-Japanese-Khmer-Korean-Tagalog-Vietnamese:\u00a0Glossary of Election Terminology. The U.S. Election Assistance Commission. [ok 27.1.2020 an] English (USA)-Spanish-Chinese-Japanese-Korean-Vietnamese:\u00a0Glossary of Election [&hellip;]<\/p>\n","protected":false},"author":81,"featured_media":0,"parent":20,"menu_order":0,"comment_status":"closed","ping_status":"closed","template":"","meta":{"_acf_changed":false,"footnotes":""},"class_list":["post-284","page","type-page","status-publish","hentry"],"acf":[],"_links":{"self":[{"href":"https:\/\/sites.uwasa.fi\/terminologyforum\/wp-json\/wp\/v2\/pages\/284"}],"collection":[{"href":"https:\/\/sites.uwasa.fi\/terminologyforum\/wp-json\/wp\/v2\/pages"}],"about":[{"href":"https:\/\/sites.uwasa.fi\/terminologyforum\/wp-json\/wp\/v2\/types\/page"}],"author":[{"embeddable":true,"href":"https:\/\/sites.uwasa.fi\/terminologyforum\/wp-json\/wp\/v2\/users\/81"}],"replies":[{"embeddable":true,"href":"https:\/\/sites.uwasa.fi\/terminologyforum\/wp-json\/wp\/v2\/comments?post=284"}],"version-history":[{"count":5,"href":"https:\/\/sites.uwasa.fi\/terminologyforum\/wp-json\/wp\/v2\/pages\/284\/revisions"}],"predecessor-version":[{"id":333,"href":"https:\/\/sites.uwasa.fi\/terminologyforum\/wp-json\/wp\/v2\/pages\/284\/revisions\/333"}],"up":[{"embeddable":true,"href":"https:\/\/sites.uwasa.fi\/terminologyforum\/wp-json\/wp\/v2\/pages\/20"}],"wp:attachment":[{"href":"https:\/\/sites.uwasa.fi\/terminologyforum\/wp-json\/wp\/v2\/media?parent=284"}],"curies":[{"name":"wp","href":"https:\/\/api.w.org\/{rel}","templated":true}]}}