{"id":281,"date":"2020-03-29T21:29:36","date_gmt":"2020-03-29T18:29:36","guid":{"rendered":"https:\/\/sites.uwasa.fi\/terminologyforum\/?page_id=281"},"modified":"2020-04-04T18:29:03","modified_gmt":"2020-04-04T15:29:03","slug":"safety-and-security","status":"publish","type":"page","link":"https:\/\/sites.uwasa.fi\/terminologyforum\/special-field-glossaries\/safety-and-security\/","title":{"rendered":"Safety and Security"},"content":{"rendered":"<div id=\"article\">\n<h3><a href=\"https:\/\/sites.uwasa.fi\/terminologyforum\/special-field-glossaries\/\" target=\"_blank\" rel=\"noopener noreferrer\">Special Field Glossaries<\/a><\/h3>\n<p><strong>English:<\/strong><\/p>\n<ul>\n<li>English &#8211; Spanish &#8211; English: <a href=\"http:\/\/www.osha.gov\/dcsp\/compliance_assistance\/spanish_dictionaries.html\" target=\"_blank\" rel=\"noopener noreferrer\">OSHA Dictionaries<\/a> by <a href=\"http:\/\/www.osha.gov\/index.html\" target=\"_blank\" rel=\"noopener noreferrer\">Occupational Safety and Health Administration<\/a>. [ok 05.07.2019 hh]<\/li>\n<li>English \u2013 Spanish: <a href=\"http:\/\/www.orosha.org\/pdf\/dictionary\/english-spanish.pdf\" target=\"_blank\" rel=\"noopener noreferrer\">Dictionary of Occupational Safety and Health Terms<\/a>. (PDF) By <a href=\"http:\/\/www.orosha.org\/\" target=\"_blank\" rel=\"noopener noreferrer\">Oregon Occupational Safety &amp; Health Division<\/a>. [ok 05.07.2019 hh]<\/li>\n<li>English: <a href=\"http:\/\/wcc.state.ct.us\/glossary\/glossary.htm\" target=\"_blank\" rel=\"noopener noreferrer\">Workers&#8217; Compensation Glossary<\/a>. [ok 05.07.2019 hh]<\/li>\n<li>English: <a href=\"http:\/\/www-ns.iaea.org\/downloads\/standards\/glossary\/glossary-english-version2point0-sept-06-12.pdf\" target=\"_blank\" rel=\"noopener noreferrer\">IAEA SAFETY GLOSSARY<\/a>: Terminology Used in Nuclear, Radiation, Radioactive Waste and Transport Safety (PDF). [ok 05.07.2019 hh]<\/li>\n<li>English: <a href=\"https:\/\/www-ns.iaea.org\/downloads\/security\/nuclear-security-series-glossary-v1-3.pdf\" target=\"_blank\" rel=\"noopener noreferrer\">Nuclear Security Series Glossary<\/a>. International Atomic Energy Agency, 2015.\u00a0 [ok 28.3.2020 an]<\/li>\n<li>English (USA): <a href=\"https:\/\/www.dhs.gov\/publication\/dhs-lexicon\" target=\"_blank\" rel=\"noopener noreferrer\">DHS Lexicon Terms and Definitions<\/a>. Department of Homeland Security, USA. [ok 28.3.2020 an]<\/li>\n<li>English: <a href=\"https:\/\/www.phe.gov\/Preparedness\/legal\/prepact\/Pages\/prep-glossary.aspx\" target=\"_blank\" rel=\"noopener noreferrer\">PREP Act Glossary of Terms<\/a>. U.S. Department of Health and Human Services. [ok 3.4.2020 an]<\/li>\n<\/ul>\n<div><strong>Finnish:<\/strong><\/div>\n<div>\n<ul>\n<li>Finnish-Swedish-English: <a href=\"https:\/\/turvallisuuskomitea.fi\/materiaalit\/kokonaisturvallisuuden-sanasto\/\" target=\"_blank\" rel=\"noopener noreferrer\">Kokonaisturvallisuuden sanasto.\u00a0 Ordlista om \u00f6vergripande s\u00e4kerhetVocabulary of Comprehensive Security<\/a>. Turvallisuuskomitea &#8211; S\u00e4kerhetskommitt\u00e9n &#8211; Security Committee; TSK. [ok 28.3.2020 an]<\/li>\n<li>Finnish-English: <a href=\"https:\/\/www.julkari.fi\/bitstream\/handle\/10024\/75835\/T28-2006-VERKKO.pdf?sequence=1\" target=\"_blank\" rel=\"noopener noreferrer\">Potilas- ja l\u00e4\u00e4kehoidon turvallisuussanasto<\/a>. Sosiaali- ja terveysalan tutkimus- ja kehitt\u00e4miskeskus STAKES. [ok 28.3.2020 an]<\/li>\n<li>Finnish: <a href=\"http:\/\/www.protect.fi\/palvelut\/turvallisuussanasto\" target=\"_blank\" rel=\"noopener noreferrer\">Turvallisuussanasto<\/a>. SK Protect Oy. [ok 28.3.2020 an]<\/li>\n<li>Finnish-Swedish-Danish-Norwegian-English-German: <a href=\"http:\/\/www.tsk.fi\/tsk\/fi\/turvallisuusalan_sanasto_tsk_15-170.html\" target=\"_blank\" rel=\"noopener noreferrer\">Turvallisuusalan sanasto. S\u00e4kerhets- och bevakningsordlista<\/a>. TSK 15, 1989. [ok 28.3.2020 an]<\/li>\n<li>Finnish: <a href=\"https:\/\/fi.wiktionary.org\/wiki\/Luokka:Suomen_kielen_turvallisuussanasto\" target=\"_blank\" rel=\"noopener noreferrer\">Suomen kielen turvallisuussanast<\/a><a href=\"http:\/\/www.tsk.fi\/tsk\/fi\/ty%C3%B6suojelusanasto_tsk_35-190.html\" target=\"_blank\" rel=\"noopener noreferrer\">o. Wikisanakirja<\/a>.\u00a0 [ok 28.3.2020 an]<\/li>\n<li><a href=\"http:\/\/www.tsk.fi\/tsk\/fi\/ty%C3%B6suojelusanasto_tsk_35-190.html\" target=\"_blank\" rel=\"noopener noreferrer\">Finnish-Swedish-English-German-French: Ty\u00f6suojelusanasto &#8211; Arbetarskyddsordlista &#8211; Vocabulary of Safety and Health at Work &#8211; Arbeitsschutzglossar &#8211; Vocabulaire de la sant\u00e9 et de la s\u00e9curit\u00e9 au travail<\/a>. TSK 2006. [ok 28.3.2020 an]<\/li>\n<li>Finnish: <a href=\"https:\/\/www.huoltovarmuuskeskus.fi\/sanasto\/\" target=\"_blank\" rel=\"noopener noreferrer\">Huoltovarmuussanasto<\/a>. Huoltovarmuuskeskus. [ok 4.4.2020 an]<\/li>\n<\/ul>\n<\/div>\n<\/div>\n<p>See also: <a href=\"https:\/\/sites.uwasa.fi\/terminologyforum\/special-field-glossaries\/military-war-weaponry\/\">Military, War and Weaponry<\/a>, <a href=\"https:\/\/sites.uwasa.fi\/terminologyforum\/special-field-glossaries\/meteorology-and-natural-hazards\/\" target=\"_blank\" rel=\"noopener noreferrer\">Meteorology and Natural Hazards<\/a>, <a href=\"https:\/\/sites.uwasa.fi\/terminologyforum\/special-field-glossaries\/work-and-occupations\/\" target=\"_blank\" rel=\"noopener noreferrer\">Work and Occupations<\/a>,<\/p>\n<div id=\"article\">\n<p>Note markings like [ok 28.3.2020 an] or [?? 28.3.2020 an] include following information<\/p>\n<ul>\n<li>ok = service available<\/li>\n<li>?? = not accessed when visited &#8211; may be functioning and will be checked later on<\/li>\n<li>date = the date of last visit by the Terminology Collection maintainers<\/li>\n<\/ul>\n<hr \/>\n<p>(c) Terminology Forum, a global information forum for terminological activities &amp; a non-profit portal for free terminological information online. Maintained by Anita Nuopponen, Communication Studies, University of Vaasa, Finland.<\/p>\n<p>Comments to: Anita Nuopponen,\u00a0<img decoding=\"async\" title=\"AN_email.JPG\" src=\"https:\/\/www.uwasa.fi\/en\/sites\/terminology\/glossaries\/an_email.JPG\" alt=\"AN_email.JPG\" border=\"0\" \/><\/p>\n<p>DISCLAIMER: This portal includes links to external websites. This portal is neither responsible for the content nor guarantees the quality of any linked external websites.<\/p>\n<\/div>\n","protected":false},"excerpt":{"rendered":"<p>Special Field Glossaries English: English &#8211; Spanish &#8211; English: OSHA Dictionaries by Occupational Safety and Health Administration. [ok 05.07.2019 hh] English \u2013 Spanish: Dictionary of Occupational Safety and Health Terms. (PDF) By Oregon Occupational Safety &amp; Health Division. [ok 05.07.2019 hh] English: Workers&#8217; Compensation Glossary. [ok 05.07.2019 hh] English: IAEA SAFETY GLOSSARY: Terminology Used in [&hellip;]<\/p>\n","protected":false},"author":81,"featured_media":0,"parent":20,"menu_order":0,"comment_status":"closed","ping_status":"closed","template":"","meta":{"_acf_changed":false,"footnotes":""},"class_list":["post-281","page","type-page","status-publish","hentry"],"acf":[],"_links":{"self":[{"href":"https:\/\/sites.uwasa.fi\/terminologyforum\/wp-json\/wp\/v2\/pages\/281"}],"collection":[{"href":"https:\/\/sites.uwasa.fi\/terminologyforum\/wp-json\/wp\/v2\/pages"}],"about":[{"href":"https:\/\/sites.uwasa.fi\/terminologyforum\/wp-json\/wp\/v2\/types\/page"}],"author":[{"embeddable":true,"href":"https:\/\/sites.uwasa.fi\/terminologyforum\/wp-json\/wp\/v2\/users\/81"}],"replies":[{"embeddable":true,"href":"https:\/\/sites.uwasa.fi\/terminologyforum\/wp-json\/wp\/v2\/comments?post=281"}],"version-history":[{"count":5,"href":"https:\/\/sites.uwasa.fi\/terminologyforum\/wp-json\/wp\/v2\/pages\/281\/revisions"}],"predecessor-version":[{"id":341,"href":"https:\/\/sites.uwasa.fi\/terminologyforum\/wp-json\/wp\/v2\/pages\/281\/revisions\/341"}],"up":[{"embeddable":true,"href":"https:\/\/sites.uwasa.fi\/terminologyforum\/wp-json\/wp\/v2\/pages\/20"}],"wp:attachment":[{"href":"https:\/\/sites.uwasa.fi\/terminologyforum\/wp-json\/wp\/v2\/media?parent=281"}],"curies":[{"name":"wp","href":"https:\/\/api.w.org\/{rel}","templated":true}]}}