{"id":277,"date":"2020-03-29T11:16:55","date_gmt":"2020-03-29T08:16:55","guid":{"rendered":"https:\/\/sites.uwasa.fi\/terminologyforum\/?page_id=277"},"modified":"2020-03-29T11:16:55","modified_gmt":"2020-03-29T08:16:55","slug":"research-and-academic-writing","status":"publish","type":"page","link":"https:\/\/sites.uwasa.fi\/terminologyforum\/special-field-glossaries\/research-and-academic-writing\/","title":{"rendered":"Research and Academic Writing"},"content":{"rendered":"<h3><a href=\"https:\/\/sites.uwasa.fi\/terminologyforum\/special-field-glossaries\/\" target=\"_blank\" rel=\"noopener noreferrer\">Special Field Glossaries<\/a><\/h3>\n<p><strong>English<\/strong><\/p>\n<ul>\n<li>English:\u00a0<a href=\"https:\/\/libguides.usc.edu\/writingguide\/researchglossary\" target=\"_blank\" rel=\"noopener noreferrer\">Glossary of Research Terms<\/a>.\u00a0 USC Libraries. University of Southern California. [ok 20.1.2020 an]<\/li>\n<li>English:\u00a0<a href=\"http:\/\/lib.oup.com.au\/he\/media_journalism\/weerakkody\/weerakkody_research_glossary.pdf\" target=\"_blank\" rel=\"noopener noreferrer\">Glossary of key terms<\/a>. Oxford University Press 2009. [ok 20.1.2020 an]<\/li>\n<li>English:\u00a0<a href=\"https:\/\/www.aqr.org.uk\/glossary\/\" target=\"_blank\" rel=\"noopener noreferrer\">Qualitative Research Glossary<\/a>. The Association for Qualitative Research. [ok 20.1.2020 an]<\/li>\n<li>English:\u00a0<a href=\"https:\/\/med.virginia.edu\/office-for-research\/resources-and-collaborators\/faqs\/glossary-of-research-terms\/\" target=\"_blank\" rel=\"noopener noreferrer\">Glossary of Research Terms. Clinical research<\/a>. University of Virginia. [ok 20.1.2020 an]<\/li>\n<li>English:\u00a0<a href=\"https:\/\/www.niehs.nih.gov\/research\/resources\/bioethics\/glossary\/index.cfm\" target=\"_blank\" rel=\"noopener noreferrer\">Glossary of Commonly Used Terms in Research Ethics<\/a>. National Institute of Environmental Health Sciences 2015, USA. [ok 20.1.2020 an]<\/li>\n<li>English:\u00a0<a href=\"http:\/\/www.resmind.swap.ac.uk\/content\/00_other\/glossary.htm\" target=\"_blank\" rel=\"noopener noreferrer\">Glossary of research terms<\/a>. Centre for Human Service Technology. UK. [ok 20.1.2020 an]<\/li>\n<\/ul>\n<p>&nbsp;<\/p>\n<p><strong>Finnish:<\/strong><\/p>\n<ul>\n<li>Finnish-English:\u00a0<a href=\"https:\/\/www.vastuullinentiede.fi\/fi\/sanasto\" target=\"_blank\" rel=\"noopener noreferrer\">Vastuullisen tieteen sanasto<\/a>. Tiedonjulkistamisen neuvottelukunta ja Tutkimuseettinen neuvottelukunta [ok 20.1.2020 an]<\/li>\n<li>Finnish:\u00a0<a href=\"https:\/\/fi.wiktionary.org\/wiki\/Luokka:Suomen_kielen_tieteellisen_tutkimuksen_sanasto\" target=\"_blank\" rel=\"noopener noreferrer\">Suomen kielen tieteellisen tutkimuksen sanasto<\/a>. Wikisanakirja. Koostaa suomenkielist\u00e4, yleist\u00e4 tieteellisen tutkimuksen sanastoa. [ok 20.1.2020 an]<\/li>\n<li>Finnish:\u00a0<a href=\"http:\/\/finto.fi\/ysa\/fi\/page\/Y99710\" target=\"_blank\" rel=\"noopener noreferrer\">Tutkimus<\/a>. YSA &#8211; Yleinen suomalainen asiasanasto. [ok 20.1.2020 an]<\/li>\n<li>Finnish-English-Swedish:\u00a0<a href=\"https:\/\/math.aalto.fi\/opetus\/sovtoda\/sanastot\/en2fi.html\" target=\"_blank\" rel=\"noopener noreferrer\">Tilastotieteen sanakirja &#8211; Statistics dictionary &#8211; Statistisk lexikon<\/a>. Kurssiaineisto, Aalto-yliopisto. [ok 20.1.2020 an]<\/li>\n<li>Finnish:\u00a0<a href=\"https:\/\/peda.net\/p\/salonjoh\/ps7-josa\/ttt\/ttt:file\/download\/c6c81d202bb14537bf21bd5b9a3a0dc011483a55\/tutkimus_2013%20%281%29.pdf\" target=\"_blank\" rel=\"noopener noreferrer\">Psykologian tutkimusmenetelm\u00e4t. Sanastoa<\/a>. [ok 20.1.2020 an]<\/li>\n<li>Finnish-Swedish-English: METADATA:\u00a0<a href=\"https:\/\/www.stat.fi\/meta\/kas\/index.html\" target=\"_blank\" rel=\"noopener noreferrer\">K\u00e4sitteet &#8211; Begrepp &#8211; Concepts<\/a>. Tilastokeskus. Statistikcentralen. Statistics Finland. [ok 20.1.2020 an]<\/li>\n<li>Finnish, Swedish:\u00a0<a href=\"https:\/\/tieteentermipankki.fi\/wiki\/Termipankki:Etusivu\" target=\"_blank\" rel=\"noopener noreferrer\">Tieteen termipankk<\/a>i &#8211; The Helsinki Term Bank for the Arts and Sciences. Eri tieteenalojen k\u00e4sitteist\u00f6\u00e4 ja termist\u00f6\u00e4. [ok 20.1.2020 an]<\/li>\n<li>Finnish:\u00a0<a href=\"https:\/\/tutka.jyu.fi\/help\/osiot\/julkaisut\/termit\" target=\"_blank\" rel=\"noopener noreferrer\">Julkaisuihin liittyvien termien m\u00e4\u00e4ritelmi\u00e4<\/a>. TUTKA, Jyv\u00e4skyl\u00e4n yliopiston tutkimus- ja julkaisutietoj\u00e4rjestelm\u00e4. [ok 20.1.2020 an]<\/li>\n<li>Finnish:\u00a0<a href=\"http:\/\/hanna.vilkka.fi\/wp-content\/uploads\/2014\/02\/Tutki-ja-mittaa.pdf\" target=\"_blank\" rel=\"noopener noreferrer\">Sanasto<\/a>. Teoksessa: Hanna Vilkka (2007). Tutki ja mittaa. M\u00e4\u00e4r\u00e4llisen tutkimuksen perusteet, s. 173-179). [ok 20.1.2020 an]<\/li>\n<li>Finnish:<a href=\"https:\/\/wiki.eduuni.fi\/pages\/viewpage.action?pageId=49847325\" target=\"_blank\" rel=\"noopener noreferrer\">\u00a0Tutkimuksen tuen ja hallinnon sanasto<\/a>. Tutkimuksen tuen ja hallinnon verkosto (TUHA). [ok 20.1.2020 an]<\/li>\n<\/ul>\n<p>&nbsp;<\/p>\n<p>&nbsp;<\/p>\n<p>&nbsp;<\/p>\n<p>&nbsp;<\/p>\n<p>&nbsp;<\/p>\n<p>&nbsp;<\/p>\n<p>Note markings like [ok 9.7.2019 an] or [?? 9.7.2019 an] include following information<\/p>\n<ul>\n<li>ok = service available<\/li>\n<li>?? = not accessed when visited &#8211; may be functioning and will be checked later on<\/li>\n<li>date = the date of last visit by the Terminology Forum maintainers<\/li>\n<\/ul>\n<hr \/>\n<p>(c) Terminology Forum, a global information forum for terminological activities &amp; a non-profit portal for free terminological information online. Maintained by Anita Nuopponen, Communication Studies, University of Vaasa, Finland.<\/p>\n<p>Comments to: Anita Nuopponen,\u00a0<img decoding=\"async\" title=\"AN_email.JPG\" src=\"https:\/\/www.uwasa.fi\/en\/sites\/terminology\/glossaries\/an_email.JPG\" alt=\"AN_email.JPG\" border=\"0\" \/><\/p>\n<p>DISCLAIMER: This portal includes links to external websites. This portal is neither responsible for the content nor guarantees the quality of any linked external websites.<\/p>\n","protected":false},"excerpt":{"rendered":"<p>Special Field Glossaries English English:\u00a0Glossary of Research Terms.\u00a0 USC Libraries. University of Southern California. [ok 20.1.2020 an] English:\u00a0Glossary of key terms. Oxford University Press 2009. [ok 20.1.2020 an] English:\u00a0Qualitative Research Glossary. The Association for Qualitative Research. [ok 20.1.2020 an] English:\u00a0Glossary of Research Terms. Clinical research. University of Virginia. [ok 20.1.2020 an] English:\u00a0Glossary of Commonly Used [&hellip;]<\/p>\n","protected":false},"author":81,"featured_media":0,"parent":20,"menu_order":0,"comment_status":"closed","ping_status":"closed","template":"","meta":{"_acf_changed":false,"footnotes":""},"class_list":["post-277","page","type-page","status-publish","hentry"],"acf":[],"_links":{"self":[{"href":"https:\/\/sites.uwasa.fi\/terminologyforum\/wp-json\/wp\/v2\/pages\/277"}],"collection":[{"href":"https:\/\/sites.uwasa.fi\/terminologyforum\/wp-json\/wp\/v2\/pages"}],"about":[{"href":"https:\/\/sites.uwasa.fi\/terminologyforum\/wp-json\/wp\/v2\/types\/page"}],"author":[{"embeddable":true,"href":"https:\/\/sites.uwasa.fi\/terminologyforum\/wp-json\/wp\/v2\/users\/81"}],"replies":[{"embeddable":true,"href":"https:\/\/sites.uwasa.fi\/terminologyforum\/wp-json\/wp\/v2\/comments?post=277"}],"version-history":[{"count":1,"href":"https:\/\/sites.uwasa.fi\/terminologyforum\/wp-json\/wp\/v2\/pages\/277\/revisions"}],"predecessor-version":[{"id":278,"href":"https:\/\/sites.uwasa.fi\/terminologyforum\/wp-json\/wp\/v2\/pages\/277\/revisions\/278"}],"up":[{"embeddable":true,"href":"https:\/\/sites.uwasa.fi\/terminologyforum\/wp-json\/wp\/v2\/pages\/20"}],"wp:attachment":[{"href":"https:\/\/sites.uwasa.fi\/terminologyforum\/wp-json\/wp\/v2\/media?parent=277"}],"curies":[{"name":"wp","href":"https:\/\/api.w.org\/{rel}","templated":true}]}}