{"id":273,"date":"2020-03-29T10:09:12","date_gmt":"2020-03-29T07:09:12","guid":{"rendered":"https:\/\/sites.uwasa.fi\/terminologyforum\/?page_id=273"},"modified":"2020-04-30T18:05:44","modified_gmt":"2020-04-30T15:05:44","slug":"religion-and-belief","status":"publish","type":"page","link":"https:\/\/sites.uwasa.fi\/terminologyforum\/special-field-glossaries\/religion-and-belief\/","title":{"rendered":"Religion and Belief"},"content":{"rendered":"<h3><a href=\"https:\/\/sites.uwasa.fi\/terminologyforum\/special-field-glossaries\/\" target=\"_blank\" rel=\"noopener noreferrer\">Special Field Glossaries<\/a><\/h3>\n<ul>\n<li>English: Easton&#8217;s\u00a0<a href=\"http:\/\/www.ccel.org\/\" target=\"_blank\" rel=\"noopener noreferrer\">Christian Classics Ethereal Library<\/a>. [ok 22.07.2019 hh]<\/li>\n<li>English:\u00a0<a href=\"http:\/\/www.ccel.org\/ccel\/hitchcock\/bible_names.toc.html\" target=\"_blank\" rel=\"noopener noreferrer\">Hitchcock&#8217;s Bible Names Dictionary<\/a>. [ok 22.07.2019 hh]<\/li>\n<li>English:\u00a0<a href=\"http:\/\/www.mmiweb.org.uk\/publications\/glossary\/glossaries\/xtianglos.html\" target=\"_blank\" rel=\"noopener noreferrer\">A glossary of Christian terms<\/a>\u00a0by\u00a0<a href=\"http:\/\/www.mmiweb.org.uk\/\" target=\"_blank\" rel=\"noopener noreferrer\">Me, Myself and I<\/a>,\u00a0<a href=\"mailto:%20paul@paulhopkins.org.uk\" target=\"_blank\" rel=\"noopener noreferrer\">Paul Hopkins<\/a>. [ok 22.07.2019 hh]<\/li>\n<li>English:\u00a0<a href=\"http:\/\/ww1.antiochian.org\/theology\/glossary_of_orthodox_terminology.htm\" target=\"_blank\" rel=\"noopener noreferrer\">Glossary of Orthodox Terminology<\/a>\u00a0by\u00a0<a href=\"http:\/\/www.antiochian.org\/\" target=\"_blank\" rel=\"noopener noreferrer\">Antiochian Orthodox Christian Archdiocese<\/a>. [ok 22.07.2019 hh]<\/li>\n<li>Russian-English:\u00a0<a href=\"http:\/\/www.proz.com\/?sp=mt&amp;eid_s=780625&amp;glossary=46663\" target=\"_blank\" rel=\"noopener noreferrer\">Russian-English Christian Glossary<\/a>\u00a0by\u00a0<a href=\"http:\/\/www.proz.com\/translator\/780625\" target=\"_blank\" rel=\"noopener noreferrer\">Marina Getmanova<\/a>. [ok 22.07.2019 hh]<\/li>\n<li>English:\u00a0<a href=\"http:\/\/www.mmiweb.org.uk\/publications\/glossary\/glossaries\/budglos2.html\" target=\"_blank\" rel=\"noopener noreferrer\">A glossary of Buddhist terms<\/a>\u00a0by\u00a0<a href=\"http:\/\/www.mmiweb.org.uk\/\" target=\"_blank\" rel=\"noopener noreferrer\">Me, Myself and I<\/a>,\u00a0<a href=\"mailto:%20paul@paulhopkins.org.uk\" target=\"_blank\" rel=\"noopener noreferrer\">Paul Hopkins<\/a>. [ok 22.07.2019 hh]<\/li>\n<li>English:\u00a0<a href=\"http:\/\/www.chezpaul.org.uk\/buddhism\/books\/glossary.htm\" target=\"_blank\" rel=\"noopener noreferrer\">A Buddhist Glossary<\/a>\u00a0by\u00a0<a href=\"http:\/\/www.chezpaul.org.uk\/\" target=\"_blank\" rel=\"noopener noreferrer\">Paul Trafford<\/a>. [ok 22.07.2019 hh]<\/li>\n<li>English:\u00a0<a href=\"http:\/\/www.sinc.sunysb.edu\/Clubs\/buddhism\/glossary.html\" target=\"_blank\" rel=\"noopener noreferrer\">Buddhism Glossary<\/a>\u00a0by\u00a0<a href=\"https:\/\/www.uwasa.fi\/en\/sites\/terminology\/glossaries\/create\/default\/%20http:\/www.sinc.sunysb.edu\/Clubs\/buddhism\/\" target=\"_blank\" rel=\"noopener noreferrer\">Buddhism Study and Practice Group<\/a>. [ok 22.07.2019 hh]<\/li>\n<li>English:\u00a0<a href=\"http:\/\/kadampa.org\/en\/reference\/glossary-of-buddhist-terms\/\" target=\"_blank\" rel=\"noopener noreferrer\">Glossary of Buddhist Terms<\/a>\u00a0by\u00a0<a href=\"http:\/\/kadampa.org\/\" target=\"_blank\" rel=\"noopener noreferrer\">The New Kadampa Tradition<\/a>. [ok 22.07.2019 hh]<\/li>\n<li>English:\u00a0<a href=\"http:\/\/www.mmiweb.org.uk\/publications\/glossary\/glossaries\/hindglos.html\" target=\"_blank\" rel=\"noopener noreferrer\">A glossary of Hindu terms<\/a>\u00a0by\u00a0<a href=\"http:\/\/www.mmiweb.org.uk\/\" target=\"_blank\" rel=\"noopener noreferrer\">Me, Myself and I<\/a>,\u00a0<a href=\"mailto:%20paul@paulhopkins.org.uk\" target=\"_blank\" rel=\"noopener noreferrer\">Paul Hopkins<\/a>. [ok 22.07.2019 hh]<\/li>\n<li>English:\u00a0<a href=\"http:\/\/www.mmiweb.org.uk\/publications\/glossary\/glossaries\/judglos.html\" target=\"_blank\" rel=\"noopener noreferrer\">A glossary of Jewish terms<\/a>\u00a0by\u00a0<a href=\"http:\/\/www.mmiweb.org.uk\/\" target=\"_blank\" rel=\"noopener noreferrer\">Me, Myself and I<\/a>,\u00a0<a href=\"mailto:%20paul@paulhopkins.org.uk\" target=\"_blank\" rel=\"noopener noreferrer\">Paul Hopkins<\/a>. [ok 22.07.2019 hh]<\/li>\n<li>English:\u00a0<a href=\"http:\/\/www.mmiweb.org.uk\/publications\/glossary\/glossaries\/islamglos2.html\" target=\"_blank\" rel=\"noopener noreferrer\">A glossary of Muslim terms<\/a>\u00a0by\u00a0<a href=\"http:\/\/www.mmiweb.org.uk\/\" target=\"_blank\" rel=\"noopener noreferrer\">Me, Myself and I<\/a>,\u00a0<a href=\"mailto:%20paul@paulhopkins.org.uk\" target=\"_blank\" rel=\"noopener noreferrer\">Paul Hopkins<\/a>. [ok 22.07.2019 hh]<\/li>\n<li>English:\u00a0<a href=\"http:\/\/www.mmiweb.org.uk\/publications\/glossary\/glossaries\/sikhglos.html\" target=\"_blank\" rel=\"noopener noreferrer\">A glossary of Sikh terms<\/a>\u00a0by\u00a0<a href=\"http:\/\/www.mmiweb.org.uk\/\" target=\"_blank\" rel=\"noopener noreferrer\">Me, Myself and I<\/a>,\u00a0<a href=\"mailto:%20paul@paulhopkins.org.uk\" target=\"_blank\" rel=\"noopener noreferrer\">Paul Hopkins<\/a>. [ok 22.07.2019 hh]<\/li>\n<\/ul>\n<p><strong>Finnish<\/strong><\/p>\n<ul>\n<li>Finnish:\u00a0<a href=\"http:\/\/www.evl.fi\/sanasto\" target=\"_blank\" rel=\"noopener noreferrer\">Aamenesta \u00f6yl\u00e4ttiin<\/a>. Asiasanasto, johon on koottu perustietoa\u00a0<a href=\"http:\/\/www.evl.fi\/\" target=\"_blank\" rel=\"noopener noreferrer\">Suomen evankelis-luterilaisesta kirkosta<\/a>. [ok 22.07.2019 hh]<\/li>\n<li>Finnish:\u00a0<a href=\"http:\/\/www.nic.funet.fi\/pub\/doc\/bible\/html\/finnish\/1992\/mitat.html\" target=\"_blank\" rel=\"noopener noreferrer\">Raamatun mitat ja rahat<\/a>,\u00a0<a href=\"http:\/\/www.nic.funet.fi\/pub\/doc\/bible\/html\/finnish\/1992\/\" target=\"_blank\" rel=\"noopener noreferrer\">Kirkon keskusrahasto<\/a>. [ok 22.07.2019 hh]<\/li>\n<li>Finnish:\u00a0<a href=\"http:\/\/www.vapaa-ajattelijat.fi\/kasikirja\/aapinen.html\" target=\"_blank\" rel=\"noopener noreferrer\">Vapaa-ajattelijan aapinen<\/a>,\u00a0<a href=\"http:\/\/www.vapaa-ajattelijat.fi\/\" target=\"_blank\" rel=\"noopener noreferrer\">Vapaa-ajattelijain Liitto ry<\/a>. [ok 22.07.2019 hh]<\/li>\n<li>Finnish: Buddhalaisuus.fi: <a href=\"https:\/\/www.buddhalaisuus.fi\/sanasto\/\" target=\"_blank\" rel=\"noopener noreferrer\">Sanasto<\/a>. Timanttipolku. [ok 30.4.2020 an]<\/li>\n<li>Finnish: <a href=\"http:\/\/fennojudaica.jchelsinki.fi\/fi_lexicon.html\" target=\"_blank\" rel=\"noopener noreferrer\">Fenno Judaica: sanasto<\/a>. Helsingin juutalainen seurakunta. [ok 30.4.2020 an]<\/li>\n<li>Finnish: <a href=\"https:\/\/fi.wiktionary.org\/wiki\/Luokka:Suomen_kielen_mytologian_sanasto\" target=\"_blank\" rel=\"noopener noreferrer\">Suomen kielen mytologian sanasto<\/a>. Wikisanakirja. [ok 30.4.2020 an]<\/li>\n<li>Finnish: <a href=\"https:\/\/fi.wiktionary.org\/wiki\/Luokka:Suomen_kielen_uskonnon_sanasto\" target=\"_blank\" rel=\"noopener noreferrer\">Suomen kielen uskonnon sanasto<\/a>. Wikisanakirja. [ok 30.4.2020 an]<\/li>\n<li>Finnish: Suomen bah\u00e1&#8217;\u00ed-yhteis\u00f6: <a href=\"https:\/\/www.bahai.fi\/mihin-bahait-uskovat\/bahai-kirjallisuus\/kitab-i-iqan-varmuuden-kirja\/sanasto-ja-huomautuksia\" target=\"_blank\" rel=\"noopener noreferrer\">Sanasto ja huomautuksia<\/a>. [ok 30.4.2020 an]<\/li>\n<li>Arabic-Finnish: <a href=\"https:\/\/www.pilarit.com\/sanasto1.html\" target=\"_blank\" rel=\"noopener noreferrer\">Suomi-Islam-sanasto<\/a>. Pilarit ry. [ok 30.4.2020 an]<\/li>\n<li>Finnish: Pyh\u00e4t perinteet. <a href=\"https:\/\/www.oph.fi\/fi\/oppimateriaali\/pyhat-perinteet-opettajan-opas\/sanasto\" target=\"_blank\" rel=\"noopener noreferrer\">Sanasto<\/a>. Opettajan aineisto, ortodoksisen uskonnon oppikirja, Opetushallitus. [ok 30.4.2020 an]<\/li>\n<\/ul>\n<p>&nbsp;<\/p>\n<p>&nbsp;<\/p>\n<p>&nbsp;<\/p>\n<hr \/>\n<p>Note [ok 22.7.2019 an] or [?? 22.7.2019 an] include following information<\/p>\n<ul>\n<li>ok = service available<\/li>\n<li>?? = not accessed when visited &#8211; may be functioning and will be checked later on<\/li>\n<li>date = the date of last visit by the Terminology Forum maintainers<\/li>\n<\/ul>\n<hr \/>\n<p>(c) Terminology Forum, a global information forum for terminological activities &amp; a non-profit portal for free terminological information online. Maintained by Anita Nuopponen, Communication Studies, University of Vaasa, Finland.<\/p>\n<p>Comments to: Anita Nuopponen,\u00a0<img decoding=\"async\" title=\"AN_email.JPG\" src=\"https:\/\/www.uwasa.fi\/en\/sites\/terminology\/glossaries\/an_email.JPG\" alt=\"AN_email.JPG\" border=\"0\" \/><\/p>\n<p>DISCLAIMER: This portal includes links to external websites. This portal is neither responsible for the content nor guarantees the quality of any linked external websites.<\/p>\n","protected":false},"excerpt":{"rendered":"<p>Special Field Glossaries English: Easton&#8217;s\u00a0Christian Classics Ethereal Library. [ok 22.07.2019 hh] English:\u00a0Hitchcock&#8217;s Bible Names Dictionary. [ok 22.07.2019 hh] English:\u00a0A glossary of Christian terms\u00a0by\u00a0Me, Myself and I,\u00a0Paul Hopkins. [ok 22.07.2019 hh] English:\u00a0Glossary of Orthodox Terminology\u00a0by\u00a0Antiochian Orthodox Christian Archdiocese. [ok 22.07.2019 hh] Russian-English:\u00a0Russian-English Christian Glossary\u00a0by\u00a0Marina Getmanova. [ok 22.07.2019 hh] English:\u00a0A glossary of Buddhist terms\u00a0by\u00a0Me, Myself and I,\u00a0Paul [&hellip;]<\/p>\n","protected":false},"author":81,"featured_media":0,"parent":20,"menu_order":0,"comment_status":"closed","ping_status":"closed","template":"","meta":{"_acf_changed":false,"footnotes":""},"class_list":["post-273","page","type-page","status-publish","hentry"],"acf":[],"_links":{"self":[{"href":"https:\/\/sites.uwasa.fi\/terminologyforum\/wp-json\/wp\/v2\/pages\/273"}],"collection":[{"href":"https:\/\/sites.uwasa.fi\/terminologyforum\/wp-json\/wp\/v2\/pages"}],"about":[{"href":"https:\/\/sites.uwasa.fi\/terminologyforum\/wp-json\/wp\/v2\/types\/page"}],"author":[{"embeddable":true,"href":"https:\/\/sites.uwasa.fi\/terminologyforum\/wp-json\/wp\/v2\/users\/81"}],"replies":[{"embeddable":true,"href":"https:\/\/sites.uwasa.fi\/terminologyforum\/wp-json\/wp\/v2\/comments?post=273"}],"version-history":[{"count":4,"href":"https:\/\/sites.uwasa.fi\/terminologyforum\/wp-json\/wp\/v2\/pages\/273\/revisions"}],"predecessor-version":[{"id":461,"href":"https:\/\/sites.uwasa.fi\/terminologyforum\/wp-json\/wp\/v2\/pages\/273\/revisions\/461"}],"up":[{"embeddable":true,"href":"https:\/\/sites.uwasa.fi\/terminologyforum\/wp-json\/wp\/v2\/pages\/20"}],"wp:attachment":[{"href":"https:\/\/sites.uwasa.fi\/terminologyforum\/wp-json\/wp\/v2\/media?parent=273"}],"curies":[{"name":"wp","href":"https:\/\/api.w.org\/{rel}","templated":true}]}}