{"id":270,"date":"2020-03-29T09:58:51","date_gmt":"2020-03-29T06:58:51","guid":{"rendered":"https:\/\/sites.uwasa.fi\/terminologyforum\/?page_id=270"},"modified":"2020-04-01T09:11:43","modified_gmt":"2020-04-01T06:11:43","slug":"real-estate-and-accommodation","status":"publish","type":"page","link":"https:\/\/sites.uwasa.fi\/terminologyforum\/special-field-glossaries\/real-estate-and-accommodation\/","title":{"rendered":"Real Estate and Accommodation"},"content":{"rendered":"<div id=\"article\">\n<h3><a href=\"https:\/\/sites.uwasa.fi\/terminologyforum\/special-field-glossaries\/\" target=\"_blank\" rel=\"noopener noreferrer\">Special Field Glossaries<\/a><\/h3>\n<ul>\n<li>English: <a href=\"https:\/\/blog.hubspot.com\/sales\/real-estate-terms\" target=\"_blank\" rel=\"noopener noreferrer\">The Ultimate Dictionary of Real Estate Terms You Should Know.<\/a> [ok 26.07.2019]<\/li>\n<li>English: <a href=\"https:\/\/magazine.realtor\/tool-kit\/rookie\/article\/2020\/02\/real-estate-glossary\" target=\"_blank\" rel=\"noopener noreferrer\">Real Estate Glossary<\/a>. Realtor Magazine. [ok 28.3.2020 an]<\/li>\n<li>English: <a href=\"https:\/\/www.ftc.gov\/sites\/default\/files\/documents\/one-stops\/real-estate-competition\/realestateglossary.pdf\" target=\"_blank\" rel=\"noopener noreferrer\">The Real Estate Marketplace Glossary: How to Talk the Talk<\/a>. Federal Rate Commission. [ok 28.3.2020 an]<\/li>\n<li>English: <a href=\"https:\/\/www.realestatewords.com\/\" target=\"_blank\" rel=\"noopener noreferrer\">Real Estate Words<\/a> &#8211; online glossary of residential and commercial real estate terminology. RealEstateWords.com. [ok 28.3.2020 an]<\/li>\n<li>English: <a href=\"https:\/\/www.dre.ca.gov\/files\/pdf\/refbook\/ref27.pdf\" target=\"_blank\" rel=\"noopener noreferrer\">Glossary<\/a>. California Bureau of Real Estate. [ok 28.3.2020 an]<\/li>\n<\/ul>\n<div><strong>Finnish<\/strong><\/div>\n<div>\n<ul>\n<li>Finnish: <a href=\"https:\/\/kti.fi\/wp-content\/uploads\/Kiinteist%C3%B6talouden-ja-kiinteist%C3%B6johtamisen-keskeiset-k%C3%A4sitteet.pdf\" target=\"_blank\" rel=\"noopener noreferrer\">Kiinteist\u00f6talouden ja kiinteist\u00f6johtamisen keskeiset k\u00e4sitteet<\/a>. KTI Kiinteist\u00f6talouden instituutti. [ok 14.1.2020 an]<\/li>\n<li>Finnish: <a href=\"https:\/\/www.kiinteistomaailma.fi\/pohtimassa\/asuntokaupan-sanasto\" target=\"_blank\" rel=\"noopener noreferrer\">Asuntokaupan sanasto<\/a>. Kiinteist\u00f6maailma. [ok 14.1.2020 an]<\/li>\n<li>Finnish-English: <a href=\"http:\/\/people.plan.aau.dk\/~est\/Undervisning\/KTH\/KTH05\/Terminology\/FinnishEnglishDictionaryRealEstate_julkaisuB102.pdf\" target=\"_blank\" rel=\"noopener noreferrer\">Suomi-englanti kiiteist\u00f6sanasto. Finnish-English Glossary of Real Estate<\/a>. Toim. Kauko Viitanen, Teknillinen korkeakoulu 2003. [ok 14.1.2020 an]<\/li>\n<li>Finnish: <a href=\"https:\/\/fise.fi\/wp-content\/uploads\/2019\/09\/Patevyyskasitteet_2019-09-19_julkaistava-versio.pdf\" target=\"_blank\" rel=\"noopener noreferrer\">Kiinteist\u00f6- ja rakentamisalan p\u00e4tevyyksiin liittyv\u00e4t k\u00e4sitteet<\/a>. TSK. [ok 14.1.2020 an]<\/li>\n<li>Finnish &#8211; English: <a href=\"https:\/\/www.expat-finland.com\/housing\/real_estate_terms.html\" target=\"_blank\" rel=\"noopener noreferrer\">Finnish Real Estate Terms &amp; Abbreviations in English<\/a>. Stuart Allt, Expat Finland. [ok 1.4.2020 an]<\/li>\n<li>Finnish: <a href=\"https:\/\/fi.wikipedia.org\/wiki\/Luettelo_asuntokaupassa_k%C3%A4ytett%C3%A4vist%C3%A4_lyhenteist%C3%A4\" target=\"_blank\" rel=\"noopener noreferrer\">Luettelo asuntokaupassa k\u00e4ytett\u00e4vist\u00e4 lyhenteist\u00e4<\/a>. Wikipedia. [ok 28.3.2020 an]<\/li>\n<\/ul>\n<\/div>\n<p>&nbsp;<\/p>\n<p>Note markings like [ok 14.1.2020 an] or [?? 14.1.2020 an] include following information<\/p>\n<ul>\n<li>ok = service available<\/li>\n<li>?? = not accessed when visited &#8211; may be functioning and will be checked later on<\/li>\n<li>date = the date of last visit by the Terminology Forum maintainers<\/li>\n<\/ul>\n<hr \/>\n<p>(c) Terminology Forum, a global information forum for terminological activities &amp; a non-profit portal for free terminological information online. Maintained by Anita Nuopponen, Communication Studies, University of Vaasa, Finland.<\/p>\n<p>Comments to: Comments to: Anita Nuopponen,\u00a0<img decoding=\"async\" title=\"AN_email.JPG\" src=\"https:\/\/www.uwasa.fi\/en\/sites\/terminology\/glossaries\/an_email.JPG\" alt=\"AN_email.JPG\" border=\"0\" \/><\/p>\n<p>DISCLAIMER: This portal includes links to external websites. This portal is neither responsible for the content nor guarantees the quality of any linked external websites.<\/p>\n<\/div>\n","protected":false},"excerpt":{"rendered":"<p>Special Field Glossaries English: The Ultimate Dictionary of Real Estate Terms You Should Know. [ok 26.07.2019] English: Real Estate Glossary. Realtor Magazine. [ok 28.3.2020 an] English: The Real Estate Marketplace Glossary: How to Talk the Talk. Federal Rate Commission. [ok 28.3.2020 an] English: Real Estate Words &#8211; online glossary of residential and commercial real estate [&hellip;]<\/p>\n","protected":false},"author":81,"featured_media":0,"parent":20,"menu_order":0,"comment_status":"closed","ping_status":"closed","template":"","meta":{"_acf_changed":false,"footnotes":""},"class_list":["post-270","page","type-page","status-publish","hentry"],"acf":[],"_links":{"self":[{"href":"https:\/\/sites.uwasa.fi\/terminologyforum\/wp-json\/wp\/v2\/pages\/270"}],"collection":[{"href":"https:\/\/sites.uwasa.fi\/terminologyforum\/wp-json\/wp\/v2\/pages"}],"about":[{"href":"https:\/\/sites.uwasa.fi\/terminologyforum\/wp-json\/wp\/v2\/types\/page"}],"author":[{"embeddable":true,"href":"https:\/\/sites.uwasa.fi\/terminologyforum\/wp-json\/wp\/v2\/users\/81"}],"replies":[{"embeddable":true,"href":"https:\/\/sites.uwasa.fi\/terminologyforum\/wp-json\/wp\/v2\/comments?post=270"}],"version-history":[{"count":4,"href":"https:\/\/sites.uwasa.fi\/terminologyforum\/wp-json\/wp\/v2\/pages\/270\/revisions"}],"predecessor-version":[{"id":317,"href":"https:\/\/sites.uwasa.fi\/terminologyforum\/wp-json\/wp\/v2\/pages\/270\/revisions\/317"}],"up":[{"embeddable":true,"href":"https:\/\/sites.uwasa.fi\/terminologyforum\/wp-json\/wp\/v2\/pages\/20"}],"wp:attachment":[{"href":"https:\/\/sites.uwasa.fi\/terminologyforum\/wp-json\/wp\/v2\/media?parent=270"}],"curies":[{"name":"wp","href":"https:\/\/api.w.org\/{rel}","templated":true}]}}