{"id":262,"date":"2020-03-28T19:29:01","date_gmt":"2020-03-28T17:29:01","guid":{"rendered":"https:\/\/sites.uwasa.fi\/terminologyforum\/?page_id=262"},"modified":"2020-04-01T08:52:05","modified_gmt":"2020-04-01T05:52:05","slug":"physics","status":"publish","type":"page","link":"https:\/\/sites.uwasa.fi\/terminologyforum\/special-field-glossaries\/physics\/","title":{"rendered":"Physics"},"content":{"rendered":"<div id=\"article\">\n<h3><a href=\"https:\/\/sites.uwasa.fi\/terminologyforum\/special-field-glossaries\/\" target=\"_blank\" rel=\"noopener noreferrer\">Special Field Glossaries<\/a><\/h3>\n<p><strong>English:<\/strong><\/p>\n<ul>\n<li>English: <a href=\"http:\/\/members.tripod.com\/~IgorIvanov\/physics\/\" target=\"_blank\" rel=\"noopener noreferrer\">Physics Encyclopedia<\/a>. [ok 05.07.2019 hh]<\/li>\n<li>English: <a href=\"http:\/\/hesperia.gsfc.nasa.gov\/sftheory\/glossary.htm\" target=\"_blank\" rel=\"noopener noreferrer\">Solar Physics Glossary<\/a>. [ok 05.07.2019 hh]<\/li>\n<li>English: <a href=\"http:\/\/aleph.web.cern.ch\/aleph\/aleph\/newpub\/glossary_terms.html\" target=\"_blank\" rel=\"noopener noreferrer\">A Glossary of High-Energy Physics Terms<\/a>. [ok 05.07.2019 hh]<\/li>\n<\/ul>\n<p><strong>Finnish:<\/strong><\/p>\n<ul>\n<li>Finnish: <a href=\"https:\/\/fi.wiktionary.org\/wiki\/Luokka:Suomen_kielen_fysiikan_sanasto\" target=\"_blank\" rel=\"noopener noreferrer\">Suomen kielen fysiikan sanasto<\/a>. Wikisanakirja. [ok 28.3.2020 an]<\/li>\n<li>Finnish: <a href=\"http:\/\/www04.edu.fi\/kaytannonfysiikka\/sanasto.asp\" target=\"_blank\" rel=\"noopener noreferrer\">K\u00e4yt\u00e4nn\u00f6n fysiikan sanasto<\/a>. K\u00e4yt\u00e4nn\u00f6n fysiikan oppimateriaali. [ok 28.3.2020 an]<\/li>\n<li>English-Finnish: <a href=\"http:\/\/www.courses.physics.helsinki.fi\/fys\/lukseminaari\/fysiikan_sanakirja.pdf\" target=\"_blank\" rel=\"noopener noreferrer\">Fysiikan sanakirja<\/a>. Course Pages of Physics Department, University of Helsinki. [ok 1.4.2020 an]<\/li>\n<li>English: <a href=\"https:\/\/www.espoo.fi\/download\/noname\/%7BA30FC81D-C9E8-4E9B-81F3-D121D16CD0A4%7D\/77837\" target=\"_blank\" rel=\"noopener noreferrer\">Fysiikan perusk\u00e4sitteit\u00e4 ja sanastoa<\/a>. <span class=\"result__a\">Ilona Kuukka Mukana: Matti Koski<\/span>, Espoo. [ok 28.3.2020 an]<\/li>\n<li><\/li>\n<\/ul>\n<p>Note markings like [ok 28.3.2020 an] or [?? 28.3.2020 an] include following information<\/p>\n<ul>\n<li>ok = service available<\/li>\n<li>?? = not accessed when visited &#8211; may be functioning and will be checked later on<\/li>\n<li>date = the date of last visit by the Terminology Forum maintainers<\/li>\n<\/ul>\n<hr \/>\n<p>(c) Terminology Forum, a global information forum for terminological activities &amp; a non-profit portal for free terminological information online. Maintained by Anita Nuopponen, Communication Studies, University of Vaasa, Finland.<\/p>\n<p>Comments to: Anita Nuopponen,\u00a0<img decoding=\"async\" title=\"atn2.png\" src=\"https:\/\/www.uwasa.fi\/en\/sites\/terminology\/atn2.png\" alt=\"atn2.png\" border=\"0\" \/><\/p>\n<p>DISCLAIMER: This portal includes links to external websites. This portal is neither responsible for the content nor guarantees the quality of any linked external websites.<\/p>\n<\/div>\n","protected":false},"excerpt":{"rendered":"<p>Special Field Glossaries English: English: Physics Encyclopedia. [ok 05.07.2019 hh] English: Solar Physics Glossary. [ok 05.07.2019 hh] English: A Glossary of High-Energy Physics Terms. [ok 05.07.2019 hh] Finnish: Finnish: Suomen kielen fysiikan sanasto. Wikisanakirja. [ok 28.3.2020 an] Finnish: K\u00e4yt\u00e4nn\u00f6n fysiikan sanasto. K\u00e4yt\u00e4nn\u00f6n fysiikan oppimateriaali. [ok 28.3.2020 an] English-Finnish: Fysiikan sanakirja. Course Pages of Physics Department, [&hellip;]<\/p>\n","protected":false},"author":81,"featured_media":0,"parent":20,"menu_order":0,"comment_status":"closed","ping_status":"closed","template":"","meta":{"_acf_changed":false,"footnotes":""},"class_list":["post-262","page","type-page","status-publish","hentry"],"acf":[],"_links":{"self":[{"href":"https:\/\/sites.uwasa.fi\/terminologyforum\/wp-json\/wp\/v2\/pages\/262"}],"collection":[{"href":"https:\/\/sites.uwasa.fi\/terminologyforum\/wp-json\/wp\/v2\/pages"}],"about":[{"href":"https:\/\/sites.uwasa.fi\/terminologyforum\/wp-json\/wp\/v2\/types\/page"}],"author":[{"embeddable":true,"href":"https:\/\/sites.uwasa.fi\/terminologyforum\/wp-json\/wp\/v2\/users\/81"}],"replies":[{"embeddable":true,"href":"https:\/\/sites.uwasa.fi\/terminologyforum\/wp-json\/wp\/v2\/comments?post=262"}],"version-history":[{"count":4,"href":"https:\/\/sites.uwasa.fi\/terminologyforum\/wp-json\/wp\/v2\/pages\/262\/revisions"}],"predecessor-version":[{"id":315,"href":"https:\/\/sites.uwasa.fi\/terminologyforum\/wp-json\/wp\/v2\/pages\/262\/revisions\/315"}],"up":[{"embeddable":true,"href":"https:\/\/sites.uwasa.fi\/terminologyforum\/wp-json\/wp\/v2\/pages\/20"}],"wp:attachment":[{"href":"https:\/\/sites.uwasa.fi\/terminologyforum\/wp-json\/wp\/v2\/media?parent=262"}],"curies":[{"name":"wp","href":"https:\/\/api.w.org\/{rel}","templated":true}]}}