{"id":238,"date":"2020-03-23T20:14:24","date_gmt":"2020-03-23T18:14:24","guid":{"rendered":"https:\/\/sites.uwasa.fi\/terminologyforum\/?page_id=238"},"modified":"2020-03-23T20:14:24","modified_gmt":"2020-03-23T18:14:24","slug":"pharmacology","status":"publish","type":"page","link":"https:\/\/sites.uwasa.fi\/terminologyforum\/special-field-glossaries\/pharmacology\/","title":{"rendered":"Pharmacology"},"content":{"rendered":"<div id=\"article\">\n<h3><a href=\"https:\/\/sites.uwasa.fi\/terminologyforum\/special-field-glossaries\/\" target=\"_blank\" rel=\"noopener noreferrer\">Special Field Glossaries<\/a><\/h3>\n<p><strong>Multilingual<\/strong><\/p>\n<ul>\n<li>English, English, Spanish, French, Italian, Dutch, Polish, Russian: <a href=\"https:\/\/www.eupati.eu\/glossary\/\" target=\"_blank\" rel=\"noopener noreferrer\">Glossary<\/a> (process of medicines development in general). The European Patients\u2019 Academy (EUPATI). [ok 23.3.2020 an]<\/li>\n<\/ul>\n<p><strong>English<\/strong><\/p>\n<ul>\n<li>English: <a href=\"http:\/\/www.courses.vcu.edu\/ptxed\/phtx609\/phtx441\/glossary.htm\" target=\"_blank\" rel=\"noopener noreferrer\">Pharmacology Glossary<\/a>. [ok 05.07.2019 hh]<\/li>\n<li>English: <a href=\"https:\/\/www.bumc.bu.edu\/busm-pm\/academics\/resources\/glossary\/\" target=\"_blank\" rel=\"noopener noreferrer\">Glossary of Terms and Symbols Used in Pharmacology<\/a>. Edward W. Pelikan, M.D. Boston University School of Medicine.\u00a0 [ok 23.3.2020 an]<\/li>\n<\/ul>\n<div>\n<div class=\"eup-lang-selector\">\n<div class=\"lang_selector\"><\/div>\n<\/div>\n<\/div>\n<div><strong>Finnish<\/strong><\/div>\n<div>\n<ul>\n<li>Finnish: <a href=\"https:\/\/fi.wiktionary.org\/wiki\/Luokka:Suomen_kielen_farmakologian_sanasto\" target=\"_blank\" rel=\"noopener noreferrer\">Suomen kielen farmakologian sanasto<\/a>. Wikisanakirja. [ok 23.3.2020 an]<\/li>\n<li>Finnish: <a href=\"https:\/\/www.julkari.fi\/bitstream\/handle\/10024\/75835\/T28-2006-VERKKO.pdf?sequence=1\" target=\"_blank\" rel=\"noopener noreferrer\">Potilas- ja l\u00e4\u00e4kehoidon turvallisuussanasto<\/a>. Stakes ja L\u00e4\u00e4kehoidon kehitt\u00e4miskeskus Rohto 2006. [ok 23.3.2020 an]<\/li>\n<li>Finnish: <a href=\"http:\/\/www.laaketutkimukset.fi\/tietoa-laaketutkimuksista\/tutkimussanastoa\" target=\"_blank\" rel=\"noopener noreferrer\">L\u00e4\u00e4ketutkimuksiin liittyv\u00e4\u00e4 sanastoa<\/a>. L\u00e4\u00e4keinfo.fi. [ok 23.3.2020 an]<\/li>\n<li>Finnish-English: <a href=\"https:\/\/fi.eupati.eu\/wp-content\/uploads\/sites\/13\/2019\/09\/EUPATI-sanasto_2019.pdf\" target=\"_blank\" rel=\"noopener noreferrer\">Kliinisen tutkimuksen sanasto<\/a>. EUPATI Suomi \/ Suomen Sy\u00f6p\u00e4potilaat ry. [ok 23.3.2020 an]<\/li>\n<li>Finnish: L\u00e4\u00e4kitysprojekti, <a href=\"https:\/\/thl.fi\/documents\/920442\/2920708\/L%C3%A4%C3%A4kitysprojekti_Sanastoluonnos_20180320.pdf\/2768acc8-c025-4c5b-b354-b6ac04084a2a\" target=\"_blank\" rel=\"noopener noreferrer\">keskeisten k\u00e4sitteiden sanasto<\/a>. Sanastoluonnos 2018-03-20. [ok 23.3.2020 an]\n<ul>\n<li><a title=\"Avautuu uuteen ikkunaan\" href=\"https:\/\/thl.fi\/documents\/920442\/2920708\/Annostus_UML.pdf\/c62a4322-9845-4c65-b720-94caebe94add\" target=\"_blank\" rel=\"noopener noreferrer\">K\u00e4sitekaavio: Annostukseen liittyv\u00e4t k\u00e4sitteet (pdf 320 kt)<\/a><\/li>\n<li><a title=\"Avautuu uuteen ikkunaan\" href=\"https:\/\/thl.fi\/documents\/920442\/2920708\/L%C3%A4%C3%A4kem%C3%A4%C3%A4r%C3%A4ys_Resepti_UML.pdf\/dbc37064-82b7-4fd8-9f98-6741388de733\">K\u00e4sitekaavio: L\u00e4\u00e4kem\u00e4\u00e4r\u00e4ykseen ja reseptiin liittyv\u00e4t k\u00e4sitteet (pdf 327 kt)<\/a><\/li>\n<li><a title=\"Avautuu uuteen ikkunaan\" href=\"https:\/\/thl.fi\/documents\/920442\/2920708\/L%C3%A4%C3%A4ke_UML.pdf\/c1057661-d4d6-4340-98c8-64e0510ab6dd\">K\u00e4sitekaavio: L\u00e4\u00e4kevalmisteisiin liittyv\u00e4t k\u00e4sitteet (pdf 257 kt)<\/a><\/li>\n<\/ul>\n<\/li>\n<li>Finnish: <a href=\"https:\/\/www.ouka.fi\/c\/document_library\/get_file?uuid=2a6ef101-c1a6-4340-89f9-8fdbd389be62&amp;groupId=247408\" target=\"_blank\" rel=\"noopener noreferrer\">K\u00e4sitteist\u00f6 ja termist\u00f6<\/a>. Julkaisussa: <em>Turvallinen l\u00e4\u00e4kehoito &#8211; Opas l\u00e4\u00e4kehoitosuunnitelman tekemiseen sosiaali- ja terveydenhuollossa<\/em>. Toim. Ritva Inkinen, Petri Volmanen &amp; Suvi Hakoinen, Terveyden ja hyvinvoinnin laitos 2015. (pdf) [ok 23.3.2020 an]<\/li>\n<li>Finnish: <a href=\"http:\/\/moop.sedu.fi\/loader.aspx?id=cc535ef5-e650-4e94-b5e6-54b660848e48\" target=\"_blank\" rel=\"noopener noreferrer\">L\u00e4\u00e4kehoidon sanasto<\/a>. Riitta Myllym\u00e4ki &amp; Elina Toivonen, SEDU 2010. [ok 23.3.2020 an]<\/li>\n<li>Finnish, Swedish: <a href=\"https:\/\/laakeinfo.fi\/\" target=\"_blank\" rel=\"noopener noreferrer\">L\u00e4\u00e4kevalmisteiden pakkausselosteet<\/a>. L\u00e4\u00e4keinfo.fi. [ok 23.3.2020 an]<\/li>\n<li>Finnish, Swedish: <a href=\"https:\/\/pharmacafennica.fi\/\" target=\"_blank\" rel=\"noopener noreferrer\">Pharmaca Fennica<\/a> -verkkopalvelu. L\u00e4\u00e4kkeen m\u00e4\u00e4r\u00e4\u00e4miseen ja toimittamiseen oikeutetuille terveydenhuollon ammattilaisille tarkoitettu verkkopalvelu. [ok 23.3.2020 an]<\/li>\n<li>Finnish-Russian: <a href=\"http:\/\/mosaiikki.info\/tietoa\/files\/Apteekkialan_Asiakaspalveluopas_A4.pdf\" target=\"_blank\" rel=\"noopener noreferrer\">Apteekkialan asiakaspalveluopas &#8211; \u0424\u0438\u043d\u0441\u043a\u043e-\u0440\u0443\u0441\u0441\u043a\u043e-\u0444\u0438\u043d\u0441\u043a\u0438\u0439 \u0440\u0430\u0437\u0433\u043e\u0432\u043e\u0440\u043d\u0438\u043a \u0434\u043b\u044f \u043e\u0431\u0449\u0435\u043d\u0438\u044f \u0432 \u0430\u043f\u0442\u0435\u043a<\/a>\u0435. Kymeenlaakson Ammattikorkeakoulu, Virolahden apteekki, Cursor Oy 2014. [ok 23.3.2020 an]<\/li>\n<\/ul>\n<\/div>\n<div><\/div>\n<p>Note markings like [ok 23.3.2020 an] or [?? 23.3.2020 an] include following information<\/p>\n<ul>\n<li>ok = service available<\/li>\n<li>?? = not accessed when visited &#8211; may be functioning and will be checked later on<\/li>\n<li>date = the date of last visit by the Terminology Forum maintainers<\/li>\n<\/ul>\n<hr \/>\n<p>(c) Terminology Forum, a global information forum for terminological activities &amp; a non-profit portal for free terminological information online. Maintained by Anita Nuopponen, Dept. of Communication Studies, University of Vaasa, Finland.<\/p>\n<p>Comments to: Anita Nuopponen,\u00a0<img decoding=\"async\" title=\"atn2.png\" src=\"https:\/\/www.uwasa.fi\/en\/sites\/terminology\/atn2.png\" alt=\"atn2.png\" border=\"0\" \/><\/p>\n<p>DISCLAIMER: This portal includes links to external websites. This portal is neither responsible for the content nor guarantees the quality of any linked external websites.<\/p>\n<\/div>\n","protected":false},"excerpt":{"rendered":"<p>Special Field Glossaries Multilingual English, English, Spanish, French, Italian, Dutch, Polish, Russian: Glossary (process of medicines development in general). The European Patients\u2019 Academy (EUPATI). [ok 23.3.2020 an] English English: Pharmacology Glossary. [ok 05.07.2019 hh] English: Glossary of Terms and Symbols Used in Pharmacology. Edward W. Pelikan, M.D. Boston University School of Medicine.\u00a0 [ok 23.3.2020 an] [&hellip;]<\/p>\n","protected":false},"author":81,"featured_media":0,"parent":20,"menu_order":0,"comment_status":"closed","ping_status":"closed","template":"","meta":{"_acf_changed":false,"footnotes":""},"class_list":["post-238","page","type-page","status-publish","hentry"],"acf":[],"_links":{"self":[{"href":"https:\/\/sites.uwasa.fi\/terminologyforum\/wp-json\/wp\/v2\/pages\/238"}],"collection":[{"href":"https:\/\/sites.uwasa.fi\/terminologyforum\/wp-json\/wp\/v2\/pages"}],"about":[{"href":"https:\/\/sites.uwasa.fi\/terminologyforum\/wp-json\/wp\/v2\/types\/page"}],"author":[{"embeddable":true,"href":"https:\/\/sites.uwasa.fi\/terminologyforum\/wp-json\/wp\/v2\/users\/81"}],"replies":[{"embeddable":true,"href":"https:\/\/sites.uwasa.fi\/terminologyforum\/wp-json\/wp\/v2\/comments?post=238"}],"version-history":[{"count":1,"href":"https:\/\/sites.uwasa.fi\/terminologyforum\/wp-json\/wp\/v2\/pages\/238\/revisions"}],"predecessor-version":[{"id":239,"href":"https:\/\/sites.uwasa.fi\/terminologyforum\/wp-json\/wp\/v2\/pages\/238\/revisions\/239"}],"up":[{"embeddable":true,"href":"https:\/\/sites.uwasa.fi\/terminologyforum\/wp-json\/wp\/v2\/pages\/20"}],"wp:attachment":[{"href":"https:\/\/sites.uwasa.fi\/terminologyforum\/wp-json\/wp\/v2\/media?parent=238"}],"curies":[{"name":"wp","href":"https:\/\/api.w.org\/{rel}","templated":true}]}}