{"id":235,"date":"2020-03-23T17:14:58","date_gmt":"2020-03-23T15:14:58","guid":{"rendered":"https:\/\/sites.uwasa.fi\/terminologyforum\/?page_id=235"},"modified":"2020-04-01T08:10:18","modified_gmt":"2020-04-01T05:10:18","slug":"names-and-name-studies","status":"publish","type":"page","link":"https:\/\/sites.uwasa.fi\/terminologyforum\/special-field-glossaries\/names-and-name-studies\/","title":{"rendered":"Names and Name Studies"},"content":{"rendered":"<div id=\"article\">\n<p>Note: This page includes links to glossaries of onomastic terminology, but also links to name databases and information on names.<\/p>\n<p><strong>English<\/strong><\/p>\n<ul>\n<li>English: <a href=\"https:\/\/www.behindthename.com\/glossary\/\" target=\"_blank\" rel=\"noopener noreferrer\">Glossary of Naming and Onomastics<\/a>. Behind the Name. [ok 23.3.2020 an]<\/li>\n<li>USA: <a href=\"http:\/\/geonames.usgs.gov\/pls\/gnispublic\" target=\"_blank\" rel=\"noopener noreferrer\">USA Geographic Names Information System<\/a>. [ok 05.07.2019 hh]<\/li>\n<li>English: <a href=\"http:\/\/www.ccel.org\/ccel\/hitchcock\/bible_names.toc.html\" target=\"_blank\" rel=\"noopener noreferrer\">Hitchcock&#8217;s Bible Names Dictionary<\/a>. [ok 05.07.2019 hh]<\/li>\n<\/ul>\n<div><strong>Finnish<\/strong><\/div>\n<ul>\n<li>Finnish: <a href=\"http:\/\/tieteentermipankki.fi\/wiki\/Luokka:Nimist%C3%B6ntutkimus\" target=\"_blank\" rel=\"noopener noreferrer\">Nimist\u00f6ntutkimus<\/a>. Tieteen termipankki. [ok 23.3.2020 an]<\/li>\n<li>Finnish:<a href=\"http:\/\/www.genealogia.fi\/hakem\/osoitteet\/\" target=\"_blank\" rel=\"noopener noreferrer\"> Luettelo paikkojen nimist\u00e4 Suomessa (1897)<\/a>, <a href=\"http:\/\/www.genealogia.fi\/\" target=\"_blank\" rel=\"noopener noreferrer\">The Genealogical Society of Finland<\/a>. [ok 1.4.2020 an]<\/li>\n<li>Finnish-various languages: <a href=\"http:\/\/publications.europa.eu\/code\/fi\/fi-5000500.htm\" target=\"_blank\" rel=\"noopener noreferrer\">Valtioiden, alueiden ja rahayksik\u00f6iden luettelo<\/a>. EU. [ok 1.4.2020 an]<\/li>\n<li>Finnish: Kotimaisten kielten keskus KOTUS: [ok 23.3.2020 an]\n<ul>\n<li><a href=\"https:\/\/www.kotus.fi\/kielitieto\/nimisto\" target=\"_blank\" rel=\"noopener noreferrer\">Nimist\u00f6<\/a>. Tietoa erilaisista nimist\u00e4.<\/li>\n<li><a href=\"https:\/\/www.kotus.fi\/aineistot\/nimiaineistot\/sahkoiset_nimiaineistot_kootusti\" target=\"_blank\" rel=\"noopener noreferrer\">S\u00e4hk\u00f6iset nimiaineistot kootusti<\/a>.<\/li>\n<li><a href=\"http:\/\/kaino.kotus.fi\/paikannimilaari\/\" target=\"_blank\" rel=\"noopener noreferrer\">Paikannimilaari<\/a>.<\/li>\n<li><a href=\"https:\/\/www.kotus.fi\/ohjeet\/opaskirjallisuutta\/nimioppaita_ja_-luetteloita\/ulkomaiset_paikannimet\" target=\"_blank\" rel=\"noopener noreferrer\">Ulkomaiset paikannimet<\/a>.<\/li>\n<li><a href=\"https:\/\/www.kotus.fi\/julkaisut\/nimijulkaisut\/maat_paakaupungit_ja_kansalaisuudet\" target=\"_blank\" rel=\"noopener noreferrer\">Maat, p\u00e4\u00e4kaupungit ja kansalaisuudet<\/a>.<\/li>\n<\/ul>\n<\/li>\n<li>Finnish: <a href=\"https:\/\/nimisampo.fi\/app\/\" target=\"_blank\" rel=\"noopener noreferrer\">Nimisampo<\/a>. Nimist\u00f6ntutkijan ty\u00f6p\u00f6yt\u00e4. KOTUS ym. [ok 23.3.2020 an]<\/li>\n<li>Finnish: <a href=\"https:\/\/nimiarkisto.fi\/\" target=\"_blank\" rel=\"noopener noreferrer\">Nimiarkisto<\/a>. Linkkilista eri palveluihin. [ok 23.3.2020 an]<\/li>\n<li>Finnish: <a href=\"https:\/\/verkkopalvelu.vrk.fi\/Nimipalvelu\/default.asp?L=1\" target=\"_blank\" rel=\"noopener noreferrer\">Nimipalvelu<\/a>. Digi- ja v\u00e4est\u00f6tietovirasto. [ok 23.3.2020 an]<\/li>\n<li>Finnish: <a href=\"https:\/\/www.tuomas.salste.net\/suku\/nimi\/\" target=\"_blank\" rel=\"noopener noreferrer\">Sukunimi-info<\/a>. Tuomas Salske. [ok 23.3.2020 an]<\/li>\n<li>Finnish: <a href=\"https:\/\/www.genealogia.fi\/henkilonnimet\" target=\"_blank\" rel=\"noopener noreferrer\">Henkil\u00f6nnimet<\/a>. Suomen Sukututkimusseura. [ok 23.3.2020 an]<\/li>\n<li>See also: <a href=\"http:\/\/www.cs.tut.fi\/~jkorpela\/maat.html\" target=\"_blank\" rel=\"noopener noreferrer\">Maailman maat &#8211; Nimet, koodit, kuvauksia<\/a>. Linkkej\u00e4 ja tietoa koonnut Jukka Korpela. [ok 1.4.2020 an]<\/li>\n<\/ul>\n<p>&nbsp;<\/p>\n<p>Note markings like [ok 23.3.2020 an] or [?? 23.3.2020 an] include following information<\/p>\n<ul>\n<li>ok = service available<\/li>\n<li>?? = not accessed when visited &#8211; may be functioning and will be checked later on<\/li>\n<li>date = the date of last visit by the Terminology Forum maintainers<\/li>\n<\/ul>\n<hr \/>\n<p>(c) Terminology Forum, a global information forum for terminological activities &amp; a non-profit portal for free terminological information online. Maintained by Anita Nuopponen, Communication Studies, University of Vaasa, Finland.<\/p>\n<p>Comments to: Anita Nuopponen,\u00a0<img decoding=\"async\" title=\"AN_email.JPG\" src=\"https:\/\/www.uwasa.fi\/en\/sites\/terminology\/glossaries\/an_email.JPG\" alt=\"AN_email.JPG\" border=\"0\" \/><\/p>\n<p>DISCLAIMER: This portal includes links to external websites. This portal is neither responsible for the content nor guarantees the quality of any linked external websites.<\/p>\n<\/div>\n","protected":false},"excerpt":{"rendered":"<p>Note: This page includes links to glossaries of onomastic terminology, but also links to name databases and information on names. English English: Glossary of Naming and Onomastics. Behind the Name. [ok 23.3.2020 an] USA: USA Geographic Names Information System. [ok 05.07.2019 hh] English: Hitchcock&#8217;s Bible Names Dictionary. [ok 05.07.2019 hh] Finnish Finnish: Nimist\u00f6ntutkimus. Tieteen termipankki. [&hellip;]<\/p>\n","protected":false},"author":81,"featured_media":0,"parent":20,"menu_order":0,"comment_status":"closed","ping_status":"closed","template":"","meta":{"_acf_changed":false,"footnotes":""},"class_list":["post-235","page","type-page","status-publish","hentry"],"acf":[],"_links":{"self":[{"href":"https:\/\/sites.uwasa.fi\/terminologyforum\/wp-json\/wp\/v2\/pages\/235"}],"collection":[{"href":"https:\/\/sites.uwasa.fi\/terminologyforum\/wp-json\/wp\/v2\/pages"}],"about":[{"href":"https:\/\/sites.uwasa.fi\/terminologyforum\/wp-json\/wp\/v2\/types\/page"}],"author":[{"embeddable":true,"href":"https:\/\/sites.uwasa.fi\/terminologyforum\/wp-json\/wp\/v2\/users\/81"}],"replies":[{"embeddable":true,"href":"https:\/\/sites.uwasa.fi\/terminologyforum\/wp-json\/wp\/v2\/comments?post=235"}],"version-history":[{"count":4,"href":"https:\/\/sites.uwasa.fi\/terminologyforum\/wp-json\/wp\/v2\/pages\/235\/revisions"}],"predecessor-version":[{"id":314,"href":"https:\/\/sites.uwasa.fi\/terminologyforum\/wp-json\/wp\/v2\/pages\/235\/revisions\/314"}],"up":[{"embeddable":true,"href":"https:\/\/sites.uwasa.fi\/terminologyforum\/wp-json\/wp\/v2\/pages\/20"}],"wp:attachment":[{"href":"https:\/\/sites.uwasa.fi\/terminologyforum\/wp-json\/wp\/v2\/media?parent=235"}],"curies":[{"name":"wp","href":"https:\/\/api.w.org\/{rel}","templated":true}]}}