{"id":231,"date":"2020-03-23T10:27:06","date_gmt":"2020-03-23T08:27:06","guid":{"rendered":"https:\/\/sites.uwasa.fi\/terminologyforum\/?page_id=231"},"modified":"2020-04-04T18:55:00","modified_gmt":"2020-04-04T15:55:00","slug":"military-war-weaponry","status":"publish","type":"page","link":"https:\/\/sites.uwasa.fi\/terminologyforum\/special-field-glossaries\/military-war-weaponry\/","title":{"rendered":"Military, War and Weaponry"},"content":{"rendered":"<div id=\"article\">\n<h3><a href=\"https:\/\/sites.uwasa.fi\/terminologyforum\/special-field-glossaries\/\" target=\"_blank\" rel=\"noopener noreferrer\">Special Field Glossaries<\/a><\/h3>\n<p><strong>English<\/strong><\/p>\n<ul>\n<li>English: <a href=\"http:\/\/www.aerofiles.com\/glossary.html\" target=\"_blank\" rel=\"noopener noreferrer\">Aviation Glossary<\/a>. [ok 05.07.2019 hh]<\/li>\n<li>Multilingual: <a href=\"http:\/\/www.europeanaf.org\/ranks.htm\" target=\"_blank\" rel=\"noopener noreferrer\">Ranking Systems compared<\/a>. <a href=\"https:\/\/midgard.uwasa.fi\/viestintatieteet\/terminology\/special\/%20http:\/www.europeanaf.org\/\" target=\"_blank\" rel=\"noopener noreferrer\">European Air Force<\/a>. [ok 05.07.2019 hh]<\/li>\n<li>English: <a href=\"https:\/\/en.wikipedia.org\/wiki\/Glossary_of_firearms_terms\" target=\"_blank\" rel=\"noopener noreferrer\">Glossary of firearms terms<\/a>. Wikipedia. [ok 23.3.2020 an]<\/li>\n<li>English: <a href=\"http:\/\/www.medievalwarfare.info\/glossary.htm\" target=\"_blank\" rel=\"noopener noreferrer\">Glossary of Medieval Arms, Weaponry and Armour<\/a>. Medieval Warfare Resources. [ok 23.3.2020 an]<\/li>\n<li>English: <a href=\"https:\/\/www.nps.gov\/fosm\/learn\/historyculture\/glossary-of-weapons-terminology.htm\" target=\"_blank\" rel=\"noopener noreferrer\">Glossary of Weapons Terminology<\/a>. National Park Service, U.S.A. [ok 23.3.2020 an]<\/li>\n<li>English: <a href=\"https:\/\/grammar.yourdictionary.com\/glossaries\/global-counterrorism\/weapons.html\" target=\"_blank\" rel=\"noopener noreferrer\">Glossary of Allied Weaponry<\/a>. Your Dictionary. [ok 23.3.2020 an]<\/li>\n<\/ul>\n<div><strong>Finnish<\/strong><\/div>\n<ul>\n<li>Finnish-Swedish-English-French-German-Estonian: <a href=\"http:\/\/www.teres.fi\/toiminta\/koulutus\/sotilasarvot.html\" target=\"_blank\" rel=\"noopener noreferrer\">Suomalaiset sotilasarvot eri kielill\u00e4<\/a>. Teekkarireservil\u00e4iset &#8211; TERES ry. [ok 1.4.2020 an]<\/li>\n<li>Finnish:\u00a0 <a href=\"https:\/\/fi.wiktionary.org\/wiki\/Liite:Armeijaslangi\" target=\"_blank\" rel=\"noopener noreferrer\">Armeijaslangi<\/a>. Wikisanakirja [ok 22.3.2020 an]<\/li>\n<li>Finnish: <a href=\"https:\/\/intti.fi\/inttislangi\" target=\"_blank\" rel=\"noopener noreferrer\">Inttislangi<\/a>. Puolustusvoimat. [ok 23.3.2020 an]<\/li>\n<li>Finnish: <a href=\"https:\/\/fi.wiktionary.org\/wiki\/Luokka:Suomen_kielen_sodank%C3%A4ynnin_sanasto\" target=\"_blank\" rel=\"noopener noreferrer\">Suomen kielen sodank\u00e4ynnin sanasto<\/a>. Wikisanakirja. [ok 23.3.2020 an]<\/li>\n<li>Finnish: <a href=\"https:\/\/www.tunturisusi.com\/metsastyskulttuuri\/asesanasto.htm\" target=\"_blank\" rel=\"noopener noreferrer\">Pieni er\u00e4nk\u00e4vij\u00e4n asesanasto<\/a>. Tunturisusi.com\/Matti Kinnunen. [ok 23.3.2020 an]<\/li>\n<li>Finnish: <a href=\"http:\/\/archive.fo\/CQn0f#selection-1133.0-1133.67\" target=\"_blank\" rel=\"noopener noreferrer\">Keskeisi\u00e4 k\u00e4sitteit\u00e4 liittyen EU:n sotilaalliseen kriisinhallintaan<\/a>. Ulkoasiainministeri\u00f6. [ok 4.4.2020 an]<\/li>\n<li>Finnish-Swedish-English: <a href=\"https:\/\/www.ykliitto.fi\/tietoa-yksta\/yk-sanasto?teksti=&amp;page=0\" target=\"_blank\" rel=\"noopener noreferrer\">YK-sanasto<\/a>. Suomen YK-liitto. [ok 4.4.2020 an]<\/li>\n<\/ul>\n<p>&nbsp;<\/p>\n<p>Note markings like [ok 22.3.2020 an] or [?? 22.3.2020 an] include following information<\/p>\n<ul>\n<li>ok = service available<\/li>\n<li>?? = not accessed when visited &#8211; may be functioning and will be checked later on<\/li>\n<li>date = the date of last visit by the Terminology Forum maintainers<\/li>\n<\/ul>\n<hr \/>\n<p>(c) Terminology Forum, a global information forum for terminological activities &amp; a non-profit portal for free terminological information online. Maintained by Anita Nuopponen, Communication Studies, University of Vaasa, Finland.<\/p>\n<p>Comments to: Anita Nuopponen,\u00a0<img decoding=\"async\" title=\"atn2.png\" src=\"https:\/\/www.uwasa.fi\/en\/sites\/terminology\/atn2.png\" alt=\"atn2.png\" border=\"0\" \/><\/p>\n<p>DISCLAIMER: This portal includes links to external websites. This portal is neither responsible for the content nor guarantees the quality of any linked external websites.<\/p>\n<\/div>\n","protected":false},"excerpt":{"rendered":"<p>Special Field Glossaries English English: Aviation Glossary. [ok 05.07.2019 hh] Multilingual: Ranking Systems compared. European Air Force. [ok 05.07.2019 hh] English: Glossary of firearms terms. Wikipedia. [ok 23.3.2020 an] English: Glossary of Medieval Arms, Weaponry and Armour. Medieval Warfare Resources. [ok 23.3.2020 an] English: Glossary of Weapons Terminology. National Park Service, U.S.A. [ok 23.3.2020 an] [&hellip;]<\/p>\n","protected":false},"author":81,"featured_media":0,"parent":20,"menu_order":0,"comment_status":"closed","ping_status":"closed","template":"","meta":{"_acf_changed":false,"footnotes":""},"class_list":["post-231","page","type-page","status-publish","hentry"],"acf":[],"_links":{"self":[{"href":"https:\/\/sites.uwasa.fi\/terminologyforum\/wp-json\/wp\/v2\/pages\/231"}],"collection":[{"href":"https:\/\/sites.uwasa.fi\/terminologyforum\/wp-json\/wp\/v2\/pages"}],"about":[{"href":"https:\/\/sites.uwasa.fi\/terminologyforum\/wp-json\/wp\/v2\/types\/page"}],"author":[{"embeddable":true,"href":"https:\/\/sites.uwasa.fi\/terminologyforum\/wp-json\/wp\/v2\/users\/81"}],"replies":[{"embeddable":true,"href":"https:\/\/sites.uwasa.fi\/terminologyforum\/wp-json\/wp\/v2\/comments?post=231"}],"version-history":[{"count":6,"href":"https:\/\/sites.uwasa.fi\/terminologyforum\/wp-json\/wp\/v2\/pages\/231\/revisions"}],"predecessor-version":[{"id":342,"href":"https:\/\/sites.uwasa.fi\/terminologyforum\/wp-json\/wp\/v2\/pages\/231\/revisions\/342"}],"up":[{"embeddable":true,"href":"https:\/\/sites.uwasa.fi\/terminologyforum\/wp-json\/wp\/v2\/pages\/20"}],"wp:attachment":[{"href":"https:\/\/sites.uwasa.fi\/terminologyforum\/wp-json\/wp\/v2\/media?parent=231"}],"curies":[{"name":"wp","href":"https:\/\/api.w.org\/{rel}","templated":true}]}}