{"id":229,"date":"2020-03-22T21:35:47","date_gmt":"2020-03-22T19:35:47","guid":{"rendered":"https:\/\/sites.uwasa.fi\/terminologyforum\/?page_id=229"},"modified":"2020-03-22T21:35:47","modified_gmt":"2020-03-22T19:35:47","slug":"meteorology-and-natural-hazards","status":"publish","type":"page","link":"https:\/\/sites.uwasa.fi\/terminologyforum\/special-field-glossaries\/meteorology-and-natural-hazards\/","title":{"rendered":"Meteorology and Natural Hazards"},"content":{"rendered":"<h3><a href=\"https:\/\/sites.uwasa.fi\/terminologyforum\/special-field-glossaries\/\" target=\"_blank\" rel=\"noopener noreferrer\">Special Field Glossaries<\/a><\/h3>\n<ul>\n<li>English: <a href=\"http:\/\/www.weca.org\/nws-terms.html\" target=\"_blank\" rel=\"noopener noreferrer\">A Glossary of Weather Terms<\/a> by Weca &#8211; The Westchester Emergency Communications Association, NY [ok 05.07.2019 hh]<\/li>\n<li>English: <a href=\"http:\/\/www.usatoday.com\/weather\/hurricane\/glossary.htm\" target=\"_blank\" rel=\"noopener noreferrer\">Tropical Cyclone and Hurricane Glossary<\/a>, USA Today [ok 05.07.2019 hh]<\/li>\n<li>English: <a href=\"http:\/\/co-ops.nos.noaa.gov\/publications\/glossary2.pdf\" target=\"_blank\" rel=\"noopener noreferrer\">Tide and Current Glossary<\/a> (PDF). [ok 05.07.2019 hh]<\/li>\n<li>English: <a href=\"http:\/\/www.waikatoregion.govt.nz\/Services\/Regional-services\/Regional-hazards-and-emergency-management\/Natural-hazards-glossary\/\" target=\"_blank\" rel=\"noopener noreferrer\">Natural Hazards Glossary<\/a>. Environment Waikato, New Zealand. [ok 05.07.2019 hh]<\/li>\n<li>English: <a href=\"http:\/\/earthquake.usgs.gov\/learn\/glossary\/\" target=\"_blank\" rel=\"noopener noreferrer\">Earthquake Glossary<\/a>. U.S. Department of the Interior, U.S. Geological Survey<\/li>\n<li>[ok 05.07.2019 hh] English: <a href=\"http:\/\/vulcan.wr.usgs.gov\/Glossary\/Seismicity\/earthquake_terminology.html\" target=\"_blank\" rel=\"noopener noreferrer\">Glossary of Earthquake and Related Terminology<\/a>. USGS\/Cascades Volcano Observatory, Vancouver, Washington [ok 05.07.2019 hh]<\/li>\n<\/ul>\n<div><b>Finnish<\/b><\/div>\n<ul>\n<li>Finnish &#8211; English: <a href=\"https:\/\/www.ilmatieteenlaitos.fi\/ilmakeha-abc\" target=\"_blank\" rel=\"noopener noreferrer\">Ilmakeh\u00e4 ABC<\/a>. <a href=\"http:\/\/www.fmi.fi\/\" target=\"_blank\" rel=\"noopener noreferrer\">Ilmatieteen laitos<\/a>. [ok 3.3.2020 an]<\/li>\n<li>Finnish: <a href=\"https:\/\/helda.helsinki.fi\/bitstream\/handle\/10138\/1160\/ilmakeha.pdf?sequence=1\" target=\"_blank\" rel=\"noopener noreferrer\">Ilmakeh\u00e4-abc Selitt\u00e4v\u00e4 Asiasanasto<\/a>. Ilmatieteen laitos 2008 (pdf). [ok 3.3.2020 an]<\/li>\n<li>Finnish: <a href=\"https:\/\/yle.fi\/saa\/saasanastoa\/7019749\" target=\"_blank\" rel=\"noopener noreferrer\">S\u00e4\u00e4sanastoa<\/a>. YLE. [ok 3.3.2020 an]<\/li>\n<li>Finnish &#8211; English &#8211; Swedish: <a href=\"http:\/\/mot.kielikone.fi\/mot\/endic\/netmot.exe?UI=fied&amp;height=165\" target=\"_blank\" rel=\"noopener noreferrer\">Ymp\u00e4rist\u00f6sanakirja EnDic<\/a>. Valtion ymp\u00e4rist\u00f6hallinto. (suomi, viro, englanti, ranska, saksa, ruotsi, latvia, liettua ja ven\u00e4j\u00e4).\u00a0 [ok 05.07.2019 hh]<\/li>\n<li>Finnish &#8211; Multilingual:<a href=\"http:\/\/tieteentermipankki.fi\/wiki\/Ymp%C3%A4rist%C3%B6tieteet\" target=\"_blank\" rel=\"noopener noreferrer\"> Ymp\u00e4rist\u00f6tieteiden termist\u00f6<\/a>. Perustuu Suomen ymp\u00e4rist\u00f6keskuksen (SYKE) julkaiseman <a class=\"ns-1118\" title=\"L\u00e4hde:EnDic2004\" href=\"http:\/\/tieteentermipankki.fi\/wiki\/L%C3%A4hde:EnDic2004\" target=\"_blank\" rel=\"noopener noreferrer\">Ymp\u00e4rist\u00f6sanakirja EnDicin<\/a> pohjalle. Tieteen termipankki. [ok 3.3.2020 an]<\/li>\n<li>Finnish &#8211; English: <b> <\/b><a href=\"https:\/\/tieteentermipankki.fi\/wiki\/L%C3%A4hde:MetDic\" target=\"_blank\" rel=\"noopener noreferrer\">Ilmatieteellinen sanakirja MetDic<\/a>. Tieteen termipankki. Perustuu: <i>Ilmatieteellinen k\u00e4sitesanakirja<\/i>. Meteorologisia julkaisuja No 26, Ilmatieteen laitos. [ok 3.3.2020 an]<\/li>\n<li>Finnish: <a href=\"https:\/\/myrskyvaroitus.com\/index.php\/myrskytieto\/yleista\/11-sanasto\" target=\"_blank\" rel=\"noopener noreferrer\">Myrsky- ja rajuilmasanasto<\/a>. A.J. Punkka, &#8220;hyvin ep\u00e4virallinen&#8221;. [ok 3.3.2020 an]<\/li>\n<li>Finnish: <a href=\"https:\/\/www.ymparisto.fi\/fi-FI\/Vesi\/Tulviin_varautuminen\/Tulvasanasto\" target=\"_blank\" rel=\"noopener noreferrer\">Tulvasanasto<\/a>. Ymp\u00e4rist\u00f6.fi, Ymp\u00e4rist\u00f6hallinto. [ok 3.3.2020 an]<\/li>\n<li>Finnish: <a href=\"https:\/\/lumensanakirja.blogspot.com\/2009\/11\/irtolumi.html\" target=\"_blank\" rel=\"noopener noreferrer\">Lumen sanakirja<\/a>. Blogi. [ok 3.3.2020 an]<\/li>\n<\/ul>\n<div><\/div>\n<div>See also: Environment and Nature.<\/div>\n<p>Note markings like [ok 22.3.2020 an] or [?? 22.3.2020 an] include following information<\/p>\n<ul>\n<li>ok = service available<\/li>\n<li>?? = not accessed when visited &#8211; may be functioning later on<\/li>\n<li>date = the date of last visit by the Terminology Forum maintainers<\/li>\n<\/ul>\n<hr \/>\n<p>(c) Terminology Forum, a global information forum for terminological activities &amp; a non-profit portal for free terminological information online. Maintained by Anita Nuopponen, Dept. of Communication Studies, University of Vaasa, Finland.<\/p>\n<p>Comments to: Anita Nuopponen,\u00a0<img decoding=\"async\" title=\"atn2.png\" src=\"https:\/\/www.uwasa.fi\/en\/sites\/terminology\/atn2.png\" alt=\"atn2.png\" border=\"0\" \/><\/p>\n<p>DISCLAIMER: This portal includes links to external websites. This portal is neither responsible for the content nor guarantees the quality of any linked external websites.<\/p>\n","protected":false},"excerpt":{"rendered":"<p>Special Field Glossaries English: A Glossary of Weather Terms by Weca &#8211; The Westchester Emergency Communications Association, NY [ok 05.07.2019 hh] English: Tropical Cyclone and Hurricane Glossary, USA Today [ok 05.07.2019 hh] English: Tide and Current Glossary (PDF). [ok 05.07.2019 hh] English: Natural Hazards Glossary. Environment Waikato, New Zealand. [ok 05.07.2019 hh] English: Earthquake Glossary. [&hellip;]<\/p>\n","protected":false},"author":81,"featured_media":0,"parent":20,"menu_order":0,"comment_status":"closed","ping_status":"closed","template":"","meta":{"_acf_changed":false,"footnotes":""},"class_list":["post-229","page","type-page","status-publish","hentry"],"acf":[],"_links":{"self":[{"href":"https:\/\/sites.uwasa.fi\/terminologyforum\/wp-json\/wp\/v2\/pages\/229"}],"collection":[{"href":"https:\/\/sites.uwasa.fi\/terminologyforum\/wp-json\/wp\/v2\/pages"}],"about":[{"href":"https:\/\/sites.uwasa.fi\/terminologyforum\/wp-json\/wp\/v2\/types\/page"}],"author":[{"embeddable":true,"href":"https:\/\/sites.uwasa.fi\/terminologyforum\/wp-json\/wp\/v2\/users\/81"}],"replies":[{"embeddable":true,"href":"https:\/\/sites.uwasa.fi\/terminologyforum\/wp-json\/wp\/v2\/comments?post=229"}],"version-history":[{"count":1,"href":"https:\/\/sites.uwasa.fi\/terminologyforum\/wp-json\/wp\/v2\/pages\/229\/revisions"}],"predecessor-version":[{"id":230,"href":"https:\/\/sites.uwasa.fi\/terminologyforum\/wp-json\/wp\/v2\/pages\/229\/revisions\/230"}],"up":[{"embeddable":true,"href":"https:\/\/sites.uwasa.fi\/terminologyforum\/wp-json\/wp\/v2\/pages\/20"}],"wp:attachment":[{"href":"https:\/\/sites.uwasa.fi\/terminologyforum\/wp-json\/wp\/v2\/media?parent=229"}],"curies":[{"name":"wp","href":"https:\/\/api.w.org\/{rel}","templated":true}]}}