{"id":222,"date":"2020-03-21T23:52:45","date_gmt":"2020-03-21T21:52:45","guid":{"rendered":"https:\/\/sites.uwasa.fi\/terminologyforum\/?page_id=222"},"modified":"2020-03-21T23:52:45","modified_gmt":"2020-03-21T21:52:45","slug":"mathematics","status":"publish","type":"page","link":"https:\/\/sites.uwasa.fi\/terminologyforum\/special-field-glossaries\/mathematics\/","title":{"rendered":"Mathematics"},"content":{"rendered":"<div id=\"article\"><a href=\"https:\/\/sites.uwasa.fi\/terminologyforum\/special-field-glossaries\/\" target=\"_blank\" rel=\"noopener noreferrer\"><strong>Special Field Glossaries<\/strong><\/a><\/div>\n<div><\/div>\n<div><strong>Multilingual<\/strong><\/p>\n<ul>\n<li>Multilingual: <a href=\"http:\/\/isi.cbs.nl\/glossary\/index.htm\" target=\"_blank\" rel=\"noopener noreferrer\">The ISI Glossary of Statistical Terms<\/a>. <a href=\"http:\/\/isi.cbs.nl\/\" target=\"_blank\" rel=\"noopener noreferrer\">International Statistical Institute<\/a>. [ok 05.07.2019 hh]<\/li>\n<\/ul>\n<p><strong>English<\/strong><\/p>\n<ul>\n<li>English: <a href=\"http:\/\/www.mathpropress.com\/glossary\/glossary.html\" target=\"_blank\" rel=\"noopener noreferrer\">On-line Mathematics Dictionary<\/a>. [ok 05.07.2019 hh]<\/li>\n<\/ul>\n<div><strong>Finnish<\/strong><\/div>\n<ul>\n<li>Hungarian-Finnish: <a href=\"http:\/\/solmu.math.helsinki.fi\/2001\/unkari\/sanasto.html\" target=\"_blank\" rel=\"noopener noreferrer\">Unkarilais-suomalainen matematiikan sanasto<\/a>. K\u00e4\u00e4nn\u00f6ksi\u00e4 ala-asteen oppikirjoissa esiintyville matemaattisille ilmauksille. <a href=\"http:\/\/solmu.math.helsinki.fi\" target=\"_blank\" rel=\"noopener noreferrer\">Matematiikkalehti Solmu<\/a>. [ok 05.07.2019 hh]<\/li>\n<li>Finnish-English-Swedish: <a href=\"http:\/\/www.math.hut.fi\/~kmikkola\/matsan\/matsan.html\" target=\"_blank\" rel=\"noopener noreferrer\">Matemaattinen sanasto<\/a>, Suomi &#8211; Englanti &#8211; Ruotsi (Glossary of Mathematics, Finnish &#8211; English &#8211; Swedish). Kalle.Mikkola@hut.fi. [ok 05.07.2019 hh]<\/li>\n<li>English-Finnish: <a href=\"http:\/\/www.rni.helsinki.fi\/~pek\/sanasto\/tilastosanasto.html\" target=\"_blank\" rel=\"noopener noreferrer\">Tilastotieteen ja todenn\u00e4k\u00f6isyyslaskennan englantilais &#8211; suomalainen sanasto<\/a>, koonnut <a href=\"http:\/\/www.rni.helsinki.fi\/~pek\/\" target=\"_blank\" rel=\"noopener noreferrer\">Petri P. M. Koistinen<\/a>. [ok 05.07.2019 hh]<\/li>\n<li>Finnish: <a href=\"https:\/\/fi.wiktionary.org\/wiki\/Luokka:Suomen_kielen_geometrian_sanasto\" target=\"_blank\" rel=\"noopener noreferrer\">Suomen kielen geometrian sanasto<\/a>. Wikisanakirja. [ok 21.3.2020 an]<\/li>\n<li>Finnish: <a href=\"https:\/\/fi.wiktionary.org\/wiki\/Luokka:Suomen_kielen_matematiikan_sanasto\" target=\"_blank\" rel=\"noopener noreferrer\">Suomen kielen matematiikan sanasto<\/a>. Wikisanakirja. [ok 21.3.2020 an]<\/li>\n<li>Finnish-Albanian, Arabic, English, Kurdish, Persian, Russian,\u00a0 Somali : <a href=\"https:\/\/www.oph.fi\/fi\/oppimateriaali\/matematiikan-sanastoja-eri-kieliin\" target=\"_blank\" rel=\"noopener noreferrer\">Matematiikan sanastoja eri kieliin<\/a>. Opetushallitus. [ok 21.3.2020 an]<\/li>\n<li>Finnish-English: <a href=\"http:\/\/www.ee.oulu.fi\/~topiolli\/mathdict\/\" target=\"_blank\" rel=\"noopener noreferrer\">Matemaattinen suomi-englanti-suomi-sanakirja<\/a>. Topi M\u00e4enp\u00e4\u00e4, Oulun yliopisto. [ok 21.3.2020 an]<\/li>\n<li>Finnish: <a href=\"https:\/\/matematiikkalehtisolmu.fi\/sanakirja\/a.html\" target=\"_blank\" rel=\"noopener noreferrer\">Matematiikan verkkosanakirja<\/a>. Matematiikkalehti Solmu.\u00a0 [ok 21.3.2020 an]<\/li>\n<\/ul>\n<p>&nbsp;<\/p>\n<p>Note markings like [ok 21.3.2020 an] or [?? 21.3.2020 an] include following information<\/p>\n<ul>\n<li>ok = service available<\/li>\n<li>?? = not accessed when visited &#8211; may be functioning and will be checked later on<\/li>\n<li>date = the date of last visit by the Terminology Forum maintainers<\/li>\n<\/ul>\n<hr \/>\n<p>(c) Terminology Forum, a global information forum for terminological activities &amp; a non-profit portal for free terminological information online. Maintained by Anita Nuopponen, Dept. of Communication Studies, University of Vaasa, Finland.<\/p>\n<p>Comments to: Anita Nuopponen,\u00a0<img decoding=\"async\" title=\"atn2.png\" src=\"https:\/\/www.uwasa.fi\/en\/sites\/terminology\/atn2.png\" alt=\"atn2.png\" border=\"0\" \/><\/p>\n<p>DISCLAIMER: This portal includes links to external websites. This portal is neither responsible for the content nor guarantees the quality of any linked external websites.<\/p>\n<\/div>\n","protected":false},"excerpt":{"rendered":"<p>Special Field Glossaries Multilingual Multilingual: The ISI Glossary of Statistical Terms. International Statistical Institute. [ok 05.07.2019 hh] English English: On-line Mathematics Dictionary. [ok 05.07.2019 hh] Finnish Hungarian-Finnish: Unkarilais-suomalainen matematiikan sanasto. K\u00e4\u00e4nn\u00f6ksi\u00e4 ala-asteen oppikirjoissa esiintyville matemaattisille ilmauksille. Matematiikkalehti Solmu. [ok 05.07.2019 hh] Finnish-English-Swedish: Matemaattinen sanasto, Suomi &#8211; Englanti &#8211; Ruotsi (Glossary of Mathematics, Finnish &#8211; English [&hellip;]<\/p>\n","protected":false},"author":81,"featured_media":0,"parent":20,"menu_order":0,"comment_status":"closed","ping_status":"closed","template":"","meta":{"_acf_changed":false,"footnotes":""},"class_list":["post-222","page","type-page","status-publish","hentry"],"acf":[],"_links":{"self":[{"href":"https:\/\/sites.uwasa.fi\/terminologyforum\/wp-json\/wp\/v2\/pages\/222"}],"collection":[{"href":"https:\/\/sites.uwasa.fi\/terminologyforum\/wp-json\/wp\/v2\/pages"}],"about":[{"href":"https:\/\/sites.uwasa.fi\/terminologyforum\/wp-json\/wp\/v2\/types\/page"}],"author":[{"embeddable":true,"href":"https:\/\/sites.uwasa.fi\/terminologyforum\/wp-json\/wp\/v2\/users\/81"}],"replies":[{"embeddable":true,"href":"https:\/\/sites.uwasa.fi\/terminologyforum\/wp-json\/wp\/v2\/comments?post=222"}],"version-history":[{"count":1,"href":"https:\/\/sites.uwasa.fi\/terminologyforum\/wp-json\/wp\/v2\/pages\/222\/revisions"}],"predecessor-version":[{"id":223,"href":"https:\/\/sites.uwasa.fi\/terminologyforum\/wp-json\/wp\/v2\/pages\/222\/revisions\/223"}],"up":[{"embeddable":true,"href":"https:\/\/sites.uwasa.fi\/terminologyforum\/wp-json\/wp\/v2\/pages\/20"}],"wp:attachment":[{"href":"https:\/\/sites.uwasa.fi\/terminologyforum\/wp-json\/wp\/v2\/media?parent=222"}],"curies":[{"name":"wp","href":"https:\/\/api.w.org\/{rel}","templated":true}]}}