{"id":205,"date":"2020-03-21T20:40:43","date_gmt":"2020-03-21T18:40:43","guid":{"rendered":"https:\/\/sites.uwasa.fi\/terminologyforum\/?page_id=205"},"modified":"2021-12-06T22:38:27","modified_gmt":"2021-12-06T20:38:27","slug":"insurance","status":"publish","type":"page","link":"https:\/\/sites.uwasa.fi\/terminologyforum\/special-field-glossaries\/insurance\/","title":{"rendered":"Insurance"},"content":{"rendered":"<h3><a href=\"https:\/\/sites.uwasa.fi\/terminologyforum\/special-field-glossaries\/\" target=\"_blank\" rel=\"noopener noreferrer\">Special Field Glossaries<\/a><\/h3>\n<p><strong>English<\/strong><\/p>\n<ul>\n<li>English (AU): <a href=\"http:\/\/understandinsurance.com.au\/glossary\" target=\"_blank\" rel=\"noopener noreferrer\">Insurance Glossary<\/a>. Understand Insurance website, AU. [ok 06.12.2021 an]<\/li>\n<li>English (UK): <a href=\"https:\/\/www.abi.org.uk\/data-and-resources\/tools-and-resources\/glossary\/\" target=\"_blank\" rel=\"noopener noreferrer\">Insurance Glossary<\/a>. ABI Association of British Insurers. [ok 06.12.2021 an]<\/li>\n<li>English (UK): <a href=\"https:\/\/www.towergateinsurance.co.uk\/glossary\" target=\"_blank\" rel=\"noopener noreferrer\">Insurance Glossary<\/a>. Towergate Insurance, UK. [ok 06.12.2021 an]<\/li>\n<li>English (UK): <a href=\"https:\/\/www.velosinsurance.co.uk\/marine-insurance-glossary\/\" target=\"_blank\" rel=\"noopener noreferrer\">Marine Insurance Glossary<\/a>. Velos Insurance Services, UK. [ok 06.12.2021 an]<\/li>\n<li>English (USA): <a href=\"http:\/\/www.ct.gov\/cid\/cwp\/view.asp?a=1267&amp;q=254472\" target=\"_blank\" rel=\"noopener noreferrer\">Common Terms In Managed Care<\/a>. by Connecticut Insurance Department, USA. [ok 06.12.2021 an]<\/li>\n<li>English (USA): <a href=\"https:\/\/content.naic.org\/consumer_glossary.htm\" target=\"_blank\" rel=\"noopener noreferrer\">Glossary of insurance terms<\/a>. National Association of Insurance Commissioners, USA. [ok 06.12.2021 an]<\/li>\n<li>English (USA): <a href=\"https:\/\/www.opm.gov\/healthcare-insurance\/insurance-glossary\/\" target=\"_blank\" rel=\"noopener noreferrer\">Insurance Glossary<\/a>. Terms used on the Federal Benefits Programs website. US Office of Personnel Managemant. [ok 06.12.2021 an]<\/li>\n<li>English (USA): <a href=\"https:\/\/www.agilehealthinsurance.com\/help\/glossary\" target=\"_blank\" rel=\"noopener noreferrer\">Health insurance glossary<\/a>. Agile Health. [ok 06.12.2021 an]<\/li>\n<li>English (USA): <a href=\"https:\/\/www.cms.gov\/CCIIO\/Resources\/Files\/Downloads\/uniform-glossary-final.pdf\" target=\"_blank\" rel=\"noopener noreferrer\">Glossary of Health Coverage and Medical Terms<\/a>. [ok 06.12.2021 an]<\/li>\n<li>English (USA): <a href=\"https:\/\/www.naic.org\/documents\/index_health_reform_glossary.pdf\" target=\"_blank\" rel=\"noopener noreferrer\">Glossary of Health Insurance Terms<\/a>. National Association of Insurance Commissioners, USA. [ok 06.12.2021 an]<\/li>\n<li>English (USA): <a href=\"https:\/\/www.insurance.com\/health-insurance\/glossary.html\" target=\"_blank\" rel=\"noopener noreferrer\">Glossary of health insurance terms<\/a>. Insurance.com. [ok 06.12.2021 an]<\/li>\n<\/ul>\n<div><strong>Finnish<\/strong><\/div>\n<div>\n<ul>\n<li>Finnish: <a href=\"https:\/\/www.tela.fi\/vakuutusmatemaattinen_sanasto\" target=\"_blank\" rel=\"noopener noreferrer\">Yksityisalojen vakuutusmatemaattinen sanasto<\/a>. Ty\u00f6el\u00e4kevakuuttajat TELA ry. [ok 06.12.2021 an]<\/li>\n<li>Finnish: <a href=\"https:\/\/pankkiasiat.fi\/vakuutussanasto\" target=\"_blank\" rel=\"noopener noreferrer\">Vakuutussanasto<\/a>. Pankkiasiat.fi. [ok 06.12.2021 an]<\/li>\n<li>Finnish: <a href=\"https:\/\/www.sampo.com\/fi\/media\/sanasto\/\" target=\"_blank\" rel=\"noopener\">Sanasto<\/a>. Sampo (keskeisimm\u00e4t vahinko- ja henkivakuutusliiketoiminnoissa sek\u00e4 Sampo-konsernin tilinp\u00e4\u00e4t\u00f6ksess\u00e4 ja riskienhallinnassa k\u00e4ytetyt termit) [ok 06.12.2021 an]<\/li>\n<\/ul>\n<\/div>\n<p>&nbsp;<\/p>\n<p>&nbsp;<\/p>\n<p>&nbsp;<\/p>\n<p>&nbsp;<\/p>\n<p>&nbsp;<\/p>\n<p>&nbsp;<\/p>\n<p>Note markings like [ok 27.1.2020 an] or [?? 27.1.2020 an] include following information<\/p>\n<ul>\n<li>ok = service available<\/li>\n<li>?? = not accessed when visited &#8211; may be functioning and will be checked later on<\/li>\n<li>date = the date of last visit by the Terminology Forum maintainers<\/li>\n<\/ul>\n<hr \/>\n<p>(c) Terminology Forum, a global information forum for terminological activities &amp; a non-profit portal for free terminological information online. Maintained by Anita Nuopponen, Communication Studies, University of Vaasa, Finland.<\/p>\n<p>Comments to: Anita Nuopponen, firstna me.sur name@ uwasa.fi<\/p>\n<p>DISCLAIMER: This portal includes links to external websites. This portal is neither responsible for the content nor guarantees the quality of any linked external websites.<\/p>\n","protected":false},"excerpt":{"rendered":"<p>Special Field Glossaries English English (AU): Insurance Glossary. Understand Insurance website, AU. [ok 06.12.2021 an] English (UK): Insurance Glossary. ABI Association of British Insurers. [ok 06.12.2021 an] English (UK): Insurance Glossary. Towergate Insurance, UK. [ok 06.12.2021 an] English (UK): Marine Insurance Glossary. Velos Insurance Services, UK. [ok 06.12.2021 an] English (USA): Common Terms In Managed [&hellip;]<\/p>\n","protected":false},"author":81,"featured_media":0,"parent":20,"menu_order":0,"comment_status":"closed","ping_status":"closed","template":"","meta":{"_acf_changed":false,"footnotes":""},"class_list":["post-205","page","type-page","status-publish","hentry"],"acf":[],"_links":{"self":[{"href":"https:\/\/sites.uwasa.fi\/terminologyforum\/wp-json\/wp\/v2\/pages\/205"}],"collection":[{"href":"https:\/\/sites.uwasa.fi\/terminologyforum\/wp-json\/wp\/v2\/pages"}],"about":[{"href":"https:\/\/sites.uwasa.fi\/terminologyforum\/wp-json\/wp\/v2\/types\/page"}],"author":[{"embeddable":true,"href":"https:\/\/sites.uwasa.fi\/terminologyforum\/wp-json\/wp\/v2\/users\/81"}],"replies":[{"embeddable":true,"href":"https:\/\/sites.uwasa.fi\/terminologyforum\/wp-json\/wp\/v2\/comments?post=205"}],"version-history":[{"count":3,"href":"https:\/\/sites.uwasa.fi\/terminologyforum\/wp-json\/wp\/v2\/pages\/205\/revisions"}],"predecessor-version":[{"id":546,"href":"https:\/\/sites.uwasa.fi\/terminologyforum\/wp-json\/wp\/v2\/pages\/205\/revisions\/546"}],"up":[{"embeddable":true,"href":"https:\/\/sites.uwasa.fi\/terminologyforum\/wp-json\/wp\/v2\/pages\/20"}],"wp:attachment":[{"href":"https:\/\/sites.uwasa.fi\/terminologyforum\/wp-json\/wp\/v2\/media?parent=205"}],"curies":[{"name":"wp","href":"https:\/\/api.w.org\/{rel}","templated":true}]}}