{"id":202,"date":"2020-03-21T20:34:02","date_gmt":"2020-03-21T18:34:02","guid":{"rendered":"https:\/\/sites.uwasa.fi\/terminologyforum\/?page_id=202"},"modified":"2021-12-06T21:27:06","modified_gmt":"2021-12-06T19:27:06","slug":"information-and-knowledge","status":"publish","type":"page","link":"https:\/\/sites.uwasa.fi\/terminologyforum\/special-field-glossaries\/information-and-knowledge\/","title":{"rendered":"Information and Knowledge"},"content":{"rendered":"<h3><a href=\"https:\/\/sites.uwasa.fi\/terminologyforum\/special-field-glossaries\/\" target=\"_blank\" rel=\"noopener noreferrer\">Special Field Glossaries<\/a><\/h3>\n<h4>English<\/h4>\n<ul>\n<li>English: <a href=\"https:\/\/www.infogovbasics.com\/resources\/glossary\/\" target=\"_blank\" rel=\"noopener\">Glossary of Information Governance Terms<\/a>. InfoGov Basics. [ok 06.12.2021 an]<\/li>\n<li>English: <a href=\"https:\/\/journalistsresource.org\/politics-and-government\/information-disorder-glossary-fake-news\/\" target=\"_blank\" rel=\"noopener\">Information disorder: The essential glossary<\/a>. Claire Wardle. [ok 06.12.2021 an]<\/li>\n<\/ul>\n<h4><\/h4>\n<h4>Finnish<\/h4>\n<ul>\n<li>Finnish-English-Swedish: <a href=\"https:\/\/finto.fi\/tt\/fi\/\" target=\"_blank\" rel=\"noopener noreferrer\">Tietotermit<\/a>. Finto. Suomalainen asiasanasto- ja ontologiapalvelu [ok 06.12.2021 an]<\/li>\n<li>Finnish-English-Finnish: <a href=\"http:\/\/tietonakyvaksi.fi\/sanasto\/\" target=\"_blank\" rel=\"noopener noreferrer\">Informaatiomuotoilun sanasto<\/a>. Tieto n\u00e4kyv\u00e4ksi -kirja, Koponen+Hild\u00e9n Oy 2017. [ok 06.12.2021 an]<\/li>\n<li>Finnish: <a href=\"https:\/\/hri.fi\/fi\/ohjeet\/mita-on-avoin-data\/avoimen-datan-sanasto\/\" target=\"_blank\" rel=\"noopener noreferrer\">Avoimen datan sanasto<\/a>. Helsinki Region Infoshare. [ok 06.12.2021 an]<\/li>\n<li>Finnish: <a href=\"https:\/\/data.europa.eu\/euodp\/fi\/glossary\" target=\"_blank\" rel=\"noopener noreferrer\">Sanasto<\/a>. EU:n avoimen datan portaali. [ok 06.12.2021 an]<\/li>\n<li>Finnish: <a href=\"https:\/\/ipruc.fi\/tietopalvelut\/sanasto\/\" target=\"_blank\" rel=\"noopener noreferrer\">Sanasto. Aineettomat oikeudet<\/a>. IPR University Center. [ok 06.12.2021 an]<\/li>\n<\/ul>\n<p>&nbsp;<\/p>\n<p>Note markings like [ok 9.1.2020 an] or [?? 9.1.2020 an] include following information<\/p>\n<ul>\n<li>ok = service available<\/li>\n<li>?? = not accessed when visited &#8211; may be functioning and will be checked later on<\/li>\n<li>date = the date of last visit by the Terminology Forum maintainers<\/li>\n<\/ul>\n<hr \/>\n<p>(c) Terminology Forum, a global information forum for terminological activities &amp; a non-profit portal for free terminological information online. Maintained by Anita Nuopponen, Communication Studies, University of Vaasa, Finland.<\/p>\n<p>Comments to: Anita Nuopponen, first name. surname (a t)u wasa.fi<\/p>\n<p>DISCLAIMER: This portal includes links to external websites. This portal is neither responsible for the content nor guarantees the quality of any linked external websites.<\/p>\n","protected":false},"excerpt":{"rendered":"<p>Special Field Glossaries English English: Glossary of Information Governance Terms. InfoGov Basics. [ok 06.12.2021 an] English: Information disorder: The essential glossary. Claire Wardle. [ok 06.12.2021 an] Finnish Finnish-English-Swedish: Tietotermit. Finto. Suomalainen asiasanasto- ja ontologiapalvelu [ok 06.12.2021 an] Finnish-English-Finnish: Informaatiomuotoilun sanasto. Tieto n\u00e4kyv\u00e4ksi -kirja, Koponen+Hild\u00e9n Oy 2017. [ok 06.12.2021 an] Finnish: Avoimen datan sanasto. Helsinki Region [&hellip;]<\/p>\n","protected":false},"author":81,"featured_media":0,"parent":20,"menu_order":0,"comment_status":"closed","ping_status":"closed","template":"","meta":{"_acf_changed":false,"footnotes":""},"class_list":["post-202","page","type-page","status-publish","hentry"],"acf":[],"_links":{"self":[{"href":"https:\/\/sites.uwasa.fi\/terminologyforum\/wp-json\/wp\/v2\/pages\/202"}],"collection":[{"href":"https:\/\/sites.uwasa.fi\/terminologyforum\/wp-json\/wp\/v2\/pages"}],"about":[{"href":"https:\/\/sites.uwasa.fi\/terminologyforum\/wp-json\/wp\/v2\/types\/page"}],"author":[{"embeddable":true,"href":"https:\/\/sites.uwasa.fi\/terminologyforum\/wp-json\/wp\/v2\/users\/81"}],"replies":[{"embeddable":true,"href":"https:\/\/sites.uwasa.fi\/terminologyforum\/wp-json\/wp\/v2\/comments?post=202"}],"version-history":[{"count":5,"href":"https:\/\/sites.uwasa.fi\/terminologyforum\/wp-json\/wp\/v2\/pages\/202\/revisions"}],"predecessor-version":[{"id":544,"href":"https:\/\/sites.uwasa.fi\/terminologyforum\/wp-json\/wp\/v2\/pages\/202\/revisions\/544"}],"up":[{"embeddable":true,"href":"https:\/\/sites.uwasa.fi\/terminologyforum\/wp-json\/wp\/v2\/pages\/20"}],"wp:attachment":[{"href":"https:\/\/sites.uwasa.fi\/terminologyforum\/wp-json\/wp\/v2\/media?parent=202"}],"curies":[{"name":"wp","href":"https:\/\/api.w.org\/{rel}","templated":true}]}}