{"id":196,"date":"2020-03-21T20:10:41","date_gmt":"2020-03-21T18:10:41","guid":{"rendered":"https:\/\/sites.uwasa.fi\/terminologyforum\/?page_id=196"},"modified":"2021-11-23T16:00:41","modified_gmt":"2021-11-23T14:00:41","slug":"history","status":"publish","type":"page","link":"https:\/\/sites.uwasa.fi\/terminologyforum\/special-field-glossaries\/history\/","title":{"rendered":"History"},"content":{"rendered":"<h3><a href=\"https:\/\/sites.uwasa.fi\/terminologyforum\/special-field-glossaries\/\" target=\"_blank\" rel=\"noopener noreferrer\">Special Field Glossaries<\/a><\/h3>\n<p><strong>English<\/strong><\/p>\n<ul>\n<li>English: <a class=\"result__a\" href=\"https:\/\/en.wikipedia.org\/wiki\/Glossary_of_history\" target=\"_blank\" rel=\"noopener\">Glossary of history &#8211; Wikipedia<\/a> [ok 22.11.2021 an]<\/li>\n<li>English: <a href=\"https:\/\/www.pc.gc.ca\/en\/culture\/dfhd\/glossaire-glossary\" target=\"_blank\" rel=\"noopener noreferrer\">History and culture. Glossary of terms<\/a>. [ok 22.11.2021 an]<\/li>\n<li>English: <a href=\"https:\/\/en.wikibooks.org\/wiki\/European_History\/Glossary\" target=\"_blank\" rel=\"noopener noreferrer\">European History\/Glossary<\/a>. Wikibooks. [ok 22.11.2021 ann]<\/li>\n<\/ul>\n<p><strong>Finnish<\/strong><\/p>\n<ul>\n<li>Finnish: <a href=\"https:\/\/fi.wiktionary.org\/wiki\/Luokka:Suomen_kielen_historian_sanasto\" target=\"_blank\" rel=\"noopener noreferrer\">Suomen kielen historian sanasto<\/a>. Wikisanakirja. [ok 22.11.2021 an]<\/li>\n<li>Finnish: <a href=\"http:\/\/www.moped.fi\/materiaali\/xhi-sanasto.pdf\" target=\"_blank\" rel=\"noopener noreferrer\">Historian sanastoa<\/a>. Moped &#8211; monikulttuurisen pedagogiikan sivusto. [ok 22.11.2021 an]<\/li>\n<li>Finnish: <a class=\"result__a\" href=\"http:\/\/www.sci.fi\/~karielk\/elkets6.htm\" target=\"_blank\" rel=\"noopener noreferrer\">Maaseutuv\u00e4est\u00f6n historian sanastoa<\/a>. Kari Elkel\u00e4, 1997 [ok 22.11.2021 an]<\/li>\n<li>Finnish\/Swedish: <a href=\"https:\/\/www.juuret.org\/sanasto\" target=\"_blank\" rel=\"noopener\">Sukututkijan sanasto<\/a>. Juuret.org\u00a0[ok 22.11.2021 an]<\/li>\n<li>Swedish &#8211; Finnish &#8211; English: <a href=\"http:\/\/www.saunalahti.fi\/hirvela\/historismi_sivut\/ammatit%20a-k.html\" target=\"_blank\" rel=\"noopener noreferrer\">Ammatti- ja virkanimikkeit\u00e4<\/a>. <a href=\"http:\/\/www.saunalahti.fi\/hirvela\/index.html\" target=\"_blank\" rel=\"noopener noreferrer\">Historismi.Net<\/a>.<br \/>\n[ok 22.11.2021 an]<\/li>\n<li>Swedish &#8211; Finnish: <a href=\"http:\/\/www.saunalahti.fi\/hirvela\/historismi_sivut\/termitnew.html\" target=\"_blank\" rel=\"noopener\">Kirkonkirjoissa esiintyvi\u00e4 lyhenteit\u00e4 ja termej\u00e4<\/a>. <a href=\"http:\/\/www.saunalahti.fi\/hirvela\/index.html\" target=\"_blank\" rel=\"noopener\">Historismi.Net<\/a>.\u00a0[ok 22.11.2021 an]<\/li>\n<li>Swedish-Finnish: <a href=\"http:\/\/www.genealogia.fi\/hakem\/sanasto\/sanastoesi.htm\" target=\"_blank\" rel=\"noopener noreferrer\">Ruotsalais-suomalainen laki- ja virkakielen sanasto<\/a> 1883. [?? 22.11.2021 an]<\/li>\n<li>Finnish\/Swedish\/Russian\/English: Paikannimi\u00e4 ja paikkakuntaluetteloita &#8211;<a href=\"https:\/\/www.genealogia.fi\/paikallistieto\" target=\"_blank\" rel=\"noopener\">linkkilista<\/a>, <a href=\"http:\/\/www.genealogia.fi\/\" target=\"_blank\" rel=\"noopener noreferrer\">The Genealogical Society of Finland<\/a>.\u00a0[ok 22.11.2021 an]<\/li>\n<\/ul>\n<p>&nbsp;<\/p>\n<p>&nbsp;<\/p>\n<p>Note markings like [ok 18.2.2020 an] or [?? 18.2.2020 an] include following information<\/p>\n<ul>\n<li>ok = service available<\/li>\n<li>?? = not accessed when visited &#8211; may be functioning and will be checked later on<\/li>\n<li>date = the date of last visit by the Terminology Forum maintainers<\/li>\n<\/ul>\n<hr \/>\n<p>(c) Terminology Forum, a global information forum for terminological activities &amp; a non-profit portal for free terminological information online. Maintained by Anita Nuopponen, Communication Studies, University of Vaasa, Finland.<\/p>\n<p>Comments to: Anita Nuopponen, firstname.surname @uwa sa.f i<\/p>\n<p>DISCLAIMER: This portal includes links to external websites. This portal is neither responsible for the content nor guarantees the quality of any linked external websites.<\/p>\n","protected":false},"excerpt":{"rendered":"<p>Special Field Glossaries English English: Glossary of history &#8211; Wikipedia [ok 22.11.2021 an] English: History and culture. Glossary of terms. [ok 22.11.2021 an] English: European History\/Glossary. Wikibooks. [ok 22.11.2021 ann] Finnish Finnish: Suomen kielen historian sanasto. Wikisanakirja. [ok 22.11.2021 an] Finnish: Historian sanastoa. Moped &#8211; monikulttuurisen pedagogiikan sivusto. [ok 22.11.2021 an] Finnish: Maaseutuv\u00e4est\u00f6n historian sanastoa. [&hellip;]<\/p>\n","protected":false},"author":81,"featured_media":0,"parent":20,"menu_order":0,"comment_status":"closed","ping_status":"closed","template":"","meta":{"_acf_changed":false,"footnotes":""},"class_list":["post-196","page","type-page","status-publish","hentry"],"acf":[],"_links":{"self":[{"href":"https:\/\/sites.uwasa.fi\/terminologyforum\/wp-json\/wp\/v2\/pages\/196"}],"collection":[{"href":"https:\/\/sites.uwasa.fi\/terminologyforum\/wp-json\/wp\/v2\/pages"}],"about":[{"href":"https:\/\/sites.uwasa.fi\/terminologyforum\/wp-json\/wp\/v2\/types\/page"}],"author":[{"embeddable":true,"href":"https:\/\/sites.uwasa.fi\/terminologyforum\/wp-json\/wp\/v2\/users\/81"}],"replies":[{"embeddable":true,"href":"https:\/\/sites.uwasa.fi\/terminologyforum\/wp-json\/wp\/v2\/comments?post=196"}],"version-history":[{"count":4,"href":"https:\/\/sites.uwasa.fi\/terminologyforum\/wp-json\/wp\/v2\/pages\/196\/revisions"}],"predecessor-version":[{"id":539,"href":"https:\/\/sites.uwasa.fi\/terminologyforum\/wp-json\/wp\/v2\/pages\/196\/revisions\/539"}],"up":[{"embeddable":true,"href":"https:\/\/sites.uwasa.fi\/terminologyforum\/wp-json\/wp\/v2\/pages\/20"}],"wp:attachment":[{"href":"https:\/\/sites.uwasa.fi\/terminologyforum\/wp-json\/wp\/v2\/media?parent=196"}],"curies":[{"name":"wp","href":"https:\/\/api.w.org\/{rel}","templated":true}]}}