{"id":190,"date":"2020-03-21T19:45:56","date_gmt":"2020-03-21T17:45:56","guid":{"rendered":"https:\/\/sites.uwasa.fi\/terminologyforum\/?page_id=190"},"modified":"2021-11-19T23:17:52","modified_gmt":"2021-11-19T21:17:52","slug":"forestry","status":"publish","type":"page","link":"https:\/\/sites.uwasa.fi\/terminologyforum\/special-field-glossaries\/forestry\/","title":{"rendered":"Forestry"},"content":{"rendered":"<h3><a href=\"https:\/\/sites.uwasa.fi\/terminologyforum\/special-field-glossaries\/\" target=\"_blank\" rel=\"noopener noreferrer\">Special Field Glossaries<\/a><\/h3>\n<p><strong>English<\/strong><\/p>\n<ul>\n<li><a href=\"http:\/\/www.genesisny.net\/Commodity\/Timber\/Timberglos.html\" target=\"_blank\" rel=\"noopener noreferrer\">Glossary of Terms Used in Timber Harvesting and Forest Engineering<\/a>, Genesis Timber Environmental Services. [ok 19.11.2021 an]<\/li>\n<li><a href=\"http:\/\/cfs.nrcan.gc.ca\/terms\" target=\"_blank\" rel=\"noopener noreferrer\">Glossary &#8211; Canada&#8217;s Forests<\/a>. Natural Resources Canada. [ok 19.11.2021 an]<\/li>\n<li><a href=\"http:\/\/www.for.gov.bc.ca\/hfd\/library\/documents\/acronyms\/\" target=\"_blank\" rel=\"noopener noreferrer\">Forestry Acronyms and Initialisms<\/a>, Government of British Columbia. [ok 19.11.2021 an]<\/li>\n<li><a href=\"http:\/\/www.metla.fi\/metinfo\/metsienterveys\/info\/term-e.htm\" target=\"_blank\" rel=\"noopener noreferrer\">Glossary of forest protection<\/a>. Metla [ok 19.11.2021 an]<\/li>\n<li><a href=\"http:\/\/www.treedictionary.com\/DICT2003\/index.html\" target=\"_blank\" rel=\"noopener noreferrer\">Techno Tree Biology Dictionary<\/a>. [ok 19.11.2021 an]<\/li>\n<\/ul>\n<h3>Finnish<\/h3>\n<ul>\n<li>Finnish, Swedish, English: <a href=\"http:\/\/www.metla.fi\/metinfo\/metsienterveys\/sanasto.htm\" target=\"_blank\" rel=\"noopener noreferrer\">Mets\u00e4tuhoihin liittyv\u00e4\u00e4 sanastoa<\/a>, <a href=\"http:\/\/www.metla.fi\/index.html\" target=\"_blank\" rel=\"noopener noreferrer\">Mets\u00e4ntutkimuslaitos<\/a>. [ok 19.11.2021 an]<\/li>\n<li>Finnish (some equivalents in English, Swedish, Russian): <a href=\"https:\/\/sanastot.suomi.fi\/concepts\/585d492d-a941-4831-89ad-5fe6ac0f624e\" target=\"_blank\" rel=\"noopener noreferrer\">Mets\u00e4sanasto<\/a>. Ymp\u00e4rist\u00f6ministeri\u00f6. [ok 19.11.2021 ann]<\/li>\n<li>Finnish: <a href=\"https:\/\/www.metsalehti.fi\/metsanomistus\/metsasanasto\/\" target=\"_blank\" rel=\"noopener noreferrer\">Mets\u00e4sanasto<\/a>. Mets\u00e4lehti. [ok 19.11.2021 an]<\/li>\n<li>Finnish: <a href=\"https:\/\/www.storaensometsa.fi\/metsasanasto\/maiseman-hoito\/\" target=\"_blank\" rel=\"noopener noreferrer\">Mets\u00e4sanasto<\/a>. StoraEnso [ok 19.11.2021 an]<\/li>\n<li>Finnish: <a href=\"https:\/\/www.upmmetsa.fi\/tietoa-ja-tapahtumia\/tietoartikkelit\/metsasanasto\/\" target=\"_blank\" rel=\"noopener noreferrer\">Uuden mets\u00e4nomistajan sanasto<\/a>. UPM Mets\u00e4. [ok 19.11.2021 an]<\/li>\n<li>Finnish: <a href=\"https:\/\/www.metsanhoitosuositukset.fi\/sanasto\/\" target=\"_blank\" rel=\"noopener noreferrer\">Mets\u00e4nhoidon suositukset: Sanasto<\/a>. Tapio. [ok 19.11.2021 an]<\/li>\n<li>Finnish-English: <a href=\"https:\/\/forest.fi\/fi\/sanakirja\/\" target=\"_blank\" rel=\"noopener noreferrer\">Mets\u00e4alan sanakirja<\/a>. Suomen Mets\u00e4yhdistys. [ok 19.11.2021 an]<\/li>\n<li>Finnish: <a href=\"https:\/\/www.versowood.fi\/fi\/puukauppa\/puu-ja-metsasanasto\" target=\"_blank\" rel=\"noopener noreferrer\">Puu- ja mets\u00e4sanasto<\/a>. Versowood. [ok 19.11.2021 an]<\/li>\n<li>Finnish: Polku METS\u00c4\u00c4N &#8211; johdanto mets\u00e4n omistajuuteen -kurssin <a href=\"https:\/\/trinno.fi\/wp-content\/uploads\/MetsaSanasto\/Sanasto.pdf\" target=\"_blank\" rel=\"noopener noreferrer\">sanasto<\/a>. [ok 19.11.2021 an]<\/li>\n<li>Finnish: <a href=\"http:\/\/www.metla.fi\/metinfo\/metsienterveys\/info\/term-s.htm\" target=\"_blank\" rel=\"noopener noreferrer\">Metsien terveyteen liittyv\u00e4\u00e4 sanastoa<\/a>. Metla. [ok 19.11.2021 an]<\/li>\n<li>Finnish: <a href=\"http:\/\/pefc.fi\/wp-content\/uploads\/2016\/09\/PEFC_FI_1000_2014_Metsaesertifioinnin_sanasto_20141027.pdf\" target=\"_blank\" rel=\"noopener noreferrer\">PEFC-mets\u00e4sertifioinnin sanasto<\/a>. Standardi PEFC FI 1000:2014.\u00a0 <a href=\"https:\/\/pefc.fi\/\" target=\"_blank\" rel=\"noopener noreferrer\">Suomen Mets\u00e4sertifiointi ry<\/a>. [ok 19.11.2021 an]<\/li>\n<li>Finnish: <a href=\"https:\/\/www.neova-group.com\/medialle\/sanasto\" target=\"_blank\" rel=\"noopener noreferrer\">Biopolttoainetermej\u00e4<\/a>. Neova. [ok 19.11.2021 an]<\/li>\n<li>Finnish: <a href=\"https:\/\/www.kotimusic.fi\/24\" target=\"_blank\" rel=\"noopener noreferrer\">Savotta-, uitto- ja hevosmiesten sanasto. <\/a>Kotimusic. Kari Kuronen. [ok 19.11.2021 an]<\/li>\n<li>Finnish: Bioenergian Pikkuj\u00e4ttil\u00e4inen: <a href=\"https:\/\/www.bioenergianeuvoja.fi\/faktaa\/kasittet-ja-sanastoa\/\" target=\"_blank\" rel=\"noopener noreferrer\">K\u00e4sitteit\u00e4 ja sanastoa<\/a>. Bioenergianeuvoja.fi. [ok 19.11.2021 an]<\/li>\n<\/ul>\n<p>&nbsp;<\/p>\n<p>Note markings like [ok 07.01.2020 an] or [?? 07.01.2020 an] include following information<\/p>\n<ul>\n<li>ok = service available<\/li>\n<li>?? = not accessed when visited &#8211; may be functioning and will be checked later on<\/li>\n<li>date = the date of last visit by the Terminology Forum maintainers<\/li>\n<\/ul>\n<hr \/>\n<p>(c) Terminology Forum, a global information forum for terminological activities &amp; a non-profit portal for free terminological information online. Maintained by Anita Nuopponen, Dept. of Communication Studies, University of Vaasa, Finland.<\/p>\n<p>Comments to: Anita Nuopponen, firstname. surname @u wasa. fi<\/p>\n<p>DISCLAIMER: This portal includes links to external websites. This portal is neither responsible for the content nor guarantees the quality of any linked external websites.<\/p>\n","protected":false},"excerpt":{"rendered":"<p>Special Field Glossaries English Glossary of Terms Used in Timber Harvesting and Forest Engineering, Genesis Timber Environmental Services. [ok 19.11.2021 an] Glossary &#8211; Canada&#8217;s Forests. Natural Resources Canada. [ok 19.11.2021 an] Forestry Acronyms and Initialisms, Government of British Columbia. [ok 19.11.2021 an] Glossary of forest protection. Metla [ok 19.11.2021 an] Techno Tree Biology Dictionary. [ok [&hellip;]<\/p>\n","protected":false},"author":81,"featured_media":0,"parent":20,"menu_order":0,"comment_status":"closed","ping_status":"closed","template":"","meta":{"_acf_changed":false,"footnotes":""},"class_list":["post-190","page","type-page","status-publish","hentry"],"acf":[],"_links":{"self":[{"href":"https:\/\/sites.uwasa.fi\/terminologyforum\/wp-json\/wp\/v2\/pages\/190"}],"collection":[{"href":"https:\/\/sites.uwasa.fi\/terminologyforum\/wp-json\/wp\/v2\/pages"}],"about":[{"href":"https:\/\/sites.uwasa.fi\/terminologyforum\/wp-json\/wp\/v2\/types\/page"}],"author":[{"embeddable":true,"href":"https:\/\/sites.uwasa.fi\/terminologyforum\/wp-json\/wp\/v2\/users\/81"}],"replies":[{"embeddable":true,"href":"https:\/\/sites.uwasa.fi\/terminologyforum\/wp-json\/wp\/v2\/comments?post=190"}],"version-history":[{"count":3,"href":"https:\/\/sites.uwasa.fi\/terminologyforum\/wp-json\/wp\/v2\/pages\/190\/revisions"}],"predecessor-version":[{"id":532,"href":"https:\/\/sites.uwasa.fi\/terminologyforum\/wp-json\/wp\/v2\/pages\/190\/revisions\/532"}],"up":[{"embeddable":true,"href":"https:\/\/sites.uwasa.fi\/terminologyforum\/wp-json\/wp\/v2\/pages\/20"}],"wp:attachment":[{"href":"https:\/\/sites.uwasa.fi\/terminologyforum\/wp-json\/wp\/v2\/media?parent=190"}],"curies":[{"name":"wp","href":"https:\/\/api.w.org\/{rel}","templated":true}]}}