{"id":186,"date":"2020-03-21T19:36:28","date_gmt":"2020-03-21T17:36:28","guid":{"rendered":"https:\/\/sites.uwasa.fi\/terminologyforum\/?page_id=186"},"modified":"2021-11-19T22:12:33","modified_gmt":"2021-11-19T20:12:33","slug":"environment-and-nature","status":"publish","type":"page","link":"https:\/\/sites.uwasa.fi\/terminologyforum\/special-field-glossaries\/environment-and-nature\/","title":{"rendered":"Environment and Nature"},"content":{"rendered":"<p><strong>English<\/strong><\/p>\n<ul>\n<li>English: <a href=\"http:\/\/unstats.un.org\/unsd\/environmentgl\/\" target=\"_blank\" rel=\"noopener noreferrer\">Environment Glossary<\/a>. United Nations. [ok 19.11.2021 an]<\/li>\n<li>English: <a href=\"http:\/\/www.alken-murray.com\/glossarybug.html\" target=\"_blank\" rel=\"noopener noreferrer\">Glossary of Environment and Microbiology Terms<\/a>. [ok 19.11.2021 an]<\/li>\n<li>English: <a href=\"http:\/\/www.health.state.ny.us\/environmental\/glossary\/\" target=\"_blank\" rel=\"noopener noreferrer\">Glossary of Environmental Health Terms<\/a>. New York State Department of Health. [ok 19.11.2021 an]<\/li>\n<li>English: <a href=\"https:\/\/dtsc.ca.gov\/glossary-of-environmental-terms\/\" target=\"_blank\" rel=\"noopener\">Glossary of Environmental Terms<\/a>. Department of Toxic Substances Control, Canada. [ok 19.11.2021 an]<\/li>\n<\/ul>\n<div><strong>Finnish<\/strong><\/div>\n<ul>\n<li>Finnish-English-Swedish-Estonian-French-German-Latvian-Lithuanian-Russian: <a href=\"http:\/\/mot.kielikone.fi\/mot\/endic\/netmot.exe?UI=fied&amp;height=165\" target=\"_blank\" rel=\"noopener noreferrer\">Ymp\u00e4rist\u00f6sanakirja EnDic<\/a>. Valtion ymp\u00e4rist\u00f6hallinto. Mukana my\u00f6s Ilmatieteellinen sanakirja MetDic. Meteorologia, hydrologia, ymp\u00e4rist\u00f6tekniikka, vesihuolto, j\u00e4tehuolto ja EU:n ymp\u00e4rist\u00f6asiat. [ok 19.11.2021 an]<\/li>\n<li><span class=\"expandable-text-content\">Finnish: <\/span><a href=\"http:\/\/tieteentermipankki.fi\/wiki\/Ymp%C3%A4rist%C3%B6tieteet\" target=\"_blank\" rel=\"noopener noreferrer\">Ymp\u00e4rist\u00f6tieteiden termist\u00f6<\/a>. Tieteen termipankki.\u00a0[ok 19.11.2021 an]<\/li>\n<li><span class=\"expandable-text-content\">Finnish: <\/span><a href=\"https:\/\/sanastot.suomi.fi\/concepts\/95d5a174-01af-4825-bae2-fd5fcaed1774\" target=\"_blank\" rel=\"noopener noreferrer\">Rakennetun ymp\u00e4rist\u00f6n sanasto<\/a>. <span class=\"expandable-text-content\">Ymp\u00e4rist\u00f6ministeri\u00f6. [ok 19.11.2021 an]<\/span><\/li>\n<li><span class=\"expandable-text-content\">Finnish: <a href=\"https:\/\/www.tunturisusi.com\/lappi\/\" target=\"_blank\" rel=\"noopener noreferrer\">Lappisanasto<\/a>. Tunturisusi.com. [ok 19.11.2021 an]<br \/>\n<\/span><\/li>\n<li><span class=\"expandable-text-content\">Finnish: <a href=\"https:\/\/suomenluonto.fi\/uutiset\/pieni-lapinsanasto-110\/\" target=\"_blank\" rel=\"noopener noreferrer\">Pieni lapinsanasto<\/a>. Suomen Luonto. [ok 19.11.2021 an]<br \/>\n<\/span><\/li>\n<li><span class=\"expandable-text-content\">Finnish (Russian):\u00a0 <a href=\"https:\/\/trepo.tuni.fi\/bitstream\/handle\/10024\/88574\/gradu00067.pdf?sequence=1&amp;isAllowed=y\" target=\"_blank\" rel=\"noopener noreferrer\">Suomalaisen ja ven\u00e4l\u00e4isen ymp\u00e4rist\u00f6alantermist\u00f6n vertailua<\/a>. Hynninen &amp; M\u00e4ki 2001. Pro gradu -tutkielma (Russian resum\u00e9), Tampereen yliopisto. [ok 19.11.2021 an]<br \/>\n<\/span><\/li>\n<li><span class=\"expandable-text-content\">Finnish: <span class=\"topicLineFirst\"><a href=\"http:\/\/lipas.uwasa.fi\/termino\/WasaTerm\/ymparistojohtaminen\/index.html\" target=\"_blank\" rel=\"noopener noreferrer\">Ymp\u00e4rist\u00f6johtamisen sanasto<\/a>. Susanna M\u00e4enp\u00e4\u00e4. [ok 19.11.2021 an]<br \/>\n<\/span><\/span><\/li>\n<li><span class=\"expandable-text-content\"><span class=\"topicLineFirst\">Finnish-Swedish-English: <a href=\"http:\/\/vanha.jly.fi\/sanasto.php\" target=\"_blank\" rel=\"noopener noreferrer\">J\u00e4tehuollon sanasto<\/a>. J\u00e4telaitosyhdistys ry [ok 19.11.2021 an]<br \/>\n<\/span><\/span><\/li>\n<li><span class=\"expandable-text-content\"><span class=\"topicLineFirst\">Finnish: <a href=\"https:\/\/unric.org\/fi\/ilmastosanasto\/\" target=\"_blank\" rel=\"noopener noreferrer\">Ilmastosanasto<\/a>. YKK. [ok 19.11.2021 an]<br \/>\n<\/span><\/span><\/li>\n<li><span class=\"expandable-text-content\"><span class=\"topicLineFirst\">Finnish: <a href=\"http:\/\/lipas.uwasa.fi\/termino\/WasaTerm\/ekosysteemi\/index.html\" target=\"_blank\" rel=\"noopener noreferrer\">Ekosysteemisanasto<\/a>. Tuomas H\u00e4m\u00e4l\u00e4inen 2014, Vaasan yliopisto. [ok 19.11.2021 an]<br \/>\n<\/span><\/span><\/li>\n<\/ul>\n<p>&nbsp;<\/p>\n<p>See also: Meteorology and Natural hazards<\/p>\n<p>&nbsp;<\/p>\n<p>&nbsp;<\/p>\n<p>&nbsp;<\/p>\n<p>&nbsp;<\/p>\n<p>&nbsp;<\/p>\n<p>&nbsp;<\/p>\n<p>Note markings like [ok 9.7.2019 an] or [?? 10.7.2019 an] include following information<\/p>\n<ul>\n<li>ok = service available<\/li>\n<li>?? = not accessed when visited &#8211; may be functioning and will be checked later on<\/li>\n<li>date = the date of last visit by the Terminology Forum maintainers<\/li>\n<\/ul>\n<hr \/>\n<p>(c) Terminology Forum a global information forum for terminological activities &amp; a non-profit portal for free terminological information online. Maintained by Anita Nuopponen, Dept. of Communication Studies, University of Vaasa, Finland.<\/p>\n<p>Comments to: Anita Nuopponen, first name. surname@ uwasa. fi<\/p>\n<p>DISCLAIMER: This portal includes links to external websites. This portal is neither responsible for the content nor guarantees the quality of any linked external websites.<\/p>\n","protected":false},"excerpt":{"rendered":"<p>English English: Environment Glossary. United Nations. [ok 19.11.2021 an] English: Glossary of Environment and Microbiology Terms. [ok 19.11.2021 an] English: Glossary of Environmental Health Terms. New York State Department of Health. [ok 19.11.2021 an] English: Glossary of Environmental Terms. Department of Toxic Substances Control, Canada. [ok 19.11.2021 an] Finnish Finnish-English-Swedish-Estonian-French-German-Latvian-Lithuanian-Russian: Ymp\u00e4rist\u00f6sanakirja EnDic. Valtion ymp\u00e4rist\u00f6hallinto. Mukana [&hellip;]<\/p>\n","protected":false},"author":81,"featured_media":0,"parent":20,"menu_order":0,"comment_status":"closed","ping_status":"closed","template":"","meta":{"_acf_changed":false,"footnotes":""},"class_list":["post-186","page","type-page","status-publish","hentry"],"acf":[],"_links":{"self":[{"href":"https:\/\/sites.uwasa.fi\/terminologyforum\/wp-json\/wp\/v2\/pages\/186"}],"collection":[{"href":"https:\/\/sites.uwasa.fi\/terminologyforum\/wp-json\/wp\/v2\/pages"}],"about":[{"href":"https:\/\/sites.uwasa.fi\/terminologyforum\/wp-json\/wp\/v2\/types\/page"}],"author":[{"embeddable":true,"href":"https:\/\/sites.uwasa.fi\/terminologyforum\/wp-json\/wp\/v2\/users\/81"}],"replies":[{"embeddable":true,"href":"https:\/\/sites.uwasa.fi\/terminologyforum\/wp-json\/wp\/v2\/comments?post=186"}],"version-history":[{"count":4,"href":"https:\/\/sites.uwasa.fi\/terminologyforum\/wp-json\/wp\/v2\/pages\/186\/revisions"}],"predecessor-version":[{"id":530,"href":"https:\/\/sites.uwasa.fi\/terminologyforum\/wp-json\/wp\/v2\/pages\/186\/revisions\/530"}],"up":[{"embeddable":true,"href":"https:\/\/sites.uwasa.fi\/terminologyforum\/wp-json\/wp\/v2\/pages\/20"}],"wp:attachment":[{"href":"https:\/\/sites.uwasa.fi\/terminologyforum\/wp-json\/wp\/v2\/media?parent=186"}],"curies":[{"name":"wp","href":"https:\/\/api.w.org\/{rel}","templated":true}]}}