{"id":174,"date":"2020-03-16T20:16:43","date_gmt":"2020-03-16T18:16:43","guid":{"rendered":"https:\/\/sites.uwasa.fi\/terminologyforum\/?page_id=174"},"modified":"2021-11-16T10:16:10","modified_gmt":"2021-11-16T08:16:10","slug":"energy","status":"publish","type":"page","link":"https:\/\/sites.uwasa.fi\/terminologyforum\/special-field-glossaries\/energy\/","title":{"rendered":"Energy"},"content":{"rendered":"<div id=\"article\">\n<h2><a href=\"https:\/\/sites.uwasa.fi\/terminologyforum\/special-field-glossaries\/\" target=\"_blank\" rel=\"noopener noreferrer\">Special Field Glossaries<\/a><\/h2>\n<p><strong>English<\/strong><\/p>\n<ul>\n<li>English &#8211; <a href=\"http:\/\/needtoknow.nas.edu\/energy\/glossary\/\" target=\"_blank\" rel=\"noopener\">What You Need To Know About Energy Glossary<\/a>. [ok 16.11.2021 an]<\/li>\n<li>English: <a href=\"https:\/\/www.energy.gov\/eere\/bioenergy\/glossary\" target=\"_blank\" rel=\"noopener noreferrer\">Bioenergy Glossary<\/a>. Office of Energy Efficiency &amp; Renewable Energy, USA. [ok 16.11.2021 an]<\/li>\n<li>English: <a href=\"https:\/\/www.eia.gov\/tools\/glossary\/\" target=\"_blank\" rel=\"noopener noreferrer\">Glossary<\/a>. U.S. Energy Information Administration. [ok 16.11.2021 an]<\/li>\n<li>English: <a href=\"https:\/\/www.cleanenergyresourceteams.org\/glossary\" target=\"_blank\" rel=\"noopener noreferrer\">Energy terms glossary<\/a>. Clean Energy Resource Teams, CERTs. [ok 16.11.2021 an]<\/li>\n<li>English: <a href=\"https:\/\/scholarworks.gvsu.edu\/cgi\/viewcontent.cgi?article=1005&amp;context=bioreports\" target=\"_blank\" rel=\"noopener noreferrer\">Wind Energy Glossary<\/a>. Erik Edward Nordman, Grand Valley State University, USA. [ok 16.11.2021 an]<\/li>\n<li>English: <a href=\"https:\/\/www.energy.ca.gov\/resources\/energy-glossary\" target=\"_blank\" rel=\"noopener noreferrer\">Glossary of Energy Terms<\/a>. California Energy Commission. [ok 16.11.2021 an]<\/li>\n<li>English: <a href=\"https:\/\/www.energy.gov\/eere\/solar\/solar-energy-glossary\" target=\"_blank\" rel=\"noopener\">Solar Energy Glossary<\/a>. Office of Energy Efficiency &amp; Renewable Energy, USA. [ok 16.11.2021 an]<\/li>\n<\/ul>\n<p><strong>Finnish:<\/strong><\/p>\n<ul>\n<li>Finnish-English: <a href=\"https:\/\/vnk.fi\/documents\/10616\/343825\/Ilmasto-_ja_energiasanasto_2010_%2820100812%29.pdf\/07e5287b-0c8f-497d-87bd-105ca5bed674\/Ilmasto-_ja_energiasanasto_2010_%2820100812%29.pdf\" target=\"_blank\" rel=\"noopener noreferrer\">Ilmasto- ja energiasanasto 2010<\/a>. Valtioneuvoston kanslia. [ok 16.11.2021 an]<\/li>\n<li>Finnish: <a href=\"https:\/\/fi.wiktionary.org\/wiki\/Luokka:Suomen_kielen_energiasanasto\" target=\"_blank\" rel=\"noopener\">Suomen kielen energiasanasto<\/a>. Wikisanakirja. [ok 16.11.2021 an]<\/li>\n<li>Finnish: <a href=\"https:\/\/www.nordicgreen.fi\/asiakaspalvelu\/energiatietoa\/energiasanasto\/\" target=\"_blank\" rel=\"noopener noreferrer\">Energiasanasto<\/a>. Nordic Green Energy. [ok 16.11.2021 an]<\/li>\n<li>Finnish: <a href=\"https:\/\/lannenomavoima.fi\/muut\/energiasanastoa\" target=\"_blank\" rel=\"noopener noreferrer\">Energiasanastoa<\/a>. L\u00e4nnen Omavoima. [ok 16.11.2021 an]<\/li>\n<li>Finnish: <a href=\"https:\/\/www.oulunenergia.fi\/asiointi\/ota-yhteytta\/usein-kysyttya\/energiasanasto\" target=\"_blank\" rel=\"noopener noreferrer\">Energiasanasto<\/a>. Oulun Energia. [ok 16.11.2021 an]<\/li>\n<li>Finnish: <a href=\"https:\/\/www.issoy.fi\/ohjeet-ja-vinkit\/energiasanasto\" target=\"_blank\" rel=\"noopener noreferrer\">Energiasanasto<\/a>. Imatran Seudun S\u00e4hk\u00f6. [ok 16.11.2021 an]<\/li>\n<li>Finnish: <a href=\"https:\/\/www.motiva.fi\/ajankohtaista\/energiasanasto_ja_-yksikot\/energiasanasto\" target=\"_blank\" rel=\"noopener noreferrer\">Energiasanasto<\/a>. Motiva. [ok 16.11.2021 an]<\/li>\n<li>Finnish: <a href=\"https:\/\/www.st1.fi\/yksityisille\/tuotteet-ja-palvelut\/polttonesteklinikka\/turvallisuus-kuljetus-ja-varastointi-0\" target=\"_blank\" rel=\"noopener noreferrer\">\u00d6ljyl\u00e4mmityksen sanasto<\/a>. St1. [ok 16.11.2021 an]<\/li>\n<li>Finnish: <a href=\"https:\/\/www.bosch-climate.fi\/tietoa-lampopumpuista\/tietoa-lampopumpuista-sanasto\/\" target=\"_blank\" rel=\"noopener noreferrer\">L\u00e4mp\u00f6pumppusanasto<\/a>. Bosch. [ok 16.11.2021 an]<\/li>\n<li>Finnish: <a href=\"https:\/\/gebwell.fi\/maalampo\/maalamposanasto\/\" target=\"_blank\" rel=\"noopener noreferrer\">Maal\u00e4mp\u00f6sanasto<\/a>. Gebwell. [ok 16.11.2021 an]<\/li>\n<li>Finnish: <a href=\"https:\/\/www.tuulivoimayhdistys.fi\/tietoa-tuulivoimasta\/tietoa-tuulivoimasta\/tuulivoimasanastoa\" target=\"_blank\" rel=\"noopener noreferrer\">Tuulivoimasanastoa<\/a>. Tuulivoimayhdistys. [ok 16.11.2021 an]<\/li>\n<li>Finnish: <a href=\"https:\/\/www.sahkoliitto.fi\/sahkosanastoa\" target=\"_blank\" rel=\"noopener noreferrer\">S\u00e4hk\u00f6sanastoa<\/a>. Perustuu Reijo Nurmelan ker\u00e4\u00e4m\u00e4\u00e4n <em>S\u00e4hk\u00f6miesten ammattislangia Turussa 2016<\/em> -kirjaseen. [ok 16.11.2021 an]<\/li>\n<\/ul>\n<p>&nbsp;<\/p>\n<p>&nbsp;<\/p>\n<p>Note markings like [ok 16.3.2020 an] or [?? 16.3.2020 an] include following information<\/p>\n<ul>\n<li>ok = service available<\/li>\n<li>?? = not accessed when visited &#8211; may be functioning and will be checked later on<\/li>\n<li>date = the date of last visit by the Terminology Forum maintainers<\/li>\n<\/ul>\n<hr \/>\n<p>(c) Terminology Forum, a global information forum for terminological activities &amp; a non-profit portal for free terminological information online. Maintained by Anita Nuopponen, Communication Studies, University of Vaasa, Finland.<\/p>\n<p>Comments to: Anita Nuopponen, firstname . surname@ uwasa. fi<\/p>\n<p>DISCLAIMER: This portal includes links to external websites. This portal is neither responsible for the content nor guarantees the quality of any linked external websites.<\/p>\n<\/div>\n","protected":false},"excerpt":{"rendered":"<p>Special Field Glossaries English English &#8211; What You Need To Know About Energy Glossary. [ok 16.11.2021 an] English: Bioenergy Glossary. Office of Energy Efficiency &amp; Renewable Energy, USA. [ok 16.11.2021 an] English: Glossary. U.S. Energy Information Administration. [ok 16.11.2021 an] English: Energy terms glossary. Clean Energy Resource Teams, CERTs. [ok 16.11.2021 an] English: Wind Energy [&hellip;]<\/p>\n","protected":false},"author":81,"featured_media":0,"parent":20,"menu_order":0,"comment_status":"closed","ping_status":"closed","template":"","meta":{"_acf_changed":false,"footnotes":""},"class_list":["post-174","page","type-page","status-publish","hentry"],"acf":[],"_links":{"self":[{"href":"https:\/\/sites.uwasa.fi\/terminologyforum\/wp-json\/wp\/v2\/pages\/174"}],"collection":[{"href":"https:\/\/sites.uwasa.fi\/terminologyforum\/wp-json\/wp\/v2\/pages"}],"about":[{"href":"https:\/\/sites.uwasa.fi\/terminologyforum\/wp-json\/wp\/v2\/types\/page"}],"author":[{"embeddable":true,"href":"https:\/\/sites.uwasa.fi\/terminologyforum\/wp-json\/wp\/v2\/users\/81"}],"replies":[{"embeddable":true,"href":"https:\/\/sites.uwasa.fi\/terminologyforum\/wp-json\/wp\/v2\/comments?post=174"}],"version-history":[{"count":7,"href":"https:\/\/sites.uwasa.fi\/terminologyforum\/wp-json\/wp\/v2\/pages\/174\/revisions"}],"predecessor-version":[{"id":468,"href":"https:\/\/sites.uwasa.fi\/terminologyforum\/wp-json\/wp\/v2\/pages\/174\/revisions\/468"}],"up":[{"embeddable":true,"href":"https:\/\/sites.uwasa.fi\/terminologyforum\/wp-json\/wp\/v2\/pages\/20"}],"wp:attachment":[{"href":"https:\/\/sites.uwasa.fi\/terminologyforum\/wp-json\/wp\/v2\/media?parent=174"}],"curies":[{"name":"wp","href":"https:\/\/api.w.org\/{rel}","templated":true}]}}