{"id":168,"date":"2020-03-16T19:49:45","date_gmt":"2020-03-16T17:49:45","guid":{"rendered":"https:\/\/sites.uwasa.fi\/terminologyforum\/?page_id=168"},"modified":"2020-04-03T19:27:16","modified_gmt":"2020-04-03T16:27:16","slug":"economics-and-business","status":"publish","type":"page","link":"https:\/\/sites.uwasa.fi\/terminologyforum\/special-field-glossaries\/economics-and-business\/","title":{"rendered":"Economics and Business"},"content":{"rendered":"<div id=\"article\">\n<h3><a href=\"https:\/\/sites.uwasa.fi\/terminologyforum\/special-field-glossaries\/\" target=\"_blank\" rel=\"noopener noreferrer\">Special Field Glossaries<\/a><\/h3>\n<p><strong>English<\/strong><\/p>\n<ul>\n<li>English: <a href=\"https:\/\/fi.wiktionary.org\/wiki\/Luokka:Englannin_kielen_liiketaloustieteen_sanasto\" target=\"_blank\" rel=\"noopener noreferrer\">Englannin kielen liiketaloustieteen sanasto<\/a>. Wikisanakirja. ok 27.1.2020 an]<\/li>\n<li>English: <a href=\"https:\/\/www.theguardian.com\/business\/glossary-business-terms-a-z-jargon\" target=\"_blank\" rel=\"noopener noreferrer\">Glossary of business terms &#8211; A to Z<\/a>. Guardian. [ok 27.1.2020 an]<\/li>\n<li>English: <a href=\"https:\/\/www.investopedia.com\/financial-term-dictionary-4769738\" target=\"_blank\" rel=\"noopener noreferrer\">Financial Terms Dictionary<\/a>. Investopedia. [ok 3.4.2020 an]<\/li>\n<\/ul>\n<h3><strong>Acounting, Microeconomics, Financing, Exchange<\/strong><\/h3>\n<ul>\n<li>English: <a href=\"http:\/\/www.oasismanagement.com\/glossary\/\" target=\"_blank\" rel=\"noopener noreferrer\">Comprehensive Financial Glossary<\/a>. <a href=\"http:\/\/www.oasismanagement.com\/\" target=\"_blank\" rel=\"noopener noreferrer\">Barkley International Inc. OASIS Management<\/a>. [ok 04.07.2019 hh]<\/li>\n<li>English: <a href=\"https:\/\/www.nordea.com\/en\/our-services\/tradefinance\/support\/glossary\/\" target=\"_blank\" rel=\"noopener noreferrer\">Trade finance glossary<\/a>. Nordea. [ok 9.3.2020 an]<\/li>\n<\/ul>\n<div><strong>Finnish<\/strong><\/div>\n<div>\n<ul>\n<li>Finnish-Swedish-English: <a href=\"http:\/\/www.tsk.fi\/tsk\/pankkisanasto\/fi\" target=\"_blank\" rel=\"noopener noreferrer\">Pankki- ja rahoitussanasto<\/a>. Sanastokeskus TSK. [ok 27.1.2020 an]<\/li>\n<li>Finnish: <a href=\"http:\/\/users.utu.fi\/moovai\/mv_sanasto.html\" target=\"_blank\" rel=\"noopener noreferrer\">Rahoitusalan sanasto<\/a>. Mika Vaihekoski, Turun kauppakorkeakoulu. [ok 27.1.2020 an]<\/li>\n<li>Finnish-Swedish-English: <a href=\"https:\/\/vnk.fi\/documents\/10616\/3457861\/Rahoitusmarkkinasanasto+(fi-sv-en)\" target=\"_blank\" rel=\"noopener noreferrer\">Rahoitusmarkkinasanasto &#8211; Finansmarknadsterminologi &#8211; Financial Markets Glossary<\/a>. Valtioneuvoston kanslia. [ok 9.3.2020 an]<\/li>\n<li>Finnish: <a href=\"https:\/\/www.porssisaatio.fi\/osakesaastaminen\/dictionary\/\" target=\"_blank\" rel=\"noopener noreferrer\">Osakes\u00e4\u00e4st\u00e4misen sanasto<\/a>. P\u00f6rssis\u00e4\u00e4ti\u00f6. [ok 9.3.2020 an]<\/li>\n<li>Finnish: <a href=\"https:\/\/www.saastopankki.fi\/fi-fi\/saastaminen-ja-sijoittaminen\/sijoitussanasto\" target=\"_blank\" rel=\"noopener noreferrer\">Sijoitussanasto<\/a>. S\u00e4\u00e4st\u00f6pankki. [ok 27.1.2020 an]<\/li>\n<li>Finnish: <a href=\"https:\/\/www.sijoitustieto.fi\/Sijoitussanasto\" target=\"_blank\" rel=\"noopener noreferrer\">Sijoittajan sanasto.<\/a> Sijoitustieto Finland Oy. [ok 27.1.2020 an]<\/li>\n<li>Finnish: <a href=\"https:\/\/www.tela.fi\/sijoitussanasto\" target=\"_blank\" rel=\"noopener noreferrer\">Sijoitussanasto<\/a>. Ty\u00f6el\u00e4kevakuuttajat TELA ry. [ok 27.1.2020 an]<\/li>\n<li>Finnish: <a href=\"https:\/\/evervest.com\/selkokielinen-sijoitussanasto\/\" target=\"_blank\" rel=\"noopener noreferrer\">Selkokielinen sijoitussanasto<\/a>. Evervest. [ok 27.1.2020 an]<\/li>\n<li>Finnish: <a href=\"https:\/\/www.visma.fi\/epasseli\/kirjanpidon-sanakirja\/\" target=\"_blank\" rel=\"noopener noreferrer\">Kirjanpidon sanakirja<\/a>. Visma. [ok 9.3.2020 an]<\/li>\n<li>Finnish-English-Swedish: <a href=\"https:\/\/relipe.fi\/taloushallinnon-terminologiaa-suomi-englanti\/\" target=\"_blank\" rel=\"noopener noreferrer\">Taloushallinnon terminologiaa suomeksi, ruotsiksi ja englanniksi<\/a>. Tilitoimisto Relipe Oy. [ok 9.3.2020 an]<\/li>\n<li>Finnish: <a href=\"http:\/\/www.tsk.fi\/tsk\/fi\/palkkahallinnon_sanasto-1029.html\" target=\"_blank\" rel=\"noopener noreferrer\">Palkkahallinnon sanasto<\/a>. Valtiovarainministeri\u00f6, 2017. [ok 9.3.2020 an]<\/li>\n<li>Finnish:\u00a0 <a href=\"https:\/\/www.vero.fi\/tulorekisteri\/tietoa-meist%C3%A4\/tietoa-tulorekisterist%C3%A4\/sanastot\/\" target=\"_blank\" rel=\"noopener noreferrer\">Tulorekisterin sanastot ja termit<\/a>. Verohallinto. [ok 9.3.2020 an]<\/li>\n<li>Finnish-Swedish-English-German-French: <a href=\"https:\/\/vnk.fi\/documents\/10616\/343825\/Verosanasto_2002\/a83bb463-8e34-4952-a486-6a79f1510b84\/Verosanasto_2002.pdf\" target=\"_blank\" rel=\"noopener noreferrer\">Verosanasto &#8211; Skatteordlista &#8211; Taxation Glossary &#8211; Steuerglossar &#8211; Vocabulaire\u00a0 de la\u00a0 Fiscalit\u00e9.<\/a> Valtiovarainministeri\u00f6. [ok 9.3.2020 an]<\/li>\n<li>Finnish: <a href=\"https:\/\/www.almatalent.fi\/tietopalvelut\/tunnuslukuopas\" target=\"_blank\" rel=\"noopener noreferrer\">Tunnuslukuopas<\/a>. Alma Talent. [ok 9.3.2020 an]<\/li>\n<li>Finnish: <a href=\"http:\/\/finto.fi\/liito\/fi\/index\/M\" target=\"_blank\" rel=\"noopener noreferrer\">Liiketoimintaontologia LIITO<\/a>. Finto. [ok 9.3.2020 an]<\/li>\n<li>Finnish: <a href=\"https:\/\/www.sofokus.com\/fi\/digitaalisen-liiketoiminnan-sanasto\/\" target=\"_blank\" rel=\"noopener noreferrer\">Digitaalisen liiketoiminnan sanasto<\/a>. Sofokus.fi. [ok 9.3.2020 an]<\/li>\n<li>Finnish-Swedish-English: <a href=\"http:\/\/www.tsk.fi\/tsk\/fi\/palveluliiketoiminnan_sanasto-521.html\" target=\"_blank\" rel=\"noopener noreferrer\">Palveluliiketoiminnan sanasto &#8211; Ordlista f\u00f6r tj\u00e4nsteinriktad aff\u00e4rsverksamhet &#8211; Vocabulary of Service Business<\/a>. Tekes, 2010\/ TSK [ok 9.3.2020 an]<\/li>\n<li>Finnish-English: <a href=\"http:\/\/www.tsk.fi\/tiedostot\/pdf\/Kiinteistoliiketoiminnan_sanasto2.pdf\" target=\"_blank\" rel=\"noopener noreferrer\">Kiinteist\u00f6liiketoiminnan sanaston 2. laitos<\/a> &#8211; Vocabulary of Real Estate Business. RAKLI 2010. [ok 9.3.2020 an]<\/li>\n<li>Finnish: <a href=\"https:\/\/www.yritystulkki.fi\/fi\/alue\/tredea\/toimiva-yrittaja\/sanasto\/\" target=\"_blank\" rel=\"noopener noreferrer\">Yritt\u00e4j\u00e4n sanasto<\/a>. Business Tampere. [ok 9.3.2020 an]<\/li>\n<li>Finnish: <a href=\"http:\/\/www.yvi.fi\/sanakirja\" target=\"_blank\" rel=\"noopener noreferrer\">Yritt\u00e4jyyskasvatuksen sanakirja<\/a>. Yvi.fi. [ok 9.3.2020 an]<\/li>\n<li>Finnish: <a href=\"http:\/\/www.logistiikanmaailma.fi\/aineistot\/sanastot\/logistiikan-maailma-termisanasto\/\" target=\"_blank\" rel=\"noopener noreferrer\">Logistiikan maailman termisanasto<\/a>. Logistiikan Maailma. [ok 9.3.2020 an]<\/li>\n<\/ul>\n<\/div>\n<h3>Administration and Management:<\/h3>\n<ul>\n<li>English: <a href=\"https:\/\/www.unitar.org\/hiroshima\/sites\/unitar.org.hiroshima\/files\/Management%20Glossary%20-%20Musa%20Kamawi.pdf\" target=\"_blank\" rel=\"noopener noreferrer\">Concise Dictionary of Management Terms<\/a>. Musa Kamawi. [ok 9.3.2020 an]<\/li>\n<\/ul>\n<div><strong>Finnish<\/strong><\/div>\n<div>\n<ul>\n<li>Finnish: <a href=\"https:\/\/www.adapro.fi\/materiaalit\/projektijohtamisen_sanastoa\" target=\"_blank\" rel=\"noopener noreferrer\">Projektijohtamisen sanasto<\/a>. Adapro.<\/li>\n<\/ul>\n<\/div>\n<h3><strong>Marketing:<\/strong><\/h3>\n<ul>\n<li>English: <a href=\"https:\/\/www.thebalancesmb.com\/marketing-terms-and-definitions-2295418\" target=\"_blank\" rel=\"noopener noreferrer\">Marketing Terms Glossary<\/a>. [ok 26.07.2019 hh]<\/li>\n<li>English: <a href=\"https:\/\/www.marketingterms.com\/dictionary\/\" target=\"_blank\" rel=\"noopener noreferrer\">Glossary of Digital Marketing Terms<\/a>. MarketingTerms.com. [ok 9.3.2020 an]<\/li>\n<li>English: <a href=\"http:\/\/www.fao.org\/3\/W5973E\/w5973e0j.htm\" target=\"_blank\" rel=\"noopener noreferrer\">Glossary of marketing terms<\/a>. FAO. [ok 9.3.2020 an]<\/li>\n<li>English: <a href=\"https:\/\/www.monash.edu\/business\/marketing\/marketing-dictionary\" target=\"_blank\" rel=\"noopener noreferrer\">Marketing dictionary<\/a>. Monash University. [ok 9.3.2020 an]<\/li>\n<li>English: <a href=\"http:\/\/stepinoff-crosier.com\/pdf\/Marketing%20Glossary.pdf\" target=\"_blank\" rel=\"noopener noreferrer\">Glossary of Marketing Definitions<\/a>. Dr. Christine M. Koontz Florida State University 2001. [ok 9.3.2020 an]<\/li>\n<li>English: <a href=\"https:\/\/marketing-dictionary.org\/\" target=\"_blank\" rel=\"noopener noreferrer\">Common Language Marketing Dictionary<\/a>. Marketing Accountability Standards Board. [ok 9.3.2020 an]<\/li>\n<li>English: <a href=\"https:\/\/www.highervisibility.com\/wp-content\/uploads\/2017\/03\/Digital-Marketing-Glossary-of-Basic-Terms-Concepts.pdf\" target=\"_blank\" rel=\"noopener noreferrer\">Digital Marketing Glossary of Basic Terms &amp; Concepts<\/a>. HigherVisibility. [ok 9.3.2020 an]<\/li>\n<li>English: <a href=\"https:\/\/copyblogger.com\/content-marketing-glossary\/\" target=\"_blank\" rel=\"noopener noreferrer\">Content Marketing Glossary<\/a>. Copyblogger. [ok 9.3.2020 an]<\/li>\n<\/ul>\n<div><strong>Finnish<\/strong><\/div>\n<div>\n<ul>\n<li>Finnish: <a href=\"https:\/\/www.screenforce.fi\/mainonta\/sanasto\" target=\"_blank\" rel=\"noopener noreferrer\">Mainonnan sanasto<\/a>. Screenforce. [ok 21.1.2020 an]<\/li>\n<li>Finnish: <a href=\"https:\/\/www.iab.fi\/oppaat-ja-suositukset\/sanastot.html\" target=\"_blank\" rel=\"noopener noreferrer\">Digitaalisen mainonnan sanasto<\/a>. IAV Finland. [ok 21.1.2020 an]<\/li>\n<li>Finnish: <a href=\"https:\/\/www.konversio.fi\/konversio\/digitaalisen-markkinoinnin-sanasto\/\" target=\"_blank\" rel=\"noopener noreferrer\">Digitaalisen markkinoinnin sanasto<\/a>. Ismo Tenkanen, Econometrics Finland, Digitaalisen markkinoinnin konsultointi [ok 27.1.2020 an]<\/li>\n<li>Finnish: <a href=\"https:\/\/www.flumenia.fi\/avainsana\/digimarkkinoinnin-sanasto\/\" target=\"_blank\" rel=\"noopener noreferrer\">Digimarkkinoinnin sanasto<\/a>. Sanna Virtanen, Flumenia. [ok 27.1.2020 an]<\/li>\n<li>Finnish: <a href=\"https:\/\/www.bisneskoulu.fi\/digimarkkinoinnin-abc-sanasto\/\" target=\"_blank\" rel=\"noopener noreferrer\">Digimarkkinoinnin ABC sanasto<\/a>. Bisneskoulu. [ok 9.3.2020 an]<\/li>\n<li>Finnish: <a href=\"https:\/\/mtl.fi\/ohjeet-oppaat\/sanastoa\/\" target=\"_blank\" rel=\"noopener noreferrer\">Sanasto<\/a>. Markkinoinnin, teknologian ja luovuuden liitto MTL. [ok 27.1.2020 an]<\/li>\n<li>Finnish: <a href=\"https:\/\/www.almatalent.fi\/tietopalvelut\/blogi\/sahkopostimarkkinoinnin-sanasto\" target=\"_blank\" rel=\"noopener noreferrer\">S\u00e4hk\u00f6postimarkkinoinnin sanasto<\/a>. Alma Talent. [ok 27.1.2020 an]<\/li>\n<li>Finnish: <a href=\"https:\/\/tuplaamo.fi\/markkinointisanasto\/\" target=\"_blank\" rel=\"noopener noreferrer\">Markkinointisanasto<\/a>. Tuplaamo.fi [ok 9.3.2020 an]<\/li>\n<li>Finnish: <a href=\"https:\/\/www.iab.fi\/media\/pdf-tiedostot\/standardit-ja-oppaat\/hakusanamainonnan-sanasto.pdf\" target=\"_blank\" rel=\"noopener noreferrer\">Hakusanamainonnan sanasto<\/a>. IAB.fi. [ok 9.3.2020 an]<\/li>\n<li>Finnish: <a href=\"http:\/\/www.onet.fi\/google-adwords-sanasto\">Google mainontaan liittyv\u00e4\u00e4 sanastoa<\/a>. Onet.fi. [ok 9.3.2020 an]<\/li>\n<li>Finnish: <a href=\"https:\/\/www.carat.com\/fi\/fi\/uutiset\/mediasanasto\/\" target=\"_blank\" rel=\"noopener noreferrer\">Mediasanasto<\/a>. Carat.fi. [ok 9.3.2020 an]<\/li>\n<\/ul>\n<\/div>\n<p>&nbsp;<\/p>\n<p>&nbsp;<\/p>\n<p>&nbsp;<\/p>\n<p>&nbsp;<\/p>\n<p>&nbsp;<\/p>\n<p>&nbsp;<\/p>\n<p>&nbsp;<\/p>\n<p>&nbsp;<\/p>\n<p>Note markings like [ok 9.3.2020 an]or [?? 9.3.2020 an] include following information<\/p>\n<ul>\n<li>ok = service available<\/li>\n<li>?? = not accessed when visited &#8211; may be functioning and will be checked later on<\/li>\n<li>date = the date of last visit by the Terminology Forum maintainers<\/li>\n<\/ul>\n<hr \/>\n<p>Terminology Forum, a global information forum for terminological activities &amp; a non-profit portal for free terminological information online. Maintained by Anita Nuopponen, Dept. of Communication Studies, University of Vaasa, Finland.<\/p>\n<p>Comments to: Anita Nuopponen,\u00a0<img decoding=\"async\" title=\"atn2.png\" src=\"https:\/\/www.uwasa.fi\/en\/sites\/terminology\/atn2.png\" alt=\"atn2.png\" border=\"0\" \/><\/p>\n<p>DISCLAIMER: This portal includes links to external websites. This portal is neither responsible for the content nor guarantees the quality of any linked external websites.<\/p>\n<\/div>\n","protected":false},"excerpt":{"rendered":"<p>Special Field Glossaries English English: Englannin kielen liiketaloustieteen sanasto. Wikisanakirja. ok 27.1.2020 an] English: Glossary of business terms &#8211; A to Z. Guardian. [ok 27.1.2020 an] English: Financial Terms Dictionary. Investopedia. [ok 3.4.2020 an] Acounting, Microeconomics, Financing, Exchange English: Comprehensive Financial Glossary. Barkley International Inc. OASIS Management. [ok 04.07.2019 hh] English: Trade finance glossary. Nordea. [&hellip;]<\/p>\n","protected":false},"author":81,"featured_media":0,"parent":20,"menu_order":0,"comment_status":"closed","ping_status":"closed","template":"","meta":{"_acf_changed":false,"footnotes":""},"class_list":["post-168","page","type-page","status-publish","hentry"],"acf":[],"_links":{"self":[{"href":"https:\/\/sites.uwasa.fi\/terminologyforum\/wp-json\/wp\/v2\/pages\/168"}],"collection":[{"href":"https:\/\/sites.uwasa.fi\/terminologyforum\/wp-json\/wp\/v2\/pages"}],"about":[{"href":"https:\/\/sites.uwasa.fi\/terminologyforum\/wp-json\/wp\/v2\/types\/page"}],"author":[{"embeddable":true,"href":"https:\/\/sites.uwasa.fi\/terminologyforum\/wp-json\/wp\/v2\/users\/81"}],"replies":[{"embeddable":true,"href":"https:\/\/sites.uwasa.fi\/terminologyforum\/wp-json\/wp\/v2\/comments?post=168"}],"version-history":[{"count":4,"href":"https:\/\/sites.uwasa.fi\/terminologyforum\/wp-json\/wp\/v2\/pages\/168\/revisions"}],"predecessor-version":[{"id":337,"href":"https:\/\/sites.uwasa.fi\/terminologyforum\/wp-json\/wp\/v2\/pages\/168\/revisions\/337"}],"up":[{"embeddable":true,"href":"https:\/\/sites.uwasa.fi\/terminologyforum\/wp-json\/wp\/v2\/pages\/20"}],"wp:attachment":[{"href":"https:\/\/sites.uwasa.fi\/terminologyforum\/wp-json\/wp\/v2\/media?parent=168"}],"curies":[{"name":"wp","href":"https:\/\/api.w.org\/{rel}","templated":true}]}}