{"id":141,"date":"2020-03-15T11:53:15","date_gmt":"2020-03-15T09:53:15","guid":{"rendered":"https:\/\/sites.uwasa.fi\/terminologyforum\/?page_id=141"},"modified":"2021-11-14T22:42:48","modified_gmt":"2021-11-14T20:42:48","slug":"education","status":"publish","type":"page","link":"https:\/\/sites.uwasa.fi\/terminologyforum\/special-field-glossaries\/education\/","title":{"rendered":"Education"},"content":{"rendered":"<div id=\"article\">\n<h3>Special Field Glossaries<\/h3>\n<p><strong>English<\/strong><\/p>\n<ul>\n<li>English: <a href=\"https:\/\/global.oup.com\/education\/help\/glossary\/?region=international\" target=\"_blank\" rel=\"noopener noreferrer\">Glossary of Educational Terms<\/a>. Oxford University Press. [ok 14.11.2021 an]<\/li>\n<li>English: <a href=\"https:\/\/www.collinsdictionary.com\/word-lists\/education-education-terms\" target=\"_blank\" rel=\"noopener noreferrer\">Word List: Education terms<\/a>. Collins. [ok 14.11.2021 an]<\/li>\n<li>English: <a href=\"https:\/\/www.specialeducationguide.com\/special-education-dictionary\/\" target=\"_blank\" rel=\"noopener noreferrer\">Special Education Dictionary<\/a>. Special Education Guide. [ok 14.11.2021 an]<\/li>\n<li>English: <a href=\"https:\/\/www.understandingspecialeducation.com\/special-education-terms.html\" target=\"_blank\" rel=\"noopener noreferrer\">Special Education Terms and Definitions<\/a>. UnderstandingSpecialEducation.com. [ok 14.11.2021 an]<\/li>\n<li>English (UK): <a href=\"http:\/\/www.gostudyuk.com\/glossary\/\" target=\"_blank\" rel=\"noopener noreferrer\">Glossary of UK educational terms<\/a>. GoStudyUK. [ok 14.11.2021 an]<\/li>\n<\/ul>\n<p><strong><br \/>\nFinnish<\/strong><\/p>\n<ul>\n<li>Finnish, Swedish, English: <a href=\"http:\/\/www03.oph.fi\/sanasto\/\" target=\"_blank\" rel=\"noopener noreferrer\">Opetushallinnon sanasto<\/a>. <a href=\"http:\/\/www.oph.fi\/\" target=\"_blank\" rel=\"noopener noreferrer\">Opetushallitus<\/a>. [ok 14.11.2021 an]<\/li>\n<li>Finnish-Swedish-English: <a href=\"http:\/\/julkaisut.valtioneuvosto.fi\/handle\/10024\/160797\" target=\"_blank\" rel=\"noopener noreferrer\">Opetus- ja koulutussanasto (OKSA)<\/a>. Opetushallitus &#8211; Utbildningsstyrelsen 2018. [ok 14.11.2021 an]<\/li>\n<li>Finnish: <a href=\"https:\/\/www.oph.fi\/fi\/koulutus-ja-tutkinnot\/arviointisanasto-opettajille\" target=\"_blank\" rel=\"noopener\">Arviointisanasto opettajille<\/a>. Najat Ouakrim-Soivio ja Anne Rongas. [ok 14.11.2021 an]<\/li>\n<li>Finnish: <a href=\"http:\/\/tievie.oulu.fi\/arvioinnin_abc\/muut\/arviointisanasto.htm\" target=\"_blank\" rel=\"noopener noreferrer\">Arviointisanastoa<\/a>. <a href=\"http:\/\/tievie.oulu.fi\/\" target=\"_blank\" rel=\"noopener noreferrer\">TieVie &#8211; Valtakunnallinen tieto- ja viestint\u00e4tekniikan opetusk\u00e4yt\u00f6n koulutus<\/a>. [ok 14.11.2021 an]<\/li>\n<li>Finnish-Swedish: <a href=\"http:\/\/kaino.kotus.fi\/www\/ordlistor\/utbildningsordlista_05.html\" target=\"_blank\" rel=\"noopener noreferrer\">Finsk-svensk utbildningsordlista<\/a>. Kotimaisten kielten tutkimuskeskus. [ok 14.11.2021 an]<\/li>\n<li>Finnish: <a href=\"https:\/\/vanhempainliitto.fi\/wp-content\/uploads\/2018\/09\/Koulukielensanasto_2016.pdf\">Koulukielensanasto<\/a>. Suomen Vanhempainliitto, OAJ 2017. [ok 14.11.2021 an]<\/li>\n<li>Finnish-English: <a class=\"yja-external-link external-link\" href=\"https:\/\/inside.ayy.fi\/download\/attachments\/10453186\/Korkeakoulusanasto_SYL.pdf?version=1&amp;modificationDate=1350394338000\" rel=\"noopener noreferrer\">Korkeakoulusanasto <\/a>, Suomen ylioppilaskuntien liitto SYL. [ok 14.11.2021 an]<\/li>\n<li>Finnish-English: <a class=\"yja-external-link external-link\" href=\"http:\/\/www.tyy.fi\/sites\/tyy.fi\/files\/tyyn_korkeakoulusanasto_suomi-englanti.pdf\" rel=\"noopener noreferrer\">Korkeakoulusanasto<\/a>, Turun yliopiston ylioppilaskunta TYY [ok 14.11.2021 an]<\/li>\n<li>Finnish-Multilingual: <a href=\"https:\/\/blog.edu.turku.fi\/monikulttuurinenopetus\/omakielinen-koulusanasto\/\" target=\"_blank\" rel=\"noopener noreferrer\">Omakielinen koulusanasto<\/a>. Abridged School Vocabulary. Kurdi, somali, farsi, thai, arabia, kiina, saksa, turkki, viro, puola, englanti, bosnia, albania, vietnam, ven\u00e4j\u00e4 ja espanja. Turun kaupunki. [ok 14.11.2021 an]<\/li>\n<li>Finnish: <a href=\"https:\/\/fi.wiktionary.org\/wiki\/Luokka:Suomen_kielen_koulusanasto\" target=\"_blank\" rel=\"noopener noreferrer\">Suomen kielen koulusanasto<\/a>. Wikisanakirja. [ok 14.11.2021 an]<\/li>\n<li>Finnish-Arabic: <a href=\"https:\/\/papunet.net\/materiaalia\/arabia-suomi-materiaalit\" target=\"_blank\" rel=\"noopener noreferrer\">Arabia\u2013suomi-materiaalit: Koulusanastoa<\/a>. Tulostettavia kuvasanastoja sek\u00e4 toimintaohjeita koulunk\u00e4ynnin ja opetuksen tueksi. Papunet. [ok 14.11.2021 an]<\/li>\n<li>Finnish: <a href=\"https:\/\/fi.wikipedia.org\/wiki\/Wikiprojekti:Kasvatustiede\/Keskeinen_terminologia\" target=\"_blank\" rel=\"noopener noreferrer\">Kasvatustiede\/Keskeinen terminologia<\/a>. Wikipedia. [ok 14.11.2021 an]<\/li>\n<li>Finnish: <a href=\"http:\/\/wwwedu.oulu.fi\/kajo\/KTPK_sanastoa.htm\" target=\"_blank\" rel=\"noopener noreferrer\">Kasvatustieteen peruskurssi: sanastoa<\/a>. Kajo-opinnot, Oulun yliopisto. [ok 14.11.2021 an]<\/li>\n<li>Finnish: <a href=\"https:\/\/www.silmatera.fi\/nakkarila\/paivahoitoon\/paivahoidon-sanakirja\/\" target=\"_blank\" rel=\"noopener noreferrer\">P\u00e4iv\u00e4hoidon sanakirja<\/a>. <a class=\"site-link\" title=\"N\u00e4k\u00f6vammaiset lapset ry\" href=\"https:\/\/www.silmatera.fi\" target=\"_blank\" rel=\"noopener noreferrer\">N\u00e4k\u00f6vammaiset lapset ry<\/a>. [ok 14.11.2021 an]<\/li>\n<li>Finnish: <a href=\"https:\/\/www.chydenius.fi\/fi\/yliopistokeskus\/opiskelijalle\/opintojen-ohjaus-1\/opintojen-suunnittelu\/opiskelusanastoa\" target=\"_blank\" rel=\"noopener noreferrer\">Opiskelusanastoa<\/a>. Kokkolan yliopistokeskus Chydenius. [ok 14.11.2021 an]<\/li>\n<\/ul>\n<div><strong>Swedish<\/strong><\/div>\n<div>\n<ul>\n<li>Finnish-Swedish: <a href=\"http:\/\/kaino.kotus.fi\/www\/ordlistor\/utbildningsordlista_05.html\" target=\"_blank\" rel=\"noopener noreferrer\">Finsk-svensk utbildningsordlista<\/a>. Institutet f\u00f6r de inhemska spr\u00e5ken 2005. [ok 14.11.2021 an]<\/li>\n<li>Finnish-Swedish-English: <a href=\"http:\/\/julkaisut.valtioneuvosto.fi\/handle\/10024\/160797\" target=\"_blank\" rel=\"noopener noreferrer\">Opetus- ja koulutussanasto (OKSA)<\/a>. Opetushallitus 2018. [ok 14.11.2021 an]<\/li>\n<li>Finnish, Swedish, English: <a href=\"http:\/\/www03.oph.fi\/sanasto\/\" target=\"_blank\" rel=\"noopener noreferrer\">Opetushallinnon sanasto<\/a>. <a href=\"http:\/\/www.oph.fi\/\" target=\"_blank\" rel=\"noopener noreferrer\">Opetushallitus<\/a>. [ok 14.11.2021 an]<\/li>\n<\/ul>\n<\/div>\n<p>&nbsp;<\/p>\n<p>Note markings like [ok 20.1.2020 an] or [?? 20.1.2020 an] include following information<\/p>\n<ul>\n<li>ok = service available<\/li>\n<li>?? = not accessed when visited &#8211; may be functioning and will be checked later on<\/li>\n<li>date = the date of last visit by the Terminology Forum maintainers<\/li>\n<\/ul>\n<hr \/>\n<p>(c) Terminology Forum, a global information forum for terminological activities &amp; a non-profit portal for free terminological information online. Maintained by Anita Nuopponen, Dept. of Communication Studies, University of Vaasa, Finland.<\/p>\n<p>Comments to: Anita Nuopponen, firstname . surname@ uwasa.f i<\/p>\n<p>DISCLAIMER: This portal includes links to external websites. This portal is neither responsible for the content nor guarantees the quality of any linked external websites.<\/p>\n<\/div>\n","protected":false},"excerpt":{"rendered":"<p>Special Field Glossaries English English: Glossary of Educational Terms. Oxford University Press. [ok 14.11.2021 an] English: Word List: Education terms. Collins. [ok 14.11.2021 an] English: Special Education Dictionary. Special Education Guide. [ok 14.11.2021 an] English: Special Education Terms and Definitions. UnderstandingSpecialEducation.com. [ok 14.11.2021 an] English (UK): Glossary of UK educational terms. GoStudyUK. [ok 14.11.2021 an] [&hellip;]<\/p>\n","protected":false},"author":81,"featured_media":0,"parent":20,"menu_order":0,"comment_status":"closed","ping_status":"closed","template":"","meta":{"_acf_changed":false,"footnotes":""},"class_list":["post-141","page","type-page","status-publish","hentry"],"acf":[],"_links":{"self":[{"href":"https:\/\/sites.uwasa.fi\/terminologyforum\/wp-json\/wp\/v2\/pages\/141"}],"collection":[{"href":"https:\/\/sites.uwasa.fi\/terminologyforum\/wp-json\/wp\/v2\/pages"}],"about":[{"href":"https:\/\/sites.uwasa.fi\/terminologyforum\/wp-json\/wp\/v2\/types\/page"}],"author":[{"embeddable":true,"href":"https:\/\/sites.uwasa.fi\/terminologyforum\/wp-json\/wp\/v2\/users\/81"}],"replies":[{"embeddable":true,"href":"https:\/\/sites.uwasa.fi\/terminologyforum\/wp-json\/wp\/v2\/comments?post=141"}],"version-history":[{"count":6,"href":"https:\/\/sites.uwasa.fi\/terminologyforum\/wp-json\/wp\/v2\/pages\/141\/revisions"}],"predecessor-version":[{"id":520,"href":"https:\/\/sites.uwasa.fi\/terminologyforum\/wp-json\/wp\/v2\/pages\/141\/revisions\/520"}],"up":[{"embeddable":true,"href":"https:\/\/sites.uwasa.fi\/terminologyforum\/wp-json\/wp\/v2\/pages\/20"}],"wp:attachment":[{"href":"https:\/\/sites.uwasa.fi\/terminologyforum\/wp-json\/wp\/v2\/media?parent=141"}],"curies":[{"name":"wp","href":"https:\/\/api.w.org\/{rel}","templated":true}]}}