{"id":128,"date":"2020-03-13T16:49:14","date_gmt":"2020-03-13T14:49:14","guid":{"rendered":"https:\/\/sites.uwasa.fi\/terminologyforum\/?page_id=128"},"modified":"2021-09-30T23:41:45","modified_gmt":"2021-09-30T20:41:45","slug":"building-and-construction","status":"publish","type":"page","link":"https:\/\/sites.uwasa.fi\/terminologyforum\/special-field-glossaries\/building-and-construction\/","title":{"rendered":"Building and Construction"},"content":{"rendered":"<div id=\"article\">\n<h3>Special Field Glossaries<\/h3>\n<p><strong>English<\/strong><\/p>\n<ul>\n<li>English: <a href=\"http:\/\/www.homebuildingmanual.com\/Glossary.htm\" target=\"_blank\" rel=\"noopener noreferrer\">Construction Glossary<\/a>. [ok 30.09.2021 an]<\/li>\n<\/ul>\n<div><strong>Finnish<\/strong><\/div>\n<div>\n<ul>\n<li>Finnish: <a href=\"https:\/\/www.rakentaja.fi\/sanasto\/\" target=\"_blank\" rel=\"noopener noreferrer\">Rakennusalan termej\u00e4<\/a>. Rakentaja.fi. [ok 30.09.2021 an]<\/li>\n<li>Finnish-English: <a href=\"http:\/\/mamu.pkky.fi\/Ammatilliset%20sanastot\/RAKSASANASTO_FIN-EN.pdf\" target=\"_blank\" rel=\"noopener noreferrer\">Rakennusalan perussanasto<\/a>. Pohjois-Karjalan aikuisopisto. [ok 30.09.2021 an]<\/li>\n<li>Finnish-Swedish-English: <a href=\"http:\/\/www.tsk.fi\/tiedostot\/pdf\/kira-sanasto_v1.pdf\" target=\"_blank\" rel=\"noopener noreferrer\">Kiinteist\u00f6- ja rakentamisalan keskeinen sanasto<\/a>. TSK 2016. [ok 30.09.2021 an]<\/li>\n<li>Finnish-English: <a href=\"https:\/\/www.kuntaliitto.fi\/sites\/default\/files\/media\/file\/FIN_ENG_kiinteist%C3%B6sanakirja.pdf\" target=\"_blank\" rel=\"noopener noreferrer\">Kiinteist\u00f6alan sanasto<\/a> &#8211; Dictionary of Real Estate. Viitanen &amp; Huuhtanen (toim.) 2007, Teknillinen korkeakoulu. [ok 30.09.2021 an]<\/li>\n<li>Finnish-Swedish: <a href=\"https:\/\/sanastot.suomi.fi\/concepts\/16506fef-a5fd-43bf-b28e-afce1bb030ac\" target=\"_blank\" rel=\"noopener noreferrer\">Rakennusperinn\u00f6n suojelun k\u00e4sitteit\u00e4<\/a>. TSK [ok 30.09.2021 an]<\/li>\n<li>Finnish: <a href=\"https:\/\/fi.wiktionary.org\/wiki\/Luokka:Suomen_kielen_rakennustekniikan_sanasto\" target=\"_blank\" rel=\"noopener noreferrer\">Suomen kielen rakennustekniikan sanasto<\/a>. Wiktionary. [ok 30.09.2021 an]<\/li>\n<li>Finnish: <a href=\"https:\/\/fise.fi\/patevyyspalvelu\/patevyyssanasto\/\" target=\"_blank\" rel=\"noopener noreferrer\">P\u00e4tevyyssanasto<\/a>. FISE. Rakennus-, LVI- ja kiinteist\u00f6alan p\u00e4tevyyksiin liittyvi\u00e4 termej\u00e4. [ok 30.09.2021 an]<\/li>\n<\/ul>\n<\/div>\n<p>&nbsp;<\/p>\n<p>Note markings like [ok 20.1.2020 an] or [?? 20.1.2020 an] include following information<\/p>\n<ul>\n<li>ok = service available<\/li>\n<li>?? = not accessed when visited &#8211; may be functioning and will be checked later on<\/li>\n<li>date = the date of last visit by the Terminology Forum maintainers<\/li>\n<\/ul>\n<hr \/>\n<p>(c) Terminology Forum, a global information forum for terminological activities &amp; a non-profit portal for free terminological information online. Maintained by Anita Nuopponen, Dept. of Communication Studies, University of Vaasa, Finland.<\/p>\n<p>Comments to: Anita Nuopponen, firstname.surname@uwasa.fi<\/p>\n<p>DISCLAIMER: This portal includes links to external websites. This portal is neither responsible for the content nor guarantees the quality of any linked external websites.<\/p>\n<\/div>\n","protected":false},"excerpt":{"rendered":"<p>Special Field Glossaries English English: Construction Glossary. [ok 30.09.2021 an] Finnish Finnish: Rakennusalan termej\u00e4. Rakentaja.fi. [ok 30.09.2021 an] Finnish-English: Rakennusalan perussanasto. Pohjois-Karjalan aikuisopisto. [ok 30.09.2021 an] Finnish-Swedish-English: Kiinteist\u00f6- ja rakentamisalan keskeinen sanasto. TSK 2016. [ok 30.09.2021 an] Finnish-English: Kiinteist\u00f6alan sanasto &#8211; Dictionary of Real Estate. Viitanen &amp; Huuhtanen (toim.) 2007, Teknillinen korkeakoulu. [ok 30.09.2021 an] [&hellip;]<\/p>\n","protected":false},"author":81,"featured_media":0,"parent":20,"menu_order":0,"comment_status":"closed","ping_status":"closed","template":"","meta":{"_acf_changed":false,"footnotes":""},"class_list":["post-128","page","type-page","status-publish","hentry"],"acf":[],"_links":{"self":[{"href":"https:\/\/sites.uwasa.fi\/terminologyforum\/wp-json\/wp\/v2\/pages\/128"}],"collection":[{"href":"https:\/\/sites.uwasa.fi\/terminologyforum\/wp-json\/wp\/v2\/pages"}],"about":[{"href":"https:\/\/sites.uwasa.fi\/terminologyforum\/wp-json\/wp\/v2\/types\/page"}],"author":[{"embeddable":true,"href":"https:\/\/sites.uwasa.fi\/terminologyforum\/wp-json\/wp\/v2\/users\/81"}],"replies":[{"embeddable":true,"href":"https:\/\/sites.uwasa.fi\/terminologyforum\/wp-json\/wp\/v2\/comments?post=128"}],"version-history":[{"count":3,"href":"https:\/\/sites.uwasa.fi\/terminologyforum\/wp-json\/wp\/v2\/pages\/128\/revisions"}],"predecessor-version":[{"id":498,"href":"https:\/\/sites.uwasa.fi\/terminologyforum\/wp-json\/wp\/v2\/pages\/128\/revisions\/498"}],"up":[{"embeddable":true,"href":"https:\/\/sites.uwasa.fi\/terminologyforum\/wp-json\/wp\/v2\/pages\/20"}],"wp:attachment":[{"href":"https:\/\/sites.uwasa.fi\/terminologyforum\/wp-json\/wp\/v2\/media?parent=128"}],"curies":[{"name":"wp","href":"https:\/\/api.w.org\/{rel}","templated":true}]}}