{"id":116,"date":"2020-03-13T16:28:54","date_gmt":"2020-03-13T14:28:54","guid":{"rendered":"https:\/\/sites.uwasa.fi\/terminologyforum\/?page_id=116"},"modified":"2021-11-14T18:17:51","modified_gmt":"2021-11-14T16:17:51","slug":"botany-and-gardening","status":"publish","type":"page","link":"https:\/\/sites.uwasa.fi\/terminologyforum\/special-field-glossaries\/botany-and-gardening\/","title":{"rendered":"Botany and Gardening"},"content":{"rendered":"<div id=\"article\">\n<h3><a href=\"https:\/\/sites.uwasa.fi\/terminologyforum\/special-field-glossaries\/\" target=\"_blank\" rel=\"noopener noreferrer\">Special Field Glossaries<\/a><\/h3>\n<p><strong>English<\/strong><\/p>\n<ul>\n<li><a href=\"http:\/\/plantfacts.osu.edu\/\" target=\"_blank\" rel=\"noopener noreferrer\">Plant Facts<\/a>. A searchable database of 1,071 high quality images and horticultural descriptions for 591 selected ornamental plants. Alternatively, a category of plants can be selected. WebGarden of Ohio State University. [ok 14.11.2021 an]<\/li>\n<li>English: <a href=\"http:\/\/www.gsproducts.co.uk\/gardening-glossary\" target=\"_blank\" rel=\"noopener noreferrer\">Gardening Glossary<\/a> by Sam Butterworth [ok 14.11.2021 an]<\/li>\n<\/ul>\n<p><strong>German<\/strong><\/p>\n<ul>\n<li>German: <a href=\"http:\/\/gernot-katzers-spice-pages.com\/germ\/index.html\" target=\"_blank\" rel=\"noopener noreferrer\">Gernot Katzers Gew\u00fcrzseiten<\/a>. [ok 14.11.2021 an]<\/li>\n<\/ul>\n<div><strong>Finnish<\/strong><\/div>\n<ul>\n<li>Finnish: <a href=\"http:\/\/www.metla.fi\/metinfo\/puulajit\/puulajit-nimet.htm\" target=\"_blank\" rel=\"noopener noreferrer\">Puulajien nimist\u00f6<\/a>. <a href=\"http:\/\/www.metla.fi\/\" target=\"_blank\" rel=\"noopener noreferrer\">Mets\u00e4ntutkimuslaitos<\/a>. [ok 14.11.2021 an]<\/li>\n<li>Finnish: <a href=\"https:\/\/tieteentermipankki.fi\/wiki\/Luokka:Kasvitiede\" target=\"_blank\" rel=\"noopener noreferrer\">Kasvitiede<\/a>. Tieteen termipankki. [ok 14.11.2021 an]<\/li>\n<li>Finnish: <a href=\"https:\/\/fi.wiktionary.org\/wiki\/Luokka:Suomen_kielen_kasvitieteen_sanasto\" target=\"_blank\" rel=\"noopener noreferrer\">Suomen kielen kasvitieteen sanasto<\/a>. Wikisanakirja. [ok 14.11.2021 an]<\/li>\n<li>Multilingual: <a href=\"https:\/\/www.arktisetaromit.fi\/fi\/marjat\/nimia%20eri%20kielilla\/\" target=\"_blank\" rel=\"noopener\">Marjojen nimi\u00e4 eri kielill\u00e4<\/a>. Arktiset Aromit ry. [ok 14.11.2021 an]<\/li>\n<li>Finnish-Swedish-Latin\/English: <a href=\"https:\/\/kasvinsuojeluseura-fi-bin.directo.fi\/@Bin\/c6938f2e70a28eda7882081369619520\/1578384973\/application\/pdf\/175417\/Biologisen%20ja%20bioteknisen%20kasvinsuojelun%20sanasto%20%282004%29.pdf\" target=\"_blank\" rel=\"noopener noreferrer\">Biologisen ja bioteknisen kasvinsuojelun sanasto &#8211; Ordlista f\u00f6r biologiskt och biotekniskt v\u00e4xtskydd- Glossary of biological and biotechnological plant protection<\/a>. Lahdenper\u00e4-Lehto-M\u00e4kinen-Nissinen-V\u00e4nninen. Kasvinsuojeluseura ry 2004. [ok 14.11.2021 an an]<\/li>\n<li>English-Finnish: <a title=\"Kasvivirus- ja viroidinimist\u00f6 \u2013 uudet tai uusitut nimisuositukset (2015).pdf\" href=\"https:\/\/www.kasvinsuojeluseura.fi\/@Bin\/464186\/Kasvivirus-+ja+viroidinimist%C3%B6+%13+uudet+tai+uusitut+nimisuositukset+%282015%29.pdf\" target=\"_blank\" rel=\"noopener noreferrer\">Kasvivirus- ja viroidinimist\u00f6 \u2013 uudet tai uusitut nimisuositukset<\/a>. Kasvinsuojeluseura ry 2020. [ok 14.11.2021 an]<\/li>\n<li>Finnish-Latin: <a href=\"http:\/\/www.luontoportti.com\/suomi\/fi\/tunnistaminen\/\" target=\"_blank\" rel=\"noopener noreferrer\">Lajien tunnistaminen<\/a>: Kasvit, sienet. Luontoportti. [ok 14.11.2021 an]<\/li>\n<li>Latin-Finnish-English: <a title=\"Ankeroisnimist\u00f6 2019.pdf\" href=\"https:\/\/www.kasvinsuojeluseura.fi\/@Bin\/464246\/Ankeroisnimist%C3%B6+2019.pdf\" target=\"_blank\" rel=\"noopener noreferrer\">Ankeroisnimist\u00f6<\/a>. Kasvinsuojeluseuran sanastojaosto 2019. [ok 14.11.2021 an]<\/li>\n<li>Latin-Finnish-English-Swedish: <a title=\"Kasvien sieni- ja bakteeritautien nimist\u00f6 \u2013 uudet tai uusitut nimisuositukset (2011).pdf\" href=\"https:\/\/www.kasvinsuojeluseura.fi\/@Bin\/179071\/Kasvien+sieni-+ja+bakteeritautien+nimist%C3%B6+%13+uudet+tai+uusitut+nimisuositukset+%282011%29.pdf\" target=\"_blank\" rel=\"noopener noreferrer\">Kasvien sieni- ja bakteeritautien nimist\u00f6 \u2013 uudet tai uusitut nimisuositukset (2011)<\/a>. Kasvinsuojeluseuran sanastojaosto. [ok 14.11.2021 an]<\/li>\n<li>Finnish-English-Swedish: <a title=\"Torjuntamenetelm\u00e4sanasto (2009).pdf\" href=\"https:\/\/www.kasvinsuojeluseura.fi\/@Bin\/175423\/Torjuntamenetelm%C3%A4sanasto+%282009%29.pdf\" target=\"_blank\" rel=\"noopener noreferrer\">Torjuntamenetelm\u00e4sanasto (2009)<\/a>. Kasvinsuojeluseuran sanastojaosto. [ok 14.11.2021 an]<\/li>\n<li>Latin-English-Finnish-Swedish: <a title=\"Kasvien sieni- ja bakteeritautien nimist\u00f6.pdf\" href=\"https:\/\/www.kasvinsuojeluseura.fi\/@Bin\/173778\/Kasvien+sieni-+ja+bakteeritautien+nimist%C3%B6.pdf\" target=\"_blank\" rel=\"noopener noreferrer\">Kasvien sieni- ja bakteeritautien nimist\u00f6<\/a>. Kasvinsuojeluseuran sanastojaosto. [ok 14.11.2021 an]<\/li>\n<li>Finnish: <a href=\"https:\/\/www.arktisetaromit.fi\/fi\/marjat\/marjasanasto\/\" target=\"_blank\" rel=\"noopener noreferrer\">Marjasanasto<\/a>. Arktiset Aromit ry. [ok 14.11.2021 an]<\/li>\n<li>Finnish:\u00a0<a href=\"http:\/\/www.funga.fi\/sienisanasto\/\" target=\"_blank\" rel=\"noopener noreferrer\">Sienisanasto<\/a>. Suomen sieniseura. [ok 14.11.2021 an]<\/li>\n<\/ul>\n<div><\/div>\n<div>See also: <a href=\"https:\/\/sites.uwasa.fi\/terminologyforum\/special-field-glossaries\/agriculture\/\">Agriculture<\/a>, Forestry<\/div>\n<div><\/div>\n<div><\/div>\n<div><\/div>\n<div><\/div>\n<\/div>\n<div><\/div>\n<div><\/div>\n<div><\/div>\n<div><\/div>\n<div id=\"article\">\n<div><\/div>\n<\/div>\n<div><\/div>\n<div><\/div>\n<div><\/div>\n<div><\/div>\n<div><\/div>\n<div id=\"article\">\n<div><\/div>\n<div>\n<hr \/>\n<p>Note markings like [ok 21.1.2020 an] or [?? 21.1.2020 an] include following information<\/p>\n<ul>\n<li>ok = service available<\/li>\n<li>?? = not accessed when visited &#8211; may be functioning and will be checked later on<\/li>\n<li>date = the date of last visit by the Terminology Forum maintainers<\/li>\n<\/ul>\n<hr \/>\n<p>(c) Terminology Forum, a global information forum for terminological activities &amp; a non-profit portal for free terminological information online. Maintained by Anita Nuopponen, Dept. of Communication Studies, University of Vaasa, Finland.<\/p>\n<p>Comments to: Anita Nuopponen, firstname. surname @ uwasa . fi<\/p>\n<p>DISCLAIMER: This portal includes links to external websites. This portal is neither responsible for the content nor guarantees the quality of any linked external websites.<\/p>\n<\/div>\n<\/div>\n","protected":false},"excerpt":{"rendered":"<p>Terminology Forum<\/p>\n","protected":false},"author":81,"featured_media":0,"parent":20,"menu_order":0,"comment_status":"closed","ping_status":"closed","template":"","meta":{"_acf_changed":false,"footnotes":""},"class_list":["post-116","page","type-page","status-publish","hentry"],"acf":[],"_links":{"self":[{"href":"https:\/\/sites.uwasa.fi\/terminologyforum\/wp-json\/wp\/v2\/pages\/116"}],"collection":[{"href":"https:\/\/sites.uwasa.fi\/terminologyforum\/wp-json\/wp\/v2\/pages"}],"about":[{"href":"https:\/\/sites.uwasa.fi\/terminologyforum\/wp-json\/wp\/v2\/types\/page"}],"author":[{"embeddable":true,"href":"https:\/\/sites.uwasa.fi\/terminologyforum\/wp-json\/wp\/v2\/users\/81"}],"replies":[{"embeddable":true,"href":"https:\/\/sites.uwasa.fi\/terminologyforum\/wp-json\/wp\/v2\/comments?post=116"}],"version-history":[{"count":11,"href":"https:\/\/sites.uwasa.fi\/terminologyforum\/wp-json\/wp\/v2\/pages\/116\/revisions"}],"predecessor-version":[{"id":515,"href":"https:\/\/sites.uwasa.fi\/terminologyforum\/wp-json\/wp\/v2\/pages\/116\/revisions\/515"}],"up":[{"embeddable":true,"href":"https:\/\/sites.uwasa.fi\/terminologyforum\/wp-json\/wp\/v2\/pages\/20"}],"wp:attachment":[{"href":"https:\/\/sites.uwasa.fi\/terminologyforum\/wp-json\/wp\/v2\/media?parent=116"}],"curies":[{"name":"wp","href":"https:\/\/api.w.org\/{rel}","templated":true}]}}