{"id":110,"date":"2020-03-13T14:55:29","date_gmt":"2020-03-13T12:55:29","guid":{"rendered":"https:\/\/sites.uwasa.fi\/terminologyforum\/?page_id=110"},"modified":"2021-11-12T18:50:39","modified_gmt":"2021-11-12T16:50:39","slug":"biology-and-zoology","status":"publish","type":"page","link":"https:\/\/sites.uwasa.fi\/terminologyforum\/special-field-glossaries\/biology-and-zoology\/","title":{"rendered":"Biology and Zoology"},"content":{"rendered":"<div id=\"article\">\n<h3><a href=\"https:\/\/sites.uwasa.fi\/terminologyforum\/special-field-glossaries\/\">Special Field Glossaries<\/a><\/h3>\n<h2>Biology:<\/h2>\n<p><strong>Finnish<\/strong><\/p>\n<ul>\n<li>Finnish &#8211; English &#8211; Swedish: <a href=\"http:\/\/www.finbio.net\/sanasto\/\" target=\"_blank\" rel=\"noopener noreferrer\">Biotekniikan sanasto<\/a> &#8211; Suomen Bioteollisuus FIB. [ok 22.8.2021 an]<\/li>\n<li>Finnish-Swedish-Finnish: <a href=\"http:\/\/www.welanders.fi\/lajisanasto\/\" target=\"_blank\" rel=\"noopener noreferrer\">Lajisanasto<\/a>. Welanders ja Krister Welander 2003. [ok 22.8.2021 an]<\/li>\n<li>Finnish: <a href=\"http:\/\/jkorpela.fi\/takso.html\" target=\"_blank\" rel=\"noopener noreferrer\">Biologian taksonomian perusteita<\/a> &#8211; Eli\u00f6iden ja eli\u00f6ryhmien tieteelliset nimet ja taksonomian tasot by Jukka &#8220;Yucca&#8221; Korpela. [ok 22.8.2021 an]<\/li>\n<li>Finnish: <a href=\"http:\/\/www.itameriportaali.fi\/fi\/tietoa\/sanakirja\/\" target=\"_blank\" rel=\"noopener noreferrer\">It\u00e4meri-sanakirja<\/a>. It\u00e4meriportaali. [ok 22.8.2021 an]<\/li>\n<li>Finnish: <a href=\"https:\/\/fi.wiktionary.org\/wiki\/Luokka:Suomen_kielen_biologian_sanasto\" target=\"_blank\" rel=\"noopener noreferrer\">Suomen kielen biologian sanasto<\/a>. Wikisanakirja. [ok 22.8.2021 an]<\/li>\n<li>Finnish- English, Somali, Albanian, Arabian, Persian, Chinese, Croatian,\u00a0 Kurdish, Russian, Vietnamese: <a href=\"https:\/\/www.oph.fi\/fi\/oppimateriaali\/biologia-historia-maantieto-sanastot-eri-kieliin\" target=\"_blank\" rel=\"noopener noreferrer\">Biologia, historia, maantieto -sanastot eri kieliin<\/a>. Opetushallitus. [ok 22.8.2021 an]<\/li>\n<li>Finnish: <a href=\"https:\/\/www.jyu.fi\/sport\/fi\/opiskelu\/opiskelijan-ohjeet\/opiskelun-tueksi\/liikuntabiologian-sanasto\" target=\"_blank\" rel=\"noopener noreferrer\">Liikuntabiologian sanasto<\/a>. Jyv\u00e4skyl\u00e4n yliopisto, liikuntatieteellinen tiedekunta 2.10.2018 [ok 22.8.2021 an]<\/li>\n<li>Finnish: <a href=\"https:\/\/fi.wikipedia.org\/wiki\/Mikrobiologian_sanasto\" target=\"_blank\" rel=\"noopener noreferrer\">Mikrobiologian sanasto<\/a>. Wikipedia [ok 22.8.2021 an]<\/li>\n<li>Finnish: <a href=\"http:\/\/koppa.tampere.fi\/alfresco\/service\/com\/eduix\/publicDownload\/4c035e92-da25-41cf-aa70-e64e05b55bb2\" target=\"_blank\" rel=\"noopener noreferrer\">Ihmisen biologian selkokielisanasto<\/a>. Eeva-Maria Rantala, Tampereen aikuislukio, laadittu osana Tieto haltuun -hanketta. [ok 22.8.2021 an]<\/li>\n<\/ul>\n<h3><strong>Zoology<\/strong>:<\/h3>\n<ul>\n<li>Multilingual: <a href=\"http:\/\/www.informatika.bf.uni-lj.si\/magus.html\" target=\"_blank\" rel=\"noopener noreferrer\">MAGUS<\/a> &#8211; Multilingual Animal Glossary (Birds and Mammals in 53 Languages of Europe). [ok 22.8.2021 an]<\/li>\n<li>Multilingual: <a href=\"http:\/\/www.fishbase.org\/search.php\" target=\"_blank\" rel=\"noopener noreferrer\">FishBase<\/a>. [ok 22.8.2021 an]<\/li>\n<li>English: <a href=\"http:\/\/badmanstropicalfish.com\/glossary.html\" target=\"_blank\" rel=\"noopener noreferrer\">Glossary of Aquatic Terms<\/a>. By Badman&#8217;s Tropical Fish. [ok 22.8.2021 an]<\/li>\n<li>English: <a href=\"http:\/\/www.coleoptera.org\/p1154.htm\" target=\"_blank\" rel=\"noopener noreferrer\">A Glossary of Entomological Terms<\/a>.\u00a0 [ok 22.8.2021 an]<\/li>\n<\/ul>\n<div><strong>Finnish<\/strong><\/div>\n<ul>\n<li>Finnish: <a href=\"https:\/\/onki.fi\/fi\/browser\/overview\/linnut\" target=\"_blank\" rel=\"noopener noreferrer\">Maailman lintujen suomenkieliset nimet<\/a> &#8211; AVIO (FINTO) [ok 22.8.2021 an]<\/li>\n<li>Carelian-Finnish-Russian:\u00a0<a href=\"http:\/\/www.karjalansivistysseura.fi\/wp-content\/uploads\/2019\/09\/oppimateriaali2013-lintusanasto.pdf\" target=\"_blank\" rel=\"noopener noreferrer\">Lintusanasto<\/a>. Karjalan Sivistysseura. [ok 22.8.2021 an]<\/li>\n<li>Finnish: <a href=\"https:\/\/fi.wiktionary.org\/wiki\/Luokka:Suomen_kielen_el%C3%A4intieteen_sanasto\" target=\"_blank\" rel=\"noopener noreferrer\">Suomen kielen el\u00e4intieteen sanast<\/a>o. Wikisanakirja. [ok 22.8.2021 an]<\/li>\n<li>Finnish: <a href=\"http:\/\/www.sammakkolampi.net\/sanasto\/\" target=\"_blank\" rel=\"noopener noreferrer\">Sammakkoel\u00e4insanasto<\/a>. Sammakkoel\u00e4inharrastukseen liittyvi\u00e4 sanoja, termej\u00e4 ja lyhenteit\u00e4. Niina ja Joonas Gustafsson. [ok 22.8.2021 an]<\/li>\n<li>Finnish: <a href=\"https:\/\/www.luke.fi\/tietoa-luonnonvaroista\/kalat-ja-kalatalous\/osallistu-kalatutkimukseen\/kalasanastoa\/\" target=\"_blank\" rel=\"noopener noreferrer\">Kalantutkimuksen ja kalastuksen keskeisi\u00e4 k\u00e4sitteit\u00e4<\/a>. Luke Luonnonvarakeskus. [ok 22.8.2021 an]<\/li>\n<li>Finnish: <a href=\"http:\/\/www.luontoportti.com\/suomi\/fi\/tunnistaminen\/\" target=\"_blank\" rel=\"noopener noreferrer\">Lajien tunnistaminen<\/a>: Linnut, nis\u00e4kk\u00e4\u00e4t, perhoset, kalat. Luontoportti. [ok 22.8.2021 an]<\/li>\n<li>Finnish-Latin-Swedish-English: <a href=\"https:\/\/www.birdlife.fi\/lintutieto\/suomessa-havaitut-lintulajit\/\" target=\"_blank\" rel=\"noopener noreferrer\">Suomessa havaitut lintulajit<\/a>. BirdLife Finland. [ok 22.8.2021 an]<\/li>\n<li>Finnish-Latin-English: <a href=\"https:\/\/www.birdlife.fi\/lintutieto\/maailman-lintulajien-suomenkieliset-nimet\/\" target=\"_blank\" rel=\"noopener noreferrer\">Maailman lintulajien suomenkieliset nimet<\/a>. BirdLife Finland. [ok 22.8.2021 an]<\/li>\n<li>Finnish: <a href=\"http:\/\/www.ekly.org\/linnusto-ja-harrastus\/lintujen-nimistoa\/\" target=\"_blank\" rel=\"noopener noreferrer\">Lintunimet<\/a>. <a href=\"http:\/\/www.ekly.org\/\" target=\"_blank\" rel=\"noopener noreferrer\">Etel\u00e4-Karjalan Lintutieteellinen Yhdistys<\/a>. Harry Nystr\u00f6m. [30.9.2021 an]<\/li>\n<li>Finnish: <a href=\"http:\/\/www.ekly.org\/linnusto-ja-harrastus\/lintuslangi\/\" target=\"_blank\" rel=\"noopener noreferrer\">Lintuslangi<\/a>. Etel\u00e4-Karjalan lintutieteellinen yhdistys. [30.9.2021 an]<\/li>\n<\/ul>\n<ul>\n<li>See also: <a href=\"https:\/\/sites.uwasa.fi\/terminologyforum\/special-field-glossaries\/agriculture\/\" target=\"_blank\" rel=\"noopener noreferrer\">Agriculture<\/a>, Botany, Forestry<\/li>\n<\/ul>\n<p>&nbsp;<\/p>\n<p>&nbsp;<\/p>\n<p>&nbsp;<\/p>\n<p>&nbsp;<\/p>\n<p>&nbsp;<\/p>\n<p>&nbsp;<\/p>\n<p>&nbsp;<\/p>\n<p>Note markings like [ok 21.1.2020 an] or [?? 21.1.2020 an] include following information<\/p>\n<ul>\n<li>ok = service available<\/li>\n<li>?? = not accessed when visited &#8211; may be functioning and will be checked later on<\/li>\n<li>date = the date of last visit by the Terminology Forum maintainers<\/li>\n<\/ul>\n<hr \/>\n<p>(c) Terminology Forum, a global information forum for terminological activities &amp; a non-profit portal for free terminological information online. Maintained by Anita Nuopponen, Dept. of Communication Studies, University of Vaasa, Finland.<\/p>\n<p>Comments to: Anita Nuopponen, <img decoding=\"async\" title=\"atn2.png\" src=\"https:\/\/www.uwasa.fi\/en\/sites\/terminology\/atn2.png\" alt=\"atn2.png\" border=\"0\" \/><\/p>\n<p>DISCLAIMER: This portal includes links to external websites. This portal is neither responsible for the content nor guarantees the quality of any linked external websites.<\/p>\n<\/div>\n","protected":false},"excerpt":{"rendered":"<p>Special Field Glossaries Biology: Finnish Finnish &#8211; English &#8211; Swedish: Biotekniikan sanasto &#8211; Suomen Bioteollisuus FIB. [ok 22.8.2021 an] Finnish-Swedish-Finnish: Lajisanasto. Welanders ja Krister Welander 2003. [ok 22.8.2021 an] Finnish: Biologian taksonomian perusteita &#8211; Eli\u00f6iden ja eli\u00f6ryhmien tieteelliset nimet ja taksonomian tasot by Jukka &#8220;Yucca&#8221; Korpela. [ok 22.8.2021 an] Finnish: It\u00e4meri-sanakirja. It\u00e4meriportaali. [ok 22.8.2021 an] [&hellip;]<\/p>\n","protected":false},"author":81,"featured_media":0,"parent":20,"menu_order":0,"comment_status":"closed","ping_status":"closed","template":"","meta":{"_acf_changed":false,"footnotes":""},"class_list":["post-110","page","type-page","status-publish","hentry"],"acf":[],"_links":{"self":[{"href":"https:\/\/sites.uwasa.fi\/terminologyforum\/wp-json\/wp\/v2\/pages\/110"}],"collection":[{"href":"https:\/\/sites.uwasa.fi\/terminologyforum\/wp-json\/wp\/v2\/pages"}],"about":[{"href":"https:\/\/sites.uwasa.fi\/terminologyforum\/wp-json\/wp\/v2\/types\/page"}],"author":[{"embeddable":true,"href":"https:\/\/sites.uwasa.fi\/terminologyforum\/wp-json\/wp\/v2\/users\/81"}],"replies":[{"embeddable":true,"href":"https:\/\/sites.uwasa.fi\/terminologyforum\/wp-json\/wp\/v2\/comments?post=110"}],"version-history":[{"count":8,"href":"https:\/\/sites.uwasa.fi\/terminologyforum\/wp-json\/wp\/v2\/pages\/110\/revisions"}],"predecessor-version":[{"id":511,"href":"https:\/\/sites.uwasa.fi\/terminologyforum\/wp-json\/wp\/v2\/pages\/110\/revisions\/511"}],"up":[{"embeddable":true,"href":"https:\/\/sites.uwasa.fi\/terminologyforum\/wp-json\/wp\/v2\/pages\/20"}],"wp:attachment":[{"href":"https:\/\/sites.uwasa.fi\/terminologyforum\/wp-json\/wp\/v2\/media?parent=110"}],"curies":[{"name":"wp","href":"https:\/\/api.w.org\/{rel}","templated":true}]}}