{"id":103,"date":"2020-03-13T14:35:15","date_gmt":"2020-03-13T12:35:15","guid":{"rendered":"https:\/\/sites.uwasa.fi\/terminologyforum\/?page_id=103"},"modified":"2021-08-22T19:47:09","modified_gmt":"2021-08-22T16:47:09","slug":"astronomy-and-space","status":"publish","type":"page","link":"https:\/\/sites.uwasa.fi\/terminologyforum\/special-field-glossaries\/astronomy-and-space\/","title":{"rendered":"Astronomy and Space"},"content":{"rendered":"<div id=\"article\">\n<h3><a href=\"https:\/\/sites.uwasa.fi\/terminologyforum\/special-field-glossaries\/\">Special Field Gossaries<\/a><\/h3>\n<p><strong>English<\/strong><\/p>\n<ul>\n<li>English: <a href=\"http:\/\/www.psrd.hawaii.edu\/PSRDglossary.html\" target=\"_blank\" rel=\"noopener noreferrer\">Glossary for Planetary Science Research Discoveries<\/a>. [ok 22.8.2021 an]<\/li>\n<li>English: <a href=\"http:\/\/www.imo.net\/glossary\" target=\"_blank\" rel=\"noopener noreferrer\">Meteor Glossary<\/a>. The International Meteor Organization. [ok 22.8.2021 an]<\/li>\n<li>English: <a href=\"http:\/\/ssd.jpl.nasa.gov\/?glossary\" target=\"_blank\" rel=\"noopener noreferrer\">SSD Glossary. Solar System Dynamics<\/a>. California Institute of Technology. [ok 22.8.2021 an hh]<\/li>\n<li>English: <a href=\"http:\/\/solar-center.stanford.edu\/gloss.html\" target=\"_blank\" rel=\"noopener noreferrer\">Stanford Solar Center Glossary<\/a>. [?? 22.8.2021 an]<\/li>\n<li>English: <a href=\"http:\/\/www.ips.gov.au\/Educational\/1\/2\/1\" target=\"_blank\" rel=\"noopener noreferrer\">Glossary of Solar Terrestrial Terms<\/a>. The Australian Space Weather Agency. [ok 22.8.2021 an]<\/li>\n<li>English: <a href=\"http:\/\/www.sti.nasa.gov\/thesvol1.pdf\" target=\"_blank\" rel=\"noopener noreferrer\">NASA Thesaurus<\/a>. NASA. [?? 22.8.2021 an]<\/li>\n<li>French: <a href=\"http:\/\/www.astro.ulg.ac.be\/~demoulin\/glossair.htm\" target=\"_blank\" rel=\"noopener noreferrer\">Quelques termes employ\u00e9s en astronomie<\/a>. [ok 22.8.2021 an]<\/li>\n<li>German: <a href=\"http:\/\/www.neunplaneten.de\/nineplanets\/help.html\" target=\"_blank\" rel=\"noopener noreferrer\">Astronomy Glossary. <\/a>[ok 22.8.2021 an]<\/li>\n<\/ul>\n<p><strong>Finnish<\/strong><\/p>\n<ul>\n<li>Finnish: <a href=\"http:\/\/www.somerikko.net\/halot\/sanasto.html\" target=\"_blank\" rel=\"noopener noreferrer\">Halosanasto<\/a>, koonnut <a href=\"http:\/\/www.somerikko.net\/\" target=\"_blank\" rel=\"noopener noreferrer\">Jarmo Moilanen<\/a>. [ok 22.8.2021 an]<\/li>\n<li>Finnish: <a href=\"http:\/\/www.ursa.fi\/kosmos\/\" target=\"_blank\" rel=\"noopener noreferrer\">T\u00e4htitieteen viitetietokanta Kosmos<\/a>, <a href=\"http:\/\/www.ursa.fi\/\" target=\"_blank\" rel=\"noopener noreferrer\">T\u00e4htitieteellinen yhdistys Ursa ry<\/a>. [ok 22.8.2021 an]<\/li>\n<li>Finnish: <a href=\"http:\/\/www.ursa.fi\/ursa\/tuotteet\/Tahdet\/sanasto.html\" target=\"_blank\" rel=\"noopener noreferrer\">Vuosikirjan sanasto<\/a>, <a href=\"http:\/\/www.ursa.fi\/\" target=\"_blank\" rel=\"noopener noreferrer\">T\u00e4htitieteellinen yhdistys Ursa ry<\/a>. [ok 22.8.2021 an]<\/li>\n<li>Finnish: <a href=\"http:\/\/www.astro.utu.fi\/~rareko\/AstroSan\/TTTermit.html\" target=\"_blank\" rel=\"noopener noreferrer\">T\u00e4htitieteellist\u00e4 termist\u00f6\u00e4<\/a> by <a href=\"http:\/\/www.astro.utu.fi\/~rareko\/AstroSan\/\" target=\"_blank\" rel=\"noopener noreferrer\">Rami T. F. Rekola<\/a>.\u00a0 [ok 22.8.2021 an]<\/li>\n<\/ul>\n<p>&nbsp;<\/p>\n<p>&nbsp;<\/p>\n<p>&nbsp;<\/p>\n<div id=\"article\">\n<p>&nbsp;<\/p>\n<p>&nbsp;<\/p>\n<p>Note markings like [ok 13.3.2020 an] or [?? 13.3.2020 an] include following information<\/p>\n<ul>\n<li>ok = service available<\/li>\n<li>?? = not accessed when visited &#8211; may be functioning and will be checked later on<\/li>\n<li>date = the date of last visit by the Terminology Forum maintainers<\/li>\n<\/ul>\n<hr \/>\n<p>(c) Terminology Forum, a global information forum for terminological activities &amp; a non-profit portal for free terminological information online. Maintained by Anita Nuopponen, Communication Studies, University of Vaasa, Finland.<\/p>\n<p>Comments to: Anita Nuopponen, anita . nuo ppo nen (at) uwas a.fi<\/p>\n<p>DISCLAIMER: This portal includes links to external websites. This portal is neither responsible for the content nor guarantees the quality of any linked external websites.<\/p>\n<\/div>\n<p>&nbsp;<\/p>\n<\/div>\n","protected":false},"excerpt":{"rendered":"<p>Special Field Gossaries English English: Glossary for Planetary Science Research Discoveries. [ok 22.8.2021 an] English: Meteor Glossary. The International Meteor Organization. [ok 22.8.2021 an] English: SSD Glossary. Solar System Dynamics. California Institute of Technology. [ok 22.8.2021 an hh] English: Stanford Solar Center Glossary. [?? 22.8.2021 an] English: Glossary of Solar Terrestrial Terms. The Australian Space [&hellip;]<\/p>\n","protected":false},"author":81,"featured_media":0,"parent":20,"menu_order":0,"comment_status":"closed","ping_status":"closed","template":"","meta":{"_acf_changed":false,"footnotes":""},"class_list":["post-103","page","type-page","status-publish","hentry"],"acf":[],"_links":{"self":[{"href":"https:\/\/sites.uwasa.fi\/terminologyforum\/wp-json\/wp\/v2\/pages\/103"}],"collection":[{"href":"https:\/\/sites.uwasa.fi\/terminologyforum\/wp-json\/wp\/v2\/pages"}],"about":[{"href":"https:\/\/sites.uwasa.fi\/terminologyforum\/wp-json\/wp\/v2\/types\/page"}],"author":[{"embeddable":true,"href":"https:\/\/sites.uwasa.fi\/terminologyforum\/wp-json\/wp\/v2\/users\/81"}],"replies":[{"embeddable":true,"href":"https:\/\/sites.uwasa.fi\/terminologyforum\/wp-json\/wp\/v2\/comments?post=103"}],"version-history":[{"count":6,"href":"https:\/\/sites.uwasa.fi\/terminologyforum\/wp-json\/wp\/v2\/pages\/103\/revisions"}],"predecessor-version":[{"id":484,"href":"https:\/\/sites.uwasa.fi\/terminologyforum\/wp-json\/wp\/v2\/pages\/103\/revisions\/484"}],"up":[{"embeddable":true,"href":"https:\/\/sites.uwasa.fi\/terminologyforum\/wp-json\/wp\/v2\/pages\/20"}],"wp:attachment":[{"href":"https:\/\/sites.uwasa.fi\/terminologyforum\/wp-json\/wp\/v2\/media?parent=103"}],"curies":[{"name":"wp","href":"https:\/\/api.w.org\/{rel}","templated":true}]}}