{"id":10,"date":"2021-02-09T11:47:31","date_gmt":"2021-02-09T09:47:31","guid":{"rendered":"https:\/\/sites.uwasa.fi\/term\/?page_id=10"},"modified":"2025-02-13T10:33:21","modified_gmt":"2025-02-13T08:33:21","slug":"news","status":"publish","type":"page","link":"https:\/\/sites.uwasa.fi\/term\/news\/","title":{"rendered":"News"},"content":{"rendered":"<p style=\"text-align: center\"><strong>June 2025:<\/strong><\/p>\n<p>Projektresultat presenteras p\u00e5 <a href=\"https:\/\/arnastofnun.is\/is\/nordterm-2025\">Nordterm<\/a><\/p>\n<p style=\"text-align: center\"><strong>October 2024:<\/strong><\/p>\n<p>Projektresultat presenteras p\u00e5 <a href=\"https:\/\/www.oulu.fi\/fi\/tapahtumat\/svenskan-i-finland-21\">Svenskan i Finland<\/a>.<\/p>\n<p style=\"text-align: center\"><strong>June 2023:\u00a0<\/strong><\/p>\n<p>Projektresultat presenteras p\u00e5 <a href=\"https:\/\/www.isof.se\/pa-gang\/evenemang\/nordterm-2023-konferensen\">Nordterm<\/a>.<\/p>\n<p style=\"text-align: center\"><strong>April 2023:<\/strong><\/p>\n<p>Project results were presented in <a href=\"https:\/\/www.domainlossandgain2023.eu\/\">Terminology: Domain Loss and Gain<\/a> conference with the title &#8220;Domain loss as a shared challenge in the Nordic terminology field. Added or dead value?&#8221;.<\/p>\n<p style=\"text-align: center\"><strong>February 2023:<\/strong><\/p>\n<p>Project results were presented in <a href=\"https:\/\/sites.uwasa.fi\/vakki\/\"><strong>Vakki<\/strong><\/a> conference with the title &#8220;<span class=\"TextRun BCX9 SCXP260186229\" lang=\"SV-SE\" xml:lang=\"SV-SE\" data-usefontface=\"false\" data-contrast=\"none\"><span class=\"NormalTextRun BCX9 SCXP260186229\">Samarbetet mellan TNC och RTT 1938\u20131998\u00a0<\/span><\/span><span class=\"TextRun BCX9 SCXP260186229\" lang=\"SV-SE\" xml:lang=\"SV-SE\" data-usefontface=\"false\" data-contrast=\"none\"><span class=\"NormalTextRun BCX9 SCXP260186229\">\u00a0<\/span><\/span><span class=\"LineBreakBlob BlobObject BCX9 SCXP260186229\"><span class=\"BCX9 SCXP260186229\">\u200b<\/span><\/span><span class=\"TextRun BCX9 SCXP260186229\" lang=\"SV-SE\" xml:lang=\"SV-SE\" data-usefontface=\"false\" data-contrast=\"none\"><span class=\"NormalTextRun BCX9 SCXP260186229\">Terminologiarbete som resurs f\u00f6r\u00a0<\/span><\/span><span class=\"LineBreakBlob BlobObject BCX9 SCXP260186229\"><span class=\"BCX9 SCXP260186229\">\u200b<\/span><\/span><span class=\"TextRun BCX9 SCXP260186229\" lang=\"SV-SE\" xml:lang=\"SV-SE\" data-usefontface=\"false\" data-contrast=\"none\"><span class=\"NormalTextRun BCX9 SCXP260186229\">meningsfull kommunikation&#8221;.<\/span><\/span><\/p>\n<p style=\"text-align: center\"><strong>August 2022:<\/strong><\/p>\n<p>Projektets forskare samlade in nytt material i Riksarkivet i Stockholm, med fokus p\u00e5 TNC:s kontakter inom och utom Norden.<\/p>\n<p style=\"text-align: center\"><strong>September 2022:<\/strong><\/p>\n<p>Projektet presenteras: Lexfras-seminariet (digitalt), G\u00f6teborgs universitet, 21 september 2022<\/p>\n<p style=\"text-align: center\"><strong>May 2022:<\/strong><\/p>\n<p>Projektet presenteras: H\u00f6gre seminariet f\u00f6r spr\u00e5k och svenska (digitalt), Linn\u00e9universitetet, 24 maj 2022<\/p>\n<p style=\"text-align: center\"><strong>February 2022:<\/strong><\/p>\n<p>Project results were presented in <a href=\"https:\/\/sites.uwasa.fi\/vakki\/symposiumi-2022\/\"><strong>Vakki<\/strong> <\/a>conference with the title<em> &#8220;Terminologiarbete i Sverige och Finland: institutioner, fr\u00e5gor och (an)svar<\/em><em>&#8220;<\/em><\/p>\n<p style=\"text-align: center\"><strong>December 2021:<\/strong><\/p>\n<p>Projektet presenteras: Institutionen f\u00f6r svenska spr\u00e5ket, G\u00f6teborgs universitet, den 13 december 2021. L\u00e4nk:\u00a0<a href=\"https:\/\/www.gu.se\/svenska-spraket\/seminarieprogram#H%C3%B6gre-seminarium\">https:\/\/www.gu.se\/svenska-spraket\/seminarieprogram#H%C3%B6gre-seminarium<\/a><\/p>\n<p style=\"text-align: center\"><strong>November 2021:<\/strong><\/p>\n<p style=\"text-align: center\">Projektet presenteras: <a href=\"https:\/\/terminologiframjandet.se\/h552a9FtZ\/pa-gang\/\">Terminologifr\u00e4mjandets tr\u00e4ffar<\/a> den 30 november: \u201dVem vill ta hand om termerna? Terminologiskt arbete som spr\u00e5klig och samh\u00e4llelig infrastruktur d\u00e5, nu och sedan\u201d<\/p>\n<p style=\"text-align: center\"><strong>September 2021:<\/strong><\/p>\n<p style=\"text-align: center\"><em>Termer i tid<\/em> in the University of Gothenburg News: <a href=\"https:\/\/www.gu.se\/nyheter\/facktermer-viktigare-an-du-kanske-tror\">Facktermer &#8211; viktigare \u00e4n du kanske tro<\/a>r<\/p>\n<p style=\"text-align: center\"><strong><span style=\"text-decoration: underline\">June 2021:<\/span> <\/strong><\/p>\n<p style=\"text-align: center\"><a href=\"https:\/\/benjamins.com\/catalog\/term.27.1\">Special issue of Terminology 27:1<\/a> (Editors: Pilke, Nissil\u00e4 &amp; Landqvist) published in July 2021.<\/p>\n<p style=\"text-align: center\"><strong><span style=\"text-decoration: underline\">May 2021:<\/span> <\/strong><\/p>\n<p style=\"text-align: center\">Project received funding from <strong>Erik Wellanders fond<\/strong>.<\/p>\n<p style=\"text-align: center\">Project results were presented in <a href=\"https:\/\/blogs2.abo.fi\/svifi19\/\"><strong>Svenskan i Finland<\/strong> <\/a>conference with the title<em> &#8220;Svenska termer: kontakter mellan <\/em><em>TNC och finl\u00e4ndska akt\u00f6rer inom <\/em><em>terminologiomr\u00e5det&#8221;<\/em><\/p>\n<p style=\"text-align: center\"><span style=\"text-decoration: underline\"><strong>April 2021:<\/strong><\/span><\/p>\n<p style=\"text-align: center\"><a href=\"https:\/\/www.gu.se\/nyheter\/professor-forenar-forskning-om-facksprak-vetenskapligt-skrivande-och-oversattning\">Hans Landqvist befordrad till professor i svenska spr\u00e5ket<\/a>. Grattis Hans!<\/p>\n<p style=\"text-align: center\"><strong><span style=\"text-decoration: underline\">March 2021:<\/span><\/strong><\/p>\n<p style=\"text-align: center\"><strong>The Swedish Cultural Foundation in Finland<\/strong> funds termproject &#8220;Projektet Termer i tid \u2013Tidens termer. Terminologi som spr\u00e5klig infrastruktur d\u00e5, nu, sedan&#8221; with 22 000\u20ac.<\/p>\n","protected":false},"excerpt":{"rendered":"<p>June 2025: Projektresultat presenteras p\u00e5 Nordterm October 2024: Projektresultat presenteras p\u00e5 Svenskan i Finland. June 2023:\u00a0 Projektresultat presenteras p\u00e5 Nordterm. April 2023: Project results were presented in Terminology: Domain Loss and Gain conference with the title &#8220;Domain loss as a shared challenge in the Nordic terminology field. Added or dead value?&#8221;. February 2023: Project results [&hellip;]<\/p>\n","protected":false},"author":70,"featured_media":0,"parent":0,"menu_order":0,"comment_status":"closed","ping_status":"closed","template":"","meta":{"_acf_changed":false,"footnotes":""},"class_list":["post-10","page","type-page","status-publish","hentry"],"acf":[],"_links":{"self":[{"href":"https:\/\/sites.uwasa.fi\/term\/wp-json\/wp\/v2\/pages\/10"}],"collection":[{"href":"https:\/\/sites.uwasa.fi\/term\/wp-json\/wp\/v2\/pages"}],"about":[{"href":"https:\/\/sites.uwasa.fi\/term\/wp-json\/wp\/v2\/types\/page"}],"author":[{"embeddable":true,"href":"https:\/\/sites.uwasa.fi\/term\/wp-json\/wp\/v2\/users\/70"}],"replies":[{"embeddable":true,"href":"https:\/\/sites.uwasa.fi\/term\/wp-json\/wp\/v2\/comments?post=10"}],"version-history":[{"count":23,"href":"https:\/\/sites.uwasa.fi\/term\/wp-json\/wp\/v2\/pages\/10\/revisions"}],"predecessor-version":[{"id":162,"href":"https:\/\/sites.uwasa.fi\/term\/wp-json\/wp\/v2\/pages\/10\/revisions\/162"}],"wp:attachment":[{"href":"https:\/\/sites.uwasa.fi\/term\/wp-json\/wp\/v2\/media?parent=10"}],"curies":[{"name":"wp","href":"https:\/\/api.w.org\/{rel}","templated":true}]}}