{"id":937,"date":"2026-01-07T12:44:17","date_gmt":"2026-01-07T10:44:17","guid":{"rendered":"https:\/\/sites.uwasa.fi\/talentforumvaasa\/?page_id=937"},"modified":"2026-01-07T12:44:29","modified_gmt":"2026-01-07T10:44:29","slug":"coe-group","status":"publish","type":"page","link":"https:\/\/sites.uwasa.fi\/talentforumvaasa\/tapahtumassa-mukana\/coe-group\/","title":{"rendered":""},"content":{"rendered":"<p><img loading=\"lazy\" decoding=\"async\" class=\"aligncenter size-medium wp-image-935\" src=\"https:\/\/sites.uwasa.fi\/talentforumvaasa\/wp-content\/blogs.dir\/4\/files\/sites\/190\/2026\/01\/coe-group-300x100.png\" alt=\"\" width=\"300\" height=\"100\" srcset=\"https:\/\/sites.uwasa.fi\/talentforumvaasa\/wp-content\/blogs.dir\/4\/files\/sites\/190\/2026\/01\/coe-group-300x100.png 300w, https:\/\/sites.uwasa.fi\/talentforumvaasa\/wp-content\/blogs.dir\/4\/files\/sites\/190\/2026\/01\/coe-group.png 390w\" sizes=\"(max-width: 300px) 100vw, 300px\" \/><\/p>\n<p style=\"text-align: center\">CoE Group on kasvava suomalainen suunnittelu- ja konsultointiyritys energia-alan ja teollisuuden tarpeisiin. Meill\u00e4 ihmiset ovat etusijalla ja huolehdimme arjen perusasiat kuntoon, jotta voit keskitty\u00e4 omaan ty\u00f6h\u00f6si ja kehittymiseen. Toimimme Suomen laajuisesti, mutta juuremme ovat Vaasassa. Olemme toimineet jo vuosia Energiap\u00e4\u00e4kaupunki Vaasassa tiiviiss\u00e4 yhteisty\u00f6ss\u00e4 paikallisten yritysten kanssa ja mahdollistamme asiantuntijoille monipuolisen ja mielenkiin toisen uran energiateollisuuden parissa Suomessa ja kansainv\u00e4lisesti.<\/p>\n","protected":false},"excerpt":{"rendered":"<p>CoE Group on kasvava suomalainen suunnittelu- ja konsultointiyritys energia-alan ja teollisuuden tarpeisiin. Meill\u00e4 ihmiset ovat etusijalla ja huolehdimme arjen perusasiat kuntoon, jotta voit keskitty\u00e4 omaan ty\u00f6h\u00f6si ja kehittymiseen. Toimimme Suomen laajuisesti, mutta juuremme ovat Vaasassa. Olemme toimineet jo vuosia Energiap\u00e4\u00e4kaupunki Vaasassa tiiviiss\u00e4 yhteisty\u00f6ss\u00e4 paikallisten yritysten kanssa ja mahdollistamme asiantuntijoille monipuolisen ja mielenkiin toisen uran energiateollisuuden [&hellip;]<\/p>\n","protected":false},"author":585,"featured_media":0,"parent":214,"menu_order":0,"comment_status":"closed","ping_status":"closed","template":"","meta":{"_acf_changed":false,"footnotes":""},"class_list":["post-937","page","type-page","status-publish","hentry"],"acf":[],"lang":"fi","translations":{"fi":937},"pll_sync_post":[],"_links":{"self":[{"href":"https:\/\/sites.uwasa.fi\/talentforumvaasa\/wp-json\/wp\/v2\/pages\/937"}],"collection":[{"href":"https:\/\/sites.uwasa.fi\/talentforumvaasa\/wp-json\/wp\/v2\/pages"}],"about":[{"href":"https:\/\/sites.uwasa.fi\/talentforumvaasa\/wp-json\/wp\/v2\/types\/page"}],"author":[{"embeddable":true,"href":"https:\/\/sites.uwasa.fi\/talentforumvaasa\/wp-json\/wp\/v2\/users\/585"}],"replies":[{"embeddable":true,"href":"https:\/\/sites.uwasa.fi\/talentforumvaasa\/wp-json\/wp\/v2\/comments?post=937"}],"version-history":[{"count":2,"href":"https:\/\/sites.uwasa.fi\/talentforumvaasa\/wp-json\/wp\/v2\/pages\/937\/revisions"}],"predecessor-version":[{"id":939,"href":"https:\/\/sites.uwasa.fi\/talentforumvaasa\/wp-json\/wp\/v2\/pages\/937\/revisions\/939"}],"up":[{"embeddable":true,"href":"https:\/\/sites.uwasa.fi\/talentforumvaasa\/wp-json\/wp\/v2\/pages\/214"}],"wp:attachment":[{"href":"https:\/\/sites.uwasa.fi\/talentforumvaasa\/wp-json\/wp\/v2\/media?parent=937"}],"curies":[{"name":"wp","href":"https:\/\/api.w.org\/{rel}","templated":true}]}}