{"id":928,"date":"2025-12-19T12:05:16","date_gmt":"2025-12-19T10:05:16","guid":{"rendered":"https:\/\/sites.uwasa.fi\/talentforumvaasa\/?page_id=928"},"modified":"2025-12-19T12:07:00","modified_gmt":"2025-12-19T10:07:00","slug":"lokaltapiola-osterbotten","status":"publish","type":"page","link":"https:\/\/sites.uwasa.fi\/talentforumvaasa\/sv\/lokaltapiola-osterbotten\/","title":{"rendered":""},"content":{"rendered":"<p><img loading=\"lazy\" decoding=\"async\" class=\"aligncenter size-medium wp-image-915\" src=\"https:\/\/sites.uwasa.fi\/talentforumvaasa\/wp-content\/blogs.dir\/4\/files\/sites\/190\/2025\/12\/lahitapiola-pohjanmaa-rgb-sininen-300x75.jpg\" alt=\"\" width=\"300\" height=\"75\" srcset=\"https:\/\/sites.uwasa.fi\/talentforumvaasa\/wp-content\/blogs.dir\/4\/files\/sites\/190\/2025\/12\/lahitapiola-pohjanmaa-rgb-sininen-300x75.jpg 300w, https:\/\/sites.uwasa.fi\/talentforumvaasa\/wp-content\/blogs.dir\/4\/files\/sites\/190\/2025\/12\/lahitapiola-pohjanmaa-rgb-sininen-1024x256.jpg 1024w, https:\/\/sites.uwasa.fi\/talentforumvaasa\/wp-content\/blogs.dir\/4\/files\/sites\/190\/2025\/12\/lahitapiola-pohjanmaa-rgb-sininen-768x192.jpg 768w, https:\/\/sites.uwasa.fi\/talentforumvaasa\/wp-content\/blogs.dir\/4\/files\/sites\/190\/2025\/12\/lahitapiola-pohjanmaa-rgb-sininen.jpg 1200w\" sizes=\"(max-width: 300px) 100vw, 300px\" \/><\/p>\n<p style=\"text-align: center\">LokalTapiola \u00d6sterbotten \u00e4r ett livstrygghetsbolagt\u00e4gtavsina kunder. Bolagets omr\u00e5de str\u00e4cker<br \/>\nsigfr\u00e5n Kristinestad till Karleby. N\u00e4rmare varannan avregionens inv\u00e5nare \u00e4rkund hos bolaget, och bolaget b\u00e4r ett<br \/>\nbredare samh\u00e4llsansvargenom att st\u00f6da \u00e5tg\u00e4rder med vilka man fr\u00e4mjar \u00f6sterbottningarnasv\u00e4lm\u00e5ende och<br \/>\ntrygghet samt regionens livskraft.<\/p>\n","protected":false},"excerpt":{"rendered":"<p>LokalTapiola \u00d6sterbotten \u00e4r ett livstrygghetsbolagt\u00e4gtavsina kunder. Bolagets omr\u00e5de str\u00e4cker sigfr\u00e5n Kristinestad till Karleby. N\u00e4rmare varannan avregionens inv\u00e5nare \u00e4rkund hos bolaget, och bolaget b\u00e4r ett bredare samh\u00e4llsansvargenom att st\u00f6da \u00e5tg\u00e4rder med vilka man fr\u00e4mjar \u00f6sterbottningarnasv\u00e4lm\u00e5ende och trygghet samt regionens livskraft.<\/p>\n","protected":false},"author":585,"featured_media":0,"parent":0,"menu_order":0,"comment_status":"closed","ping_status":"closed","template":"","meta":{"_acf_changed":false,"footnotes":""},"class_list":["post-928","page","type-page","status-publish","hentry"],"acf":[],"lang":"sv","translations":{"sv":928,"fi":926},"pll_sync_post":[],"_links":{"self":[{"href":"https:\/\/sites.uwasa.fi\/talentforumvaasa\/wp-json\/wp\/v2\/pages\/928"}],"collection":[{"href":"https:\/\/sites.uwasa.fi\/talentforumvaasa\/wp-json\/wp\/v2\/pages"}],"about":[{"href":"https:\/\/sites.uwasa.fi\/talentforumvaasa\/wp-json\/wp\/v2\/types\/page"}],"author":[{"embeddable":true,"href":"https:\/\/sites.uwasa.fi\/talentforumvaasa\/wp-json\/wp\/v2\/users\/585"}],"replies":[{"embeddable":true,"href":"https:\/\/sites.uwasa.fi\/talentforumvaasa\/wp-json\/wp\/v2\/comments?post=928"}],"version-history":[{"count":2,"href":"https:\/\/sites.uwasa.fi\/talentforumvaasa\/wp-json\/wp\/v2\/pages\/928\/revisions"}],"predecessor-version":[{"id":933,"href":"https:\/\/sites.uwasa.fi\/talentforumvaasa\/wp-json\/wp\/v2\/pages\/928\/revisions\/933"}],"wp:attachment":[{"href":"https:\/\/sites.uwasa.fi\/talentforumvaasa\/wp-json\/wp\/v2\/media?parent=928"}],"curies":[{"name":"wp","href":"https:\/\/api.w.org\/{rel}","templated":true}]}}