{"id":926,"date":"2025-12-19T12:04:01","date_gmt":"2025-12-19T10:04:01","guid":{"rendered":"https:\/\/sites.uwasa.fi\/talentforumvaasa\/?page_id=926"},"modified":"2025-12-19T12:06:51","modified_gmt":"2025-12-19T10:06:51","slug":"lahitapiola-pohjanmaa","status":"publish","type":"page","link":"https:\/\/sites.uwasa.fi\/talentforumvaasa\/lahitapiola-pohjanmaa\/","title":{"rendered":""},"content":{"rendered":"<p><img loading=\"lazy\" decoding=\"async\" class=\"aligncenter size-medium wp-image-915\" src=\"https:\/\/sites.uwasa.fi\/talentforumvaasa\/wp-content\/blogs.dir\/4\/files\/sites\/190\/2025\/12\/lahitapiola-pohjanmaa-rgb-sininen-300x75.jpg\" alt=\"\" width=\"300\" height=\"75\" srcset=\"https:\/\/sites.uwasa.fi\/talentforumvaasa\/wp-content\/blogs.dir\/4\/files\/sites\/190\/2025\/12\/lahitapiola-pohjanmaa-rgb-sininen-300x75.jpg 300w, https:\/\/sites.uwasa.fi\/talentforumvaasa\/wp-content\/blogs.dir\/4\/files\/sites\/190\/2025\/12\/lahitapiola-pohjanmaa-rgb-sininen-1024x256.jpg 1024w, https:\/\/sites.uwasa.fi\/talentforumvaasa\/wp-content\/blogs.dir\/4\/files\/sites\/190\/2025\/12\/lahitapiola-pohjanmaa-rgb-sininen-768x192.jpg 768w, https:\/\/sites.uwasa.fi\/talentforumvaasa\/wp-content\/blogs.dir\/4\/files\/sites\/190\/2025\/12\/lahitapiola-pohjanmaa-rgb-sininen.jpg 1200w\" sizes=\"(max-width: 300px) 100vw, 300px\" \/><\/p>\n<p style=\"text-align: center\">L\u00e4hiTapiola Pohjanmaa on asiakkaidensa omistama el\u00e4m\u00e4nturvayhti\u00f6, jonka alue ulottuu Kristiinankaupungista<br \/>\nKokkolaan. L\u00e4hes joka toinen alueen asukkaista on yhti\u00f6n asiakas, ja yhti\u00f6 kantaa laajaa yhteiskuntavastuuta<br \/>\npanostaen vahvasti tekoihin, joilla edistet\u00e4\u00e4n pohjalaisten hyvinvointia ja turvallisuutta sek\u00e4 alueen<br \/>\nelinvoimaisuutta.<\/p>\n","protected":false},"excerpt":{"rendered":"<p>L\u00e4hiTapiola Pohjanmaa on asiakkaidensa omistama el\u00e4m\u00e4nturvayhti\u00f6, jonka alue ulottuu Kristiinankaupungista Kokkolaan. L\u00e4hes joka toinen alueen asukkaista on yhti\u00f6n asiakas, ja yhti\u00f6 kantaa laajaa yhteiskuntavastuuta panostaen vahvasti tekoihin, joilla edistet\u00e4\u00e4n pohjalaisten hyvinvointia ja turvallisuutta sek\u00e4 alueen elinvoimaisuutta.<\/p>\n","protected":false},"author":585,"featured_media":0,"parent":0,"menu_order":0,"comment_status":"closed","ping_status":"closed","template":"","meta":{"_acf_changed":false,"footnotes":""},"class_list":["post-926","page","type-page","status-publish","hentry"],"acf":[],"lang":"fi","translations":{"fi":926,"sv":928},"pll_sync_post":[],"_links":{"self":[{"href":"https:\/\/sites.uwasa.fi\/talentforumvaasa\/wp-json\/wp\/v2\/pages\/926"}],"collection":[{"href":"https:\/\/sites.uwasa.fi\/talentforumvaasa\/wp-json\/wp\/v2\/pages"}],"about":[{"href":"https:\/\/sites.uwasa.fi\/talentforumvaasa\/wp-json\/wp\/v2\/types\/page"}],"author":[{"embeddable":true,"href":"https:\/\/sites.uwasa.fi\/talentforumvaasa\/wp-json\/wp\/v2\/users\/585"}],"replies":[{"embeddable":true,"href":"https:\/\/sites.uwasa.fi\/talentforumvaasa\/wp-json\/wp\/v2\/comments?post=926"}],"version-history":[{"count":2,"href":"https:\/\/sites.uwasa.fi\/talentforumvaasa\/wp-json\/wp\/v2\/pages\/926\/revisions"}],"predecessor-version":[{"id":932,"href":"https:\/\/sites.uwasa.fi\/talentforumvaasa\/wp-json\/wp\/v2\/pages\/926\/revisions\/932"}],"wp:attachment":[{"href":"https:\/\/sites.uwasa.fi\/talentforumvaasa\/wp-json\/wp\/v2\/media?parent=926"}],"curies":[{"name":"wp","href":"https:\/\/api.w.org\/{rel}","templated":true}]}}