{"id":920,"date":"2025-12-19T12:01:21","date_gmt":"2025-12-19T10:01:21","guid":{"rendered":"https:\/\/sites.uwasa.fi\/talentforumvaasa\/?page_id=920"},"modified":"2025-12-19T12:01:29","modified_gmt":"2025-12-19T10:01:29","slug":"granlund","status":"publish","type":"page","link":"https:\/\/sites.uwasa.fi\/talentforumvaasa\/tapahtumassa-mukana\/granlund\/","title":{"rendered":""},"content":{"rendered":"<p><img loading=\"lazy\" decoding=\"async\" class=\"aligncenter size-medium wp-image-916\" src=\"https:\/\/sites.uwasa.fi\/talentforumvaasa\/wp-content\/blogs.dir\/4\/files\/sites\/190\/2025\/12\/gra-logo-varit-vaaka-rgb-300x300.png\" alt=\"\" width=\"300\" height=\"300\" srcset=\"https:\/\/sites.uwasa.fi\/talentforumvaasa\/wp-content\/blogs.dir\/4\/files\/sites\/190\/2025\/12\/gra-logo-varit-vaaka-rgb-300x300.png 300w, https:\/\/sites.uwasa.fi\/talentforumvaasa\/wp-content\/blogs.dir\/4\/files\/sites\/190\/2025\/12\/gra-logo-varit-vaaka-rgb-1024x1024.png 1024w, https:\/\/sites.uwasa.fi\/talentforumvaasa\/wp-content\/blogs.dir\/4\/files\/sites\/190\/2025\/12\/gra-logo-varit-vaaka-rgb-150x150.png 150w, https:\/\/sites.uwasa.fi\/talentforumvaasa\/wp-content\/blogs.dir\/4\/files\/sites\/190\/2025\/12\/gra-logo-varit-vaaka-rgb-768x768.png 768w, https:\/\/sites.uwasa.fi\/talentforumvaasa\/wp-content\/blogs.dir\/4\/files\/sites\/190\/2025\/12\/gra-logo-varit-vaaka-rgb-1536x1536.png 1536w, https:\/\/sites.uwasa.fi\/talentforumvaasa\/wp-content\/blogs.dir\/4\/files\/sites\/190\/2025\/12\/gra-logo-varit-vaaka-rgb-2048x2048.png 2048w\" sizes=\"(max-width: 300px) 100vw, 300px\" \/><\/p>\n<p style=\"text-align: center\">Granlund on voimakkaasti kasvava kiinteist\u00f6- ja rakennusalan asiantuntijayhti\u00f6. Rakennamme kest\u00e4v\u00e4\u00e4 ja \u00e4lyk\u00e4st\u00e4<br \/>\ntulevaisuutta yhdess\u00e4 asiakkaiden ja sidosryhmien kanssa. Yli 1600 ammattilaistamme palvelevat 30 toimipisteess\u00e4<br \/>\nkautta Suomen. Granlund tarjoaa opiskelijoille harjoittelu-, opinn\u00e4yte- sek\u00e4 tuntity\u00f6mahdollisuuksia. Harjoittelijat<br \/>\nn\u00e4hd\u00e4\u00e4n tulevina Granlundin ty\u00f6ntekij\u00f6in\u00e4, ja meill\u00e4 p\u00e4\u00e4see uraansa aloittelevat heti oikeisiin projekteihin mukaan.<br \/>\nHarjoittelujakson j\u00e4lkeen voit j\u00e4\u00e4d\u00e4 tuntihommiin \u2013 joustamme ty\u00f6ajoissa opiskelutilanteen mukaan.<\/p>\n","protected":false},"excerpt":{"rendered":"<p>Granlund on voimakkaasti kasvava kiinteist\u00f6- ja rakennusalan asiantuntijayhti\u00f6. Rakennamme kest\u00e4v\u00e4\u00e4 ja \u00e4lyk\u00e4st\u00e4 tulevaisuutta yhdess\u00e4 asiakkaiden ja sidosryhmien kanssa. Yli 1600 ammattilaistamme palvelevat 30 toimipisteess\u00e4 kautta Suomen. Granlund tarjoaa opiskelijoille harjoittelu-, opinn\u00e4yte- sek\u00e4 tuntity\u00f6mahdollisuuksia. Harjoittelijat n\u00e4hd\u00e4\u00e4n tulevina Granlundin ty\u00f6ntekij\u00f6in\u00e4, ja meill\u00e4 p\u00e4\u00e4see uraansa aloittelevat heti oikeisiin projekteihin mukaan. Harjoittelujakson j\u00e4lkeen voit j\u00e4\u00e4d\u00e4 tuntihommiin \u2013 joustamme ty\u00f6ajoissa [&hellip;]<\/p>\n","protected":false},"author":585,"featured_media":0,"parent":214,"menu_order":0,"comment_status":"closed","ping_status":"closed","template":"","meta":{"_acf_changed":false,"footnotes":""},"class_list":["post-920","page","type-page","status-publish","hentry"],"acf":[],"lang":"fi","translations":{"fi":920},"pll_sync_post":[],"_links":{"self":[{"href":"https:\/\/sites.uwasa.fi\/talentforumvaasa\/wp-json\/wp\/v2\/pages\/920"}],"collection":[{"href":"https:\/\/sites.uwasa.fi\/talentforumvaasa\/wp-json\/wp\/v2\/pages"}],"about":[{"href":"https:\/\/sites.uwasa.fi\/talentforumvaasa\/wp-json\/wp\/v2\/types\/page"}],"author":[{"embeddable":true,"href":"https:\/\/sites.uwasa.fi\/talentforumvaasa\/wp-json\/wp\/v2\/users\/585"}],"replies":[{"embeddable":true,"href":"https:\/\/sites.uwasa.fi\/talentforumvaasa\/wp-json\/wp\/v2\/comments?post=920"}],"version-history":[{"count":2,"href":"https:\/\/sites.uwasa.fi\/talentforumvaasa\/wp-json\/wp\/v2\/pages\/920\/revisions"}],"predecessor-version":[{"id":922,"href":"https:\/\/sites.uwasa.fi\/talentforumvaasa\/wp-json\/wp\/v2\/pages\/920\/revisions\/922"}],"up":[{"embeddable":true,"href":"https:\/\/sites.uwasa.fi\/talentforumvaasa\/wp-json\/wp\/v2\/pages\/214"}],"wp:attachment":[{"href":"https:\/\/sites.uwasa.fi\/talentforumvaasa\/wp-json\/wp\/v2\/media?parent=920"}],"curies":[{"name":"wp","href":"https:\/\/api.w.org\/{rel}","templated":true}]}}