{"id":878,"date":"2025-12-03T14:09:53","date_gmt":"2025-12-03T12:09:53","guid":{"rendered":"https:\/\/sites.uwasa.fi\/talentforumvaasa\/?page_id=878"},"modified":"2025-12-03T14:09:53","modified_gmt":"2025-12-03T12:09:53","slug":"vaasan-sahko-sv","status":"publish","type":"page","link":"https:\/\/sites.uwasa.fi\/talentforumvaasa\/sv\/deltagare\/vaasan-sahko-sv\/","title":{"rendered":""},"content":{"rendered":"<p><img loading=\"lazy\" decoding=\"async\" class=\"aligncenter size-medium wp-image-450\" src=\"https:\/\/sites.uwasa.fi\/talentforumvaasa\/wp-content\/blogs.dir\/4\/files\/sites\/190\/2025\/01\/vaasansaehkoe-2-kielinen-rgb-300x129.png\" alt=\"\" width=\"300\" height=\"129\" srcset=\"https:\/\/sites.uwasa.fi\/talentforumvaasa\/wp-content\/blogs.dir\/4\/files\/sites\/190\/2025\/01\/vaasansaehkoe-2-kielinen-rgb-300x129.png 300w, https:\/\/sites.uwasa.fi\/talentforumvaasa\/wp-content\/blogs.dir\/4\/files\/sites\/190\/2025\/01\/vaasansaehkoe-2-kielinen-rgb-1024x442.png 1024w, https:\/\/sites.uwasa.fi\/talentforumvaasa\/wp-content\/blogs.dir\/4\/files\/sites\/190\/2025\/01\/vaasansaehkoe-2-kielinen-rgb-768x331.png 768w, https:\/\/sites.uwasa.fi\/talentforumvaasa\/wp-content\/blogs.dir\/4\/files\/sites\/190\/2025\/01\/vaasansaehkoe-2-kielinen-rgb-1536x663.png 1536w, https:\/\/sites.uwasa.fi\/talentforumvaasa\/wp-content\/blogs.dir\/4\/files\/sites\/190\/2025\/01\/vaasansaehkoe-2-kielinen-rgb-2048x887.png 2048w, https:\/\/sites.uwasa.fi\/talentforumvaasa\/wp-content\/blogs.dir\/4\/files\/sites\/190\/2025\/01\/vaasansaehkoe-2-kielinen-rgb-1680x720.png 1680w\" sizes=\"(max-width: 300px) 100vw, 300px\" \/><\/p>\n<p style=\"text-align: center\">S\u00f6ker du nya utmaningar inom energi?Sammanlagt\u00e4rvi cirka 150 stycken ikoncernen.<br \/>\nInom koncernen jobbarvi bl.a. inom elhandel, fj\u00e4rrv\u00e4rme och el\u00f6verf\u00f6ring. Kom och snacka sommarjobb med oss!<\/p>\n","protected":false},"excerpt":{"rendered":"<p>S\u00f6ker du nya utmaningar inom energi?Sammanlagt\u00e4rvi cirka 150 stycken ikoncernen. Inom koncernen jobbarvi bl.a. inom elhandel, fj\u00e4rrv\u00e4rme och el\u00f6verf\u00f6ring. Kom och snacka sommarjobb med oss!<\/p>\n","protected":false},"author":585,"featured_media":0,"parent":272,"menu_order":0,"comment_status":"closed","ping_status":"closed","template":"","meta":{"_acf_changed":false,"footnotes":""},"class_list":["post-878","page","type-page","status-publish","hentry"],"acf":[],"lang":"sv","translations":{"sv":878,"fi":781},"pll_sync_post":[],"_links":{"self":[{"href":"https:\/\/sites.uwasa.fi\/talentforumvaasa\/wp-json\/wp\/v2\/pages\/878"}],"collection":[{"href":"https:\/\/sites.uwasa.fi\/talentforumvaasa\/wp-json\/wp\/v2\/pages"}],"about":[{"href":"https:\/\/sites.uwasa.fi\/talentforumvaasa\/wp-json\/wp\/v2\/types\/page"}],"author":[{"embeddable":true,"href":"https:\/\/sites.uwasa.fi\/talentforumvaasa\/wp-json\/wp\/v2\/users\/585"}],"replies":[{"embeddable":true,"href":"https:\/\/sites.uwasa.fi\/talentforumvaasa\/wp-json\/wp\/v2\/comments?post=878"}],"version-history":[{"count":1,"href":"https:\/\/sites.uwasa.fi\/talentforumvaasa\/wp-json\/wp\/v2\/pages\/878\/revisions"}],"predecessor-version":[{"id":879,"href":"https:\/\/sites.uwasa.fi\/talentforumvaasa\/wp-json\/wp\/v2\/pages\/878\/revisions\/879"}],"up":[{"embeddable":true,"href":"https:\/\/sites.uwasa.fi\/talentforumvaasa\/wp-json\/wp\/v2\/pages\/272"}],"wp:attachment":[{"href":"https:\/\/sites.uwasa.fi\/talentforumvaasa\/wp-json\/wp\/v2\/media?parent=878"}],"curies":[{"name":"wp","href":"https:\/\/api.w.org\/{rel}","templated":true}]}}