{"id":876,"date":"2025-12-03T14:05:33","date_gmt":"2025-12-03T12:05:33","guid":{"rendered":"https:\/\/sites.uwasa.fi\/talentforumvaasa\/?page_id=876"},"modified":"2025-12-03T14:05:51","modified_gmt":"2025-12-03T12:05:51","slug":"concordia-sv","status":"publish","type":"page","link":"https:\/\/sites.uwasa.fi\/talentforumvaasa\/sv\/deltagare\/concordia-sv\/","title":{"rendered":""},"content":{"rendered":"<p><img loading=\"lazy\" decoding=\"async\" class=\"aligncenter size-medium wp-image-471\" src=\"https:\/\/sites.uwasa.fi\/talentforumvaasa\/wp-content\/blogs.dir\/4\/files\/sites\/190\/2025\/01\/logo-liggande-sv-fi-cmyk-1-300x53.jpg\" alt=\"\" width=\"300\" height=\"53\" srcset=\"https:\/\/sites.uwasa.fi\/talentforumvaasa\/wp-content\/blogs.dir\/4\/files\/sites\/190\/2025\/01\/logo-liggande-sv-fi-cmyk-1-300x53.jpg 300w, https:\/\/sites.uwasa.fi\/talentforumvaasa\/wp-content\/blogs.dir\/4\/files\/sites\/190\/2025\/01\/logo-liggande-sv-fi-cmyk-1-1024x183.jpg 1024w, https:\/\/sites.uwasa.fi\/talentforumvaasa\/wp-content\/blogs.dir\/4\/files\/sites\/190\/2025\/01\/logo-liggande-sv-fi-cmyk-1-768x134.jpg 768w, https:\/\/sites.uwasa.fi\/talentforumvaasa\/wp-content\/blogs.dir\/4\/files\/sites\/190\/2025\/01\/logo-liggande-sv-fi-cmyk-1.jpg 1045w\" sizes=\"(max-width: 300px) 100vw, 300px\" \/><\/p>\n<p style=\"text-align: center\">Vi erbjuder hela Jakobstadsregionens utbud p\u00e5 arbetsmarknaden! Vilka brancher finns,vilka f\u00f6retag hittar du h\u00e4r och<br \/>\nvad erbjuder de? Vi samarbetar med Jakobstadsregionens utvecklingsbolag Concordia och Jakobstadsregionens<br \/>\nsyssels\u00e4ttningstj\u00e4nster. Kom och tr\u00e4ffa oss!<\/p>\n","protected":false},"excerpt":{"rendered":"<p>Vi erbjuder hela Jakobstadsregionens utbud p\u00e5 arbetsmarknaden! Vilka brancher finns,vilka f\u00f6retag hittar du h\u00e4r och vad erbjuder de? Vi samarbetar med Jakobstadsregionens utvecklingsbolag Concordia och Jakobstadsregionens syssels\u00e4ttningstj\u00e4nster. Kom och tr\u00e4ffa oss!<\/p>\n","protected":false},"author":585,"featured_media":0,"parent":272,"menu_order":0,"comment_status":"closed","ping_status":"closed","template":"","meta":{"_acf_changed":false,"footnotes":""},"class_list":["post-876","page","type-page","status-publish","hentry"],"acf":[],"lang":"sv","translations":{"sv":876,"en":873,"fi":738},"pll_sync_post":[],"_links":{"self":[{"href":"https:\/\/sites.uwasa.fi\/talentforumvaasa\/wp-json\/wp\/v2\/pages\/876"}],"collection":[{"href":"https:\/\/sites.uwasa.fi\/talentforumvaasa\/wp-json\/wp\/v2\/pages"}],"about":[{"href":"https:\/\/sites.uwasa.fi\/talentforumvaasa\/wp-json\/wp\/v2\/types\/page"}],"author":[{"embeddable":true,"href":"https:\/\/sites.uwasa.fi\/talentforumvaasa\/wp-json\/wp\/v2\/users\/585"}],"replies":[{"embeddable":true,"href":"https:\/\/sites.uwasa.fi\/talentforumvaasa\/wp-json\/wp\/v2\/comments?post=876"}],"version-history":[{"count":1,"href":"https:\/\/sites.uwasa.fi\/talentforumvaasa\/wp-json\/wp\/v2\/pages\/876\/revisions"}],"predecessor-version":[{"id":877,"href":"https:\/\/sites.uwasa.fi\/talentforumvaasa\/wp-json\/wp\/v2\/pages\/876\/revisions\/877"}],"up":[{"embeddable":true,"href":"https:\/\/sites.uwasa.fi\/talentforumvaasa\/wp-json\/wp\/v2\/pages\/272"}],"wp:attachment":[{"href":"https:\/\/sites.uwasa.fi\/talentforumvaasa\/wp-json\/wp\/v2\/media?parent=876"}],"curies":[{"name":"wp","href":"https:\/\/api.w.org\/{rel}","templated":true}]}}