{"id":794,"date":"2025-12-03T13:13:19","date_gmt":"2025-12-03T11:13:19","guid":{"rendered":"https:\/\/sites.uwasa.fi\/talentforumvaasa\/?page_id=794"},"modified":"2025-12-03T13:38:07","modified_gmt":"2025-12-03T11:38:07","slug":"westenergy","status":"publish","type":"page","link":"https:\/\/sites.uwasa.fi\/talentforumvaasa\/tapahtumassa-mukana\/westenergy\/","title":{"rendered":""},"content":{"rendered":"<p><img loading=\"lazy\" decoding=\"async\" class=\"size-medium wp-image-676 aligncenter\" src=\"https:\/\/sites.uwasa.fi\/talentforumvaasa\/wp-content\/blogs.dir\/4\/files\/sites\/190\/2025\/12\/westenergy-logo-300x49.png\" alt=\"\" width=\"300\" height=\"49\" srcset=\"https:\/\/sites.uwasa.fi\/talentforumvaasa\/wp-content\/blogs.dir\/4\/files\/sites\/190\/2025\/12\/westenergy-logo-300x49.png 300w, https:\/\/sites.uwasa.fi\/talentforumvaasa\/wp-content\/blogs.dir\/4\/files\/sites\/190\/2025\/12\/westenergy-logo-1024x169.png 1024w, https:\/\/sites.uwasa.fi\/talentforumvaasa\/wp-content\/blogs.dir\/4\/files\/sites\/190\/2025\/12\/westenergy-logo-768x126.png 768w, https:\/\/sites.uwasa.fi\/talentforumvaasa\/wp-content\/blogs.dir\/4\/files\/sites\/190\/2025\/12\/westenergy-logo-1536x253.png 1536w, https:\/\/sites.uwasa.fi\/talentforumvaasa\/wp-content\/blogs.dir\/4\/files\/sites\/190\/2025\/12\/westenergy-logo-2048x337.png 2048w\" sizes=\"(max-width: 300px) 100vw, 300px\" \/><\/p>\n<p style=\"text-align: center\">Westenergy Oy on uuden sukupolven kiertotalousyritys, joka jalostaa j\u00e4tett\u00e4 s\u00e4hk\u00f6ksi, kaukol\u00e4mm\u00f6ksi ja<br \/>\nuusiomateriaaleiksi. Laitoksen tuottamalla energialla on paikallisesti suuri ymp\u00e4rist\u00f6vaikutus v\u00e4hent\u00e4en fossiilisten<br \/>\npolttoaineiden tarvetta energiantuotannossa. Laitoksen tuotanto kattaa noin 50 prosenttia Vaasan alueen<br \/>\nkaukol\u00e4mp\u00f6tarpeesta. Tuottamalla maanrakennusmateriaalia ja kierr\u00e4tysmetalleja sek\u00e4 olemalla aktiivisesti<br \/>\nmukana kehitt\u00e4m\u00e4ss\u00e4 kiertotaloutta toiminta-alueellaan Westenergy on luomassa puhtaampaa ja kest\u00e4v\u00e4mp\u00e4\u00e4<br \/>\ntulevaisuutta.<\/p>\n","protected":false},"excerpt":{"rendered":"<p>Westenergy Oy on uuden sukupolven kiertotalousyritys, joka jalostaa j\u00e4tett\u00e4 s\u00e4hk\u00f6ksi, kaukol\u00e4mm\u00f6ksi ja uusiomateriaaleiksi. Laitoksen tuottamalla energialla on paikallisesti suuri ymp\u00e4rist\u00f6vaikutus v\u00e4hent\u00e4en fossiilisten polttoaineiden tarvetta energiantuotannossa. Laitoksen tuotanto kattaa noin 50 prosenttia Vaasan alueen kaukol\u00e4mp\u00f6tarpeesta. Tuottamalla maanrakennusmateriaalia ja kierr\u00e4tysmetalleja sek\u00e4 olemalla aktiivisesti mukana kehitt\u00e4m\u00e4ss\u00e4 kiertotaloutta toiminta-alueellaan Westenergy on luomassa puhtaampaa ja kest\u00e4v\u00e4mp\u00e4\u00e4 tulevaisuutta.<\/p>\n","protected":false},"author":585,"featured_media":0,"parent":214,"menu_order":0,"comment_status":"closed","ping_status":"closed","template":"","meta":{"_acf_changed":false,"footnotes":""},"class_list":["post-794","page","type-page","status-publish","hentry"],"acf":[],"lang":"fi","translations":{"fi":794},"pll_sync_post":[],"_links":{"self":[{"href":"https:\/\/sites.uwasa.fi\/talentforumvaasa\/wp-json\/wp\/v2\/pages\/794"}],"collection":[{"href":"https:\/\/sites.uwasa.fi\/talentforumvaasa\/wp-json\/wp\/v2\/pages"}],"about":[{"href":"https:\/\/sites.uwasa.fi\/talentforumvaasa\/wp-json\/wp\/v2\/types\/page"}],"author":[{"embeddable":true,"href":"https:\/\/sites.uwasa.fi\/talentforumvaasa\/wp-json\/wp\/v2\/users\/585"}],"replies":[{"embeddable":true,"href":"https:\/\/sites.uwasa.fi\/talentforumvaasa\/wp-json\/wp\/v2\/comments?post=794"}],"version-history":[{"count":3,"href":"https:\/\/sites.uwasa.fi\/talentforumvaasa\/wp-json\/wp\/v2\/pages\/794\/revisions"}],"predecessor-version":[{"id":829,"href":"https:\/\/sites.uwasa.fi\/talentforumvaasa\/wp-json\/wp\/v2\/pages\/794\/revisions\/829"}],"up":[{"embeddable":true,"href":"https:\/\/sites.uwasa.fi\/talentforumvaasa\/wp-json\/wp\/v2\/pages\/214"}],"wp:attachment":[{"href":"https:\/\/sites.uwasa.fi\/talentforumvaasa\/wp-json\/wp\/v2\/media?parent=794"}],"curies":[{"name":"wp","href":"https:\/\/api.w.org\/{rel}","templated":true}]}}