{"id":784,"date":"2025-12-03T13:03:36","date_gmt":"2025-12-03T11:03:36","guid":{"rendered":"https:\/\/sites.uwasa.fi\/talentforumvaasa\/?page_id=784"},"modified":"2025-12-16T11:50:31","modified_gmt":"2025-12-16T09:50:31","slug":"valtioneuvoston-kanslia-eu-asioiden-osasto","status":"publish","type":"page","link":"https:\/\/sites.uwasa.fi\/talentforumvaasa\/tapahtumassa-mukana\/valtioneuvoston-kanslia-eu-asioiden-osasto\/","title":{"rendered":""},"content":{"rendered":"<p>&nbsp;<\/p>\n<p style=\"text-align: center\"><strong>Valtioneuvoston kanslia EU-asioiden osasto<\/strong><\/p>\n<p style=\"text-align: center\">Valtioneuvoston kanslia (VNK) vastaa p\u00e4\u00e4ministerin johdolla hallitusohjelman toimeenpanon seurannasta ja<br \/>\navustaa p\u00e4\u00e4ministeri\u00e4 valtioneuvoston johtamisessa. Valtioneuvoston kanslia turvaa p\u00e4\u00e4ministerin ja hallituksen<br \/>\ntoimintaedellytykset kaikissa olosuhteissa. Kanslian teht\u00e4viin kuuluvat my\u00f6s valtion omistajapolitiikka sek\u00e4<br \/>\nvaltioneuvoston yhteiset hallintopalvelut. Valtioneuvoston kanslian EU-asioiden osasto vastaa Suomen EUpolitiikan<br \/>\nyhteensovittamisesta ja edist\u00e4\u00e4 suomalaisten EU-rekrytointeja.<\/p>\n","protected":false},"excerpt":{"rendered":"<p>&nbsp; Valtioneuvoston kanslia EU-asioiden osasto Valtioneuvoston kanslia (VNK) vastaa p\u00e4\u00e4ministerin johdolla hallitusohjelman toimeenpanon seurannasta ja avustaa p\u00e4\u00e4ministeri\u00e4 valtioneuvoston johtamisessa. Valtioneuvoston kanslia turvaa p\u00e4\u00e4ministerin ja hallituksen toimintaedellytykset kaikissa olosuhteissa. Kanslian teht\u00e4viin kuuluvat my\u00f6s valtion omistajapolitiikka sek\u00e4 valtioneuvoston yhteiset hallintopalvelut. Valtioneuvoston kanslian EU-asioiden osasto vastaa Suomen EUpolitiikan yhteensovittamisesta ja edist\u00e4\u00e4 suomalaisten EU-rekrytointeja.<\/p>\n","protected":false},"author":585,"featured_media":0,"parent":214,"menu_order":0,"comment_status":"closed","ping_status":"closed","template":"","meta":{"_acf_changed":false,"footnotes":""},"class_list":["post-784","page","type-page","status-publish","hentry"],"acf":[],"lang":"fi","translations":{"fi":784},"pll_sync_post":[],"_links":{"self":[{"href":"https:\/\/sites.uwasa.fi\/talentforumvaasa\/wp-json\/wp\/v2\/pages\/784"}],"collection":[{"href":"https:\/\/sites.uwasa.fi\/talentforumvaasa\/wp-json\/wp\/v2\/pages"}],"about":[{"href":"https:\/\/sites.uwasa.fi\/talentforumvaasa\/wp-json\/wp\/v2\/types\/page"}],"author":[{"embeddable":true,"href":"https:\/\/sites.uwasa.fi\/talentforumvaasa\/wp-json\/wp\/v2\/users\/585"}],"replies":[{"embeddable":true,"href":"https:\/\/sites.uwasa.fi\/talentforumvaasa\/wp-json\/wp\/v2\/comments?post=784"}],"version-history":[{"count":4,"href":"https:\/\/sites.uwasa.fi\/talentforumvaasa\/wp-json\/wp\/v2\/pages\/784\/revisions"}],"predecessor-version":[{"id":909,"href":"https:\/\/sites.uwasa.fi\/talentforumvaasa\/wp-json\/wp\/v2\/pages\/784\/revisions\/909"}],"up":[{"embeddable":true,"href":"https:\/\/sites.uwasa.fi\/talentforumvaasa\/wp-json\/wp\/v2\/pages\/214"}],"wp:attachment":[{"href":"https:\/\/sites.uwasa.fi\/talentforumvaasa\/wp-json\/wp\/v2\/media?parent=784"}],"curies":[{"name":"wp","href":"https:\/\/api.w.org\/{rel}","templated":true}]}}