{"id":781,"date":"2025-12-03T13:00:12","date_gmt":"2025-12-03T11:00:12","guid":{"rendered":"https:\/\/sites.uwasa.fi\/talentforumvaasa\/?page_id=781"},"modified":"2025-12-03T13:41:42","modified_gmt":"2025-12-03T11:41:42","slug":"vaasan-sahko","status":"publish","type":"page","link":"https:\/\/sites.uwasa.fi\/talentforumvaasa\/tapahtumassa-mukana\/vaasan-sahko\/","title":{"rendered":""},"content":{"rendered":"<p><img loading=\"lazy\" decoding=\"async\" class=\"wp-image-183 size-large aligncenter\" src=\"https:\/\/sites.uwasa.fi\/talentforumvaasa\/wp-content\/blogs.dir\/4\/files\/sites\/190\/2023\/11\/vaasansaehkoe-2-kielinen-rgb-1024x442.png\" alt=\"\" width=\"640\" height=\"276\" srcset=\"https:\/\/sites.uwasa.fi\/talentforumvaasa\/wp-content\/blogs.dir\/4\/files\/sites\/190\/2023\/11\/vaasansaehkoe-2-kielinen-rgb-1024x442.png 1024w, https:\/\/sites.uwasa.fi\/talentforumvaasa\/wp-content\/blogs.dir\/4\/files\/sites\/190\/2023\/11\/vaasansaehkoe-2-kielinen-rgb-300x129.png 300w, https:\/\/sites.uwasa.fi\/talentforumvaasa\/wp-content\/blogs.dir\/4\/files\/sites\/190\/2023\/11\/vaasansaehkoe-2-kielinen-rgb-768x331.png 768w, https:\/\/sites.uwasa.fi\/talentforumvaasa\/wp-content\/blogs.dir\/4\/files\/sites\/190\/2023\/11\/vaasansaehkoe-2-kielinen-rgb-1536x663.png 1536w, https:\/\/sites.uwasa.fi\/talentforumvaasa\/wp-content\/blogs.dir\/4\/files\/sites\/190\/2023\/11\/vaasansaehkoe-2-kielinen-rgb-2048x887.png 2048w\" sizes=\"(max-width: 640px) 100vw, 640px\" \/><\/p>\n<p style=\"text-align: center\">Etsitk\u00f6 uusia tuulia energian parissa? Vaasan S\u00e4hk\u00f6 -konsernissa meit\u00e4 on yhteens\u00e4 noin 150 henkil\u00f6\u00e4. Teemme<br \/>\nt\u00f6it\u00e4 muun muassa s\u00e4hk\u00f6kaupan, kaukol\u00e4mm\u00f6n ja s\u00e4hk\u00f6nsiirron parissa. L\u00e4mpim\u00e4sti tervetuloa juttelemaan<br \/>\nkes\u00e4ty\u00f6mahdollisuuksista!<\/p>\n","protected":false},"excerpt":{"rendered":"<p>Etsitk\u00f6 uusia tuulia energian parissa? Vaasan S\u00e4hk\u00f6 -konsernissa meit\u00e4 on yhteens\u00e4 noin 150 henkil\u00f6\u00e4. Teemme t\u00f6it\u00e4 muun muassa s\u00e4hk\u00f6kaupan, kaukol\u00e4mm\u00f6n ja s\u00e4hk\u00f6nsiirron parissa. L\u00e4mpim\u00e4sti tervetuloa juttelemaan kes\u00e4ty\u00f6mahdollisuuksista!<\/p>\n","protected":false},"author":585,"featured_media":0,"parent":214,"menu_order":0,"comment_status":"closed","ping_status":"closed","template":"","meta":{"_acf_changed":false,"footnotes":""},"class_list":["post-781","page","type-page","status-publish","hentry"],"acf":[],"lang":"fi","translations":{"fi":781,"sv":878},"pll_sync_post":[],"_links":{"self":[{"href":"https:\/\/sites.uwasa.fi\/talentforumvaasa\/wp-json\/wp\/v2\/pages\/781"}],"collection":[{"href":"https:\/\/sites.uwasa.fi\/talentforumvaasa\/wp-json\/wp\/v2\/pages"}],"about":[{"href":"https:\/\/sites.uwasa.fi\/talentforumvaasa\/wp-json\/wp\/v2\/types\/page"}],"author":[{"embeddable":true,"href":"https:\/\/sites.uwasa.fi\/talentforumvaasa\/wp-json\/wp\/v2\/users\/585"}],"replies":[{"embeddable":true,"href":"https:\/\/sites.uwasa.fi\/talentforumvaasa\/wp-json\/wp\/v2\/comments?post=781"}],"version-history":[{"count":4,"href":"https:\/\/sites.uwasa.fi\/talentforumvaasa\/wp-json\/wp\/v2\/pages\/781\/revisions"}],"predecessor-version":[{"id":838,"href":"https:\/\/sites.uwasa.fi\/talentforumvaasa\/wp-json\/wp\/v2\/pages\/781\/revisions\/838"}],"up":[{"embeddable":true,"href":"https:\/\/sites.uwasa.fi\/talentforumvaasa\/wp-json\/wp\/v2\/pages\/214"}],"wp:attachment":[{"href":"https:\/\/sites.uwasa.fi\/talentforumvaasa\/wp-json\/wp\/v2\/media?parent=781"}],"curies":[{"name":"wp","href":"https:\/\/api.w.org\/{rel}","templated":true}]}}