{"id":775,"date":"2025-12-03T12:52:41","date_gmt":"2025-12-03T10:52:41","guid":{"rendered":"https:\/\/sites.uwasa.fi\/talentforumvaasa\/?page_id=775"},"modified":"2025-12-03T13:42:38","modified_gmt":"2025-12-03T11:42:38","slug":"vaasan-kaupunki","status":"publish","type":"page","link":"https:\/\/sites.uwasa.fi\/talentforumvaasa\/tapahtumassa-mukana\/vaasan-kaupunki\/","title":{"rendered":""},"content":{"rendered":"<p><img loading=\"lazy\" decoding=\"async\" class=\"size-medium wp-image-181 aligncenter\" src=\"https:\/\/sites.uwasa.fi\/talentforumvaasa\/wp-content\/blogs.dir\/4\/files\/sites\/190\/2023\/11\/vaasa-vasa-logo-varillinen-300x97.jpg\" alt=\"\" width=\"300\" height=\"97\" srcset=\"https:\/\/sites.uwasa.fi\/talentforumvaasa\/wp-content\/blogs.dir\/4\/files\/sites\/190\/2023\/11\/vaasa-vasa-logo-varillinen-300x97.jpg 300w, https:\/\/sites.uwasa.fi\/talentforumvaasa\/wp-content\/blogs.dir\/4\/files\/sites\/190\/2023\/11\/vaasa-vasa-logo-varillinen.jpg 720w\" sizes=\"(max-width: 300px) 100vw, 300px\" \/><\/p>\n<p style=\"text-align: center\"><strong>Korkeakouluopiskelijat kuulkaa!<\/strong> Nyt olisi tilaisuus saada kullanarvoista ty\u00f6kokemusta paraatipaikalta!<br \/>\nOlemme yksi Vaasan suurimmista ty\u00f6nantajista ja kokemus monialaisessa ja kattavassa kaupunkiorganisaatiossa<br \/>\nantaa perspektiivi\u00e4 ja monia ev\u00e4it\u00e4 tulevaan. Meill\u00e4 riitt\u00e4\u00e4 positiivista virtaa, intoa ja innovatiivisuutta tehd\u00e4<br \/>\nasukkaistamme ja ty\u00f6ntekij\u00f6ist\u00e4mme maailman onnellisimpia! Tule mukaan tekem\u00e4\u00e4n kaupungistamme parasta<br \/>\npaikkaa asua! \u2764 <strong>Kes\u00e4ty\u00f6hakumme on auki 19.1.-1.3.2026<\/strong><\/p>\n","protected":false},"excerpt":{"rendered":"<p>Korkeakouluopiskelijat kuulkaa! Nyt olisi tilaisuus saada kullanarvoista ty\u00f6kokemusta paraatipaikalta! Olemme yksi Vaasan suurimmista ty\u00f6nantajista ja kokemus monialaisessa ja kattavassa kaupunkiorganisaatiossa antaa perspektiivi\u00e4 ja monia ev\u00e4it\u00e4 tulevaan. Meill\u00e4 riitt\u00e4\u00e4 positiivista virtaa, intoa ja innovatiivisuutta tehd\u00e4 asukkaistamme ja ty\u00f6ntekij\u00f6ist\u00e4mme maailman onnellisimpia! Tule mukaan tekem\u00e4\u00e4n kaupungistamme parasta paikkaa asua! \u2764 Kes\u00e4ty\u00f6hakumme on auki 19.1.-1.3.2026<\/p>\n","protected":false},"author":585,"featured_media":0,"parent":214,"menu_order":0,"comment_status":"closed","ping_status":"closed","template":"","meta":{"_acf_changed":false,"footnotes":""},"class_list":["post-775","page","type-page","status-publish","hentry"],"acf":[],"lang":"fi","translations":{"fi":775},"pll_sync_post":[],"_links":{"self":[{"href":"https:\/\/sites.uwasa.fi\/talentforumvaasa\/wp-json\/wp\/v2\/pages\/775"}],"collection":[{"href":"https:\/\/sites.uwasa.fi\/talentforumvaasa\/wp-json\/wp\/v2\/pages"}],"about":[{"href":"https:\/\/sites.uwasa.fi\/talentforumvaasa\/wp-json\/wp\/v2\/types\/page"}],"author":[{"embeddable":true,"href":"https:\/\/sites.uwasa.fi\/talentforumvaasa\/wp-json\/wp\/v2\/users\/585"}],"replies":[{"embeddable":true,"href":"https:\/\/sites.uwasa.fi\/talentforumvaasa\/wp-json\/wp\/v2\/comments?post=775"}],"version-history":[{"count":3,"href":"https:\/\/sites.uwasa.fi\/talentforumvaasa\/wp-json\/wp\/v2\/pages\/775\/revisions"}],"predecessor-version":[{"id":841,"href":"https:\/\/sites.uwasa.fi\/talentforumvaasa\/wp-json\/wp\/v2\/pages\/775\/revisions\/841"}],"up":[{"embeddable":true,"href":"https:\/\/sites.uwasa.fi\/talentforumvaasa\/wp-json\/wp\/v2\/pages\/214"}],"wp:attachment":[{"href":"https:\/\/sites.uwasa.fi\/talentforumvaasa\/wp-json\/wp\/v2\/media?parent=775"}],"curies":[{"name":"wp","href":"https:\/\/api.w.org\/{rel}","templated":true}]}}