{"id":770,"date":"2025-12-03T12:46:59","date_gmt":"2025-12-03T10:46:59","guid":{"rendered":"https:\/\/sites.uwasa.fi\/talentforumvaasa\/?page_id=770"},"modified":"2025-12-03T13:43:44","modified_gmt":"2025-12-03T11:43:44","slug":"teese-botnia","status":"publish","type":"page","link":"https:\/\/sites.uwasa.fi\/talentforumvaasa\/tapahtumassa-mukana\/teese-botnia\/","title":{"rendered":""},"content":{"rendered":"<p><img loading=\"lazy\" decoding=\"async\" class=\"size-full wp-image-362 aligncenter\" src=\"https:\/\/sites.uwasa.fi\/talentforumvaasa\/wp-content\/blogs.dir\/4\/files\/sites\/190\/2023\/12\/teese-botnia-logo.jpg\" alt=\"TeeSe Botnia\" width=\"171\" height=\"171\" srcset=\"https:\/\/sites.uwasa.fi\/talentforumvaasa\/wp-content\/blogs.dir\/4\/files\/sites\/190\/2023\/12\/teese-botnia-logo.jpg 171w, https:\/\/sites.uwasa.fi\/talentforumvaasa\/wp-content\/blogs.dir\/4\/files\/sites\/190\/2023\/12\/teese-botnia-logo-150x150.jpg 150w\" sizes=\"(max-width: 171px) 100vw, 171px\" \/><\/p>\n<p style=\"text-align: center\">TeeSe botnia on vastuullinen ja kehittyv\u00e4 monialayhti\u00f6, joka tarjoaa asiakkailleen kattavia puhdistus-, ruoka-,<br \/>\nkiinteist\u00f6- ja logistiikkapalveluita. T\u00e4ss\u00e4 tapahtumassa tulemme markkinoimaan l\u00e4hinn\u00e4 kes\u00e4n 2026<br \/>\nkes\u00e4ty\u00f6paikkoja, mutta my\u00f6s yleisesti meid\u00e4n yrityst\u00e4mme sek\u00e4 avoimia ty\u00f6paikkoja. Meill\u00e4 on ty\u00f6kielen\u00e4 suomi<br \/>\ntai ruotsi riippuen ty\u00f6kohteesta.<\/p>\n","protected":false},"excerpt":{"rendered":"<p>TeeSe botnia on vastuullinen ja kehittyv\u00e4 monialayhti\u00f6, joka tarjoaa asiakkailleen kattavia puhdistus-, ruoka-, kiinteist\u00f6- ja logistiikkapalveluita. T\u00e4ss\u00e4 tapahtumassa tulemme markkinoimaan l\u00e4hinn\u00e4 kes\u00e4n 2026 kes\u00e4ty\u00f6paikkoja, mutta my\u00f6s yleisesti meid\u00e4n yrityst\u00e4mme sek\u00e4 avoimia ty\u00f6paikkoja. Meill\u00e4 on ty\u00f6kielen\u00e4 suomi tai ruotsi riippuen ty\u00f6kohteesta.<\/p>\n","protected":false},"author":585,"featured_media":0,"parent":214,"menu_order":0,"comment_status":"closed","ping_status":"closed","template":"","meta":{"_acf_changed":false,"footnotes":""},"class_list":["post-770","page","type-page","status-publish","hentry"],"acf":[],"lang":"fi","translations":{"fi":770},"pll_sync_post":[],"_links":{"self":[{"href":"https:\/\/sites.uwasa.fi\/talentforumvaasa\/wp-json\/wp\/v2\/pages\/770"}],"collection":[{"href":"https:\/\/sites.uwasa.fi\/talentforumvaasa\/wp-json\/wp\/v2\/pages"}],"about":[{"href":"https:\/\/sites.uwasa.fi\/talentforumvaasa\/wp-json\/wp\/v2\/types\/page"}],"author":[{"embeddable":true,"href":"https:\/\/sites.uwasa.fi\/talentforumvaasa\/wp-json\/wp\/v2\/users\/585"}],"replies":[{"embeddable":true,"href":"https:\/\/sites.uwasa.fi\/talentforumvaasa\/wp-json\/wp\/v2\/comments?post=770"}],"version-history":[{"count":3,"href":"https:\/\/sites.uwasa.fi\/talentforumvaasa\/wp-json\/wp\/v2\/pages\/770\/revisions"}],"predecessor-version":[{"id":844,"href":"https:\/\/sites.uwasa.fi\/talentforumvaasa\/wp-json\/wp\/v2\/pages\/770\/revisions\/844"}],"up":[{"embeddable":true,"href":"https:\/\/sites.uwasa.fi\/talentforumvaasa\/wp-json\/wp\/v2\/pages\/214"}],"wp:attachment":[{"href":"https:\/\/sites.uwasa.fi\/talentforumvaasa\/wp-json\/wp\/v2\/media?parent=770"}],"curies":[{"name":"wp","href":"https:\/\/api.w.org\/{rel}","templated":true}]}}