{"id":766,"date":"2025-12-03T11:42:30","date_gmt":"2025-12-03T09:42:30","guid":{"rendered":"https:\/\/sites.uwasa.fi\/talentforumvaasa\/?page_id=766"},"modified":"2025-12-03T13:44:48","modified_gmt":"2025-12-03T11:44:48","slug":"pop-pankki-lakeus","status":"publish","type":"page","link":"https:\/\/sites.uwasa.fi\/talentforumvaasa\/tapahtumassa-mukana\/pop-pankki-lakeus\/","title":{"rendered":""},"content":{"rendered":"<p><img loading=\"lazy\" decoding=\"async\" class=\"size-medium wp-image-675 aligncenter\" src=\"https:\/\/sites.uwasa.fi\/talentforumvaasa\/wp-content\/blogs.dir\/4\/files\/sites\/190\/2025\/12\/4b3284b5-c014-47c3-acae-c8b6e6603043-300x67.jpg\" alt=\"\" width=\"300\" height=\"67\" srcset=\"https:\/\/sites.uwasa.fi\/talentforumvaasa\/wp-content\/blogs.dir\/4\/files\/sites\/190\/2025\/12\/4b3284b5-c014-47c3-acae-c8b6e6603043-300x67.jpg 300w, https:\/\/sites.uwasa.fi\/talentforumvaasa\/wp-content\/blogs.dir\/4\/files\/sites\/190\/2025\/12\/4b3284b5-c014-47c3-acae-c8b6e6603043-1024x230.jpg 1024w, https:\/\/sites.uwasa.fi\/talentforumvaasa\/wp-content\/blogs.dir\/4\/files\/sites\/190\/2025\/12\/4b3284b5-c014-47c3-acae-c8b6e6603043-768x173.jpg 768w, https:\/\/sites.uwasa.fi\/talentforumvaasa\/wp-content\/blogs.dir\/4\/files\/sites\/190\/2025\/12\/4b3284b5-c014-47c3-acae-c8b6e6603043-1536x345.jpg 1536w, https:\/\/sites.uwasa.fi\/talentforumvaasa\/wp-content\/blogs.dir\/4\/files\/sites\/190\/2025\/12\/4b3284b5-c014-47c3-acae-c8b6e6603043.jpg 2048w\" sizes=\"(max-width: 300px) 100vw, 300px\" \/><\/p>\n<p style=\"text-align: center\">POP Pankki Lakeus ja POP Pankin palvelukeskus ovat kertomassa yrityksist\u00e4 sek\u00e4 mahdollisista ty\u00f6paikoista.<\/p>\n","protected":false},"excerpt":{"rendered":"<p>POP Pankki Lakeus ja POP Pankin palvelukeskus ovat kertomassa yrityksist\u00e4 sek\u00e4 mahdollisista ty\u00f6paikoista.<\/p>\n","protected":false},"author":585,"featured_media":0,"parent":214,"menu_order":0,"comment_status":"closed","ping_status":"closed","template":"","meta":{"_acf_changed":false,"footnotes":""},"class_list":["post-766","page","type-page","status-publish","hentry"],"acf":[],"lang":"fi","translations":{"fi":766},"pll_sync_post":[],"_links":{"self":[{"href":"https:\/\/sites.uwasa.fi\/talentforumvaasa\/wp-json\/wp\/v2\/pages\/766"}],"collection":[{"href":"https:\/\/sites.uwasa.fi\/talentforumvaasa\/wp-json\/wp\/v2\/pages"}],"about":[{"href":"https:\/\/sites.uwasa.fi\/talentforumvaasa\/wp-json\/wp\/v2\/types\/page"}],"author":[{"embeddable":true,"href":"https:\/\/sites.uwasa.fi\/talentforumvaasa\/wp-json\/wp\/v2\/users\/585"}],"replies":[{"embeddable":true,"href":"https:\/\/sites.uwasa.fi\/talentforumvaasa\/wp-json\/wp\/v2\/comments?post=766"}],"version-history":[{"count":3,"href":"https:\/\/sites.uwasa.fi\/talentforumvaasa\/wp-json\/wp\/v2\/pages\/766\/revisions"}],"predecessor-version":[{"id":848,"href":"https:\/\/sites.uwasa.fi\/talentforumvaasa\/wp-json\/wp\/v2\/pages\/766\/revisions\/848"}],"up":[{"embeddable":true,"href":"https:\/\/sites.uwasa.fi\/talentforumvaasa\/wp-json\/wp\/v2\/pages\/214"}],"wp:attachment":[{"href":"https:\/\/sites.uwasa.fi\/talentforumvaasa\/wp-json\/wp\/v2\/media?parent=766"}],"curies":[{"name":"wp","href":"https:\/\/api.w.org\/{rel}","templated":true}]}}