{"id":738,"date":"2025-12-03T10:21:41","date_gmt":"2025-12-03T08:21:41","guid":{"rendered":"https:\/\/sites.uwasa.fi\/talentforumvaasa\/?page_id=738"},"modified":"2025-12-03T13:34:33","modified_gmt":"2025-12-03T11:34:33","slug":"jakobstadsregionen-pietarsaaren-seutu","status":"publish","type":"page","link":"https:\/\/sites.uwasa.fi\/talentforumvaasa\/tapahtumassa-mukana\/jakobstadsregionen-pietarsaaren-seutu\/","title":{"rendered":""},"content":{"rendered":"<p><img loading=\"lazy\" decoding=\"async\" class=\"size-medium wp-image-360 aligncenter\" src=\"https:\/\/sites.uwasa.fi\/talentforumvaasa\/wp-content\/blogs.dir\/4\/files\/sites\/190\/2023\/12\/concordia-logo-300x194.png\" alt=\"Pietarsaaren seutu\" width=\"300\" height=\"194\" srcset=\"https:\/\/sites.uwasa.fi\/talentforumvaasa\/wp-content\/blogs.dir\/4\/files\/sites\/190\/2023\/12\/concordia-logo-300x194.png 300w, https:\/\/sites.uwasa.fi\/talentforumvaasa\/wp-content\/blogs.dir\/4\/files\/sites\/190\/2023\/12\/concordia-logo-1024x663.png 1024w, https:\/\/sites.uwasa.fi\/talentforumvaasa\/wp-content\/blogs.dir\/4\/files\/sites\/190\/2023\/12\/concordia-logo-768x497.png 768w, https:\/\/sites.uwasa.fi\/talentforumvaasa\/wp-content\/blogs.dir\/4\/files\/sites\/190\/2023\/12\/concordia-logo.png 1534w\" sizes=\"(max-width: 300px) 100vw, 300px\" \/><\/p>\n<p style=\"text-align: center\">Tarjoamme koko Pietarsaaren seudun ty\u00f6markkinan tarjonnan! Mit\u00e4<br \/>\ntoimialoja on, mit\u00e4 yrityksi\u00e4 l\u00f6yd\u00e4t t\u00e4\u00e4lt\u00e4 ja mit\u00e4 ne tarjoavat? Teemme yhteisty\u00f6t\u00e4 Pietarsaaren seudun<br \/>\nkehitt\u00e4misyhti\u00f6 Concordian ja Pietarsaaren seudun ty\u00f6llisyyspalveluiden kanssa. Tule tapaamaan meit\u00e4!<\/p>\n","protected":false},"excerpt":{"rendered":"<p>Tarjoamme koko Pietarsaaren seudun ty\u00f6markkinan tarjonnan! Mit\u00e4 toimialoja on, mit\u00e4 yrityksi\u00e4 l\u00f6yd\u00e4t t\u00e4\u00e4lt\u00e4 ja mit\u00e4 ne tarjoavat? Teemme yhteisty\u00f6t\u00e4 Pietarsaaren seudun kehitt\u00e4misyhti\u00f6 Concordian ja Pietarsaaren seudun ty\u00f6llisyyspalveluiden kanssa. Tule tapaamaan meit\u00e4!<\/p>\n","protected":false},"author":585,"featured_media":0,"parent":214,"menu_order":0,"comment_status":"closed","ping_status":"closed","template":"","meta":{"_acf_changed":false,"footnotes":""},"class_list":["post-738","page","type-page","status-publish","hentry"],"acf":[],"lang":"fi","translations":{"fi":738,"en":873,"sv":876},"pll_sync_post":[],"_links":{"self":[{"href":"https:\/\/sites.uwasa.fi\/talentforumvaasa\/wp-json\/wp\/v2\/pages\/738"}],"collection":[{"href":"https:\/\/sites.uwasa.fi\/talentforumvaasa\/wp-json\/wp\/v2\/pages"}],"about":[{"href":"https:\/\/sites.uwasa.fi\/talentforumvaasa\/wp-json\/wp\/v2\/types\/page"}],"author":[{"embeddable":true,"href":"https:\/\/sites.uwasa.fi\/talentforumvaasa\/wp-json\/wp\/v2\/users\/585"}],"replies":[{"embeddable":true,"href":"https:\/\/sites.uwasa.fi\/talentforumvaasa\/wp-json\/wp\/v2\/comments?post=738"}],"version-history":[{"count":2,"href":"https:\/\/sites.uwasa.fi\/talentforumvaasa\/wp-json\/wp\/v2\/pages\/738\/revisions"}],"predecessor-version":[{"id":818,"href":"https:\/\/sites.uwasa.fi\/talentforumvaasa\/wp-json\/wp\/v2\/pages\/738\/revisions\/818"}],"up":[{"embeddable":true,"href":"https:\/\/sites.uwasa.fi\/talentforumvaasa\/wp-json\/wp\/v2\/pages\/214"}],"wp:attachment":[{"href":"https:\/\/sites.uwasa.fi\/talentforumvaasa\/wp-json\/wp\/v2\/media?parent=738"}],"curies":[{"name":"wp","href":"https:\/\/api.w.org\/{rel}","templated":true}]}}