{"id":719,"date":"2025-12-03T10:11:36","date_gmt":"2025-12-03T08:11:36","guid":{"rendered":"https:\/\/sites.uwasa.fi\/talentforumvaasa\/?page_id=719"},"modified":"2025-12-03T13:33:40","modified_gmt":"2025-12-03T11:33:40","slug":"bolt-works-vaasa","status":"publish","type":"page","link":"https:\/\/sites.uwasa.fi\/talentforumvaasa\/tapahtumassa-mukana\/bolt-works-vaasa\/","title":{"rendered":""},"content":{"rendered":"<p><img loading=\"lazy\" decoding=\"async\" class=\"size-medium wp-image-670 aligncenter\" src=\"https:\/\/sites.uwasa.fi\/talentforumvaasa\/wp-content\/blogs.dir\/4\/files\/sites\/190\/2025\/12\/bolt-black-300x157.png\" alt=\"\" width=\"300\" height=\"157\" data-wp-editing=\"1\" srcset=\"https:\/\/sites.uwasa.fi\/talentforumvaasa\/wp-content\/blogs.dir\/4\/files\/sites\/190\/2025\/12\/bolt-black-300x157.png 300w, https:\/\/sites.uwasa.fi\/talentforumvaasa\/wp-content\/blogs.dir\/4\/files\/sites\/190\/2025\/12\/bolt-black-768x403.png 768w, https:\/\/sites.uwasa.fi\/talentforumvaasa\/wp-content\/blogs.dir\/4\/files\/sites\/190\/2025\/12\/bolt-black.png 900w\" sizes=\"(max-width: 300px) 100vw, 300px\" \/><\/p>\n<p style=\"text-align: center\"><strong>Bolt.Works Oy \u2013 Moderni henkil\u00f6st\u00f6palvelujen edell\u00e4k\u00e4vij\u00e4 <\/strong><\/p>\n<p style=\"text-align: center\">Bolt.Works Oy on suomalainen, nopeasti kasvava<br \/>\nhenkil\u00f6st\u00f6palvelualan yritys, joka yhdist\u00e4\u00e4 ty\u00f6n ja tekij\u00e4t modernilla tavalla. Toimimme valtakunnallisesti yli 20<br \/>\ntoimipisteess\u00e4 ja ty\u00f6llist\u00e4mme vuosittain tuhansia ammattilaisia eri toimialoille. Erityisosaamistamme ovat<br \/>\nrakennus-, teollisuus-, logistiikka-, talotekniikka-, kiinteist\u00f6-, toimisto-, kaupan- sek\u00e4 palvelualojen<br \/>\nhenkil\u00f6st\u00f6ratkaisut. Asiakkainamme on sek\u00e4 pieni\u00e4 paikallisia yrityksi\u00e4 ett\u00e4 suuria valtakunnallisia toimijoita.<\/p>\n<p style=\"text-align: center\"><strong>Mik\u00e4 tekee Boltista erilaisen?<\/strong><\/p>\n<ul style=\"text-align: center\">\n<li>Digitaalisuus: Oma Bolt-sovelluksemme on yksi alan moderneimmista. Sen kautta<br \/>\nty\u00f6ntekij\u00e4t voivat hakea ty\u00f6vuoroja, tarkistaa palkkatietoja ja hoitaa ty\u00f6suhdeasioita helposti ja nopeasti.<\/li>\n<li>Nopeus ja ketteryys: Meill\u00e4 ty\u00f6ntekij\u00e4t ja asiakkaat yhdistyv\u00e4t tehokkaasti \u2013 oikea osaaja l\u00f6ytyy oikeaan paikkaan<br \/>\njuuri silloin, kun tarve on.<\/li>\n<li>Ihmiset keski\u00f6ss\u00e4: Vaikka k\u00e4yt\u00e4mme moderneja teknologioita, toimintamme perustuu<br \/>\nkohtaamiseen, luottamukseen ja aitoon vuorovaikutukseen. Meille t\u00e4rkeint\u00e4 on, ett\u00e4 jokainen ty\u00f6ntekij\u00e4 viihtyy ja<br \/>\nkehittyy ty\u00f6ss\u00e4\u00e4n.<\/li>\n<\/ul>\n<p style=\"text-align: center\"><strong>Mit\u00e4 tarjoamme ty\u00f6ntekij\u00f6ille?<\/strong><\/p>\n<ul>\n<li style=\"text-align: center\">Monipuolisia ty\u00f6mahdollisuuksia eri aloille<\/li>\n<li style=\"text-align: center\">TES:n mukaisen palkkauksen<\/li>\n<li style=\"text-align: center\">Ammattitaitoisen ja helposti tavoitettavan tuen<\/li>\n<li style=\"text-align: center\">Ty\u00f6terveyspalvelut heti ensimm\u00e4isest\u00e4<br \/>\nty\u00f6p\u00e4iv\u00e4st\u00e4 alkaen<\/li>\n<li style=\"text-align: center\">Mahdollisuuden kehitty\u00e4 ja edet\u00e4 uralla Mit\u00e4 tarjoamme asiakasyrityksille?<\/li>\n<li style=\"text-align: center\">Luotettavia ja nopeasti saatavilla olevia ammattilaisia J<\/li>\n<li style=\"text-align: center\">oustavat ja kustannustehokkaat henkil\u00f6st\u00f6ratkaisut<\/li>\n<li style=\"text-align: center\">Sitoutuneen kumppanin, joka tuntee toimialojen tarpeet<\/li>\n<li style=\"text-align: center\">K\u00e4yt\u00e4nn\u00f6nl\u00e4heist\u00e4 palvelua, jota tukee \u00e4lyk\u00e4s teknologia<\/li>\n<\/ul>\n","protected":false},"excerpt":{"rendered":"<p>Bolt.Works Oy \u2013 Moderni henkil\u00f6st\u00f6palvelujen edell\u00e4k\u00e4vij\u00e4 Bolt.Works Oy on suomalainen, nopeasti kasvava henkil\u00f6st\u00f6palvelualan yritys, joka yhdist\u00e4\u00e4 ty\u00f6n ja tekij\u00e4t modernilla tavalla. Toimimme valtakunnallisesti yli 20 toimipisteess\u00e4 ja ty\u00f6llist\u00e4mme vuosittain tuhansia ammattilaisia eri toimialoille. Erityisosaamistamme ovat rakennus-, teollisuus-, logistiikka-, talotekniikka-, kiinteist\u00f6-, toimisto-, kaupan- sek\u00e4 palvelualojen henkil\u00f6st\u00f6ratkaisut. Asiakkainamme on sek\u00e4 pieni\u00e4 paikallisia yrityksi\u00e4 ett\u00e4 suuria valtakunnallisia toimijoita. [&hellip;]<\/p>\n","protected":false},"author":585,"featured_media":0,"parent":214,"menu_order":0,"comment_status":"closed","ping_status":"closed","template":"","meta":{"_acf_changed":false,"footnotes":""},"class_list":["post-719","page","type-page","status-publish","hentry"],"acf":[],"lang":"fi","translations":{"fi":719},"pll_sync_post":[],"_links":{"self":[{"href":"https:\/\/sites.uwasa.fi\/talentforumvaasa\/wp-json\/wp\/v2\/pages\/719"}],"collection":[{"href":"https:\/\/sites.uwasa.fi\/talentforumvaasa\/wp-json\/wp\/v2\/pages"}],"about":[{"href":"https:\/\/sites.uwasa.fi\/talentforumvaasa\/wp-json\/wp\/v2\/types\/page"}],"author":[{"embeddable":true,"href":"https:\/\/sites.uwasa.fi\/talentforumvaasa\/wp-json\/wp\/v2\/users\/585"}],"replies":[{"embeddable":true,"href":"https:\/\/sites.uwasa.fi\/talentforumvaasa\/wp-json\/wp\/v2\/comments?post=719"}],"version-history":[{"count":4,"href":"https:\/\/sites.uwasa.fi\/talentforumvaasa\/wp-json\/wp\/v2\/pages\/719\/revisions"}],"predecessor-version":[{"id":817,"href":"https:\/\/sites.uwasa.fi\/talentforumvaasa\/wp-json\/wp\/v2\/pages\/719\/revisions\/817"}],"up":[{"embeddable":true,"href":"https:\/\/sites.uwasa.fi\/talentforumvaasa\/wp-json\/wp\/v2\/pages\/214"}],"wp:attachment":[{"href":"https:\/\/sites.uwasa.fi\/talentforumvaasa\/wp-json\/wp\/v2\/media?parent=719"}],"curies":[{"name":"wp","href":"https:\/\/api.w.org\/{rel}","templated":true}]}}