{"id":712,"date":"2025-12-03T09:56:57","date_gmt":"2025-12-03T07:56:57","guid":{"rendered":"https:\/\/sites.uwasa.fi\/talentforumvaasa\/?page_id=712"},"modified":"2025-12-03T13:30:48","modified_gmt":"2025-12-03T11:30:48","slug":"b2-impact","status":"publish","type":"page","link":"https:\/\/sites.uwasa.fi\/talentforumvaasa\/tapahtumassa-mukana\/b2-impact\/","title":{"rendered":""},"content":{"rendered":"<p><img loading=\"lazy\" decoding=\"async\" class=\"aligncenter wp-image-456 size-large\" src=\"https:\/\/sites.uwasa.fi\/talentforumvaasa\/wp-content\/blogs.dir\/4\/files\/sites\/190\/2025\/01\/fa-b2-logotype-pv-multicolour-whitebackground-rgb-1024x725.png\" alt=\"\" width=\"640\" height=\"453\" srcset=\"https:\/\/sites.uwasa.fi\/talentforumvaasa\/wp-content\/blogs.dir\/4\/files\/sites\/190\/2025\/01\/fa-b2-logotype-pv-multicolour-whitebackground-rgb-1024x725.png 1024w, https:\/\/sites.uwasa.fi\/talentforumvaasa\/wp-content\/blogs.dir\/4\/files\/sites\/190\/2025\/01\/fa-b2-logotype-pv-multicolour-whitebackground-rgb-300x212.png 300w, https:\/\/sites.uwasa.fi\/talentforumvaasa\/wp-content\/blogs.dir\/4\/files\/sites\/190\/2025\/01\/fa-b2-logotype-pv-multicolour-whitebackground-rgb-768x543.png 768w, https:\/\/sites.uwasa.fi\/talentforumvaasa\/wp-content\/blogs.dir\/4\/files\/sites\/190\/2025\/01\/fa-b2-logotype-pv-multicolour-whitebackground-rgb-1536x1087.png 1536w, https:\/\/sites.uwasa.fi\/talentforumvaasa\/wp-content\/blogs.dir\/4\/files\/sites\/190\/2025\/01\/fa-b2-logotype-pv-multicolour-whitebackground-rgb.png 1754w\" sizes=\"(max-width: 640px) 100vw, 640px\" \/><\/p>\n<p style=\"text-align: center\">Olemme yksi johtavista eurooppalaisista luotonhallintayhti\u00f6ist\u00e4. P\u00e4\u00e4konttorimme sijaitsee Norjan Oslossa ja<br \/>\nyrityksemme on noteerattu Oslon p\u00f6rssiin. Rakennamme toiminnallamme terveellisemp\u00e4\u00e4 taloutta. Tarjoamme<br \/>\nratkaisuja velkojen mukanaan tuomiin haasteisiin ja vahvistamme n\u00e4in yritysten maksukyky\u00e4. Parannamme<br \/>\nasiakkaidemme taloudellista tilannetta tarjoamalla heille kest\u00e4vi\u00e4 ratkaisuja velkojen hallintaan. Edist\u00e4mme<br \/>\nkest\u00e4vi\u00e4 taloudellisia parannuksia avoimen ja eettisen velanhallinnan avulla. Yrityksemme on perustettu vuonna<br \/>\n2011 ja ty\u00f6llist\u00e4mme noin 1 700 henkil\u00f6\u00e4 ymp\u00e4ri Eurooppaa. B2 Impactilla on Suomessa toimintaa kolmella<br \/>\npaikkakunnalla: Helsingiss\u00e4, Tampereella ja Vaasassa. Lis\u00e4ksi meill\u00e4 on tyt\u00e4ryhti\u00f6 B2 Impact O\u00dc Virossa. Vuonna<br \/>\n2023 yrityksemme liikevaihto oli 60,1 miljoonaa euroa. Meill\u00e4 ty\u00f6skentelee noin 150 perinn\u00e4n ammattilaista ja<br \/>\nasiantuntijaa.<\/p>\n","protected":false},"excerpt":{"rendered":"<p>Olemme yksi johtavista eurooppalaisista luotonhallintayhti\u00f6ist\u00e4. P\u00e4\u00e4konttorimme sijaitsee Norjan Oslossa ja yrityksemme on noteerattu Oslon p\u00f6rssiin. Rakennamme toiminnallamme terveellisemp\u00e4\u00e4 taloutta. Tarjoamme ratkaisuja velkojen mukanaan tuomiin haasteisiin ja vahvistamme n\u00e4in yritysten maksukyky\u00e4. Parannamme asiakkaidemme taloudellista tilannetta tarjoamalla heille kest\u00e4vi\u00e4 ratkaisuja velkojen hallintaan. Edist\u00e4mme kest\u00e4vi\u00e4 taloudellisia parannuksia avoimen ja eettisen velanhallinnan avulla. Yrityksemme on perustettu vuonna 2011 ja [&hellip;]<\/p>\n","protected":false},"author":585,"featured_media":0,"parent":214,"menu_order":0,"comment_status":"closed","ping_status":"closed","template":"","meta":{"_acf_changed":false,"footnotes":""},"class_list":["post-712","page","type-page","status-publish","hentry"],"acf":[],"lang":"fi","translations":{"fi":712},"pll_sync_post":[],"_links":{"self":[{"href":"https:\/\/sites.uwasa.fi\/talentforumvaasa\/wp-json\/wp\/v2\/pages\/712"}],"collection":[{"href":"https:\/\/sites.uwasa.fi\/talentforumvaasa\/wp-json\/wp\/v2\/pages"}],"about":[{"href":"https:\/\/sites.uwasa.fi\/talentforumvaasa\/wp-json\/wp\/v2\/types\/page"}],"author":[{"embeddable":true,"href":"https:\/\/sites.uwasa.fi\/talentforumvaasa\/wp-json\/wp\/v2\/users\/585"}],"replies":[{"embeddable":true,"href":"https:\/\/sites.uwasa.fi\/talentforumvaasa\/wp-json\/wp\/v2\/comments?post=712"}],"version-history":[{"count":7,"href":"https:\/\/sites.uwasa.fi\/talentforumvaasa\/wp-json\/wp\/v2\/pages\/712\/revisions"}],"predecessor-version":[{"id":811,"href":"https:\/\/sites.uwasa.fi\/talentforumvaasa\/wp-json\/wp\/v2\/pages\/712\/revisions\/811"}],"up":[{"embeddable":true,"href":"https:\/\/sites.uwasa.fi\/talentforumvaasa\/wp-json\/wp\/v2\/pages\/214"}],"wp:attachment":[{"href":"https:\/\/sites.uwasa.fi\/talentforumvaasa\/wp-json\/wp\/v2\/media?parent=712"}],"curies":[{"name":"wp","href":"https:\/\/api.w.org\/{rel}","templated":true}]}}