{"id":708,"date":"2025-12-03T09:48:49","date_gmt":"2025-12-03T07:48:49","guid":{"rendered":"https:\/\/sites.uwasa.fi\/talentforumvaasa\/?page_id=708"},"modified":"2025-12-03T13:27:15","modified_gmt":"2025-12-03T11:27:15","slug":"amada-automation","status":"publish","type":"page","link":"https:\/\/sites.uwasa.fi\/talentforumvaasa\/tapahtumassa-mukana\/amada-automation\/","title":{"rendered":""},"content":{"rendered":"<p style=\"text-align: center\"><img loading=\"lazy\" decoding=\"async\" class=\"size-medium\" src=\"https:\/\/amada-automation.eu\/wp-content\/uploads\/2021\/04\/amada-logo-web-done.svg\" width=\"300\" height=\"129\" \/><\/p>\n<p style=\"text-align: center\">AMADA Automation Europe, eller AAE som vi ocks\u00e5 kallar oss, \u00e4r en del av den globala AMADA-koncernen.<br \/>\nKoncernen finns p\u00e5 fem kontinenter och omfattar fler \u00e4n 100 f\u00f6retag med cirka 9 000 anst\u00e4llda, varav cirka 2 000 i<br \/>\nEuropa. Huvudkontoret ligger i Isehara i Kanagawa prefektur, Japan. AMADA \u00e4r en av v\u00e4rldens st\u00f6rsta tillverkare av<br \/>\nh\u00f6gteknologiska pl\u00e5tbearbetningsmaskiner. Vi, AAE, \u00e4r koncernens st\u00f6rsta tillverkningsenhet av<br \/>\nautomationsl\u00f6sningar i Europa. Majoriteten av v\u00e5r produktion p\u00e5 AAE exporteras till Europa och Nordamerika. Vi<br \/>\n\u00e4r omkring 200 anst\u00e4llda och v\u00e5rt huvudkontor finns i anslutning till fabriken i Benn\u00e4s.<\/p>\n","protected":false},"excerpt":{"rendered":"<p>AMADA Automation Europe, eller AAE som vi ocks\u00e5 kallar oss, \u00e4r en del av den globala AMADA-koncernen. Koncernen finns p\u00e5 fem kontinenter och omfattar fler \u00e4n 100 f\u00f6retag med cirka 9 000 anst\u00e4llda, varav cirka 2 000 i Europa. Huvudkontoret ligger i Isehara i Kanagawa prefektur, Japan. AMADA \u00e4r en av v\u00e4rldens st\u00f6rsta tillverkare av [&hellip;]<\/p>\n","protected":false},"author":585,"featured_media":0,"parent":214,"menu_order":0,"comment_status":"closed","ping_status":"closed","template":"","meta":{"_acf_changed":false,"footnotes":""},"class_list":["post-708","page","type-page","status-publish","hentry"],"acf":[],"lang":"fi","translations":{"fi":708},"pll_sync_post":[],"_links":{"self":[{"href":"https:\/\/sites.uwasa.fi\/talentforumvaasa\/wp-json\/wp\/v2\/pages\/708"}],"collection":[{"href":"https:\/\/sites.uwasa.fi\/talentforumvaasa\/wp-json\/wp\/v2\/pages"}],"about":[{"href":"https:\/\/sites.uwasa.fi\/talentforumvaasa\/wp-json\/wp\/v2\/types\/page"}],"author":[{"embeddable":true,"href":"https:\/\/sites.uwasa.fi\/talentforumvaasa\/wp-json\/wp\/v2\/users\/585"}],"replies":[{"embeddable":true,"href":"https:\/\/sites.uwasa.fi\/talentforumvaasa\/wp-json\/wp\/v2\/comments?post=708"}],"version-history":[{"count":5,"href":"https:\/\/sites.uwasa.fi\/talentforumvaasa\/wp-json\/wp\/v2\/pages\/708\/revisions"}],"predecessor-version":[{"id":808,"href":"https:\/\/sites.uwasa.fi\/talentforumvaasa\/wp-json\/wp\/v2\/pages\/708\/revisions\/808"}],"up":[{"embeddable":true,"href":"https:\/\/sites.uwasa.fi\/talentforumvaasa\/wp-json\/wp\/v2\/pages\/214"}],"wp:attachment":[{"href":"https:\/\/sites.uwasa.fi\/talentforumvaasa\/wp-json\/wp\/v2\/media?parent=708"}],"curies":[{"name":"wp","href":"https:\/\/api.w.org\/{rel}","templated":true}]}}