{"id":703,"date":"2025-12-03T09:20:40","date_gmt":"2025-12-03T07:20:40","guid":{"rendered":"https:\/\/sites.uwasa.fi\/talentforumvaasa\/?page_id=703"},"modified":"2025-12-03T13:26:19","modified_gmt":"2025-12-03T11:26:19","slug":"academic-work","status":"publish","type":"page","link":"https:\/\/sites.uwasa.fi\/talentforumvaasa\/tapahtumassa-mukana\/academic-work\/","title":{"rendered":""},"content":{"rendered":"<p><img loading=\"lazy\" decoding=\"async\" class=\"size-medium wp-image-154 aligncenter\" src=\"https:\/\/sites.uwasa.fi\/talentforumvaasa\/wp-content\/blogs.dir\/4\/files\/sites\/190\/2023\/11\/aw-logo-main-version-rgb-edamame-medium-1-300x82.png\" alt=\"\" width=\"300\" height=\"82\" srcset=\"https:\/\/sites.uwasa.fi\/talentforumvaasa\/wp-content\/blogs.dir\/4\/files\/sites\/190\/2023\/11\/aw-logo-main-version-rgb-edamame-medium-1-300x82.png 300w, https:\/\/sites.uwasa.fi\/talentforumvaasa\/wp-content\/blogs.dir\/4\/files\/sites\/190\/2023\/11\/aw-logo-main-version-rgb-edamame-medium-1-768x210.png 768w, https:\/\/sites.uwasa.fi\/talentforumvaasa\/wp-content\/blogs.dir\/4\/files\/sites\/190\/2023\/11\/aw-logo-main-version-rgb-edamame-medium-1.png 900w\" sizes=\"(max-width: 300px) 100vw, 300px\" \/><\/p>\n<p style=\"text-align: center\">Tavoittenamme on l\u00f6yt\u00e4\u00e4 opiskelijoille, vastavalmistuneille tai jo muutaman vuoden ty\u00f6kokemusta kartuttaneille<br \/>\nosaajille uusia mielenkiintoisia ty\u00f6teht\u00e4vi\u00e4. Kauttamme l\u00f6yd\u00e4t projekteja sek\u00e4 osa- ja kokoaikaisia teht\u00e4vi\u00e4, joiden<br \/>\navulla kartutat arvokasta kokemusta joko jo opintojen aikana tai valmistumisen j\u00e4lkeen. Academic Work on yksi<br \/>\nEuroopan johtavista uran alkuvaiheen osaajiin erikoistuneista henkil\u00f6st\u00f6palveluyrityksist\u00e4.<\/p>\n","protected":false},"excerpt":{"rendered":"<p>Tavoittenamme on l\u00f6yt\u00e4\u00e4 opiskelijoille, vastavalmistuneille tai jo muutaman vuoden ty\u00f6kokemusta kartuttaneille osaajille uusia mielenkiintoisia ty\u00f6teht\u00e4vi\u00e4. Kauttamme l\u00f6yd\u00e4t projekteja sek\u00e4 osa- ja kokoaikaisia teht\u00e4vi\u00e4, joiden avulla kartutat arvokasta kokemusta joko jo opintojen aikana tai valmistumisen j\u00e4lkeen. Academic Work on yksi Euroopan johtavista uran alkuvaiheen osaajiin erikoistuneista henkil\u00f6st\u00f6palveluyrityksist\u00e4.<\/p>\n","protected":false},"author":585,"featured_media":0,"parent":214,"menu_order":0,"comment_status":"closed","ping_status":"closed","template":"","meta":{"_acf_changed":false,"footnotes":""},"class_list":["post-703","page","type-page","status-publish","hentry"],"acf":[],"lang":"fi","translations":{"fi":703,"en":869},"pll_sync_post":[],"_links":{"self":[{"href":"https:\/\/sites.uwasa.fi\/talentforumvaasa\/wp-json\/wp\/v2\/pages\/703"}],"collection":[{"href":"https:\/\/sites.uwasa.fi\/talentforumvaasa\/wp-json\/wp\/v2\/pages"}],"about":[{"href":"https:\/\/sites.uwasa.fi\/talentforumvaasa\/wp-json\/wp\/v2\/types\/page"}],"author":[{"embeddable":true,"href":"https:\/\/sites.uwasa.fi\/talentforumvaasa\/wp-json\/wp\/v2\/users\/585"}],"replies":[{"embeddable":true,"href":"https:\/\/sites.uwasa.fi\/talentforumvaasa\/wp-json\/wp\/v2\/comments?post=703"}],"version-history":[{"count":5,"href":"https:\/\/sites.uwasa.fi\/talentforumvaasa\/wp-json\/wp\/v2\/pages\/703\/revisions"}],"predecessor-version":[{"id":807,"href":"https:\/\/sites.uwasa.fi\/talentforumvaasa\/wp-json\/wp\/v2\/pages\/703\/revisions\/807"}],"up":[{"embeddable":true,"href":"https:\/\/sites.uwasa.fi\/talentforumvaasa\/wp-json\/wp\/v2\/pages\/214"}],"wp:attachment":[{"href":"https:\/\/sites.uwasa.fi\/talentforumvaasa\/wp-json\/wp\/v2\/media?parent=703"}],"curies":[{"name":"wp","href":"https:\/\/api.w.org\/{rel}","templated":true}]}}