{"id":272,"date":"2023-12-05T14:21:31","date_gmt":"2023-12-05T12:21:31","guid":{"rendered":"https:\/\/sites.uwasa.fi\/talentforumvaasa\/?page_id=272"},"modified":"2026-01-14T13:20:56","modified_gmt":"2026-01-14T11:20:56","slug":"deltagare","status":"publish","type":"page","link":"https:\/\/sites.uwasa.fi\/talentforumvaasa\/sv\/deltagare\/","title":{"rendered":"Deltagare 2026"},"content":{"rendered":"<p>Klicka p\u00e5 logotypen f\u00f6r den arbetsgivare du \u00e4r intresserad av och l\u00e4s mer!<\/p>\n","protected":false},"excerpt":{"rendered":"<p>Klicka p\u00e5 logotypen f\u00f6r den arbetsgivare du \u00e4r intresserad av och l\u00e4s mer!<\/p>\n","protected":false},"author":21,"featured_media":0,"parent":0,"menu_order":0,"comment_status":"closed","ping_status":"closed","template":"","meta":{"_acf_changed":false,"footnotes":""},"class_list":["post-272","page","type-page","status-publish","hentry"],"acf":[],"lang":"sv","translations":{"sv":272,"en":270,"fi":214},"pll_sync_post":[],"_links":{"self":[{"href":"https:\/\/sites.uwasa.fi\/talentforumvaasa\/wp-json\/wp\/v2\/pages\/272"}],"collection":[{"href":"https:\/\/sites.uwasa.fi\/talentforumvaasa\/wp-json\/wp\/v2\/pages"}],"about":[{"href":"https:\/\/sites.uwasa.fi\/talentforumvaasa\/wp-json\/wp\/v2\/types\/page"}],"author":[{"embeddable":true,"href":"https:\/\/sites.uwasa.fi\/talentforumvaasa\/wp-json\/wp\/v2\/users\/21"}],"replies":[{"embeddable":true,"href":"https:\/\/sites.uwasa.fi\/talentforumvaasa\/wp-json\/wp\/v2\/comments?post=272"}],"version-history":[{"count":26,"href":"https:\/\/sites.uwasa.fi\/talentforumvaasa\/wp-json\/wp\/v2\/pages\/272\/revisions"}],"predecessor-version":[{"id":956,"href":"https:\/\/sites.uwasa.fi\/talentforumvaasa\/wp-json\/wp\/v2\/pages\/272\/revisions\/956"}],"wp:attachment":[{"href":"https:\/\/sites.uwasa.fi\/talentforumvaasa\/wp-json\/wp\/v2\/media?parent=272"}],"curies":[{"name":"wp","href":"https:\/\/api.w.org\/{rel}","templated":true}]}}