{"id":214,"date":"2023-12-01T13:18:59","date_gmt":"2023-12-01T11:18:59","guid":{"rendered":"https:\/\/sites.uwasa.fi\/talentforumvaasa\/?page_id=214"},"modified":"2026-01-14T13:18:26","modified_gmt":"2026-01-14T11:18:26","slug":"tapahtumassa-mukana","status":"publish","type":"page","link":"https:\/\/sites.uwasa.fi\/talentforumvaasa\/tapahtumassa-mukana\/","title":{"rendered":"Tapahtumassa mukana 2026"},"content":{"rendered":"<p>Paina sinua kiinnostavan ty\u00f6nantajan logoa ja lue lis\u00e4\u00e4!<\/p>\n","protected":false},"excerpt":{"rendered":"<p>Paina sinua kiinnostavan ty\u00f6nantajan logoa ja lue lis\u00e4\u00e4!<\/p>\n","protected":false},"author":21,"featured_media":0,"parent":0,"menu_order":0,"comment_status":"closed","ping_status":"closed","template":"","meta":{"_acf_changed":false,"footnotes":""},"class_list":["post-214","page","type-page","status-publish","hentry"],"acf":[],"lang":"fi","translations":{"fi":214,"en":270,"sv":272},"pll_sync_post":[],"_links":{"self":[{"href":"https:\/\/sites.uwasa.fi\/talentforumvaasa\/wp-json\/wp\/v2\/pages\/214"}],"collection":[{"href":"https:\/\/sites.uwasa.fi\/talentforumvaasa\/wp-json\/wp\/v2\/pages"}],"about":[{"href":"https:\/\/sites.uwasa.fi\/talentforumvaasa\/wp-json\/wp\/v2\/types\/page"}],"author":[{"embeddable":true,"href":"https:\/\/sites.uwasa.fi\/talentforumvaasa\/wp-json\/wp\/v2\/users\/21"}],"replies":[{"embeddable":true,"href":"https:\/\/sites.uwasa.fi\/talentforumvaasa\/wp-json\/wp\/v2\/comments?post=214"}],"version-history":[{"count":58,"href":"https:\/\/sites.uwasa.fi\/talentforumvaasa\/wp-json\/wp\/v2\/pages\/214\/revisions"}],"predecessor-version":[{"id":954,"href":"https:\/\/sites.uwasa.fi\/talentforumvaasa\/wp-json\/wp\/v2\/pages\/214\/revisions\/954"}],"wp:attachment":[{"href":"https:\/\/sites.uwasa.fi\/talentforumvaasa\/wp-json\/wp\/v2\/media?parent=214"}],"curies":[{"name":"wp","href":"https:\/\/api.w.org\/{rel}","templated":true}]}}