{"id":2,"date":"2023-09-21T09:06:30","date_gmt":"2023-09-21T06:06:30","guid":{"rendered":"https:\/\/sites.uwasa.fi\/talentforumvaasa\/?page_id=2"},"modified":"2026-01-26T09:21:03","modified_gmt":"2026-01-26T07:21:03","slug":"talent-forum-vaasa","status":"publish","type":"page","link":"https:\/\/sites.uwasa.fi\/talentforumvaasa\/","title":{"rendered":"Talent Forum Vaasa"},"content":{"rendered":"","protected":false},"excerpt":{"rendered":"<p>Talent Forum Vaasa on kaikkien vaasalaisten korkeakoulujen yhdess\u00e4 j\u00e4rjest\u00e4m\u00e4 rekrytointi- ja uratapahtuma vaasalaisille korkeakouluopiskelijoille.<\/p>\n","protected":false},"author":21,"featured_media":603,"parent":0,"menu_order":0,"comment_status":"closed","ping_status":"open","template":"","meta":{"_acf_changed":false,"footnotes":""},"class_list":["post-2","page","type-page","status-publish","has-post-thumbnail","hentry"],"acf":[],"lang":"fi","translations":{"fi":2,"sv":85,"en":186},"pll_sync_post":[],"_links":{"self":[{"href":"https:\/\/sites.uwasa.fi\/talentforumvaasa\/wp-json\/wp\/v2\/pages\/2"}],"collection":[{"href":"https:\/\/sites.uwasa.fi\/talentforumvaasa\/wp-json\/wp\/v2\/pages"}],"about":[{"href":"https:\/\/sites.uwasa.fi\/talentforumvaasa\/wp-json\/wp\/v2\/types\/page"}],"author":[{"embeddable":true,"href":"https:\/\/sites.uwasa.fi\/talentforumvaasa\/wp-json\/wp\/v2\/users\/21"}],"replies":[{"embeddable":true,"href":"https:\/\/sites.uwasa.fi\/talentforumvaasa\/wp-json\/wp\/v2\/comments?post=2"}],"version-history":[{"count":135,"href":"https:\/\/sites.uwasa.fi\/talentforumvaasa\/wp-json\/wp\/v2\/pages\/2\/revisions"}],"predecessor-version":[{"id":986,"href":"https:\/\/sites.uwasa.fi\/talentforumvaasa\/wp-json\/wp\/v2\/pages\/2\/revisions\/986"}],"wp:featuredmedia":[{"embeddable":true,"href":"https:\/\/sites.uwasa.fi\/talentforumvaasa\/wp-json\/wp\/v2\/media\/603"}],"wp:attachment":[{"href":"https:\/\/sites.uwasa.fi\/talentforumvaasa\/wp-json\/wp\/v2\/media?parent=2"}],"curies":[{"name":"wp","href":"https:\/\/api.w.org\/{rel}","templated":true}]}}